{"id":59,"date":"2019-07-10T17:03:06","date_gmt":"2019-07-10T09:03:06","guid":{"rendered":"http:\/\/edu8.w2steam.com\/?page_id=59"},"modified":"2019-07-11T16:47:27","modified_gmt":"2019-07-11T08:47:27","slug":"chung-chi-quoc-te","status":"publish","type":"page","link":"https:\/\/webmaibinh.com\/w\/edu72011\/chung-chi-quoc-te\/","title":{"rendered":"Ch\u1ee9ng ch\u1ec9 qu\u1ed1c t\u1ebf"},"content":{"rendered":"\t<div class=\"img has-hover x md-x lg-x y md-y lg-y\" id=\"image_1307464393\">\n\t\t\t\t\t\t\t\t<div class=\"img-inner dark\" >\n\t\t\t<img width=\"1365\" height=\"600\" src=\"https:\/\/webmaibinh.com\/w\/edu72011\/wp-content\/uploads\/2019\/07\/banner-3-1.jpg\" class=\"attachment-original size-original\" alt=\"\" loading=\"lazy\" srcset=\"https:\/\/webmaibinh.com\/w\/edu72011\/wp-content\/uploads\/2019\/07\/banner-3-1.jpg 1365w, https:\/\/webmaibinh.com\/w\/edu72011\/wp-content\/uploads\/2019\/07\/banner-3-1-300x132.jpg 300w, https:\/\/webmaibinh.com\/w\/edu72011\/wp-content\/uploads\/2019\/07\/banner-3-1-768x338.jpg 768w, https:\/\/webmaibinh.com\/w\/edu72011\/wp-content\/uploads\/2019\/07\/banner-3-1-1024x450.jpg 1024w\" sizes=\"(max-width: 1365px) 100vw, 1365px\" \/>\t\t\t\t\t\t\n\t\t\t\t\t<\/div>\n\t\t\t\t\t\t\t\t\n<style>\n#image_1307464393 {\n  width: 100%;\n}\n<\/style>\n\t<\/div>\n\t\n\t<section class=\"section\" id=\"section_91542954\">\n\t\t<div class=\"bg section-bg fill bg-fill  bg-loaded\" >\n\n\t\t\t\n\t\t\t\n\t\t\t\n\n\t\t<\/div>\n\n\t\t<div class=\"section-content relative\">\n\t\t\t\n<div class=\"row\" style=\"max-width:1000px\" id=\"row-892960630\">\n\n\t<div id=\"col-1872723785\" class=\"col small-12 large-12\"  >\n\t\t<div class=\"col-inner\"  >\n\t\t\t\n\t\t\t\n<h2 class=\"title\"><strong>CH\u1ee8NG CH\u1ec8 QU\u1ed0C T\u1ebe<\/strong><\/h2>\n<p><span style=\"font-size: 95%;\">Gi\u00e1o tr\u00ecnh H\u1ecdc thu\u1eadt \u0111\u1ed9c quy\u1ec1n t\u1ea1i ACET \u0111\u01b0\u1ee3c ph\u00e1t tri\u1ec3n b\u1edfi H\u1ecdc vi\u1ec7n ng\u00f4n ng\u1eef UTS Insearch &#8211; H\u1ecdc vi\u1ec7n \u0111\u00e0o t\u1ea1o li\u00ean k\u1ebft h\u00e0ng \u0111\u1ea7u li\u00ean k\u1ebft v\u1edbi \u0110\u1ea1i h\u1ecdc C\u00f4ng ngh\u1ec7 Sydney (UTS), \u00dac. Gi\u00e1 tr\u1ecb b\u1eb1ng ch\u1ee9ng nh\u1eadn c\u1ee7a UTS Insearch gi\u00fap h\u1ecdc vi\u00ean c\u00f3 c\u01a1 h\u1ed9i li\u00ean th\u00f4ng t\u1ea1i nhi\u1ec1u tr\u01b0\u1eddng \u0110\u1ea1i h\u1ecdc t\u1ea1i \u00dac v\u00e0 tr\u00ean th\u1ebf gi\u1edbi. \u0110\u1eb7c bi\u1ec7t, ch\u01b0\u01a1ng tr\u00ecnh h\u1ecdc c\u1ee7a ACET \u0111\u1ea1t chu\u1ea9n IELTS v\u00e0 CEFR (Khung quy chi\u1ebfu Tr\u00ecnh \u0111\u1ed9 Ng\u00f4n ng\u1eef chung Ch\u00e2u \u00c2u).<\/span><\/p>\n\t<div id=\"gap-1121879794\" class=\"gap-element clearfix\" style=\"display:block; height:auto;\">\n\t\t\n<style>\n#gap-1121879794 {\n  padding-top: 18px;\n}\n<\/style>\n\t<\/div>\n\t\n<h2 class=\"title-head\" style=\"text-align: center;\"><span style=\"color: #ed1c24;\"><strong>CH\u1ee8NG CH\u1ec8 ANH NG\u1eee QU\u1ed0C T\u1ebe T\u1eea UTS INSEARCH<\/strong><\/span><\/h2>\n\t\t<\/div>\n\t\t\t<\/div>\n\n\t\n\n\t<div id=\"col-54290565\" class=\"col medium-6 small-12 large-6\"  >\n\t\t<div class=\"col-inner\"  >\n\t\t\t\n\t\t\t\n\t<div class=\"img has-hover x md-x lg-x y md-y lg-y\" id=\"image_1099575114\">\n\t\t\t\t\t\t\t\t<div class=\"img-inner dark\" >\n\t\t\t<img width=\"476\" height=\"685\" src=\"https:\/\/webmaibinh.com\/w\/edu72011\/wp-content\/uploads\/2019\/07\/utc_conflict.jpg\" class=\"attachment-original size-original\" alt=\"\" loading=\"lazy\" srcset=\"https:\/\/webmaibinh.com\/w\/edu72011\/wp-content\/uploads\/2019\/07\/utc_conflict.jpg 476w, https:\/\/webmaibinh.com\/w\/edu72011\/wp-content\/uploads\/2019\/07\/utc_conflict-208x300.jpg 208w\" sizes=\"(max-width: 476px) 100vw, 476px\" \/>\t\t\t\t\t\t\n\t\t\t\t\t<\/div>\n\t\t\t\t\t\t\t\t\n<style>\n#image_1099575114 {\n  width: 100%;\n}\n<\/style>\n\t<\/div>\n\t\n\t\t<\/div>\n\t\t\t<\/div>\n\n\t\n\n\t<div id=\"col-166780260\" class=\"col medium-6 small-12 large-6\"  >\n\t\t<div class=\"col-inner\"  >\n\t\t\t\n\t\t\t\n<p><span style=\"font-size: 95%;\">L\u00e0 m\u1ed9t trong nh\u1eefng H\u1ecdc vi\u1ec7n \u0111\u00e0o t\u1ea1o ti\u1ebfng Anh h\u00e0ng \u0111\u1ea7u t\u1ea1i \u00dac, UTS Insearch \u0111\u00e3 c\u00f3 h\u01a1n 25 n\u0103m kinh nghi\u1ec7m trong vi\u1ec7c gi\u1ea3ng d\u1ea1y ti\u1ebfng Anh cho h\u1ecdc vi\u00ean qu\u1ed1c t\u1ebf.<\/span><\/p>\n<p><span style=\"font-size: 95%;\">\u201cCh\u00e0o m\u1eebng \u0111\u1ebfn ACET, c\u1ed9ng s\u1ef1 \u0111\u1eb7c bi\u1ec7t c\u1ee7a UTS Insearch \u1edf Vi\u1ec7t Nam. ACET s\u1ebd gi\u00fap h\u1ecdc vi\u00ean ph\u00e1t tri\u1ec3n c\u00e1c k\u1ef9 n\u0103ng Anh ng\u1eef c\u1ea7n thi\u1ebft trong m\u00f4i tr\u01b0\u1eddng \u0111\u1ea1i h\u1ecdc. C\u00f9ng ACET, ch\u00fang t\u00f4i x\u00e2y d\u1ef1ng ch\u01b0\u01a1ng tr\u00ecnh \u0111\u00e0o t\u1ea1o 5 c\u1ea5p \u0111\u1ed9 Anh ng\u1eef H\u1ecdc thu\u1eadt, \u0111\u1ed3ng th\u1eddi chu\u1ea9n b\u1ecb cho vi\u1ec7c theo h\u1ecdc ch\u01b0\u01a1ng tr\u00ecnh li\u00ean th\u00f4ng tr\u1ef1c ti\u1ebfp \u1edf b\u1eadc \u0111\u1ea1i h\u1ecdc ho\u1eb7c cao h\u1ecdc t\u1ea1i UTS Insearch v\u00e0 t\u1ea1i c\u00e1c tr\u01b0\u1eddng \u0111\u1ea1i h\u1ecdc gi\u1ea3ng d\u1ea1y b\u1eb1ng ti\u1ebfng Anh kh\u00e1c.<\/span><\/p>\n<p><span style=\"font-size: 95%;\">T\u1ed1t nghi\u1ec7p t\u1ea1i ACET, h\u1ecdc vi\u00ean c\u00f3 th\u1ec3 chuy\u1ec3n ti\u1ebfp sang UTS Insearch, h\u1ecdc vi\u1ec7n \u0111\u00e0o t\u1ea1o h\u00e0ng \u0111\u1ea7u li\u00ean k\u1ebft v\u1edbi \u0111\u1ea1i h\u1ecdc C\u00f4ng ngh\u1ec7 Sydney (UTS).\u201d<\/span><\/p>\n\t<div class=\"img has-hover x md-x lg-x y md-y lg-y\" id=\"image_1567708705\">\n\t\t\t\t\t\t\t\t<div class=\"img-inner image-cover dark\" style=\"padding-top:61%;\">\n\t\t\t<img width=\"471\" height=\"313\" src=\"https:\/\/webmaibinh.com\/w\/edu72011\/wp-content\/uploads\/2019\/07\/Slide-a\u0309nh-Unicode-Encoding-Conflict.jpg\" class=\"attachment-original size-original\" alt=\"\" loading=\"lazy\" srcset=\"https:\/\/webmaibinh.com\/w\/edu72011\/wp-content\/uploads\/2019\/07\/Slide-a\u0309nh-Unicode-Encoding-Conflict.jpg 471w, https:\/\/webmaibinh.com\/w\/edu72011\/wp-content\/uploads\/2019\/07\/Slide-a\u0309nh-Unicode-Encoding-Conflict-300x199.jpg 300w\" sizes=\"(max-width: 471px) 100vw, 471px\" \/>\t\t\t\t\t\t\n\t\t\t\t\t<\/div>\n\t\t\t\t\t\t\t\t\n<style>\n#image_1567708705 {\n  width: 100%;\n}\n<\/style>\n\t<\/div>\n\t\n\t\t<\/div>\n\t\t\t<\/div>\n\n\t\n\n\t<div id=\"col-417441552\" class=\"col small-12 large-12\"  >\n\t\t<div class=\"col-inner\"  >\n\t\t\t\n\t\t\t\n<h3 class=\"title-head\" style=\"text-align: center;\"><strong><span style=\"color: #ed1c24;\">TH\u00c0NH C\u00d4NG V\u1edaI CH\u1ee8NG CH\u1ec8 ANH NG\u1eee QU\u1ed0C T\u1ebe V\u00c0 M\u1ede C\u00c1NH C\u1eecA LI\u00caN TH\u00d4NG\u00a0<\/span><\/strong><br \/>\n<strong><span style=\"color: #ed1c24;\">(*) V\u00c0O NHI\u1ec0U TR\u01af\u1edcNG \u0110\u1ea0I H\u1eccC TR\u00caN TH\u1ebe GI\u1edaI<\/span><\/strong><\/h3>\n<div class=\"excerpt\">\n<p style=\"text-align: center;\"><span style=\"font-size: 95%;\">Nhi\u1ec1u tr\u01b0\u1eddng \u0111\u1ea1i h\u1ecdc h\u00e0ng \u0111\u1ea7u \u0111\u00e3 c\u00f4ng nh\u1eadn chu\u1ea9n \u0111\u1ea7u ra c\u1ee7a ch\u01b0\u01a1ng tr\u00ecnh Anh ng\u1eef H\u1ecdc thu\u1eadt c\u1ee7a UTS Insearch<\/span><br \/>\n<span style=\"font-size: 95%;\">t\u1ea1i ACET Vi\u1ec7t Nam. C\u00e1c h\u1ecdc vi\u00ean c\u1ee7a ACET c\u00f3 th\u1ec3 \u0111\u0103ng k\u00fd chuy\u1ec3n ti\u1ebfp v\u00e0o h\u1ecdc t\u1ea1i c\u00e1c tr\u01b0\u1eddng \u0111\u1ea1i h\u1ecdc (**) sau:<\/span><\/p>\n<\/div>\n<div class=\"slider-wrapper relative\" id=\"slider-1879362802\" >\n    <div class=\"slider slider-nav-dots-simple slider-nav-circle slider-nav-large slider-nav-dark slider-style-normal\"\n        data-flickity-options='{\n            \"cellAlign\": \"center\",\n            \"imagesLoaded\": true,\n            \"lazyLoad\": 1,\n            \"freeScroll\": false,\n            \"wrapAround\": true,\n            \"autoPlay\": 6000,\n            \"pauseAutoPlayOnHover\" : true,\n            \"prevNextButtons\": false,\n            \"contain\" : true,\n            \"adaptiveHeight\" : true,\n            \"dragThreshold\" : 10,\n            \"percentPosition\": true,\n            \"pageDots\": true,\n            \"rightToLeft\": false,\n            \"draggable\": true,\n            \"selectedAttraction\": 0.1,\n            \"parallax\" : 0,\n            \"friction\": 0.6        }'\n        >\n        \n<div class=\"row\"  id=\"row-1163714180\">\n\n\t<div id=\"col-1413033482\" class=\"col medium-4 small-12 large-4\"  >\n\t\t<div class=\"col-inner\"  >\n\t\t\t\n\t\t\t\n\t<div class=\"box has-hover   has-hover box-text-bottom\" >\n\n\t\t<div class=\"box-image\" style=\"border-radius:2%;\">\n\t\t\t\t\t\t<div class=\"image-cover\" style=\"padding-top:100%;\">\n\t\t\t\t<img width=\"270\" height=\"270\" src=\"https:\/\/webmaibinh.com\/w\/edu72011\/wp-content\/uploads\/2019\/07\/Rectangle-539-9.jpg\" class=\"attachment-original size-original\" alt=\"\" loading=\"lazy\" srcset=\"https:\/\/webmaibinh.com\/w\/edu72011\/wp-content\/uploads\/2019\/07\/Rectangle-539-9.jpg 270w, https:\/\/webmaibinh.com\/w\/edu72011\/wp-content\/uploads\/2019\/07\/Rectangle-539-9-150x150.jpg 150w\" sizes=\"(max-width: 270px) 100vw, 270px\" \/>\t\t\t\t\t\t\t\t\t\t\t<\/div>\n\t\t\t\t\t<\/div>\n\n\t\t<div class=\"box-text text-center\" style=\"padding:10px 0px 10px 0px;\">\n\t\t\t<div class=\"box-text-inner\">\n\t\t\t\t\n<p style=\"text-align: center;\">University of South Australia<\/p>\n\t\t\t<\/div>\n\t\t<\/div>\n\t<\/div>\n\t\n\t\t<\/div>\n\t\t\t<\/div>\n\n\t\n\n\t<div id=\"col-1923876744\" class=\"col medium-4 small-12 large-4\"  >\n\t\t<div class=\"col-inner\"  >\n\t\t\t\n\t\t\t\n\t<div class=\"box has-hover   has-hover box-text-bottom\" >\n\n\t\t<div class=\"box-image\" style=\"border-radius:2%;\">\n\t\t\t\t\t\t<div class=\"image-cover\" style=\"padding-top:100%;\">\n\t\t\t\t<img width=\"270\" height=\"270\" src=\"https:\/\/webmaibinh.com\/w\/edu72011\/wp-content\/uploads\/2019\/07\/Rectangle-539-5.jpg\" class=\"attachment-original size-original\" alt=\"\" loading=\"lazy\" srcset=\"https:\/\/webmaibinh.com\/w\/edu72011\/wp-content\/uploads\/2019\/07\/Rectangle-539-5.jpg 270w, https:\/\/webmaibinh.com\/w\/edu72011\/wp-content\/uploads\/2019\/07\/Rectangle-539-5-150x150.jpg 150w\" sizes=\"(max-width: 270px) 100vw, 270px\" \/>\t\t\t\t\t\t\t\t\t\t\t<\/div>\n\t\t\t\t\t<\/div>\n\n\t\t<div class=\"box-text text-center\" style=\"padding:10px 0px 10px 0px;\">\n\t\t\t<div class=\"box-text-inner\">\n\t\t\t\t\n<p style=\"text-align: center;\">University of South Australia<\/p>\n\t\t\t<\/div>\n\t\t<\/div>\n\t<\/div>\n\t\n\t\t<\/div>\n\t\t\t<\/div>\n\n\t\n\n\t<div id=\"col-1403615937\" class=\"col medium-4 small-12 large-4\"  >\n\t\t<div class=\"col-inner\"  >\n\t\t\t\n\t\t\t\n\t<div class=\"box has-hover   has-hover box-text-bottom\" >\n\n\t\t<div class=\"box-image\" style=\"border-radius:2%;\">\n\t\t\t\t\t\t<div class=\"image-cover\" style=\"padding-top:100%;\">\n\t\t\t\t<img width=\"270\" height=\"270\" src=\"https:\/\/webmaibinh.com\/w\/edu72011\/wp-content\/uploads\/2019\/07\/Rectangle-539-11.jpg\" class=\"attachment-original size-original\" alt=\"\" loading=\"lazy\" srcset=\"https:\/\/webmaibinh.com\/w\/edu72011\/wp-content\/uploads\/2019\/07\/Rectangle-539-11.jpg 270w, https:\/\/webmaibinh.com\/w\/edu72011\/wp-content\/uploads\/2019\/07\/Rectangle-539-11-150x150.jpg 150w\" sizes=\"(max-width: 270px) 100vw, 270px\" \/>\t\t\t\t\t\t\t\t\t\t\t<\/div>\n\t\t\t\t\t<\/div>\n\n\t\t<div class=\"box-text text-center\" style=\"padding:10px 0px 10px 0px;\">\n\t\t\t<div class=\"box-text-inner\">\n\t\t\t\t\n<p style=\"text-align: center;\">University of South Australia<\/p>\n\t\t\t<\/div>\n\t\t<\/div>\n\t<\/div>\n\t\n\t\t<\/div>\n\t\t\t<\/div>\n\n\t\n<\/div>\n<div class=\"row\"  id=\"row-5720510\">\n\n\t<div id=\"col-1841009934\" class=\"col medium-4 small-12 large-4\"  >\n\t\t<div class=\"col-inner\"  >\n\t\t\t\n\t\t\t\n\t<div class=\"box has-hover   has-hover box-text-bottom\" >\n\n\t\t<div class=\"box-image\" style=\"border-radius:2%;\">\n\t\t\t\t\t\t<div class=\"image-cover\" style=\"padding-top:100%;\">\n\t\t\t\t<img width=\"270\" height=\"270\" src=\"https:\/\/webmaibinh.com\/w\/edu72011\/wp-content\/uploads\/2019\/07\/Rectangle-539-9.jpg\" class=\"attachment-original size-original\" alt=\"\" loading=\"lazy\" srcset=\"https:\/\/webmaibinh.com\/w\/edu72011\/wp-content\/uploads\/2019\/07\/Rectangle-539-9.jpg 270w, https:\/\/webmaibinh.com\/w\/edu72011\/wp-content\/uploads\/2019\/07\/Rectangle-539-9-150x150.jpg 150w\" sizes=\"(max-width: 270px) 100vw, 270px\" \/>\t\t\t\t\t\t\t\t\t\t\t<\/div>\n\t\t\t\t\t<\/div>\n\n\t\t<div class=\"box-text text-center\" style=\"padding:10px 0px 10px 0px;\">\n\t\t\t<div class=\"box-text-inner\">\n\t\t\t\t\n<p style=\"text-align: center;\">University of South Australia<\/p>\n\t\t\t<\/div>\n\t\t<\/div>\n\t<\/div>\n\t\n\t\t<\/div>\n\t\t\t<\/div>\n\n\t\n\n\t<div id=\"col-203994064\" class=\"col medium-4 small-12 large-4\"  >\n\t\t<div class=\"col-inner\"  >\n\t\t\t\n\t\t\t\n\t<div class=\"box has-hover   has-hover box-text-bottom\" >\n\n\t\t<div class=\"box-image\" style=\"border-radius:2%;\">\n\t\t\t\t\t\t<div class=\"image-cover\" style=\"padding-top:100%;\">\n\t\t\t\t<img width=\"270\" height=\"270\" src=\"https:\/\/webmaibinh.com\/w\/edu72011\/wp-content\/uploads\/2019\/07\/Rectangle-539-11.jpg\" class=\"attachment-original size-original\" alt=\"\" loading=\"lazy\" srcset=\"https:\/\/webmaibinh.com\/w\/edu72011\/wp-content\/uploads\/2019\/07\/Rectangle-539-11.jpg 270w, https:\/\/webmaibinh.com\/w\/edu72011\/wp-content\/uploads\/2019\/07\/Rectangle-539-11-150x150.jpg 150w\" sizes=\"(max-width: 270px) 100vw, 270px\" \/>\t\t\t\t\t\t\t\t\t\t\t<\/div>\n\t\t\t\t\t<\/div>\n\n\t\t<div class=\"box-text text-center\" style=\"padding:10px 0px 10px 0px;\">\n\t\t\t<div class=\"box-text-inner\">\n\t\t\t\t\n<p style=\"text-align: center;\">University of South Australia<\/p>\n\t\t\t<\/div>\n\t\t<\/div>\n\t<\/div>\n\t\n\t\t<\/div>\n\t\t\t<\/div>\n\n\t\n\n\t<div id=\"col-1940469668\" class=\"col medium-4 small-12 large-4\"  >\n\t\t<div class=\"col-inner\"  >\n\t\t\t\n\t\t\t\n\t<div class=\"box has-hover   has-hover box-text-bottom\" >\n\n\t\t<div class=\"box-image\" style=\"border-radius:2%;\">\n\t\t\t\t\t\t<div class=\"image-cover\" style=\"padding-top:100%;\">\n\t\t\t\t<img width=\"270\" height=\"270\" src=\"https:\/\/webmaibinh.com\/w\/edu72011\/wp-content\/uploads\/2019\/07\/Rectangle-539-5.jpg\" class=\"attachment-original size-original\" alt=\"\" loading=\"lazy\" srcset=\"https:\/\/webmaibinh.com\/w\/edu72011\/wp-content\/uploads\/2019\/07\/Rectangle-539-5.jpg 270w, https:\/\/webmaibinh.com\/w\/edu72011\/wp-content\/uploads\/2019\/07\/Rectangle-539-5-150x150.jpg 150w\" sizes=\"(max-width: 270px) 100vw, 270px\" \/>\t\t\t\t\t\t\t\t\t\t\t<\/div>\n\t\t\t\t\t<\/div>\n\n\t\t<div class=\"box-text text-center\" style=\"padding:10px 0px 10px 0px;\">\n\t\t\t<div class=\"box-text-inner\">\n\t\t\t\t\n<p style=\"text-align: center;\">University of South Australia<\/p>\n\t\t\t<\/div>\n\t\t<\/div>\n\t<\/div>\n\t\n\t\t<\/div>\n\t\t\t<\/div>\n\n\t\n<\/div>\n     <\/div>\n\n     <div class=\"loading-spin dark large centered\"><\/div>\n\n     <\/div>\n\n\n\t\t<\/div>\n\t\t\t<\/div>\n\n\t\n\n\t<div id=\"col-462079649\" class=\"col medium-6 small-12 large-6\"  >\n\t\t<div class=\"col-inner\"  >\n\t\t\t\n\t\t\t\n\n\t\t<div class=\"icon-box featured-box icon-box-left text-left\"  >\n\t\t\t\t\t<div class=\"icon-box-img\" style=\"width: 160px\">\n\t\t\t\t<div class=\"icon\">\n\t\t\t\t\t<div class=\"icon-inner\" >\n\t\t\t\t\t\t<img width=\"187\" height=\"100\" src=\"https:\/\/webmaibinh.com\/w\/edu72011\/wp-content\/uploads\/2019\/07\/partner2.png\" class=\"attachment-medium size-medium\" alt=\"\" loading=\"lazy\" \/>\t\t\t\t\t<\/div>\n\t\t\t\t<\/div>\n\t\t\t<\/div>\n\t\t\t\t<div class=\"icon-box-text last-reset\">\n\t\t\t\t\t\t\t\t\t\n<h3 class=\"course-title\"><span style=\"color: #ed1c24;\">IELTS<\/span><\/h3>\n<p><span style=\"font-size: 90%;\">L\u00e0 H\u1ec7 th\u1ed1ng ki\u1ec3m tra ti\u1ebfng Anh qu\u1ed1c t\u1ebf \u0111\u01b0\u1ee3c t\u1ed5 ch\u1ee9c t\u1ea1i h\u01a1n 800 trung t\u00e2m tr\u00ean to\u00e0n th\u1ebf gi\u1edbi. IELTS l\u00e0 m\u1ed9t b\u00e0i ki\u1ec3m tra tr\u1ea3i d\u00e0i qua c\u1ea3 b\u1ed1n k\u0129 n\u0103ng Nghe, N\u00f3i, \u0110\u1ecdc, Vi\u1ebft. Trong ph\u1ea7n thi N\u00f3i, b\u1ea1n s\u1ebd ph\u1ea3i \u0111\u1ed1i di\u1ec7n tr\u1ef1c ti\u1ebfp v\u1edbi nh\u1eefng ng\u01b0\u1eddi ch\u1ea5m thi \u0111\u01b0\u1ee3c ch\u1ee9ng nh\u1eadn.<\/span><\/p>\n\t\t<\/div>\n\t<\/div>\n\t\n\t\n\t\t<\/div>\n\t\t\t<\/div>\n\n\t\n\n\t<div id=\"col-709994433\" class=\"col medium-6 small-12 large-6\"  >\n\t\t<div class=\"col-inner\"  >\n\t\t\t\n\t\t\t\n\n\t\t<div class=\"icon-box featured-box icon-box-left text-left\"  >\n\t\t\t\t\t<div class=\"icon-box-img\" style=\"width: 160px\">\n\t\t\t\t<div class=\"icon\">\n\t\t\t\t\t<div class=\"icon-inner\" >\n\t\t\t\t\t\t<img width=\"149\" height=\"82\" src=\"https:\/\/webmaibinh.com\/w\/edu72011\/wp-content\/uploads\/2019\/07\/partner1.png\" class=\"attachment-medium size-medium\" alt=\"\" loading=\"lazy\" \/>\t\t\t\t\t<\/div>\n\t\t\t\t<\/div>\n\t\t\t<\/div>\n\t\t\t\t<div class=\"icon-box-text last-reset\">\n\t\t\t\t\t\t\t\t\t\n<h3 class=\"course-title\"><span style=\"color: #ed1c24;\">CEFR<\/span><\/h3>\n<p><span style=\"font-size: 90%;\">CEFR \u0111ang tr\u1edf th\u00e0nh ti\u00eau chu\u1ea9n to\u00e0n c\u1ea7u cho vi\u1ec7c x\u00e2y d\u1ef1ng c\u00e1c k\u1ef3 thi v\u00e0 ng\u00e0y c\u00e0ng ph\u1ed5 bi\u1ebfn h\u01a1n v\u1edbi c\u00e1c chuy\u00ean gia b\u1edfi m\u1ed7i \u0111i\u1ec3m s\u1ed1 \u0111\u1ec1u ph\u1ea3n \u00e1nh chi ti\u1ebft kh\u1ea3 n\u0103ng Anh ng\u1eef c\u1ee7a \u1ee9ng vi\u00ean.<\/span><\/p>\n\t\t<\/div>\n\t<\/div>\n\t\n\t\n\t\t<\/div>\n\t\t\t<\/div>\n\n\t\n\n\t<div id=\"col-1155617577\" class=\"col small-12 large-12\"  >\n\t\t<div class=\"col-inner\"  >\n\t\t\t\n\t\t\t\n<p><span style=\"font-size: 80%; color: #999999;\">(*) H\u1ecdc vi\u00ean ph\u1ea3i \u0111\u00e1p \u1ee9ng \u0111\u01b0\u1ee3c c\u00e1c \u0111i\u1ec1u ki\u1ec7n nh\u1eadp h\u1ecdc c\u1ee7a nh\u00e0 tr\u01b0\u1eddng v\u00e0 c\u00e1c \u0111i\u1ec1u ki\u1ec7n v\u1ec1 th\u1ecb th\u1ef1c xu\u1ea5t nh\u1eadp c\u1ea3nh c\u1ee7a Ch\u00ednh ph\u1ee7.<\/span><br \/>\n<span style=\"font-size: 80%; color: #999999;\">(**) Danh s\u00e1ch c\u00e1c tr\u01b0\u1eddng \u0110\u1ea1i h\u1ecdc qu\u1ed1c t\u1ebf c\u00f4ng nh\u1eadn tr\u00ecnh \u0111\u1ed9 Anh ng\u1eef h\u1ecdc thu\u1eadt c\u1ee7a UTS Insearch \u0111\u1ec3 x\u00e9t tuy\u1ec3n \u0111\u1ea7u v\u00e0o cho c\u00e1c ch\u01b0\u01a1ng tr\u00ecnh h\u1ecdc t\u1ea1i tr\u01b0\u1eddng c\u00f3 th\u1ec3 thay \u0111\u1ed5i. H\u1ecdc vi\u00ean vui l\u00f2ng li\u00ean h\u1ec7 b\u1ed9 ph\u1eadn t\u01b0 v\u1ea5n c\u1ee7a ACET \u0111\u1ec3 \u0111\u01b0\u1ee3c c\u1eadp nh\u1eadt chi ti\u1ebft v\u1ec1 danh s\u00e1ch n\u00e0y.<\/span><br \/>\n<span style=\"font-size: 80%; color: #999999;\">(***) Kh\u00f4ng bao g\u1ed3m Curtin College.<\/span><\/p>\n\t\t<\/div>\n\t\t\t<\/div>\n\n\t\n<\/div>\n\t\t<\/div>\n\n\t\t\n<style>\n#section_91542954 {\n  padding-top: 30px;\n  padding-bottom: 30px;\n}\n<\/style>\n\t<\/section>\n\t\n\t<section class=\"section dang-ky-section\" id=\"section_2003304757\">\n\t\t<div class=\"bg section-bg fill bg-fill  \" >\n\n\t\t\t\n\t\t\t\n\t\t\t\n\n\t\t<\/div>\n\n\t\t<div class=\"section-content relative\">\n\t\t\t\n<div class=\"row\"  id=\"row-1636389461\">\n\n\t<div id=\"col-161743004\" class=\"col medium-6 small-12 large-6\"  >\n\t\t<div class=\"col-inner\"  >\n\t\t\t\n\t\t\t\n\t\t<\/div>\n\t\t\t<\/div>\n\n\t\n\n\t<div id=\"col-1186528678\" class=\"col medium-6 small-12 large-6\"  >\n\t\t<div class=\"col-inner\"  >\n\t\t\t\n\t\t\t\n<h3><span style=\"font-size: 140%;\">Ki\u1ec3m tra ti\u1ebfng Anh tr\u1ef1c tuy\u1ebfn<\/span><\/h3>\n<h5>B\u1ea1n \u0111\u00e3 bi\u1ebft tr\u00ecnh \u0111\u1ed9 ti\u1ebfng Anh hi\u1ec7n t\u1ea1i c\u1ee7a m\u00ecnh ch\u01b0a?<\/h5>\n<a href=\"\/kiem-tra-trinh-do\/\" target=\"_self\" class=\"button primary lowercase nut-xem-tat-ca\"  style=\"border-radius:99px;\">\n    <span>B\u1eaft \u0111\u1ea7u l\u00e0m b\u00e0i ki\u1ec3m tra<\/span>\n  <i class=\"icon-angle-right\" ><\/i><\/a>\n\n\t\t<\/div>\n\t\t\t<\/div>\n\n\t\n<\/div>\n\t\t<\/div>\n\n\t\t\n<style>\n#section_2003304757 {\n  padding-top: 30px;\n  padding-bottom: 30px;\n}\n#section_2003304757 .section-bg.bg-loaded {\n  background-image: url(https:\/\/webmaibinh.com\/w\/edu72011\/wp-content\/uploads\/2019\/07\/testonline-adv.jpg);\n}\n<\/style>\n\t<\/section>\n\t\n\t<section class=\"section form-dang-ky-row\" id=\"section_663023516\">\n\t\t<div class=\"bg section-bg fill bg-fill  bg-loaded\" >\n\n\t\t\t\n\t\t\t\n\t\t\t\n\n\t\t<\/div>\n\n\t\t<div class=\"section-content relative\">\n\t\t\t\n<div class=\"row\"  id=\"row-422443067\">\n\n\t<div id=\"col-424977047\" class=\"col small-12 large-12\"  >\n\t\t<div class=\"col-inner text-center\"  >\n\t\t\t\n\t\t\t\n<h2 style=\"text-align: center;\"><strong><span style=\"color: #ed1c24; font-size: 130%;\">Nh\u1eadn t\u01b0 v\u1ea5n l\u1ed9 tr\u00ecnh t\u1eeb ACET<\/span><\/strong><\/h2>\n<p style=\"text-align: center;\">H\u00e3y \u0111\u1ec3 l\u1ea1i th\u00f4ng tin, t\u01b0 v\u1ea5n vi\u00ean c\u1ee7a ACET s\u1ebd li\u00ean l\u1ea1c v\u1edbi b\u1ea1n trong th\u1eddi gian s\u1edbm nh\u1ea5t.<\/p>\n<div role=\"form\" class=\"wpcf7\" id=\"wpcf7-f832-o1\" lang=\"vi\" dir=\"ltr\">\n<div class=\"screen-reader-response\"><p role=\"status\" aria-live=\"polite\" aria-atomic=\"true\"><\/p> <ul><\/ul><\/div>\n<form action=\"\/w\/edu72011\/wp-json\/wp\/v2\/pages\/59#wpcf7-f832-o1\" method=\"post\" class=\"wpcf7-form init\" novalidate=\"novalidate\" data-status=\"init\">\n<div style=\"display: none;\">\n<input type=\"hidden\" name=\"_wpcf7\" value=\"832\" \/>\n<input type=\"hidden\" name=\"_wpcf7_version\" value=\"5.3\" \/>\n<input type=\"hidden\" name=\"_wpcf7_locale\" value=\"vi\" \/>\n<input type=\"hidden\" name=\"_wpcf7_unit_tag\" value=\"wpcf7-f832-o1\" \/>\n<input type=\"hidden\" name=\"_wpcf7_container_post\" value=\"0\" \/>\n<input type=\"hidden\" name=\"_wpcf7_posted_data_hash\" value=\"\" \/>\n<\/div>\n<div class=\"form-dang-ky\">\n<label>Th\u00f4ng tin c\u01a1 b\u1ea3n<\/label><br \/>\n<span class=\"wpcf7-form-control-wrap text-437\"><input type=\"text\" name=\"text-437\" value=\"\" size=\"40\" class=\"wpcf7-form-control wpcf7-text wpcf7-validates-as-required\" aria-required=\"true\" aria-invalid=\"false\" placeholder=\"H\u1ecd v\u00e0 t\u00ean...\" \/><\/span><br \/>\n<span class=\"wpcf7-form-control-wrap tel-193\"><input type=\"tel\" name=\"tel-193\" value=\"\" size=\"40\" class=\"wpcf7-form-control wpcf7-text wpcf7-tel wpcf7-validates-as-required wpcf7-validates-as-tel\" aria-required=\"true\" aria-invalid=\"false\" placeholder=\"S\u1ed1 \u0111i\u1ec7n tho\u1ea1i...\" \/><\/span><br \/>\n<label>L\u1ef1a ch\u1ecdn<\/label><\/p>\n<div class=\"row-form\">\n<div class=\"left\">\n<span class=\"wpcf7-form-control-wrap menu-714\"><select name=\"menu-714\" class=\"wpcf7-form-control wpcf7-select\" aria-invalid=\"false\"><option value=\"Khu v\u1ef1c\">Khu v\u1ef1c<\/option><option value=\"H\u00e0 N\u1ed9i\">H\u00e0 N\u1ed9i<\/option><option value=\"Tp. H\u1ed3 Ch\u00ed Minh\">Tp. H\u1ed3 Ch\u00ed Minh<\/option><\/select><\/span>\n<\/div>\n<div class=\"right\">\n<span class=\"wpcf7-form-control-wrap text-3656\"><input type=\"text\" name=\"text-3656\" value=\"\" size=\"40\" class=\"wpcf7-form-control wpcf7-text\" aria-invalid=\"false\" placeholder=\"\u0110\u1ed9 tu\u1ed5i\" \/><\/span>\n<\/div>\n<\/div>\n<p><input type=\"submit\" value=\"G\u1eedi th\u00f4ng tin\" class=\"wpcf7-form-control wpcf7-submit\" \/>\n<\/p><\/div>\n<div class=\"wpcf7-response-output\" aria-hidden=\"true\"><\/div><\/form><\/div>\n\t\t<\/div>\n\t\t\t<\/div>\n\n\t\n<\/div>\n\t\t<\/div>\n\n\t\t\n<style>\n#section_663023516 {\n  padding-top: 30px;\n  padding-bottom: 30px;\n  background-color: rgb(247, 247, 247);\n}\n<\/style>\n\t<\/section>\n\t\n","protected":false},"excerpt":{"rendered":"","protected":false},"author":1,"featured_media":0,"parent":0,"menu_order":0,"comment_status":"closed","ping_status":"closed","template":"page-transparent-header.php","meta":[],"_links":{"self":[{"href":"https:\/\/webmaibinh.com\/w\/edu72011\/wp-json\/wp\/v2\/pages\/59"}],"collection":[{"href":"https:\/\/webmaibinh.com\/w\/edu72011\/wp-json\/wp\/v2\/pages"}],"about":[{"href":"https:\/\/webmaibinh.com\/w\/edu72011\/wp-json\/wp\/v2\/types\/page"}],"author":[{"embeddable":true,"href":"https:\/\/webmaibinh.com\/w\/edu72011\/wp-json\/wp\/v2\/users\/1"}],"replies":[{"embeddable":true,"href":"https:\/\/webmaibinh.com\/w\/edu72011\/wp-json\/wp\/v2\/comments?post=59"}],"version-history":[{"count":0,"href":"https:\/\/webmaibinh.com\/w\/edu72011\/wp-json\/wp\/v2\/pages\/59\/revisions"}],"wp:attachment":[{"href":"https:\/\/webmaibinh.com\/w\/edu72011\/wp-json\/wp\/v2\/media?parent=59"}],"curies":[{"name":"wp","href":"https:\/\/api.w.org\/{rel}","templated":true}]}}