{"id":57,"date":"2019-07-10T17:02:54","date_gmt":"2019-07-10T09:02:54","guid":{"rendered":"http:\/\/edu8.w2steam.com\/?page_id=57"},"modified":"2019-07-11T16:39:09","modified_gmt":"2019-07-11T08:39:09","slug":"doi-ngu-giang-vien","status":"publish","type":"page","link":"https:\/\/webmaibinh.com\/w\/edu72011\/doi-ngu-giang-vien\/","title":{"rendered":"\u0110\u1ed9i ng\u0169 gi\u1ea3ng vi\u00ean"},"content":{"rendered":"\t<div class=\"img has-hover x md-x lg-x y md-y lg-y\" id=\"image_1502624743\">\n\t\t\t\t\t\t\t\t<div class=\"img-inner image-cover dark\" style=\"padding-top:42%;\">\n\t\t\t<img width=\"1600\" height=\"725\" src=\"https:\/\/webmaibinh.com\/w\/edu72011\/wp-content\/uploads\/2019\/07\/banner-1920x870.jpg\" class=\"attachment-original size-original\" alt=\"\" loading=\"lazy\" srcset=\"https:\/\/webmaibinh.com\/w\/edu72011\/wp-content\/uploads\/2019\/07\/banner-1920x870.jpg 1600w, https:\/\/webmaibinh.com\/w\/edu72011\/wp-content\/uploads\/2019\/07\/banner-1920x870-300x136.jpg 300w, https:\/\/webmaibinh.com\/w\/edu72011\/wp-content\/uploads\/2019\/07\/banner-1920x870-768x348.jpg 768w, https:\/\/webmaibinh.com\/w\/edu72011\/wp-content\/uploads\/2019\/07\/banner-1920x870-1024x464.jpg 1024w\" sizes=\"(max-width: 1600px) 100vw, 1600px\" \/>\t\t\t\t\t\t\n\t\t\t\t\t<\/div>\n\t\t\t\t\t\t\t\t\n<style>\n#image_1502624743 {\n  width: 100%;\n}\n<\/style>\n\t<\/div>\n\t\n\t<section class=\"section\" id=\"section_426131132\">\n\t\t<div class=\"bg section-bg fill bg-fill  bg-loaded\" >\n\n\t\t\t\n\t\t\t\n\t\t\t\n\n\t\t<\/div>\n\n\t\t<div class=\"section-content relative\">\n\t\t\t\n<div class=\"row\"  id=\"row-1699206682\">\n\n\t<div id=\"col-1579273001\" class=\"col small-12 large-12\"  >\n\t\t<div class=\"col-inner\"  >\n\t\t\t\n\t\t\t\n<h2><span style=\"font-size: 130%;\">\u0110\u1ed9i ng\u0169 gi\u00e1o vi\u00ean<\/span><\/h2>\n<p><span style=\"font-size: 95%;\"> ACET s\u1edf h\u1eefu \u0111\u1ed9i ng\u0169 gi\u00e1o vi\u00ean b\u1ea3n ng\u1eef \u0111\u1ebfn t\u1eeb Anh, \u00dac, M\u1ef9 c\u00f3 nhi\u1ec1u n\u0103m kinh nghi\u1ec7m v\u00e0 ch\u1ea5t l\u01b0\u1ee3ng cao trong gi\u1ea3ng d\u1ea1y ch\u01b0\u01a1ng tr\u00ecnh Anh ng\u1eef H\u1ecdc thu\u1eadt chu\u1ea9n qu\u1ed1c t\u1ebf<\/span><\/p>\n\t\t<\/div>\n\t\t\t<\/div>\n\n\t\n\n\t<div id=\"col-1118753973\" class=\"col medium-3 small-12 large-3\"  >\n\t\t<div class=\"col-inner\"  >\n\t\t\t\n\t\t\t\n\t<div class=\"box has-hover   has-hover box-text-bottom\" >\n\n\t\t<div class=\"box-image\" >\n\t\t\t\t\t\t<div class=\"\" >\n\t\t\t\t<img width=\"265\" height=\"330\" src=\"https:\/\/webmaibinh.com\/w\/edu72011\/wp-content\/uploads\/2019\/07\/Andy.jpg\" class=\"attachment-original size-original\" alt=\"\" loading=\"lazy\" srcset=\"https:\/\/webmaibinh.com\/w\/edu72011\/wp-content\/uploads\/2019\/07\/Andy.jpg 265w, https:\/\/webmaibinh.com\/w\/edu72011\/wp-content\/uploads\/2019\/07\/Andy-241x300.jpg 241w\" sizes=\"(max-width: 265px) 100vw, 265px\" \/>\t\t\t\t\t\t\t\t\t\t\t<\/div>\n\t\t\t\t\t<\/div>\n\n\t\t<div class=\"box-text text-center\" style=\"padding:10px 0px 10px 0px;\">\n\t\t\t<div class=\"box-text-inner\">\n\t\t\t\t\n<h4 style=\"text-align: left;\">ANDREW RICHARDSON<\/h4>\n<p style=\"text-align: left;\"><span style=\"color: #999999;\">Ph\u00f3 gi\u00e1m \u0111\u1ed1c H\u1ecdc thu\u1eadt ACET H\u1ed3 Ch\u00ed Minh<\/span><\/p>\n\t\t\t<\/div>\n\t\t<\/div>\n\t<\/div>\n\t\n\t\t<\/div>\n\t\t\t<\/div>\n\n\t\n\n\t<div id=\"col-159093089\" class=\"col medium-3 small-12 large-3\"  >\n\t\t<div class=\"col-inner\"  >\n\t\t\t\n\t\t\t\n\t<div class=\"box has-hover   has-hover box-text-bottom\" >\n\n\t\t<div class=\"box-image\" >\n\t\t\t\t\t\t<div class=\"\" >\n\t\t\t\t<img width=\"270\" height=\"337\" src=\"https:\/\/webmaibinh.com\/w\/edu72011\/wp-content\/uploads\/2019\/07\/people_1-e1519639634901.jpg\" class=\"attachment-original size-original\" alt=\"\" loading=\"lazy\" srcset=\"https:\/\/webmaibinh.com\/w\/edu72011\/wp-content\/uploads\/2019\/07\/people_1-e1519639634901.jpg 270w, https:\/\/webmaibinh.com\/w\/edu72011\/wp-content\/uploads\/2019\/07\/people_1-e1519639634901-240x300.jpg 240w\" sizes=\"(max-width: 270px) 100vw, 270px\" \/>\t\t\t\t\t\t\t\t\t\t\t<\/div>\n\t\t\t\t\t<\/div>\n\n\t\t<div class=\"box-text text-center\" style=\"padding:10px 0px 10px 0px;\">\n\t\t\t<div class=\"box-text-inner\">\n\t\t\t\t\n<h4 style=\"text-align: left;\">BRETT JAMES SKARBAKKA<\/h4>\n<p style=\"text-align: left;\"><span style=\"color: #999999;\">Ph\u00f3 Gi\u00e1m \u0110\u1ed1c H\u1ecdc Thu\u1eadt ACET H\u00e0 N\u1ed9i<\/span><\/p>\n\t\t\t<\/div>\n\t\t<\/div>\n\t<\/div>\n\t\n\t\t<\/div>\n\t\t\t<\/div>\n\n\t\n\n\t<div id=\"col-662157382\" class=\"col medium-3 small-12 large-3\"  >\n\t\t<div class=\"col-inner\"  >\n\t\t\t\n\t\t\t\n\t<div class=\"box has-hover   has-hover box-text-bottom\" >\n\n\t\t<div class=\"box-image\" >\n\t\t\t\t\t\t<div class=\"\" >\n\t\t\t\t<img width=\"270\" height=\"337\" src=\"https:\/\/webmaibinh.com\/w\/edu72011\/wp-content\/uploads\/2019\/07\/section5-image2-270x337.png\" class=\"attachment-original size-original\" alt=\"\" loading=\"lazy\" srcset=\"https:\/\/webmaibinh.com\/w\/edu72011\/wp-content\/uploads\/2019\/07\/section5-image2-270x337.png 270w, https:\/\/webmaibinh.com\/w\/edu72011\/wp-content\/uploads\/2019\/07\/section5-image2-270x337-240x300.png 240w\" sizes=\"(max-width: 270px) 100vw, 270px\" \/>\t\t\t\t\t\t\t\t\t\t\t<\/div>\n\t\t\t\t\t<\/div>\n\n\t\t<div class=\"box-text text-center\" style=\"padding:10px 0px 10px 0px;\">\n\t\t\t<div class=\"box-text-inner\">\n\t\t\t\t\n<h4 style=\"text-align: left;\">ELIZABETH ROSA MILLARD<\/h4>\n<p style=\"text-align: left;\"><span style=\"color: #999999;\">\u0110i\u1ec1u ph\u1ed1i ch\u01b0\u01a1ng tr\u00ecnh First Steps &#8211; ti\u1ebfng Anh d\u00e0nh cho THCS t\u1ea1i ACET H\u00e0 N\u1ed9i<\/span><\/p>\n\t\t\t<\/div>\n\t\t<\/div>\n\t<\/div>\n\t\n\t\t<\/div>\n\t\t\t<\/div>\n\n\t\n\n\t<div id=\"col-1551669012\" class=\"col medium-3 small-12 large-3\"  >\n\t\t<div class=\"col-inner\"  >\n\t\t\t\n\t\t\t\n\t<div class=\"box has-hover   has-hover box-text-bottom\" >\n\n\t\t<div class=\"box-image\" >\n\t\t\t\t\t\t<div class=\"\" >\n\t\t\t\t<img width=\"265\" height=\"330\" src=\"https:\/\/webmaibinh.com\/w\/edu72011\/wp-content\/uploads\/2019\/07\/Vic-2.jpg\" class=\"attachment-original size-original\" alt=\"\" loading=\"lazy\" srcset=\"https:\/\/webmaibinh.com\/w\/edu72011\/wp-content\/uploads\/2019\/07\/Vic-2.jpg 265w, https:\/\/webmaibinh.com\/w\/edu72011\/wp-content\/uploads\/2019\/07\/Vic-2-241x300.jpg 241w\" sizes=\"(max-width: 265px) 100vw, 265px\" \/>\t\t\t\t\t\t\t\t\t\t\t<\/div>\n\t\t\t\t\t<\/div>\n\n\t\t<div class=\"box-text text-center\" style=\"padding:10px 0px 10px 0px;\">\n\t\t\t<div class=\"box-text-inner\">\n\t\t\t\t\n<h4 style=\"text-align: left;\">VICTORIA KOVALEVSKA<\/h4>\n<p style=\"text-align: left;\"><span style=\"color: #999999;\">Ph\u00f3 gi\u00e1m \u0111\u1ed1c H\u1ecdc thu\u1eadt ACET H\u1ed3 Ch\u00ed Minh<\/span><\/p>\n\t\t\t<\/div>\n\t\t<\/div>\n\t<\/div>\n\t\n\t\t<\/div>\n\t\t\t<\/div>\n\n\t\n\n\t<div id=\"col-356033663\" class=\"col medium-3 small-12 large-3\"  >\n\t\t<div class=\"col-inner\"  >\n\t\t\t\n\t\t\t\n\t<div class=\"box has-hover   has-hover box-text-bottom\" >\n\n\t\t<div class=\"box-image\" >\n\t\t\t\t\t\t<div class=\"\" >\n\t\t\t\t<img width=\"265\" height=\"330\" src=\"https:\/\/webmaibinh.com\/w\/edu72011\/wp-content\/uploads\/2019\/07\/Paul-2.jpg\" class=\"attachment-original size-original\" alt=\"\" loading=\"lazy\" srcset=\"https:\/\/webmaibinh.com\/w\/edu72011\/wp-content\/uploads\/2019\/07\/Paul-2.jpg 265w, https:\/\/webmaibinh.com\/w\/edu72011\/wp-content\/uploads\/2019\/07\/Paul-2-241x300.jpg 241w\" sizes=\"(max-width: 265px) 100vw, 265px\" \/>\t\t\t\t\t\t\t\t\t\t\t<\/div>\n\t\t\t\t\t<\/div>\n\n\t\t<div class=\"box-text text-center\" style=\"padding:10px 0px 10px 0px;\">\n\t\t\t<div class=\"box-text-inner\">\n\t\t\t\t\n<h4 style=\"text-align: left;\">PAUL O\u2019GRADY<\/h4>\n<p style=\"text-align: left;\"><span style=\"color: #999999;\">\u0110i\u1ec1u ph\u1ed1i ch\u01b0\u01a1ng tr\u00ecnh First Steps &#8211; ti\u1ebfng Anh d\u00e0nh cho THCS t\u1ea1i ACET HCM<\/span><\/p>\n\t\t\t<\/div>\n\t\t<\/div>\n\t<\/div>\n\t\n\t\t<\/div>\n\t\t\t<\/div>\n\n\t\n\n\t<div id=\"col-1585842071\" class=\"col medium-3 small-12 large-3\"  >\n\t\t<div class=\"col-inner\"  >\n\t\t\t\n\t\t\t\n\t<div class=\"box has-hover   has-hover box-text-bottom\" >\n\n\t\t<div class=\"box-image\" >\n\t\t\t\t\t\t<div class=\"\" >\n\t\t\t\t<img width=\"270\" height=\"337\" src=\"https:\/\/webmaibinh.com\/w\/edu72011\/wp-content\/uploads\/2019\/07\/people_4.jpg\" class=\"attachment-original size-original\" alt=\"\" loading=\"lazy\" srcset=\"https:\/\/webmaibinh.com\/w\/edu72011\/wp-content\/uploads\/2019\/07\/people_4.jpg 270w, https:\/\/webmaibinh.com\/w\/edu72011\/wp-content\/uploads\/2019\/07\/people_4-240x300.jpg 240w\" sizes=\"(max-width: 270px) 100vw, 270px\" \/>\t\t\t\t\t\t\t\t\t\t\t<\/div>\n\t\t\t\t\t<\/div>\n\n\t\t<div class=\"box-text text-center\" style=\"padding:10px 0px 10px 0px;\">\n\t\t\t<div class=\"box-text-inner\">\n\t\t\t\t\n<h4 style=\"text-align: left;\">ADAM NOBLE<\/h4>\n<p style=\"text-align: left;\"><span style=\"color: #999999;\">Teacher<\/span><\/p>\n\t\t\t<\/div>\n\t\t<\/div>\n\t<\/div>\n\t\n\t\t<\/div>\n\t\t\t<\/div>\n\n\t\n\n\t<div id=\"col-535343881\" class=\"col medium-3 small-12 large-3\"  >\n\t\t<div class=\"col-inner\"  >\n\t\t\t\n\t\t\t\n\t<div class=\"box has-hover   has-hover box-text-bottom\" >\n\n\t\t<div class=\"box-image\" >\n\t\t\t\t\t\t<div class=\"\" >\n\t\t\t\t<img width=\"265\" height=\"330\" src=\"https:\/\/webmaibinh.com\/w\/edu72011\/wp-content\/uploads\/2019\/07\/Jas.jpg\" class=\"attachment-original size-original\" alt=\"\" loading=\"lazy\" srcset=\"https:\/\/webmaibinh.com\/w\/edu72011\/wp-content\/uploads\/2019\/07\/Jas.jpg 265w, https:\/\/webmaibinh.com\/w\/edu72011\/wp-content\/uploads\/2019\/07\/Jas-241x300.jpg 241w\" sizes=\"(max-width: 265px) 100vw, 265px\" \/>\t\t\t\t\t\t\t\t\t\t\t<\/div>\n\t\t\t\t\t<\/div>\n\n\t\t<div class=\"box-text text-center\" style=\"padding:10px 0px 10px 0px;\">\n\t\t\t<div class=\"box-text-inner\">\n\t\t\t\t\n<h4 style=\"text-align: left;\">JASDEV GREWAL<\/h4>\n<p style=\"text-align: left;\"><span style=\"color: #999999;\">Teacher<\/span><\/p>\n\t\t\t<\/div>\n\t\t<\/div>\n\t<\/div>\n\t\n\t\t<\/div>\n\t\t\t<\/div>\n\n\t\n\n\t<div id=\"col-1357197973\" class=\"col medium-3 small-12 large-3\"  >\n\t\t<div class=\"col-inner\"  >\n\t\t\t\n\t\t\t\n\t<div class=\"box has-hover   has-hover box-text-bottom\" >\n\n\t\t<div class=\"box-image\" >\n\t\t\t\t\t\t<div class=\"\" >\n\t\t\t\t<img width=\"265\" height=\"330\" src=\"https:\/\/webmaibinh.com\/w\/edu72011\/wp-content\/uploads\/2019\/07\/Matt.jpg\" class=\"attachment-original size-original\" alt=\"\" loading=\"lazy\" srcset=\"https:\/\/webmaibinh.com\/w\/edu72011\/wp-content\/uploads\/2019\/07\/Matt.jpg 265w, https:\/\/webmaibinh.com\/w\/edu72011\/wp-content\/uploads\/2019\/07\/Matt-241x300.jpg 241w\" sizes=\"(max-width: 265px) 100vw, 265px\" \/>\t\t\t\t\t\t\t\t\t\t\t<\/div>\n\t\t\t\t\t<\/div>\n\n\t\t<div class=\"box-text text-center\" style=\"padding:10px 0px 10px 0px;\">\n\t\t\t<div class=\"box-text-inner\">\n\t\t\t\t\n<h4 style=\"text-align: left;\">MATT WARD<\/h4>\n<p style=\"text-align: left;\"><span style=\"color: #999999;\">Teacher<\/span><\/p>\n\t\t\t<\/div>\n\t\t<\/div>\n\t<\/div>\n\t\n\t\t<\/div>\n\t\t\t<\/div>\n\n\t\n<\/div>\n\t\t<\/div>\n\n\t\t\n<style>\n#section_426131132 {\n  padding-top: 30px;\n  padding-bottom: 30px;\n}\n<\/style>\n\t<\/section>\n\t\n\t<section class=\"section dang-ky-section\" id=\"section_1429467654\">\n\t\t<div class=\"bg section-bg fill bg-fill  \" >\n\n\t\t\t\n\t\t\t\n\t\t\t\n\n\t\t<\/div>\n\n\t\t<div class=\"section-content relative\">\n\t\t\t\n<div class=\"row\"  id=\"row-1048368422\">\n\n\t<div id=\"col-673501833\" class=\"col medium-6 small-12 large-6\"  >\n\t\t<div class=\"col-inner\"  >\n\t\t\t\n\t\t\t\n\t\t<\/div>\n\t\t\t<\/div>\n\n\t\n\n\t<div id=\"col-1862414564\" class=\"col medium-6 small-12 large-6\"  >\n\t\t<div class=\"col-inner\"  >\n\t\t\t\n\t\t\t\n<h3><span style=\"font-size: 140%;\">Ki\u1ec3m tra ti\u1ebfng Anh tr\u1ef1c tuy\u1ebfn<\/span><\/h3>\n<h5>B\u1ea1n \u0111\u00e3 bi\u1ebft tr\u00ecnh \u0111\u1ed9 ti\u1ebfng Anh hi\u1ec7n t\u1ea1i c\u1ee7a m\u00ecnh ch\u01b0a?<\/h5>\n<a href=\"\/kiem-tra-trinh-do\/\" target=\"_self\" class=\"button primary lowercase nut-xem-tat-ca\"  style=\"border-radius:99px;\">\n    <span>B\u1eaft \u0111\u1ea7u l\u00e0m b\u00e0i ki\u1ec3m tra<\/span>\n  <i class=\"icon-angle-right\" ><\/i><\/a>\n\n\t\t<\/div>\n\t\t\t<\/div>\n\n\t\n<\/div>\n\t\t<\/div>\n\n\t\t\n<style>\n#section_1429467654 {\n  padding-top: 30px;\n  padding-bottom: 30px;\n}\n#section_1429467654 .section-bg.bg-loaded {\n  background-image: url(https:\/\/webmaibinh.com\/w\/edu72011\/wp-content\/uploads\/2019\/07\/testonline-adv.jpg);\n}\n<\/style>\n\t<\/section>\n\t\n\t<section class=\"section form-dang-ky-row\" id=\"section_1045870501\">\n\t\t<div class=\"bg section-bg fill bg-fill  bg-loaded\" >\n\n\t\t\t\n\t\t\t\n\t\t\t\n\n\t\t<\/div>\n\n\t\t<div class=\"section-content relative\">\n\t\t\t\n<div class=\"row\"  id=\"row-409113929\">\n\n\t<div id=\"col-307807618\" class=\"col small-12 large-12\"  >\n\t\t<div class=\"col-inner text-center\"  >\n\t\t\t\n\t\t\t\n<h2 style=\"text-align: center;\"><strong><span style=\"color: #ed1c24; font-size: 130%;\">Nh\u1eadn t\u01b0 v\u1ea5n l\u1ed9 tr\u00ecnh t\u1eeb ACET<\/span><\/strong><\/h2>\n<p style=\"text-align: center;\">H\u00e3y \u0111\u1ec3 l\u1ea1i th\u00f4ng tin, t\u01b0 v\u1ea5n vi\u00ean c\u1ee7a ACET s\u1ebd li\u00ean l\u1ea1c v\u1edbi b\u1ea1n trong th\u1eddi gian s\u1edbm nh\u1ea5t.<\/p>\n<div role=\"form\" class=\"wpcf7\" id=\"wpcf7-f832-o1\" lang=\"vi\" dir=\"ltr\">\n<div class=\"screen-reader-response\"><p role=\"status\" aria-live=\"polite\" aria-atomic=\"true\"><\/p> <ul><\/ul><\/div>\n<form action=\"\/w\/edu72011\/wp-json\/wp\/v2\/pages\/57#wpcf7-f832-o1\" method=\"post\" class=\"wpcf7-form init\" novalidate=\"novalidate\" data-status=\"init\">\n<div style=\"display: none;\">\n<input type=\"hidden\" name=\"_wpcf7\" value=\"832\" \/>\n<input type=\"hidden\" name=\"_wpcf7_version\" value=\"5.3\" \/>\n<input type=\"hidden\" name=\"_wpcf7_locale\" value=\"vi\" \/>\n<input type=\"hidden\" name=\"_wpcf7_unit_tag\" value=\"wpcf7-f832-o1\" \/>\n<input type=\"hidden\" name=\"_wpcf7_container_post\" value=\"0\" \/>\n<input type=\"hidden\" name=\"_wpcf7_posted_data_hash\" value=\"\" \/>\n<\/div>\n<div class=\"form-dang-ky\">\n<label>Th\u00f4ng tin c\u01a1 b\u1ea3n<\/label><br \/>\n<span class=\"wpcf7-form-control-wrap text-437\"><input type=\"text\" name=\"text-437\" value=\"\" size=\"40\" class=\"wpcf7-form-control wpcf7-text wpcf7-validates-as-required\" aria-required=\"true\" aria-invalid=\"false\" placeholder=\"H\u1ecd v\u00e0 t\u00ean...\" \/><\/span><br \/>\n<span class=\"wpcf7-form-control-wrap tel-193\"><input type=\"tel\" name=\"tel-193\" value=\"\" size=\"40\" class=\"wpcf7-form-control wpcf7-text wpcf7-tel wpcf7-validates-as-required wpcf7-validates-as-tel\" aria-required=\"true\" aria-invalid=\"false\" placeholder=\"S\u1ed1 \u0111i\u1ec7n tho\u1ea1i...\" \/><\/span><br \/>\n<label>L\u1ef1a ch\u1ecdn<\/label><\/p>\n<div class=\"row-form\">\n<div class=\"left\">\n<span class=\"wpcf7-form-control-wrap menu-714\"><select name=\"menu-714\" class=\"wpcf7-form-control wpcf7-select\" aria-invalid=\"false\"><option value=\"Khu v\u1ef1c\">Khu v\u1ef1c<\/option><option value=\"H\u00e0 N\u1ed9i\">H\u00e0 N\u1ed9i<\/option><option value=\"Tp. H\u1ed3 Ch\u00ed Minh\">Tp. H\u1ed3 Ch\u00ed Minh<\/option><\/select><\/span>\n<\/div>\n<div class=\"right\">\n<span class=\"wpcf7-form-control-wrap text-3656\"><input type=\"text\" name=\"text-3656\" value=\"\" size=\"40\" class=\"wpcf7-form-control wpcf7-text\" aria-invalid=\"false\" placeholder=\"\u0110\u1ed9 tu\u1ed5i\" \/><\/span>\n<\/div>\n<\/div>\n<p><input type=\"submit\" value=\"G\u1eedi th\u00f4ng tin\" class=\"wpcf7-form-control wpcf7-submit\" \/>\n<\/p><\/div>\n<div class=\"wpcf7-response-output\" aria-hidden=\"true\"><\/div><\/form><\/div>\n\t\t<\/div>\n\t\t\t<\/div>\n\n\t\n<\/div>\n\t\t<\/div>\n\n\t\t\n<style>\n#section_1045870501 {\n  padding-top: 30px;\n  padding-bottom: 30px;\n  background-color: rgb(247, 247, 247);\n}\n<\/style>\n\t<\/section>\n\t\n","protected":false},"excerpt":{"rendered":"","protected":false},"author":1,"featured_media":0,"parent":0,"menu_order":0,"comment_status":"closed","ping_status":"closed","template":"page-transparent-header.php","meta":[],"_links":{"self":[{"href":"https:\/\/webmaibinh.com\/w\/edu72011\/wp-json\/wp\/v2\/pages\/57"}],"collection":[{"href":"https:\/\/webmaibinh.com\/w\/edu72011\/wp-json\/wp\/v2\/pages"}],"about":[{"href":"https:\/\/webmaibinh.com\/w\/edu72011\/wp-json\/wp\/v2\/types\/page"}],"author":[{"embeddable":true,"href":"https:\/\/webmaibinh.com\/w\/edu72011\/wp-json\/wp\/v2\/users\/1"}],"replies":[{"embeddable":true,"href":"https:\/\/webmaibinh.com\/w\/edu72011\/wp-json\/wp\/v2\/comments?post=57"}],"version-history":[{"count":0,"href":"https:\/\/webmaibinh.com\/w\/edu72011\/wp-json\/wp\/v2\/pages\/57\/revisions"}],"wp:attachment":[{"href":"https:\/\/webmaibinh.com\/w\/edu72011\/wp-json\/wp\/v2\/media?parent=57"}],"curies":[{"name":"wp","href":"https:\/\/api.w.org\/{rel}","templated":true}]}}