{"id":55,"date":"2019-07-10T17:02:41","date_gmt":"2019-07-10T09:02:41","guid":{"rendered":"http:\/\/edu8.w2steam.com\/?page_id=55"},"modified":"2019-07-11T16:28:03","modified_gmt":"2019-07-11T08:28:03","slug":"anh-ngu-hoc-thuat","status":"publish","type":"page","link":"https:\/\/webmaibinh.com\/w\/edu72011\/anh-ngu-hoc-thuat\/","title":{"rendered":"Anh ng\u1eef h\u1ecdc thu\u1eadt"},"content":{"rendered":"\t<div class=\"img has-hover x md-x lg-x y md-y lg-y\" id=\"image_66284891\">\n\t\t\t\t\t\t\t\t<div class=\"img-inner image-cover dark\" style=\"padding-top:40%;\">\n\t\t\t<img width=\"1920\" height=\"870\" src=\"https:\/\/webmaibinh.com\/w\/edu72011\/wp-content\/uploads\/2019\/07\/c-1920x870.jpg\" class=\"attachment-original size-original\" alt=\"\" loading=\"lazy\" srcset=\"https:\/\/webmaibinh.com\/w\/edu72011\/wp-content\/uploads\/2019\/07\/c-1920x870.jpg 1920w, https:\/\/webmaibinh.com\/w\/edu72011\/wp-content\/uploads\/2019\/07\/c-1920x870-300x136.jpg 300w, https:\/\/webmaibinh.com\/w\/edu72011\/wp-content\/uploads\/2019\/07\/c-1920x870-768x348.jpg 768w, https:\/\/webmaibinh.com\/w\/edu72011\/wp-content\/uploads\/2019\/07\/c-1920x870-1024x464.jpg 1024w\" sizes=\"(max-width: 1920px) 100vw, 1920px\" \/>\t\t\t\t\t\t\n\t\t\t\t\t<\/div>\n\t\t\t\t\t\t\t\t\n<style>\n#image_66284891 {\n  width: 100%;\n}\n<\/style>\n\t<\/div>\n\t\n\t<section class=\"section\" id=\"section_290812619\">\n\t\t<div class=\"bg section-bg fill bg-fill  bg-loaded\" >\n\n\t\t\t\n\t\t\t\n\t\t\t\n\n\t\t<\/div>\n\n\t\t<div class=\"section-content relative\">\n\t\t\t\n<div class=\"row\" style=\"max-width:1000px\" id=\"row-88900391\">\n\n\t<div id=\"col-2075545793\" class=\"col small-12 large-12\"  >\n\t\t<div class=\"col-inner\"  >\n\t\t\t\n\t\t\t\n<h2><span style=\"font-size: 130%;\">Anh ng\u1eef h\u1ecdc thu\u1eadt<\/span><\/h2>\n<p><span style=\"font-size: 95%;\"> L\u00e0 nh\u00e0 ti\u00ean phong mang l\u1ea1i N\u1ec1n t\u1ea3ng Gi\u00e1o d\u1ee5c Anh ng\u1eef h\u1ecdc thu\u1eadt &#8211; Du h\u1ecdc qu\u1ed1c t\u1ebf (AE) v\u1edbi h\u01a1n 15 n\u0103m kinh nghi\u1ec7m \u0111\u00e0o t\u1ea1o v\u00e0 gi\u1ea3ng d\u1ea1y Anh ng\u1eef H\u1ecdc thu\u1eadt t\u1ea1i Vi\u1ec7t Nam, ACET t\u1ef1 h\u00e0o l\u00e0 t\u1ed5 ch\u1ee9c \u0111\u1ea7u ti\u00ean mang \u0111\u1ebfn cho h\u1ecdc vi\u00ean n\u1ec1n t\u1ea3ng ng\u00f4n ng\u1eef h\u1ecdc thu\u1eadt, ki\u1ebfn th\u1ee9c v\u00e0 k\u1ef9 n\u0103ng h\u1ecdc t\u1eadp c\u1ea7n thi\u1ebft \u0111\u1ec3 ho\u00e0n th\u00e0nh \u01b0\u1edbc m\u01a1 du h\u1ecdc, gi\u00e0nh \u0111\u01b0\u1ee3c c\u00e1c h\u1ecdc b\u1ed5ng danh gi\u00e1, v\u00e0 th\u00e0nh c\u00f4ng v\u1edbi c\u01a1 h\u1ed9i ngh\u1ec1 nghi\u1ec7p to\u00e0n c\u1ea7u.<\/span><\/p>\n\t\t<\/div>\n\t\t\t<\/div>\n\n\t\n<\/div>\n\t\t<\/div>\n\n\t\t\n<style>\n#section_290812619 {\n  padding-top: 30px;\n  padding-bottom: 30px;\n}\n<\/style>\n\t<\/section>\n\t\n\t<section class=\"section\" id=\"section_2138795034\">\n\t\t<div class=\"bg section-bg fill bg-fill  bg-loaded\" >\n\n\t\t\t\n\t\t\t\n\t\t\t\n\n\t\t<\/div>\n\n\t\t<div class=\"section-content relative\">\n\t\t\t\n<div class=\"row row-full-width\"  id=\"row-1142559370\">\n\n\t<div id=\"col-123604594\" class=\"col medium-4 small-12 large-4\"  >\n\t\t<div class=\"col-inner\"  >\n\t\t\t\n\t\t\t\n\t<div class=\"img has-hover x md-x lg-x y md-y lg-y\" id=\"image_1792520681\">\n\t\t\t\t\t\t\t\t<div class=\"img-inner image-cover dark\" style=\"padding-top:61%;\">\n\t\t\t<img width=\"668\" height=\"666\" src=\"https:\/\/webmaibinh.com\/w\/edu72011\/wp-content\/uploads\/2019\/07\/content.jpg\" class=\"attachment-original size-original\" alt=\"\" loading=\"lazy\" srcset=\"https:\/\/webmaibinh.com\/w\/edu72011\/wp-content\/uploads\/2019\/07\/content.jpg 668w, https:\/\/webmaibinh.com\/w\/edu72011\/wp-content\/uploads\/2019\/07\/content-150x150.jpg 150w, https:\/\/webmaibinh.com\/w\/edu72011\/wp-content\/uploads\/2019\/07\/content-300x300.jpg 300w\" sizes=\"(max-width: 668px) 100vw, 668px\" \/>\t\t\t\t\t\t\n\t\t\t\t\t<\/div>\n\t\t\t\t\t\t\t\t\n<style>\n#image_1792520681 {\n  width: 100%;\n}\n<\/style>\n\t<\/div>\n\t\n\t\t<\/div>\n\t\t\t<\/div>\n\n\t\n\n\t<div id=\"col-2003997384\" class=\"col medium-8 small-12 large-8\"  >\n\t\t<div class=\"col-inner\"  >\n\t\t\t\n\t\t\t\n<h2 class=\"title\"><span style=\"color: #ed1c24;\">ANH NG\u1eee H\u1eccC THU\u1eacT &#8211; GI\u00c1O D\u1ee4C QU\u1ed0C T\u1ebe!<\/span><\/h2>\n<div class=\"content\">\n<p>L\u00e0 nh\u00e0 ti\u00ean phong mang l\u1ea1i N\u1ec1n t\u1ea3ng Anh ng\u1eef H\u1ecdc thu\u1eadt v\u1edbi h\u01a1n 16 n\u0103m kinh nghi\u1ec7m \u0111\u00e0o t\u1ea1o v\u00e0 gi\u1ea3ng d\u1ea1y Anh ng\u1eef H\u1ecdc thu\u1eadt t\u1ea1i Vi\u1ec7t Nam, ACET t\u1ef1 h\u00e0o l\u00e0 t\u1ed5 ch\u1ee9c \u0111\u1ea7u ti\u00ean mang \u0111\u1ebfn cho h\u1ecdc vi\u00ean n\u1ec1n t\u1ea3ng ng\u00f4n ng\u1eef h\u1ecdc thu\u1eadt, ki\u1ebfn th\u1ee9c v\u00e0 k\u1ef9 n\u0103ng h\u1ecdc t\u1eadp c\u1ea7n thi\u1ebft \u0111\u1ec3 ho\u00e0n th\u00e0nh \u01b0\u1edbc m\u01a1 du h\u1ecdc, gi\u00e0nh \u0111\u01b0\u1ee3c c\u00e1c h\u1ecdc b\u1ed5ng danh gi\u00e1, v\u00e0 th\u00e0nh c\u00f4ng v\u1edbi c\u01a1 h\u1ed9i ngh\u1ec1 nghi\u1ec7p to\u00e0n c\u1ea7u.<\/p>\n<p><span style=\"font-size: 110%;\"><strong>ANH NG\u1eee H\u1eccC THU\u1eacT L\u00c0 G\u00cc?<\/strong><\/span><\/p>\n<p>Ch\u00fa tr\u1ecdng x\u00e2y d\u1ef1ng n\u1ec1n t\u1ea3ng Anh ng\u1eef H\u1ecdc thu\u1eadt, t\u1eadp trung v\u00e0o c\u00e1c k\u1ef9 n\u0103ng quan tr\u1ecdng nh\u01b0: t\u01b0 duy ph\u1ea3n bi\u1ec7n, k\u1ef9 n\u0103ng di\u1ec5n thuy\u1ebft v\u00e0 tranh lu\u1eadn; c\u00f9ng v\u1edbi c\u00e1c k\u1ef9 n\u0103ng h\u1ecdc t\u1eadp c\u1ea7n thi\u1ebft nh\u01b0 nghe b\u00e0i gi\u1ea3ng, ghi ch\u00fa, \u0111\u1ecdc t\u00e0i li\u1ec7u h\u1ecdc thu\u1eadt, vi\u1ebft lu\u1eadn b\u00e1o c\u00e1o, k\u1ef9 n\u0103ng nghi\u00ean c\u1ee9u v\u00e0 t\u1ef1 h\u1ecdc.<\/p>\n<p><span style=\"font-size: 110%;\"><strong>GI\u00c1O D\u1ee4C QU\u1ed0C T\u1ebe!<\/strong><\/span><\/p>\n<p>Ngo\u00e0i \u0111i\u1ec3m s\u1ed1, h\u1ecdc vi\u00ean c\u00f2n \u0111\u01b0\u1ee3c trang b\u1ecb \u0111\u1ea7y \u0111\u1ee7 k\u1ef9 n\u0103ng trong \u0111\u1eddi s\u1ed1ng v\u00e0 \u1ee9ng d\u1ee5ng ti\u1ebfng Anh m\u1ed9t c\u00e1ch t\u1ef1 tin v\u00e0o m\u1ecdi t\u00ecnh hu\u1ed1ng giao ti\u1ebfp, c\u0169ng nh\u01b0 d\u1ec5 d\u00e0ng ho\u00e0 nh\u1eadp v\u1edbi s\u1ef1 thay \u0111\u1ed5i trong m\u00f4i tr\u01b0\u1eddng \u0111a qu\u1ed1c gia c\u00f9ng c\u00e1c b\u1ed1i c\u1ea3nh v\u0103n h\u00f3a \u0111a d\u1ea1ng.<\/p>\n<\/div>\n\t\t<\/div>\n\t\t\t<\/div>\n\n\t\n<\/div>\n\t\t<\/div>\n\n\t\t\n<style>\n#section_2138795034 {\n  padding-top: 0px;\n  padding-bottom: 0px;\n}\n<\/style>\n\t<\/section>\n\t\n\t<section class=\"section\" id=\"section_788643112\">\n\t\t<div class=\"bg section-bg fill bg-fill  bg-loaded\" >\n\n\t\t\t\n\t\t\t\n\t\t\t\n\n\t\t<\/div>\n\n\t\t<div class=\"section-content relative\">\n\t\t\t\n<div class=\"row\"  id=\"row-1237366144\">\n\n\t<div id=\"col-2054174832\" class=\"col small-12 large-12\"  >\n\t\t<div class=\"col-inner\"  >\n\t\t\t\n\t\t\t\n<p style=\"text-align: center;\"><span style=\"font-size: 100%;\"><strong>H\u01a1n n\u1eefa, h\u1ecdc vi\u00ean ACET \u0111\u01b0\u1ee3c \u0111\u1ecbnh h\u01b0\u1edbng r\u00f5 r\u00e0ng m\u1ee5c ti\u00eau v\u00e0 nh\u1eefng c\u1ed9t m\u1ed1c c\u1ea7n ph\u1ea3i \u0111\u1ea1t \u0111\u01b0\u1ee3c d\u00f9 trong l\u0129nh v\u1ef1c h\u1ecdc thu\u1eadt hay m\u00f4i tr\u01b0\u1eddng l\u00e0m vi\u1ec7c chuy\u00ean nghi\u1ec7p, gi\u1eef v\u1eefng t\u1ef1 tin v\u00e0 v\u01b0\u01a1n \u0111\u1ebfn th\u00e0nh c\u00f4ng trong m\u1ed9t th\u1ebf gi\u1edbi \u0111ang thay \u0111\u1ed5i ch\u00f3ng m\u1eb7t t\u1eebng ng\u00e0y. V\u1edbi s\u1ef1 trang b\u1ecb to\u00e0n di\u1ec7n v\u1ec1 ki\u1ebfn th\u1ee9c v\u00e0 k\u1ef9 n\u0103ng v\u1edbi N\u1ec1n t\u1ea3ng Gi\u00e1o d\u1ee5c Anh ng\u1eef H\u1ecdc thu\u1eadt h\u1ecdc vi\u00ean ho\u00e0n to\u00e0n t\u1ef1 tin \u0111\u1ec3 chinh ph\u1ee5c gi\u1ea5c m\u01a1 du h\u1ecdc, gi\u00e0nh \u0111\u01b0\u1ee3c c\u00e1c h\u1ecdc b\u1ed5ng danh gi\u00e1, hay th\u00e0nh c\u00f4ng v\u1edbi c\u01a1 h\u1ed9i ngh\u1ec1 nghi\u1ec7p to\u00e0n c\u1ea7u.<\/strong><\/span><\/p>\n\t<div class=\"img has-hover x md-x lg-x y md-y lg-y\" id=\"image_1382316575\">\n\t\t\t\t\t\t\t\t<div class=\"img-inner dark\" >\n\t\t\t<img width=\"1200\" height=\"442\" src=\"https:\/\/webmaibinh.com\/w\/edu72011\/wp-content\/uploads\/2019\/07\/screen.jpg\" class=\"attachment-original size-original\" alt=\"\" loading=\"lazy\" srcset=\"https:\/\/webmaibinh.com\/w\/edu72011\/wp-content\/uploads\/2019\/07\/screen.jpg 1200w, https:\/\/webmaibinh.com\/w\/edu72011\/wp-content\/uploads\/2019\/07\/screen-300x111.jpg 300w, https:\/\/webmaibinh.com\/w\/edu72011\/wp-content\/uploads\/2019\/07\/screen-768x283.jpg 768w, https:\/\/webmaibinh.com\/w\/edu72011\/wp-content\/uploads\/2019\/07\/screen-1024x377.jpg 1024w\" sizes=\"(max-width: 1200px) 100vw, 1200px\" \/>\t\t\t\t\t\t\n\t\t\t\t\t<\/div>\n\t\t\t\t\t\t\t\t\n<style>\n#image_1382316575 {\n  width: 100%;\n}\n<\/style>\n\t<\/div>\n\t\n<h2 class=\"heading wow fadeInUp animated\" style=\"text-align: center;\"><strong><span style=\"color: #000000;\">PROGRAMME &amp; PATHWAY<\/span><\/strong><\/h2>\n\t<div class=\"img has-hover x md-x lg-x y md-y lg-y\" id=\"image_455513058\">\n\t\t\t\t\t\t\t\t<div class=\"img-inner dark\" >\n\t\t\t<img width=\"1000\" height=\"438\" src=\"https:\/\/webmaibinh.com\/w\/edu72011\/wp-content\/uploads\/2019\/07\/section6-image.jpg\" class=\"attachment-original size-original\" alt=\"\" loading=\"lazy\" srcset=\"https:\/\/webmaibinh.com\/w\/edu72011\/wp-content\/uploads\/2019\/07\/section6-image.jpg 1000w, https:\/\/webmaibinh.com\/w\/edu72011\/wp-content\/uploads\/2019\/07\/section6-image-300x131.jpg 300w, https:\/\/webmaibinh.com\/w\/edu72011\/wp-content\/uploads\/2019\/07\/section6-image-768x336.jpg 768w\" sizes=\"(max-width: 1000px) 100vw, 1000px\" \/>\t\t\t\t\t\t\n\t\t\t\t\t<\/div>\n\t\t\t\t\t\t\t\t\n<style>\n#image_455513058 {\n  width: 100%;\n}\n<\/style>\n\t<\/div>\n\t\n\t\t<\/div>\n\t\t\t<\/div>\n\n\t\n<\/div>\n\t\t<\/div>\n\n\t\t\n<style>\n#section_788643112 {\n  padding-top: 30px;\n  padding-bottom: 30px;\n}\n<\/style>\n\t<\/section>\n\t\n\t<section class=\"section dang-ky-section\" id=\"section_2110678585\">\n\t\t<div class=\"bg section-bg fill bg-fill  \" >\n\n\t\t\t\n\t\t\t\n\t\t\t\n\n\t\t<\/div>\n\n\t\t<div class=\"section-content relative\">\n\t\t\t\n<div class=\"row\"  id=\"row-802065861\">\n\n\t<div id=\"col-718309829\" class=\"col medium-6 small-12 large-6\"  >\n\t\t<div class=\"col-inner\"  >\n\t\t\t\n\t\t\t\n\t\t<\/div>\n\t\t\t<\/div>\n\n\t\n\n\t<div id=\"col-1696958219\" class=\"col medium-6 small-12 large-6\"  >\n\t\t<div class=\"col-inner\"  >\n\t\t\t\n\t\t\t\n<h3><span style=\"font-size: 140%;\">Ki\u1ec3m tra ti\u1ebfng Anh tr\u1ef1c tuy\u1ebfn<\/span><\/h3>\n<h5>B\u1ea1n \u0111\u00e3 bi\u1ebft tr\u00ecnh \u0111\u1ed9 ti\u1ebfng Anh hi\u1ec7n t\u1ea1i c\u1ee7a m\u00ecnh ch\u01b0a?<\/h5>\n<a href=\"\/kiem-tra-trinh-do\/\" target=\"_self\" class=\"button primary lowercase nut-xem-tat-ca\"  style=\"border-radius:99px;\">\n    <span>B\u1eaft \u0111\u1ea7u l\u00e0m b\u00e0i ki\u1ec3m tra<\/span>\n  <i class=\"icon-angle-right\" ><\/i><\/a>\n\n\t\t<\/div>\n\t\t\t<\/div>\n\n\t\n<\/div>\n\t\t<\/div>\n\n\t\t\n<style>\n#section_2110678585 {\n  padding-top: 30px;\n  padding-bottom: 30px;\n}\n#section_2110678585 .section-bg.bg-loaded {\n  background-image: url(https:\/\/webmaibinh.com\/w\/edu72011\/wp-content\/uploads\/2019\/07\/testonline-adv.jpg);\n}\n<\/style>\n\t<\/section>\n\t\n\t<section class=\"section form-dang-ky-row\" id=\"section_375290935\">\n\t\t<div class=\"bg section-bg fill bg-fill  bg-loaded\" >\n\n\t\t\t\n\t\t\t\n\t\t\t\n\n\t\t<\/div>\n\n\t\t<div class=\"section-content relative\">\n\t\t\t\n<div class=\"row\"  id=\"row-670541478\">\n\n\t<div id=\"col-1700480293\" class=\"col small-12 large-12\"  >\n\t\t<div class=\"col-inner text-center\"  >\n\t\t\t\n\t\t\t\n<h2 style=\"text-align: center;\"><strong><span style=\"color: #ed1c24; font-size: 130%;\">Nh\u1eadn t\u01b0 v\u1ea5n l\u1ed9 tr\u00ecnh t\u1eeb ACET<\/span><\/strong><\/h2>\n<p style=\"text-align: center;\">H\u00e3y \u0111\u1ec3 l\u1ea1i th\u00f4ng tin, t\u01b0 v\u1ea5n vi\u00ean c\u1ee7a ACET s\u1ebd li\u00ean l\u1ea1c v\u1edbi b\u1ea1n trong th\u1eddi gian s\u1edbm nh\u1ea5t.<\/p>\n<div role=\"form\" class=\"wpcf7\" id=\"wpcf7-f832-o1\" lang=\"vi\" dir=\"ltr\">\n<div class=\"screen-reader-response\"><p role=\"status\" aria-live=\"polite\" aria-atomic=\"true\"><\/p> <ul><\/ul><\/div>\n<form action=\"\/w\/edu72011\/wp-json\/wp\/v2\/pages\/55#wpcf7-f832-o1\" method=\"post\" class=\"wpcf7-form init\" novalidate=\"novalidate\" data-status=\"init\">\n<div style=\"display: none;\">\n<input type=\"hidden\" name=\"_wpcf7\" value=\"832\" \/>\n<input type=\"hidden\" name=\"_wpcf7_version\" value=\"5.3\" \/>\n<input type=\"hidden\" name=\"_wpcf7_locale\" value=\"vi\" \/>\n<input type=\"hidden\" name=\"_wpcf7_unit_tag\" value=\"wpcf7-f832-o1\" \/>\n<input type=\"hidden\" name=\"_wpcf7_container_post\" value=\"0\" \/>\n<input type=\"hidden\" name=\"_wpcf7_posted_data_hash\" value=\"\" \/>\n<\/div>\n<div class=\"form-dang-ky\">\n<label>Th\u00f4ng tin c\u01a1 b\u1ea3n<\/label><br \/>\n<span class=\"wpcf7-form-control-wrap text-437\"><input type=\"text\" name=\"text-437\" value=\"\" size=\"40\" class=\"wpcf7-form-control wpcf7-text wpcf7-validates-as-required\" aria-required=\"true\" aria-invalid=\"false\" placeholder=\"H\u1ecd v\u00e0 t\u00ean...\" \/><\/span><br \/>\n<span class=\"wpcf7-form-control-wrap tel-193\"><input type=\"tel\" name=\"tel-193\" value=\"\" size=\"40\" class=\"wpcf7-form-control wpcf7-text wpcf7-tel wpcf7-validates-as-required wpcf7-validates-as-tel\" aria-required=\"true\" aria-invalid=\"false\" placeholder=\"S\u1ed1 \u0111i\u1ec7n tho\u1ea1i...\" \/><\/span><br \/>\n<label>L\u1ef1a ch\u1ecdn<\/label><\/p>\n<div class=\"row-form\">\n<div class=\"left\">\n<span class=\"wpcf7-form-control-wrap menu-714\"><select name=\"menu-714\" class=\"wpcf7-form-control wpcf7-select\" aria-invalid=\"false\"><option value=\"Khu v\u1ef1c\">Khu v\u1ef1c<\/option><option value=\"H\u00e0 N\u1ed9i\">H\u00e0 N\u1ed9i<\/option><option value=\"Tp. H\u1ed3 Ch\u00ed Minh\">Tp. H\u1ed3 Ch\u00ed Minh<\/option><\/select><\/span>\n<\/div>\n<div class=\"right\">\n<span class=\"wpcf7-form-control-wrap text-3656\"><input type=\"text\" name=\"text-3656\" value=\"\" size=\"40\" class=\"wpcf7-form-control wpcf7-text\" aria-invalid=\"false\" placeholder=\"\u0110\u1ed9 tu\u1ed5i\" \/><\/span>\n<\/div>\n<\/div>\n<p><input type=\"submit\" value=\"G\u1eedi th\u00f4ng tin\" class=\"wpcf7-form-control wpcf7-submit\" \/>\n<\/p><\/div>\n<div class=\"wpcf7-response-output\" aria-hidden=\"true\"><\/div><\/form><\/div>\n\t\t<\/div>\n\t\t\t<\/div>\n\n\t\n<\/div>\n\t\t<\/div>\n\n\t\t\n<style>\n#section_375290935 {\n  padding-top: 30px;\n  padding-bottom: 30px;\n  background-color: rgb(247, 247, 247);\n}\n<\/style>\n\t<\/section>\n\t\n","protected":false},"excerpt":{"rendered":"","protected":false},"author":1,"featured_media":0,"parent":0,"menu_order":0,"comment_status":"closed","ping_status":"closed","template":"page-transparent-header.php","meta":[],"_links":{"self":[{"href":"https:\/\/webmaibinh.com\/w\/edu72011\/wp-json\/wp\/v2\/pages\/55"}],"collection":[{"href":"https:\/\/webmaibinh.com\/w\/edu72011\/wp-json\/wp\/v2\/pages"}],"about":[{"href":"https:\/\/webmaibinh.com\/w\/edu72011\/wp-json\/wp\/v2\/types\/page"}],"author":[{"embeddable":true,"href":"https:\/\/webmaibinh.com\/w\/edu72011\/wp-json\/wp\/v2\/users\/1"}],"replies":[{"embeddable":true,"href":"https:\/\/webmaibinh.com\/w\/edu72011\/wp-json\/wp\/v2\/comments?post=55"}],"version-history":[{"count":0,"href":"https:\/\/webmaibinh.com\/w\/edu72011\/wp-json\/wp\/v2\/pages\/55\/revisions"}],"wp:attachment":[{"href":"https:\/\/webmaibinh.com\/w\/edu72011\/wp-json\/wp\/v2\/media?parent=55"}],"curies":[{"name":"wp","href":"https:\/\/api.w.org\/{rel}","templated":true}]}}