{"id":1180,"date":"2019-06-14T10:38:08","date_gmt":"2019-06-14T03:38:08","guid":{"rendered":"https:\/\/edu5.khowebseotop.vn\/?page_id=1180"},"modified":"2019-06-16T00:07:51","modified_gmt":"2019-06-15T17:07:51","slug":"giang-vien","status":"publish","type":"page","link":"https:\/\/webmaibinh.com\/w\/edu62011\/giang-vien\/","title":{"rendered":"Gi\u1ea3ng vi\u00ean"},"content":{"rendered":"<p>Lorem ipsum dolor sit amet, consectetuer adipiscing elit, sed diam nonummy nibh euismod tincidunt ut laoreet dolore magna aliquam erat volutpat.<\/p>\n<div class=\"row row-small\"  id=\"row-583138809\">\n\n\t<div class=\"col medium-3 small-6 large-3\"  >\n\t\t<div class=\"col-inner\"  >\n\t\t\t\n\t\t\t\n    <div class=\"box has-hover has-hover box-text-bottom\" >\n\n         <a href=\"\/giang-vien\/trinh-thi-hang\/\"  >         <div class=\"box-image \" style=\"width:65%;\">\n           <div class=\"box-image-inner image-cover\" style=\"border-radius:100%;padding-top:100%;\">\n              <img width=\"81\" height=\"84\" src=\"https:\/\/webmaibinh.com\/w\/edu62011\/wp-content\/uploads\/2019\/06\/Untitled_4_81x84.png\" class=\"attachment-original size-original\" alt=\"\" loading=\"lazy\" \/>                         <\/div>\n          <\/div>\n         <\/a>\n          <div class=\"box-text text-center\" >\n                <div class=\"box-text-inner\">\n                  <h4 class=\"uppercase\">\n                    <span class=\"person-name\">Tr\u1ecbnh Th\u1ecb H\u1eb1ng<\/span><br\/>\n                    <span class=\"person-title is-small thin-font op-7\">\n                      Gi\u1ea3ng vi\u00ean tr\u01b0\u1eddng \u0110\u1ea1i h\u1ecdc S\u01b0 ph\u1ea1m ngh\u1ec7 thu\u1eadt TRung \u01b0\u01a1ng                    <\/span>\n                  <\/h4>\n                 <div class=\"social-icons follow-icons\" ><a href=\"#\" target=\"_blank\" data-label=\"Facebook\"  rel=\"noopener noreferrer nofollow\" class=\"icon primary button circle facebook tooltip\" title=\"Follow on Facebook\"><i class=\"icon-facebook\" ><\/i><\/a><a href=\"mailto:#\" data-label=\"E-mail\"  rel=\"nofollow\" class=\"icon primary button circle  email tooltip\" title=\"Send us an email\"><i class=\"icon-envelop\" ><\/i><\/a><a href=\"#\" target=\"_blank\" rel=\"noopener noreferrer nofollow\" data-label=\"YouTube\" class=\"icon primary button circle  youtube tooltip\" title=\"Follow on YouTube\"><i class=\"icon-youtube\" ><\/i><\/a><\/div>                 \n                <\/div>\n          <\/div>\n    <\/div>\n\n    \n    \n\t\t<\/div>\n\t<\/div>\n\n\t\n\n\t<div class=\"col medium-3 small-6 large-3\"  >\n\t\t<div class=\"col-inner\"  >\n\t\t\t\n\t\t\t\n    <div class=\"box has-hover has-hover box-text-bottom\" >\n\n         <a href=\"\/giang-vien\/trinh-thi-hang\/\" target=\"_blank\" rel=\"noopener noreferrer\" >         <div class=\"box-image \" style=\"width:65%;\">\n           <div class=\"box-image-inner image-cover\" style=\"border-radius:100%;padding-top:100%;\">\n              <img width=\"81\" height=\"84\" src=\"https:\/\/webmaibinh.com\/w\/edu62011\/wp-content\/uploads\/2019\/06\/Untitled_2_81x84.png\" class=\"attachment- size-\" alt=\"\" loading=\"lazy\" \/>                         <\/div>\n          <\/div>\n         <\/a>\n          <div class=\"box-text text-center\" >\n                <div class=\"box-text-inner\">\n                  <h4 class=\"uppercase\">\n                    <span class=\"person-name\">Tr\u1ecbnh Thu B\u00ecnh<\/span><br\/>\n                    <span class=\"person-title is-small thin-font op-7\">\n                      CEO Ng\u00e2n h\u00e0ng Vietcombank T\u00e2y H\u00e0 N\u1ed9i                    <\/span>\n                  <\/h4>\n                 <div class=\"social-icons follow-icons\" ><a href=\"#\" target=\"_blank\" data-label=\"Facebook\"  rel=\"noopener noreferrer nofollow\" class=\"icon primary button circle facebook tooltip\" title=\"Follow on Facebook\"><i class=\"icon-facebook\" ><\/i><\/a><a href=\"mailto:#\" data-label=\"E-mail\"  rel=\"nofollow\" class=\"icon primary button circle  email tooltip\" title=\"Send us an email\"><i class=\"icon-envelop\" ><\/i><\/a><a href=\"#\" target=\"_blank\" rel=\"noopener noreferrer nofollow\" data-label=\"YouTube\" class=\"icon primary button circle  youtube tooltip\" title=\"Follow on YouTube\"><i class=\"icon-youtube\" ><\/i><\/a><\/div>                 \n                <\/div>\n          <\/div>\n    <\/div>\n\n    \n    \n\t\t<\/div>\n\t<\/div>\n\n\t\n\n\t<div class=\"col medium-3 small-6 large-3\"  >\n\t\t<div class=\"col-inner\"  >\n\t\t\t\n\t\t\t\n    <div class=\"box has-hover has-hover box-text-bottom\" >\n\n         <a href=\"\/giang-vien\/trinh-thi-hang\/\" target=\"_blank\" rel=\"noopener noreferrer\" >         <div class=\"box-image \" style=\"width:65%;\">\n           <div class=\"box-image-inner image-cover\" style=\"border-radius:100%;padding-top:100%;\">\n              <img width=\"102\" height=\"102\" src=\"https:\/\/webmaibinh.com\/w\/edu62011\/wp-content\/uploads\/2019\/06\/timthumb-2.jpg\" class=\"attachment- size-\" alt=\"\" loading=\"lazy\" \/>                         <\/div>\n          <\/div>\n         <\/a>\n          <div class=\"box-text text-center\" >\n                <div class=\"box-text-inner\">\n                  <h4 class=\"uppercase\">\n                    <span class=\"person-name\">Nguy\u1ec5n Quang Tu\u1ea5n<\/span><br\/>\n                    <span class=\"person-title is-small thin-font op-7\">\n                      Tr\u01b0\u1edfng ph\u00f2ng k\u1ebf to\u00e1n Ng\u00e2n h\u00e0ng TMCP Vietcombank                    <\/span>\n                  <\/h4>\n                 <div class=\"social-icons follow-icons\" ><a href=\"#\" target=\"_blank\" data-label=\"Facebook\"  rel=\"noopener noreferrer nofollow\" class=\"icon primary button circle facebook tooltip\" title=\"Follow on Facebook\"><i class=\"icon-facebook\" ><\/i><\/a><a href=\"mailto:#\" data-label=\"E-mail\"  rel=\"nofollow\" class=\"icon primary button circle  email tooltip\" title=\"Send us an email\"><i class=\"icon-envelop\" ><\/i><\/a><a href=\"#\" target=\"_blank\" rel=\"noopener noreferrer nofollow\" data-label=\"YouTube\" class=\"icon primary button circle  youtube tooltip\" title=\"Follow on YouTube\"><i class=\"icon-youtube\" ><\/i><\/a><\/div>                 \n                <\/div>\n          <\/div>\n    <\/div>\n\n    \n    \n\t\t<\/div>\n\t<\/div>\n\n\t\n\n\t<div class=\"col medium-3 small-6 large-3\"  >\n\t\t<div class=\"col-inner\"  >\n\t\t\t\n\t\t\t\n    <div class=\"box has-hover has-hover box-text-bottom\" >\n\n         <a href=\"\/giang-vien\/trinh-thi-hang\/\" target=\"_blank\" rel=\"noopener noreferrer\" >         <div class=\"box-image \" style=\"width:65%;\">\n           <div class=\"box-image-inner image-cover\" style=\"border-radius:100%;padding-top:100%;\">\n              <img width=\"102\" height=\"102\" src=\"https:\/\/webmaibinh.com\/w\/edu62011\/wp-content\/uploads\/2019\/06\/timthumb-3.jpg\" class=\"attachment- size-\" alt=\"\" loading=\"lazy\" \/>                         <\/div>\n          <\/div>\n         <\/a>\n          <div class=\"box-text text-center\" >\n                <div class=\"box-text-inner\">\n                  <h4 class=\"uppercase\">\n                    <span class=\"person-name\">Nguy\u1ec5n Ng\u1ecdc Oanh<\/span><br\/>\n                    <span class=\"person-title is-small thin-font op-7\">\n                      CEO Ng\u00e2n h\u00e0ng Vietcombank T\u00e2y H\u00e0 N\u1ed9i                    <\/span>\n                  <\/h4>\n                 <div class=\"social-icons follow-icons\" ><a href=\"#\" target=\"_blank\" data-label=\"Facebook\"  rel=\"noopener noreferrer nofollow\" class=\"icon primary button circle facebook tooltip\" title=\"Follow on Facebook\"><i class=\"icon-facebook\" ><\/i><\/a><a href=\"mailto:#\" data-label=\"E-mail\"  rel=\"nofollow\" class=\"icon primary button circle  email tooltip\" title=\"Send us an email\"><i class=\"icon-envelop\" ><\/i><\/a><a href=\"#\" target=\"_blank\" rel=\"noopener noreferrer nofollow\" data-label=\"YouTube\" class=\"icon primary button circle  youtube tooltip\" title=\"Follow on YouTube\"><i class=\"icon-youtube\" ><\/i><\/a><\/div>                 \n                <\/div>\n          <\/div>\n    <\/div>\n\n    \n    \n\t\t<\/div>\n\t<\/div>\n\n\t\n\n<style scope=\"scope\">\n\n<\/style>\n<\/div>\n","protected":false},"excerpt":{"rendered":"<p>Lorem ipsum dolor sit amet, consectetuer adipiscing elit, sed diam nonummy nibh euismod tincidunt ut laoreet dolore magna aliquam erat volutpat.<\/p>\n","protected":false},"author":3,"featured_media":0,"parent":0,"menu_order":0,"comment_status":"closed","ping_status":"closed","template":"page-right-sidebar.php","meta":[],"_links":{"self":[{"href":"https:\/\/webmaibinh.com\/w\/edu62011\/wp-json\/wp\/v2\/pages\/1180"}],"collection":[{"href":"https:\/\/webmaibinh.com\/w\/edu62011\/wp-json\/wp\/v2\/pages"}],"about":[{"href":"https:\/\/webmaibinh.com\/w\/edu62011\/wp-json\/wp\/v2\/types\/page"}],"author":[{"embeddable":true,"href":"https:\/\/webmaibinh.com\/w\/edu62011\/wp-json\/wp\/v2\/users\/3"}],"replies":[{"embeddable":true,"href":"https:\/\/webmaibinh.com\/w\/edu62011\/wp-json\/wp\/v2\/comments?post=1180"}],"version-history":[{"count":0,"href":"https:\/\/webmaibinh.com\/w\/edu62011\/wp-json\/wp\/v2\/pages\/1180\/revisions"}],"wp:attachment":[{"href":"https:\/\/webmaibinh.com\/w\/edu62011\/wp-json\/wp\/v2\/media?parent=1180"}],"curies":[{"name":"wp","href":"https:\/\/api.w.org\/{rel}","templated":true}]}}