{"id":105,"date":"2019-03-12T08:25:42","date_gmt":"2019-03-12T08:25:42","guid":{"rendered":"https:\/\/edu4.khowebseotop.vn\/?post_type=product&#038;p=105"},"modified":"2019-03-12T08:25:42","modified_gmt":"2019-03-12T08:25:42","slug":"tieng-anh-tre-em","status":"publish","type":"product","link":"https:\/\/webmaibinh.com\/w\/edu52011\/san-pham\/tieng-anh-tre-em\/","title":{"rendered":"Ti\u1ebfng Anh tr\u1ebb em"},"content":{"rendered":"<ul>\n<li>Kh\u00f3a h\u1ecdc Ti\u1ebfng Anh Thi\u1ebfu Nhi nh\u1eb1m n\u00e2ng cao v\u00e0 ph\u00e1t tri\u1ec3n t\u1ea5t c\u1ea3 c\u00e1c k\u1ef9 n\u0103ng v\u1ec1 Nghe, N\u00f3i, \u0110\u1ecdc, Vi\u1ebft, Ng\u1eef Ph\u00e1p, T\u1eeb v\u1ef1ng v\u00e0 Ph\u00e1t \u00e2m. C\u00e1c l\u1edbp h\u1ecdc \u0111\u01b0\u1ee3c s\u1eafp x\u1ebfp d\u1ef1a tr\u00ean tr\u00ecnh \u0111\u1ed9 \u0111\u1ea7u v\u00e0o v\u00e0 nguy\u1ec7n v\u1ecdng c\u1ee7a h\u1ecdc vi\u00ean.<\/li>\n<li>C\u00e1c kh\u00f3a Ti\u1ebfng Anh tr\u1ebb em v\u1edbi \u01b0u \u0111i\u1ec3m v\u01b0\u1ee3t tr\u1ed9i:\n<ul>\n<li>Gi\u00e1o vi\u00ean l\u1edbp thi\u1ebfu nhi \u0111\u01b0\u1ee3c \u0111\u00e0o t\u1ea1o chuy\u00ean nghi\u1ec7p v\u00e0 c\u00f3 kinh nghi\u1ec7m trong vi\u1ec7c qu\u1ea3n l\u00fd thi\u1ebfu nhi.<\/li>\n<li>C\u00e1c em c\u00f3 c\u01a1 h\u1ed9i giao ti\u1ebfp v\u1edbi c\u00e1c b\u1ea1n h\u1ecdc vi\u00ean t\u1eeb c\u00e1c n\u01b0\u1edbc kh\u00e1c gi\u00fap t\u0103ng k\u1ef9 n\u0103ng giao ti\u1ebfp trong c\u1ed9ng \u0111\u1ed3ng, x\u00e2y d\u1ef1ng nh\u1eefng t\u00ednh c\u00e1ch t\u1ef1 tin, \u0111\u1ed9c l\u1eadp cho tr\u1ebb.<\/li>\n<\/ul>\n<\/li>\n<\/ul>\n<ul>\n<li>\u0110i\u1ec1u ki\u1ec7n nh\u1eadp h\u1ecdc:\n<ul>\n<li>T\u1eeb 7 \u0111\u1ebfn 17 tu\u1ed5i tr\u1edf l\u00ean (h\u1ecdc vi\u00ean d\u01b0\u1edbi 14 tu\u1ed5i y\u00eau c\u1ea7u c\u00f3 ng\u01b0\u1eddi b\u1ea3o h\u1ed9 \u0111i c\u00f9ng)<\/li>\n<li>Tr\u00ecnh \u0111\u1ed9 \u0111\u1ea7u v\u00e0o tr\u00ean 301 (theo tr\u00ecnh \u0111\u1ed9 thi\u1ebfu nhi)<\/li>\n<\/ul>\n<\/li>\n<\/ul>\n<ul>\n<li>Th\u1eddi gian \u0111\u0103ng k\u00fd h\u1ecdc: t\u1ed1i thi\u1ec3u 4 tu\u1ea7n.<\/li>\n<\/ul>\n","protected":false},"excerpt":{"rendered":"<p>Kh\u00f3a h\u1ecdc Ti\u1ebfng Anh Thi\u1ebfu Nhi nh\u1eb1m n\u00e2ng cao v\u00e0 ph\u00e1t tri\u1ec3n t\u1ea5t c\u1ea3 c\u00e1c k\u1ef9 n\u0103ng v\u1ec1 Nghe, N\u00f3i, \u0110\u1ecdc, Vi\u1ebft, Ng\u1eef Ph\u00e1p, T\u1eeb v\u1ef1ng v\u00e0 Ph\u00e1t \u00e2m. C\u00e1c l\u1edbp h\u1ecdc \u0111\u01b0\u1ee3c s\u1eafp x\u1ebfp d\u1ef1a tr\u00ean tr\u00ecnh \u0111\u1ed9 \u0111\u1ea7u v\u00e0o v\u00e0 nguy\u1ec7n<\/p>\n<p>&nbsp;<\/p>\n","protected":false},"featured_media":106,"comment_status":"open","ping_status":"closed","template":"","meta":[],"_links":{"self":[{"href":"https:\/\/webmaibinh.com\/w\/edu52011\/wp-json\/wp\/v2\/product\/105"}],"collection":[{"href":"https:\/\/webmaibinh.com\/w\/edu52011\/wp-json\/wp\/v2\/product"}],"about":[{"href":"https:\/\/webmaibinh.com\/w\/edu52011\/wp-json\/wp\/v2\/types\/product"}],"replies":[{"embeddable":true,"href":"https:\/\/webmaibinh.com\/w\/edu52011\/wp-json\/wp\/v2\/comments?post=105"}],"wp:featuredmedia":[{"embeddable":true,"href":"https:\/\/webmaibinh.com\/w\/edu52011\/wp-json\/wp\/v2\/media\/106"}],"wp:attachment":[{"href":"https:\/\/webmaibinh.com\/w\/edu52011\/wp-json\/wp\/v2\/media?parent=105"}],"curies":[{"name":"wp","href":"https:\/\/api.w.org\/{rel}","templated":true}]}}