{"id":103,"date":"2019-03-12T08:24:54","date_gmt":"2019-03-12T08:24:54","guid":{"rendered":"https:\/\/edu4.khowebseotop.vn\/?post_type=product&#038;p=103"},"modified":"2019-03-12T08:24:55","modified_gmt":"2019-03-12T08:24:55","slug":"luyen-thi-ielts","status":"publish","type":"product","link":"https:\/\/webmaibinh.com\/w\/edu52011\/san-pham\/luyen-thi-ielts\/","title":{"rendered":"Luy\u1ec7n thi IELTS"},"content":{"rendered":"<p>IELTS (International English Language Testing System) la\u0300 H\u00ea\u0323 th\u00f4\u0301ng ki\u00ea\u0309m tra ti\u00ea\u0301ng Anh qu\u00f4\u0301c t\u00ea\u0301 nh\u0103\u0300m \u0111a\u0301nh gia\u0301 tr\u00ecnh \u0111\u00f4\u0323 th\u00f4ng tha\u0323o trong s\u01b0\u0309 du\u0323ng ti\u00ea\u0301ng Anh cu\u0309a thi\u0301 sinh tr\u00ean toa\u0300n c\u00e2\u0300u d\u00e0nh cho nh\u1eefng h\u1ecdc vi\u00ean mu\u1ed1n h\u1ecdc t\u1eadp, l\u00e0m vi\u1ec7c hay \u0111\u1ecbnh c\u01b0 \u1edf c\u00e1c n\u01b0\u1edbc ph\u00e1t tri\u1ec3n nh\u01b0 M\u1ef9, Canada, Anh, \u00dac, New Zealand, \u2026<\/p>\n<p>\u0110\u00e2y l\u00e0 ch\u1ee9ng nh\u1eadn \u0111\u00e1nh gi\u00e1 chu\u1ea9n x\u00e1c nh\u1ea5t v\u1ec1 kh\u1ea3 n\u0103ng s\u1eed d\u1ee5ng anh ng\u1eef c\u1ee7a ng\u01b0\u1eddi h\u1ecdc v\u00e0 c\u0169ng l\u00e0 m\u1ed9t ph\u1ea7n quan tr\u1ecdng g\u00f3p ph\u1ea7n v\u00e0o vi\u1ec7c \u0111\u00e1nh gi\u00e1 kh\u1ea3 n\u0103ng h\u1ecdc t\u1eadp hi\u1ec7u qu\u1ea3 c\u1ee7a du h\u1ecdc sinh sau n\u00e0y. IELTS th\u00edch h\u1ee3p cho t\u1ea5t c\u1ea3 c\u00e1c \u1ee9ng vi\u00ean chu\u1ea9n b\u1ecb \u0111\u1ebfn\u00a0 c\u00e1c n\u01b0\u1edbc s\u1eed d\u1ee5ng ti\u1ebfng Anh l\u00e0m ng\u00f4n ng\u1eef ch\u00ednh th\u1ee9c.<\/p>\n<p><strong>\u0110i\u1ec3m n\u1ed5i b\u1eadt:<\/strong><\/p>\n<ul>\n<li>M\u1eadt \u0111\u1ed9 ti\u1ebft\u00a0h\u1ecdc d\u00e0y \u0111\u1eb7c h\u00e0ng ng\u00e0y h\u01a1n 10 ti\u1ebfng ph\u00f9 h\u1ee3p v\u1edbi vi\u1ec7c luy\u1ec7n thi ch\u1ee9ng ch\u1ec9 qu\u1ed1c t\u1ebf<\/li>\n<li>Ch\u01b0\u01a1ng tr\u00ecnh h\u1ecdc 1on1 \u0111\u01b0\u1ee3c thi\u1ebft k\u1ebf ph\u00f9 h\u1ee3p v\u1edbi tr\u00ecnh \u0111\u1ed9 c\u1ee7a t\u1eebng h\u1ecdc vi\u00ean, t\u1eadp trung c\u1ea3i thi\u1ec7n \u0111\u00fang k\u1ef9 n\u0103ng v\u00e0 n\u1ed9i dung m\u00e0 h\u1ecdc vi\u00ean c\u00f2n y\u1ebfu.<\/li>\n<li>\u0110\u01b0\u1ee3c \u01b0\u1edbng d\u1eabn tr\u1ef1c ti\u1ebfp b\u1edfi nh\u1eefng gi\u00e1o vi\u00ean b\u1ea3n ng\u1eef nhi\u1ec1u kinh nghi\u1ec7m trong luy\u1ec7n thi IELTS<\/li>\n<li>Quy \u0111\u1ecbnh k\u1ec9 lu\u1eadt cao \u1edf tr\u01b0\u1eddng h\u1ecdc gi\u00fap h\u1ecdc vi\u00ean ph\u1ea3i duy tr\u00ec t\u1ef7 l\u1ec7 \u0111\u1ebfn l\u1edbp tr\u00ean 90%, ph\u1ea3i thu\u1ed9c b\u00e0i c\u0169 n\u1ebfu kh\u00f4ng,\u2026 gi\u00fap h\u1ecdc vi\u00ean d\u1ec5 d\u00e0ng \u0111\u1ea1t \u0111\u01b0\u1ee3c \u0111i\u1ec3m s\u1ed1 nh\u01b0 m\u1ee5c ti\u00eau trong th\u1eddi gian d\u1ef1 ki\u1ebfn.<\/li>\n<\/ul>\n<p>C\u00e1c kh\u00f3a h\u1ecdc IELTS \u1edf Philippines \u0111\u01b0\u1ee3c thi\u1ebft k\u1ebf theo chu\u1ea9n qu\u1ed1c t\u1ebf c\u00f3 t\u00ednh t\u01b0\u01a1ng t\u00e1c r\u1ea5t cao v\u1edbi vi\u1ec7c h\u00ecnh th\u00e0nh nh\u1eefng l\u1edbp h\u1ecdc ph\u00f9 h\u1ee3p d\u00e0nh cho h\u1ecdc vi\u00ean \u1edf m\u1ecdi tr\u00ecnh \u0111\u1ed9. Ngo\u00e0i c\u00e1c l\u1edbp IELTS giao ti\u1ebfp th\u00f4ng th\u01b0\u1eddng, IELTS kinh doanh \u2013 l\u00e0 l\u1edbp h\u1ecdc r\u1ea5t ph\u00f9 h\u1ee3p d\u00e0nh cho ng\u01b0\u1eddi \u0111\u00e3 \u0111i l\u00e0m, th\u00ec c\u00f2n c\u00f3 l\u1edbp IELTS b\u1ea3o \u0111\u1ea3m \u0111i\u1ec3m s\u1ed1 \u0111\u1ea7u ra d\u00e0nh cho t\u1ea5t c\u1ea3 c\u00e1c b\u1ea1n h\u1ecdc vi\u00ean.<\/p>\n<p><strong>\u0110i\u1ec1u ki\u1ec7n nh\u1eadp h\u1ecdc:<\/strong><\/p>\n<p>+ PRE-IELTS: tr\u00ecnh \u0111\u1ed9 c\u0103n b\u1ea3n (IELTS 2.0)<\/p>\n<p>+ IELTS: ti\u1ec1n trung c\u1ea5p (IELTS 4.0)<\/p>\n<p>Th\u1eddi gian h\u1ecdc : t\u1ed1i thi\u1ec3u 4 tu\u1ea7n<\/p>\n<p>&nbsp;<\/p>\n","protected":false},"excerpt":{"rendered":"<p>Kh\u00f3a h\u1ecdc d\u00e0nh cho c\u00e1c b\u1ea1n h\u1ecdc vi\u00ean mu\u1ed1n \u0111\u1ea1t \u0111\u01b0\u1ee3c ch\u1ee9ng ch\u1ec9 IELTS c\u00f3 gi\u00e1 tr\u1ecb qu\u1ed1c t\u1ebf \u0111\u1ec3 theo h\u1ecdc t\u1ea1i c\u00e1c tr\u01b0\u1eddng \u0111\u1ea1i h\u1ecdc, \u0111i l\u00e0m vi\u1ec7c ho\u1eb7c \u0111\u1ecbnh c\u01b0 \u1edf n\u01b0\u1edbc ngo\u00e0i.<\/p>\n<p>&nbsp;<\/p>\n","protected":false},"featured_media":104,"comment_status":"open","ping_status":"closed","template":"","meta":[],"_links":{"self":[{"href":"https:\/\/webmaibinh.com\/w\/edu52011\/wp-json\/wp\/v2\/product\/103"}],"collection":[{"href":"https:\/\/webmaibinh.com\/w\/edu52011\/wp-json\/wp\/v2\/product"}],"about":[{"href":"https:\/\/webmaibinh.com\/w\/edu52011\/wp-json\/wp\/v2\/types\/product"}],"replies":[{"embeddable":true,"href":"https:\/\/webmaibinh.com\/w\/edu52011\/wp-json\/wp\/v2\/comments?post=103"}],"wp:featuredmedia":[{"embeddable":true,"href":"https:\/\/webmaibinh.com\/w\/edu52011\/wp-json\/wp\/v2\/media\/104"}],"wp:attachment":[{"href":"https:\/\/webmaibinh.com\/w\/edu52011\/wp-json\/wp\/v2\/media?parent=103"}],"curies":[{"name":"wp","href":"https:\/\/api.w.org\/{rel}","templated":true}]}}