{"id":223,"date":"2019-03-13T02:07:46","date_gmt":"2019-03-13T02:07:46","guid":{"rendered":"https:\/\/edu4.khowebseotop.vn\/?page_id=223"},"modified":"2019-09-22T16:18:55","modified_gmt":"2019-09-22T09:18:55","slug":"lien-he","status":"publish","type":"page","link":"https:\/\/webmaibinh.com\/w\/edu52011\/lien-he\/","title":{"rendered":"Li\u00ean h\u1ec7"},"content":{"rendered":"\n\t<section class=\"section\" id=\"section_197311944\">\n\t\t<div class=\"bg section-bg fill bg-fill  bg-loaded\" >\n\n\t\t\t\n\t\t\t\n\t\t\t\n\n\t\t<\/div>\n\n\t\t<div class=\"section-content relative\">\n\t\t\t\n\n\t<div class=\"img has-hover x md-x lg-x y md-y lg-y\" id=\"image_666479834\">\n\t\t\t\t\t\t\t\t<div class=\"img-inner image-cover dark\" style=\"padding-top:350px;\">\n\t\t\t<img width=\"1020\" height=\"351\" src=\"https:\/\/webmaibinh.com\/w\/edu52011\/wp-content\/uploads\/2019\/03\/11-1400x482.jpg\" class=\"attachment-large size-large\" alt=\"\" loading=\"lazy\" srcset=\"https:\/\/webmaibinh.com\/w\/edu52011\/wp-content\/uploads\/2019\/03\/11-1400x482.jpg 1400w, https:\/\/webmaibinh.com\/w\/edu52011\/wp-content\/uploads\/2019\/03\/11-510x176.jpg 510w, https:\/\/webmaibinh.com\/w\/edu52011\/wp-content\/uploads\/2019\/03\/11-800x275.jpg 800w, https:\/\/webmaibinh.com\/w\/edu52011\/wp-content\/uploads\/2019\/03\/11-768x264.jpg 768w, https:\/\/webmaibinh.com\/w\/edu52011\/wp-content\/uploads\/2019\/03\/11.jpg 1920w\" sizes=\"(max-width: 1020px) 100vw, 1020px\" \/>\t\t\t\t\t\t\t<div class=\"overlay\" style=\"background-color: rgba(0, 0, 0, 0.77)\"><\/div>\n\t\t\t\t\t\t\n\t\t\t\t\t<\/div>\n\t\t\t\t\t\t\t\t\n<style scope=\"scope\">\n\n#image_666479834 {\n  width: 100%;\n}\n<\/style>\n\t<\/div>\n\t\n\n\n\t\t<\/div>\n\n\t\t\n<style scope=\"scope\">\n\n#section_197311944 {\n  padding-top: 0px;\n  padding-bottom: 0px;\n}\n<\/style>\n\t<\/section>\n\t\n\t<section class=\"section\" id=\"section_1484583555\">\n\t\t<div class=\"bg section-bg fill bg-fill  bg-loaded\" >\n\n\t\t\t\n\t\t\t\n\t\t\t\n\n\t\t<\/div>\n\n\t\t<div class=\"section-content relative\">\n\t\t\t\n\n<div class=\"row\"  id=\"row-596389924\">\n\n\n\t<div class=\"col medium-9 small-12 large-9\"  >\n\t\t<div class=\"col-inner\"  >\n\t\t\t\n\t\t\t\n\n<iframe src=\"https:\/\/www.google.com\/maps\/embed?pb=!1m18!1m12!1m3!1d3918.8951647747363!2d106.63615131462117!3d10.819334261359117!2m3!1f0!2f0!3f0!3m2!1i1024!2i768!4f13.1!3m3!1m2!1s0x317529667c77fcdd%3A0x39f60dd29f004faf!2zMi84NSBQaOG6oW0gVsSDbiBC4bqhY2gsIFBoxrDhu51uZyAxNSwgVMOibiBCw6xuaCwgSOG7kyBDaMOtIE1pbmgsIFZp4buHdCBOYW0!5e0!3m2!1svi!2s!4v1568732176587!5m2!1svi!2s\" width=\"100%\" height=\"400\" frameborder=\"0\" style=\"border:0;\" allowfullscreen=\"\"><\/iframe>\n<div role=\"form\" class=\"wpcf7\" id=\"wpcf7-f5-o1\" lang=\"vi\" dir=\"ltr\">\n<div class=\"screen-reader-response\"><p role=\"status\" aria-live=\"polite\" aria-atomic=\"true\"><\/p> <ul><\/ul><\/div>\n<form action=\"\/w\/edu52011\/wp-json\/wp\/v2\/pages\/223#wpcf7-f5-o1\" method=\"post\" class=\"wpcf7-form init\" novalidate=\"novalidate\" data-status=\"init\">\n<div style=\"display: none;\">\n<input type=\"hidden\" name=\"_wpcf7\" value=\"5\" \/>\n<input type=\"hidden\" name=\"_wpcf7_version\" value=\"5.3\" \/>\n<input type=\"hidden\" name=\"_wpcf7_locale\" value=\"vi\" \/>\n<input type=\"hidden\" name=\"_wpcf7_unit_tag\" value=\"wpcf7-f5-o1\" \/>\n<input type=\"hidden\" name=\"_wpcf7_container_post\" value=\"0\" \/>\n<input type=\"hidden\" name=\"_wpcf7_posted_data_hash\" value=\"\" \/>\n<\/div>\n<div class=\"row row-lien-he\">\n<div class=\"large-6\">\n<label> H\u1ecd t\u00ean:*<br \/>\n    <span class=\"wpcf7-form-control-wrap your-name\"><input type=\"text\" name=\"your-name\" value=\"\" size=\"40\" class=\"wpcf7-form-control wpcf7-text wpcf7-validates-as-required\" aria-required=\"true\" aria-invalid=\"false\" \/><\/span> <\/label><\/p>\n<p><label>Email:*<br \/>\n    <span class=\"wpcf7-form-control-wrap your-email\"><input type=\"email\" name=\"your-email\" value=\"\" size=\"40\" class=\"wpcf7-form-control wpcf7-text wpcf7-email wpcf7-validates-as-required wpcf7-validates-as-email\" aria-required=\"true\" aria-invalid=\"false\" \/><\/span> <\/label><\/p>\n<p><label>\u0110i\u1ec7n tho\u1ea1i<br \/>\n    <span class=\"wpcf7-form-control-wrap your-phone\"><input type=\"tel\" name=\"your-phone\" value=\"\" size=\"40\" class=\"wpcf7-form-control wpcf7-text wpcf7-tel wpcf7-validates-as-required wpcf7-validates-as-tel\" aria-required=\"true\" aria-invalid=\"false\" \/><\/span> <\/label><br \/>\n<label>\u0110\u1ecba ch\u1ec9<br \/>\n    <span class=\"wpcf7-form-control-wrap your-address\"><input type=\"tel\" name=\"your-address\" value=\"\" size=\"40\" class=\"wpcf7-form-control wpcf7-text wpcf7-tel wpcf7-validates-as-required wpcf7-validates-as-tel\" aria-required=\"true\" aria-invalid=\"false\" \/><\/span> <\/label>\n<\/div>\n<div class=\"large-6\">\n<label> N\u1ed9i dung<br \/>\n    <span class=\"wpcf7-form-control-wrap your-message\"><textarea name=\"your-message\" cols=\"40\" rows=\"10\" class=\"wpcf7-form-control wpcf7-textarea\" aria-invalid=\"false\"><\/textarea><\/span> <\/label>\n<\/div>\n<div class=\"large-12 div-nut-gui\">\n<input type=\"submit\" value=\"Send\" class=\"wpcf7-form-control wpcf7-submit\" \/><\/div>\n<\/div>\n<div class=\"wpcf7-response-output\" aria-hidden=\"true\"><\/div><\/form><\/div>\n\n\n\t\t<\/div>\n\t<\/div>\n\n\t\n\n\t<div class=\"col medium-3 small-12 large-3\"  >\n\t\t<div class=\"col-inner\"  >\n\t\t\t\n\t\t\t\n\n<ul class=\"sidebar-wrapper ul-reset\"><aside id=\"woocommerce_products-2\" class=\"widget woocommerce widget_products\"><span class=\"widget-title \"><span>Danh s\u00e1ch kh\u00f3a h\u1ecdc<\/span><\/span><div class=\"is-divider small\"><\/div><ul class=\"product_list_widget\"><li>\n\t\n\t<a href=\"https:\/\/webmaibinh.com\/w\/edu52011\/san-pham\/tieng-anh-tre-em\/\">\n\t\t<img width=\"100\" height=\"100\" src=\"https:\/\/webmaibinh.com\/w\/edu52011\/wp-content\/uploads\/2019\/03\/4-100x100.jpg\" class=\"attachment-woocommerce_gallery_thumbnail size-woocommerce_gallery_thumbnail\" alt=\"\" loading=\"lazy\" srcset=\"https:\/\/webmaibinh.com\/w\/edu52011\/wp-content\/uploads\/2019\/03\/4-100x100.jpg 100w, https:\/\/webmaibinh.com\/w\/edu52011\/wp-content\/uploads\/2019\/03\/4-280x280.jpg 280w\" sizes=\"(max-width: 100px) 100vw, 100px\" \/>\t\t<span class=\"product-title\">Ti\u1ebfng Anh tr\u1ebb em<\/span>\n\t<\/a>\n\n\t\t\t\t\n\t\n\t<\/li>\n<li>\n\t\n\t<a href=\"https:\/\/webmaibinh.com\/w\/edu52011\/san-pham\/luyen-thi-ielts\/\">\n\t\t<img width=\"100\" height=\"100\" src=\"https:\/\/webmaibinh.com\/w\/edu52011\/wp-content\/uploads\/2019\/03\/5-100x100.jpg\" class=\"attachment-woocommerce_gallery_thumbnail size-woocommerce_gallery_thumbnail\" alt=\"\" loading=\"lazy\" srcset=\"https:\/\/webmaibinh.com\/w\/edu52011\/wp-content\/uploads\/2019\/03\/5-100x100.jpg 100w, https:\/\/webmaibinh.com\/w\/edu52011\/wp-content\/uploads\/2019\/03\/5-280x280.jpg 280w\" sizes=\"(max-width: 100px) 100vw, 100px\" \/>\t\t<span class=\"product-title\">Luy\u1ec7n thi IELTS<\/span>\n\t<\/a>\n\n\t\t\t\t\n\t\n\t<\/li>\n<li>\n\t\n\t<a href=\"https:\/\/webmaibinh.com\/w\/edu52011\/san-pham\/luyen-thi-toeic\/\">\n\t\t<img width=\"100\" height=\"100\" src=\"https:\/\/webmaibinh.com\/w\/edu52011\/wp-content\/uploads\/2019\/03\/6-100x100.jpg\" class=\"attachment-woocommerce_gallery_thumbnail size-woocommerce_gallery_thumbnail\" alt=\"\" loading=\"lazy\" srcset=\"https:\/\/webmaibinh.com\/w\/edu52011\/wp-content\/uploads\/2019\/03\/6-100x100.jpg 100w, https:\/\/webmaibinh.com\/w\/edu52011\/wp-content\/uploads\/2019\/03\/6-280x280.jpg 280w\" sizes=\"(max-width: 100px) 100vw, 100px\" \/>\t\t<span class=\"product-title\">Luy\u1ec7n thi TOEIC<\/span>\n\t<\/a>\n\n\t\t\t\t\n\t\n\t<\/li>\n<li>\n\t\n\t<a href=\"https:\/\/webmaibinh.com\/w\/edu52011\/san-pham\/luyen-thi-toefl\/\">\n\t\t<img width=\"100\" height=\"100\" src=\"https:\/\/webmaibinh.com\/w\/edu52011\/wp-content\/uploads\/2019\/03\/7-100x100.jpg\" class=\"attachment-woocommerce_gallery_thumbnail size-woocommerce_gallery_thumbnail\" alt=\"\" loading=\"lazy\" srcset=\"https:\/\/webmaibinh.com\/w\/edu52011\/wp-content\/uploads\/2019\/03\/7-100x100.jpg 100w, https:\/\/webmaibinh.com\/w\/edu52011\/wp-content\/uploads\/2019\/03\/7-280x280.jpg 280w\" sizes=\"(max-width: 100px) 100vw, 100px\" \/>\t\t<span class=\"product-title\">Luy\u1ec7n thi TOEFL<\/span>\n\t<\/a>\n\n\t\t\t\t\n\t\n\t<\/li>\n<\/ul><\/aside>\t\t<aside id=\"flatsome_recent_posts-2\" class=\"widget flatsome_recent_posts\">\t\t<span class=\"widget-title \"><span>Tin t\u1ee9c m\u1edbi<\/span><\/span><div class=\"is-divider small\"><\/div>\t\t<ul>\t\t\n\t\t\n\t\t<li class=\"recent-blog-posts-li\">\n\t\t\t<div class=\"flex-row recent-blog-posts align-top pt-half pb-half\">\n\t\t\t\t<div class=\"flex-col mr-half\">\n\t\t\t\t\t<div class=\"badge post-date  badge-outline\">\n\t\t\t\t\t\t\t<div class=\"badge-inner bg-fill\" style=\"background: url(https:\/\/webmaibinh.com\/w\/edu52011\/wp-content\/uploads\/2019\/03\/cap-nhat-nhung-thong-tin-moi-nhat-ve-du-hoc-anh-2018-280x280.jpg); border:0;\">\n                                \t\t\t\t\t\t\t<\/div>\n\t\t\t\t\t<\/div>\n\t\t\t\t<\/div>\n\t\t\t\t<div class=\"flex-col flex-grow\">\n\t\t\t\t\t  <a href=\"https:\/\/webmaibinh.com\/w\/edu52011\/cac-chi-phi-khi-di-du-hoc-tieng-anh-tai-philippines-2\/\" title=\"C\u00e1c chi ph\u00ed khi \u0111i du h\u1ecdc ti\u1ebfng Anh t\u1ea1i Philippines\">C\u00e1c chi ph\u00ed khi \u0111i du h\u1ecdc ti\u1ebfng Anh t\u1ea1i Philippines<\/a>\n\t\t\t\t   \t  <span class=\"post_comments op-7 block is-xsmall\"><a href=\"https:\/\/webmaibinh.com\/w\/edu52011\/cac-chi-phi-khi-di-du-hoc-tieng-anh-tai-philippines-2\/#respond\"><\/a><\/span>\n\t\t\t\t<\/div>\n\t\t\t<\/div>\n\t\t<\/li>\n\t\t\n\t\t\n\t\t<li class=\"recent-blog-posts-li\">\n\t\t\t<div class=\"flex-row recent-blog-posts align-top pt-half pb-half\">\n\t\t\t\t<div class=\"flex-col mr-half\">\n\t\t\t\t\t<div class=\"badge post-date  badge-outline\">\n\t\t\t\t\t\t\t<div class=\"badge-inner bg-fill\" style=\"background: url(https:\/\/webmaibinh.com\/w\/edu52011\/wp-content\/uploads\/2019\/03\/cac-ban-sinh-vien-tai-Birmingham-280x280.jpg); border:0;\">\n                                \t\t\t\t\t\t\t<\/div>\n\t\t\t\t\t<\/div>\n\t\t\t\t<\/div>\n\t\t\t\t<div class=\"flex-col flex-grow\">\n\t\t\t\t\t  <a href=\"https:\/\/webmaibinh.com\/w\/edu52011\/cac-chi-phi-khi-di-du-hoc-tieng-anh-tai-philippines\/\" title=\"C\u00e1c chi ph\u00ed khi \u0111i du h\u1ecdc ti\u1ebfng Anh t\u1ea1i Philippines\">C\u00e1c chi ph\u00ed khi \u0111i du h\u1ecdc ti\u1ebfng Anh t\u1ea1i Philippines<\/a>\n\t\t\t\t   \t  <span class=\"post_comments op-7 block is-xsmall\"><a href=\"https:\/\/webmaibinh.com\/w\/edu52011\/cac-chi-phi-khi-di-du-hoc-tieng-anh-tai-philippines\/#respond\"><\/a><\/span>\n\t\t\t\t<\/div>\n\t\t\t<\/div>\n\t\t<\/li>\n\t\t\n\t\t\n\t\t<li class=\"recent-blog-posts-li\">\n\t\t\t<div class=\"flex-row recent-blog-posts align-top pt-half pb-half\">\n\t\t\t\t<div class=\"flex-col mr-half\">\n\t\t\t\t\t<div class=\"badge post-date  badge-outline\">\n\t\t\t\t\t\t\t<div class=\"badge-inner bg-fill\" style=\"background: url(https:\/\/webmaibinh.com\/w\/edu52011\/wp-content\/uploads\/2019\/03\/38-280x280.jpg); border:0;\">\n                                \t\t\t\t\t\t\t<\/div>\n\t\t\t\t\t<\/div>\n\t\t\t\t<\/div>\n\t\t\t\t<div class=\"flex-col flex-grow\">\n\t\t\t\t\t  <a href=\"https:\/\/webmaibinh.com\/w\/edu52011\/du-hoc-he-chia-khoa-giup-con-truong-thanh\/\" title=\"Du h\u1ecdc h\u00e8 &#8211; Ch\u00eca kh\u00f3a gi\u00fap con tr\u01b0\u1edfng th\u00e0nh\">Du h\u1ecdc h\u00e8 &#8211; Ch\u00eca kh\u00f3a gi\u00fap con tr\u01b0\u1edfng th\u00e0nh<\/a>\n\t\t\t\t   \t  <span class=\"post_comments op-7 block is-xsmall\"><a href=\"https:\/\/webmaibinh.com\/w\/edu52011\/du-hoc-he-chia-khoa-giup-con-truong-thanh\/#respond\"><\/a><\/span>\n\t\t\t\t<\/div>\n\t\t\t<\/div>\n\t\t<\/li>\n\t\t\n\t\t\n\t\t<li class=\"recent-blog-posts-li\">\n\t\t\t<div class=\"flex-row recent-blog-posts align-top pt-half pb-half\">\n\t\t\t\t<div class=\"flex-col mr-half\">\n\t\t\t\t\t<div class=\"badge post-date  badge-outline\">\n\t\t\t\t\t\t\t<div class=\"badge-inner bg-fill\" style=\"background: url(https:\/\/webmaibinh.com\/w\/edu52011\/wp-content\/uploads\/2019\/03\/37-280x280.png); border:0;\">\n                                \t\t\t\t\t\t\t<\/div>\n\t\t\t\t\t<\/div>\n\t\t\t\t<\/div>\n\t\t\t\t<div class=\"flex-col flex-grow\">\n\t\t\t\t\t  <a href=\"https:\/\/webmaibinh.com\/w\/edu52011\/tp-hcm-vietphil-english-club-thang-1-2019\/\" title=\"TP. HCM | VietPhil English Club Th\u00e1ng 1\/2019\">TP. HCM | VietPhil English Club Th\u00e1ng 1\/2019<\/a>\n\t\t\t\t   \t  <span class=\"post_comments op-7 block is-xsmall\"><a href=\"https:\/\/webmaibinh.com\/w\/edu52011\/tp-hcm-vietphil-english-club-thang-1-2019\/#respond\"><\/a><\/span>\n\t\t\t\t<\/div>\n\t\t\t<\/div>\n\t\t<\/li>\n\t\t\n\t\t\n\t\t<li class=\"recent-blog-posts-li\">\n\t\t\t<div class=\"flex-row recent-blog-posts align-top pt-half pb-half\">\n\t\t\t\t<div class=\"flex-col mr-half\">\n\t\t\t\t\t<div class=\"badge post-date  badge-outline\">\n\t\t\t\t\t\t\t<div class=\"badge-inner bg-fill\" style=\"background: url(https:\/\/webmaibinh.com\/w\/edu52011\/wp-content\/uploads\/2019\/03\/ms-rose-nguyen-ceo-vietphil-va-ms-annie-nguyen-giam-doc-chi-nhanh-tp-hcm-da-toi-tham-va-lam-viec-voi-truong-anh-ngu-baguio-jic-141-280x280.jpg); border:0;\">\n                                \t\t\t\t\t\t\t<\/div>\n\t\t\t\t\t<\/div>\n\t\t\t\t<\/div>\n\t\t\t\t<div class=\"flex-col flex-grow\">\n\t\t\t\t\t  <a href=\"https:\/\/webmaibinh.com\/w\/edu52011\/ms-rose-nguyen-ceo-vietphil-va-ms-annie-nguyen-giam-doc-chi-nhanh-tp-hcm-da-toi-tham-va-lam-viec-voi-truong-anh-ngu-baguio-jic\/\" title=\"Ms Rose Nguyen (CEO Vietphil) v\u00e0 Ms Annie Nguyen (Gi\u00e1m \u0111\u1ed1c chi nh\u00e1nh Tp.HCM) \u0111\u00e3 t\u1edbi th\u0103m v\u00e0 l\u00e0m vi\u1ec7c v\u1edbi tr\u01b0\u1eddng Anh ng\u1eef Baguio JIC\">Ms Rose Nguyen (CEO Vietphil) v\u00e0 Ms Annie Nguyen (Gi\u00e1m \u0111\u1ed1c chi nh\u00e1nh Tp.HCM) \u0111\u00e3 t\u1edbi th\u0103m v\u00e0 l\u00e0m vi\u1ec7c v\u1edbi tr\u01b0\u1eddng Anh ng\u1eef Baguio JIC<\/a>\n\t\t\t\t   \t  <span class=\"post_comments op-7 block is-xsmall\"><a href=\"https:\/\/webmaibinh.com\/w\/edu52011\/ms-rose-nguyen-ceo-vietphil-va-ms-annie-nguyen-giam-doc-chi-nhanh-tp-hcm-da-toi-tham-va-lam-viec-voi-truong-anh-ngu-baguio-jic\/#respond\"><\/a><\/span>\n\t\t\t\t<\/div>\n\t\t\t<\/div>\n\t\t<\/li>\n\t\t\t\t<\/ul>\t\t<\/aside><\/ul>\n\n\n\t\t<\/div>\n\t<\/div>\n\n\t\n\n<\/div>\n\n\t\t<\/div>\n\n\t\t\n<style scope=\"scope\">\n\n#section_1484583555 {\n  padding-top: 30px;\n  padding-bottom: 30px;\n}\n<\/style>\n\t<\/section>\n\t\n\n","protected":false},"excerpt":{"rendered":"","protected":false},"author":1,"featured_media":0,"parent":0,"menu_order":0,"comment_status":"closed","ping_status":"closed","template":"page-transparent-header-light.php","meta":[],"_links":{"self":[{"href":"https:\/\/webmaibinh.com\/w\/edu52011\/wp-json\/wp\/v2\/pages\/223"}],"collection":[{"href":"https:\/\/webmaibinh.com\/w\/edu52011\/wp-json\/wp\/v2\/pages"}],"about":[{"href":"https:\/\/webmaibinh.com\/w\/edu52011\/wp-json\/wp\/v2\/types\/page"}],"author":[{"embeddable":true,"href":"https:\/\/webmaibinh.com\/w\/edu52011\/wp-json\/wp\/v2\/users\/1"}],"replies":[{"embeddable":true,"href":"https:\/\/webmaibinh.com\/w\/edu52011\/wp-json\/wp\/v2\/comments?post=223"}],"version-history":[{"count":4,"href":"https:\/\/webmaibinh.com\/w\/edu52011\/wp-json\/wp\/v2\/pages\/223\/revisions"}],"predecessor-version":[{"id":260,"href":"https:\/\/webmaibinh.com\/w\/edu52011\/wp-json\/wp\/v2\/pages\/223\/revisions\/260"}],"wp:attachment":[{"href":"https:\/\/webmaibinh.com\/w\/edu52011\/wp-json\/wp\/v2\/media?parent=223"}],"curies":[{"name":"wp","href":"https:\/\/api.w.org\/{rel}","templated":true}]}}