{"id":181,"date":"2018-10-25T07:28:10","date_gmt":"2018-10-25T07:28:10","guid":{"rendered":"http:\/\/edu2.khowebseotop.vn\/?page_id=181"},"modified":"2018-10-25T07:28:10","modified_gmt":"2018-10-25T07:28:10","slug":"ve-chung-toi","status":"publish","type":"page","link":"https:\/\/webmaibinh.com\/w\/edu32011\/ve-chung-toi\/","title":{"rendered":"V\u1ec1 ch\u00fang t\u00f4i"},"content":{"rendered":"<p>B\u00e0i vi\u1ebft gi\u1edbi thi\u1ec7u v\u1ec1 ch\u00fang t\u00f4i<\/p>\n","protected":false},"excerpt":{"rendered":"<p>B\u00e0i vi\u1ebft gi\u1edbi thi\u1ec7u v\u1ec1 ch\u00fang t\u00f4i<\/p>\n","protected":false},"author":1,"featured_media":0,"parent":0,"menu_order":0,"comment_status":"closed","ping_status":"closed","template":"page-right-sidebar.php","meta":[],"_links":{"self":[{"href":"https:\/\/webmaibinh.com\/w\/edu32011\/wp-json\/wp\/v2\/pages\/181"}],"collection":[{"href":"https:\/\/webmaibinh.com\/w\/edu32011\/wp-json\/wp\/v2\/pages"}],"about":[{"href":"https:\/\/webmaibinh.com\/w\/edu32011\/wp-json\/wp\/v2\/types\/page"}],"author":[{"embeddable":true,"href":"https:\/\/webmaibinh.com\/w\/edu32011\/wp-json\/wp\/v2\/users\/1"}],"replies":[{"embeddable":true,"href":"https:\/\/webmaibinh.com\/w\/edu32011\/wp-json\/wp\/v2\/comments?post=181"}],"version-history":[{"count":1,"href":"https:\/\/webmaibinh.com\/w\/edu32011\/wp-json\/wp\/v2\/pages\/181\/revisions"}],"predecessor-version":[{"id":182,"href":"https:\/\/webmaibinh.com\/w\/edu32011\/wp-json\/wp\/v2\/pages\/181\/revisions\/182"}],"wp:attachment":[{"href":"https:\/\/webmaibinh.com\/w\/edu32011\/wp-json\/wp\/v2\/media?parent=181"}],"curies":[{"name":"wp","href":"https:\/\/api.w.org\/{rel}","templated":true}]}}