{"id":176,"date":"2018-10-25T07:27:02","date_gmt":"2018-10-25T07:27:02","guid":{"rendered":"http:\/\/edu2.khowebseotop.vn\/?page_id=176"},"modified":"2018-10-25T07:27:17","modified_gmt":"2018-10-25T07:27:17","slug":"chuong-trinh-dao-tao","status":"publish","type":"page","link":"https:\/\/webmaibinh.com\/w\/edu32011\/chuong-trinh-dao-tao\/","title":{"rendered":"Ch\u01b0\u01a1ng tr\u00ecnh \u0111\u00e0o t\u1ea1o"},"content":{"rendered":"<h3 class=\"title-post\">Kh\u00e1m ph\u00e1 h\u00e0nh tr\u00ecnh ki\u1ebfn th\u1ee9c \u0111\u1ec3 thay \u0111\u1ed5i cu\u1ed9c s\u1ed1ng c\u1ee7a b\u1ea1n m\u00e3i m\u00e3i<\/h3>\n<p>D\u00f9 b\u1ea1n \u0111ang l\u00e0 sinh vi\u00ean hay \u0111i l\u00e0m, d\u00f9 b\u1ea1n s\u1ed1ng v\u00e0 l\u00e0m vi\u1ec7c \u1edf b\u1ea5t c\u1ee9 \u0111\u00e2u, tr\u1ea3i nghi\u1ec7m h\u1ecdc m\u1edbi m\u1ebb v\u1edbi TOPICA UNI s\u1ebd gi\u00fap b\u1ea1n \u0111\u1ecbnh h\u00ecnh r\u00f5 h\u01a1n nh\u1eefng m\u1ee5c ti\u00eau s\u1eafp t\u1edbi, ph\u00e1t tri\u1ec3n nh\u1eefng k\u1ef9 n\u0103ng \u0111\u1ec3 \u0111\u1ea1t \u0111\u01b0\u1ee3c n\u00f3 v\u00e0 ghi d\u1ea5u l\u00ean con \u0111\u01b0\u1eddng th\u00e0nh c\u00f4ng c\u1ee7a m\u00ecnh.<\/p>\n","protected":false},"excerpt":{"rendered":"<p>Kh\u00e1m ph\u00e1 h\u00e0nh tr\u00ecnh ki\u1ebfn th\u1ee9c \u0111\u1ec3 thay \u0111\u1ed5i cu\u1ed9c s\u1ed1ng c\u1ee7a b\u1ea1n m\u00e3i m\u00e3i D\u00f9 b\u1ea1n \u0111ang l\u00e0 sinh vi\u00ean hay \u0111i l\u00e0m, d\u00f9 b\u1ea1n s\u1ed1ng v\u00e0 l\u00e0m vi\u1ec7c \u1edf b\u1ea5t c\u1ee9 \u0111\u00e2u, tr\u1ea3i nghi\u1ec7m h\u1ecdc m\u1edbi m\u1ebb v\u1edbi TOPICA UNI s\u1ebd gi\u00fap b\u1ea1n \u0111\u1ecbnh h\u00ecnh r\u00f5 h\u01a1n nh\u1eefng m\u1ee5c ti\u00eau s\u1eafp t\u1edbi, ph\u00e1t [&#8230;]\n","protected":false},"author":1,"featured_media":0,"parent":0,"menu_order":0,"comment_status":"closed","ping_status":"closed","template":"page-right-sidebar.php","meta":[],"_links":{"self":[{"href":"https:\/\/webmaibinh.com\/w\/edu32011\/wp-json\/wp\/v2\/pages\/176"}],"collection":[{"href":"https:\/\/webmaibinh.com\/w\/edu32011\/wp-json\/wp\/v2\/pages"}],"about":[{"href":"https:\/\/webmaibinh.com\/w\/edu32011\/wp-json\/wp\/v2\/types\/page"}],"author":[{"embeddable":true,"href":"https:\/\/webmaibinh.com\/w\/edu32011\/wp-json\/wp\/v2\/users\/1"}],"replies":[{"embeddable":true,"href":"https:\/\/webmaibinh.com\/w\/edu32011\/wp-json\/wp\/v2\/comments?post=176"}],"version-history":[{"count":2,"href":"https:\/\/webmaibinh.com\/w\/edu32011\/wp-json\/wp\/v2\/pages\/176\/revisions"}],"predecessor-version":[{"id":178,"href":"https:\/\/webmaibinh.com\/w\/edu32011\/wp-json\/wp\/v2\/pages\/176\/revisions\/178"}],"wp:attachment":[{"href":"https:\/\/webmaibinh.com\/w\/edu32011\/wp-json\/wp\/v2\/media?parent=176"}],"curies":[{"name":"wp","href":"https:\/\/api.w.org\/{rel}","templated":true}]}}