{"id":288,"date":"2018-08-02T08:21:12","date_gmt":"2018-08-02T08:21:12","guid":{"rendered":"http:\/\/edu1.khowebseotop.vn\/?page_id=288"},"modified":"2018-08-02T08:21:12","modified_gmt":"2018-08-02T08:21:12","slug":"ho-so-giao-vien","status":"publish","type":"page","link":"https:\/\/webmaibinh.com\/w\/edu22011\/ho-so-giao-vien\/","title":{"rendered":"H\u1ed3 s\u01a1 gi\u00e1o vi\u00ean"},"content":{"rendered":"<p>B\u00e0i vi\u1ebft\u00a0H\u1ed3 s\u01a1 gi\u00e1o vi\u00ean<\/p>\n","protected":false},"excerpt":{"rendered":"<p>B\u00e0i vi\u1ebft\u00a0H\u1ed3 s\u01a1 gi\u00e1o vi\u00ean<\/p>\n","protected":false},"author":1,"featured_media":0,"parent":0,"menu_order":0,"comment_status":"closed","ping_status":"closed","template":"page-right-sidebar.php","meta":[],"_links":{"self":[{"href":"https:\/\/webmaibinh.com\/w\/edu22011\/wp-json\/wp\/v2\/pages\/288"}],"collection":[{"href":"https:\/\/webmaibinh.com\/w\/edu22011\/wp-json\/wp\/v2\/pages"}],"about":[{"href":"https:\/\/webmaibinh.com\/w\/edu22011\/wp-json\/wp\/v2\/types\/page"}],"author":[{"embeddable":true,"href":"https:\/\/webmaibinh.com\/w\/edu22011\/wp-json\/wp\/v2\/users\/1"}],"replies":[{"embeddable":true,"href":"https:\/\/webmaibinh.com\/w\/edu22011\/wp-json\/wp\/v2\/comments?post=288"}],"version-history":[{"count":1,"href":"https:\/\/webmaibinh.com\/w\/edu22011\/wp-json\/wp\/v2\/pages\/288\/revisions"}],"predecessor-version":[{"id":289,"href":"https:\/\/webmaibinh.com\/w\/edu22011\/wp-json\/wp\/v2\/pages\/288\/revisions\/289"}],"wp:attachment":[{"href":"https:\/\/webmaibinh.com\/w\/edu22011\/wp-json\/wp\/v2\/media?parent=288"}],"curies":[{"name":"wp","href":"https:\/\/api.w.org\/{rel}","templated":true}]}}