{"id":284,"date":"2018-08-02T08:20:41","date_gmt":"2018-08-02T08:20:41","guid":{"rendered":"http:\/\/edu1.khowebseotop.vn\/?page_id=284"},"modified":"2018-08-02T08:20:41","modified_gmt":"2018-08-02T08:20:41","slug":"su-menh-tam-nhin-va-gia-tri-cot-loi","status":"publish","type":"page","link":"https:\/\/webmaibinh.com\/w\/edu22011\/su-menh-tam-nhin-va-gia-tri-cot-loi\/","title":{"rendered":"S\u1ee9 m\u1ec7nh, t\u1ea7m nh\u00ecn v\u00e0 gi\u00e1 tr\u1ecb c\u1ed1t l\u00f5i"},"content":{"rendered":"<p>B\u00e0i vi\u1ebft\u00a0S\u1ee9 m\u1ec7nh, t\u1ea7m nh\u00ecn v\u00e0 gi\u00e1 tr\u1ecb c\u1ed1t l\u00f5i<\/p>\n","protected":false},"excerpt":{"rendered":"<p>B\u00e0i vi\u1ebft\u00a0S\u1ee9 m\u1ec7nh, t\u1ea7m nh\u00ecn v\u00e0 gi\u00e1 tr\u1ecb c\u1ed1t l\u00f5i<\/p>\n","protected":false},"author":1,"featured_media":0,"parent":0,"menu_order":0,"comment_status":"closed","ping_status":"closed","template":"page-right-sidebar.php","meta":[],"_links":{"self":[{"href":"https:\/\/webmaibinh.com\/w\/edu22011\/wp-json\/wp\/v2\/pages\/284"}],"collection":[{"href":"https:\/\/webmaibinh.com\/w\/edu22011\/wp-json\/wp\/v2\/pages"}],"about":[{"href":"https:\/\/webmaibinh.com\/w\/edu22011\/wp-json\/wp\/v2\/types\/page"}],"author":[{"embeddable":true,"href":"https:\/\/webmaibinh.com\/w\/edu22011\/wp-json\/wp\/v2\/users\/1"}],"replies":[{"embeddable":true,"href":"https:\/\/webmaibinh.com\/w\/edu22011\/wp-json\/wp\/v2\/comments?post=284"}],"version-history":[{"count":1,"href":"https:\/\/webmaibinh.com\/w\/edu22011\/wp-json\/wp\/v2\/pages\/284\/revisions"}],"predecessor-version":[{"id":285,"href":"https:\/\/webmaibinh.com\/w\/edu22011\/wp-json\/wp\/v2\/pages\/284\/revisions\/285"}],"wp:attachment":[{"href":"https:\/\/webmaibinh.com\/w\/edu22011\/wp-json\/wp\/v2\/media?parent=284"}],"curies":[{"name":"wp","href":"https:\/\/api.w.org\/{rel}","templated":true}]}}