{"id":282,"date":"2018-08-02T08:16:02","date_gmt":"2018-08-02T08:16:02","guid":{"rendered":"http:\/\/edu1.khowebseotop.vn\/?page_id=282"},"modified":"2018-08-02T08:16:02","modified_gmt":"2018-08-02T08:16:02","slug":"qua-trinh-hinh-thanh-va-phat-trien","status":"publish","type":"page","link":"https:\/\/webmaibinh.com\/w\/edu22011\/qua-trinh-hinh-thanh-va-phat-trien\/","title":{"rendered":"Qu\u00e1 tr\u00ecnh h\u00ecnh th\u00e0nh v\u00e0 ph\u00e1t tri\u1ec3n"},"content":{"rendered":"<p>B\u00e0i\u00a0Qu\u00e1 tr\u00ecnh h\u00ecnh th\u00e0nh v\u00e0 ph\u00e1t tri\u1ec3n<\/p>\n","protected":false},"excerpt":{"rendered":"<p>B\u00e0i\u00a0Qu\u00e1 tr\u00ecnh h\u00ecnh th\u00e0nh v\u00e0 ph\u00e1t tri\u1ec3n<\/p>\n","protected":false},"author":1,"featured_media":0,"parent":0,"menu_order":0,"comment_status":"closed","ping_status":"closed","template":"page-right-sidebar.php","meta":[],"_links":{"self":[{"href":"https:\/\/webmaibinh.com\/w\/edu22011\/wp-json\/wp\/v2\/pages\/282"}],"collection":[{"href":"https:\/\/webmaibinh.com\/w\/edu22011\/wp-json\/wp\/v2\/pages"}],"about":[{"href":"https:\/\/webmaibinh.com\/w\/edu22011\/wp-json\/wp\/v2\/types\/page"}],"author":[{"embeddable":true,"href":"https:\/\/webmaibinh.com\/w\/edu22011\/wp-json\/wp\/v2\/users\/1"}],"replies":[{"embeddable":true,"href":"https:\/\/webmaibinh.com\/w\/edu22011\/wp-json\/wp\/v2\/comments?post=282"}],"version-history":[{"count":1,"href":"https:\/\/webmaibinh.com\/w\/edu22011\/wp-json\/wp\/v2\/pages\/282\/revisions"}],"predecessor-version":[{"id":283,"href":"https:\/\/webmaibinh.com\/w\/edu22011\/wp-json\/wp\/v2\/pages\/282\/revisions\/283"}],"wp:attachment":[{"href":"https:\/\/webmaibinh.com\/w\/edu22011\/wp-json\/wp\/v2\/media?parent=282"}],"curies":[{"name":"wp","href":"https:\/\/api.w.org\/{rel}","templated":true}]}}