{"id":927,"date":"2018-03-23T22:57:49","date_gmt":"2018-03-23T15:57:49","guid":{"rendered":"https:\/\/toeic.khowebseotop.vn\/?page_id=927"},"modified":"2018-06-04T15:36:47","modified_gmt":"2018-06-04T08:36:47","slug":"he-thong-co-so","status":"publish","type":"page","link":"https:\/\/webmaibinh.com\/w\/edu12011\/he-thong-co-so\/","title":{"rendered":"H\u1ec7 th\u1ed1ng c\u01a1 s\u1edf v\u1eadt ch\u1ea5t"},"content":{"rendered":"<p><strong>V\u1edbi mong mu\u1ed1n mang \u0111\u1ebfn cho c\u00e1c b\u1ea1n h\u1ecdc vi\u00ean m\u1ed9t m\u00f4i tr\u01b0\u1eddng h\u1ecdc t\u1eadp, luy\u1ec7n thi TOEIC m\u1ed9t c\u00e1ch chuy\u00ean nghi\u1ec7p, n\u0103ng \u0111\u1ed9ng, tr\u00e0n ng\u1eadp ti\u1ebfng c\u01b0\u1eddi v\u00e0 \u1ea5m \u00e1p t\u00ecnh c\u00f4 tr\u00f2, Trung t\u00e2m Luy\u1ec7n thi TOEIC &#8211; \u00a0Ms Hoa TOEIC \u0111\u00e3 trang b\u1ecb \u0111\u1ea7y \u0111\u1ee7 c\u01a1 s\u1edf v\u1eadt ch\u1ea5t r\u1ea5t \u0111\u1eb9p, hi\u1ec7n \u0111\u1ea1i v\u00e0 g\u1ea7n g\u0169i.<\/strong><\/p>\n<p>T\u00ednh \u0111\u1ebfn nay, Ms Hoa TOEIC c\u00f3 11 c\u01a1 s\u1edf tr\u00ean c\u1ea3 n\u01b0\u1edbc v\u1edbi 5\u00a0c\u01a1 s\u1edf t\u1ea1i H\u00e0 N\u1ed9i v\u00e0 5 c\u01a1 s\u1edf t\u1ea1i H\u1ed3 Ch\u00ed Minh v\u00e0 1 c\u01a1 s\u1edf \u1edf \u0110\u00e0 N\u1eb5ng.<\/p>\n<p><u>C\u00e1c c\u01a1 s\u1edf Ms Hoa TOEIC<\/u><\/p>\n<p><strong>C\u01a1 s\u1edf H\u00e0 N\u1ed9i<\/strong><\/p>\n<p>C\u01a1 s\u1edf 1: 89 T\u00f4 V\u0129nh Di\u1ec7n, Thanh Xu\u00e2n, H\u00e0 N\u1ed9i; S\u0110T:\u00a0\u200b04 66 811 242<\/p>\n<p>C\u01a1 s\u1edf 2: 26\/203 Ho\u00e0ng Qu\u1ed1c Vi\u1ec7t, C\u1ea7u Gi\u1ea5y, H\u00e0 N\u1ed9i; S\u0110T: 0462 956 406<\/p>\n<p>C\u01a1 s\u1edf 3:141 Bach Mai, Hai B\u00e0 Tr\u01b0ng, H\u00e0 N\u1ed9i; S\u0110T: 0462 935 446<\/p>\n<p>C\u01a1 s\u1edf 4: 20 Nguy\u1ec5n\u00a0\u0110\u1ed5ng Chi, Nam T\u1eeb Li\u00eam, H\u00e0 N\u1ed9i; S\u0110T: 0462 916 756<\/p>\n<div>C\u01a1 s\u1edf 5: LK 13, K\u0110T B\u1eafc H\u00e0, M\u1ed7 Lao, H\u00e0\u00a0\u0110\u00f4ng, H\u00e0 N\u1ed9i (Sau si\u00eau th\u1ecb Coopmart); S\u0110T: 0462 926 049<\/div>\n<div>\n<p><img src=\"\/wp-content\/uploads\/2018\/06\/he-thong-co-so-giuseart-927.jpg\" alt=\"Ms Hoa TOEIC Phan Dinh Giot\" \/><\/p>\n<p><strong>C\u01a1 s\u1edf H\u1ed3 Ch\u00ed Minh:<\/strong><\/p>\n<\/div>\n<div>C\u01a1 s\u1edf 1: 49A Phan \u0110\u0103ng L\u01b0u, Ph\u01b0\u1eddng 3, qu\u1eadn B\u00ecnh Thanh, HCM; S\u0110T: 0866 85 65 69<\/div>\n<div>C\u01a1 s\u1edf 2: 569 S\u01b0 V\u1ea1n H\u1ea1nh, Ph\u01b0\u1eddng 13, qu\u1eadn 10 , HCM; S\u0110T: 0866 88 22 77<\/div>\n<div>C\u01a1 s\u1edf 3: 82 L\u00ea V\u0103n Vi\u1ec7t, Ph\u01b0\u1eddng Hi\u1ec7p Ph\u00fa, qu\u1eadn 9, HCM; S\u0110T: 0866 54 88 77<\/div>\n<div>C\u01a1 s\u1edf 4: 427 C\u1ed9ng H\u00f2a, Ph\u01b0\u1eddng 15, qu\u1eadn T\u00e2n B\u00ecnh, HCM; S\u0110T: 0862 86 71 59<\/div>\n<div>C\u01a1 s\u1edf 5: 224 Kh\u00e1nh H\u1ed9i, Ph\u01b0\u1eddng 6, qu\u1eadn 4, HCM; S\u0110T: 0866 73 11 33<\/div>\n<div><\/div>\n<div><strong>C\u01a1 s\u1edf \u0110\u00e0 N\u1eb5ng:<\/strong><\/div>\n<div>233 Nguy\u1ec5n V\u0103n Linh, Thanh Kh\u00ea, Tp. \u0110\u00e0 N\u1eb5ng; S\u0110T: 0966 264 966<\/div>\n","protected":false},"excerpt":{"rendered":"<p>V\u1edbi mong mu\u1ed1n mang \u0111\u1ebfn cho c\u00e1c b\u1ea1n h\u1ecdc vi\u00ean m\u1ed9t m\u00f4i tr\u01b0\u1eddng h\u1ecdc t\u1eadp, luy\u1ec7n thi TOEIC m\u1ed9t c\u00e1ch chuy\u00ean nghi\u1ec7p, n\u0103ng \u0111\u1ed9ng, tr\u00e0n ng\u1eadp ti\u1ebfng c\u01b0\u1eddi v\u00e0 \u1ea5m \u00e1p t\u00ecnh c\u00f4 tr\u00f2, Trung t\u00e2m Luy\u1ec7n thi TOEIC &#8211; \u00a0Ms Hoa TOEIC \u0111\u00e3 trang b\u1ecb \u0111\u1ea7y \u0111\u1ee7 c\u01a1 s\u1edf v\u1eadt ch\u1ea5t r\u1ea5t \u0111\u1eb9p, hi\u1ec7n [&#8230;]\n","protected":false},"author":5,"featured_media":0,"parent":0,"menu_order":0,"comment_status":"closed","ping_status":"closed","template":"page-right-sidebar.php","meta":[],"_links":{"self":[{"href":"https:\/\/webmaibinh.com\/w\/edu12011\/wp-json\/wp\/v2\/pages\/927"}],"collection":[{"href":"https:\/\/webmaibinh.com\/w\/edu12011\/wp-json\/wp\/v2\/pages"}],"about":[{"href":"https:\/\/webmaibinh.com\/w\/edu12011\/wp-json\/wp\/v2\/types\/page"}],"author":[{"embeddable":true,"href":"https:\/\/webmaibinh.com\/w\/edu12011\/wp-json\/wp\/v2\/users\/5"}],"replies":[{"embeddable":true,"href":"https:\/\/webmaibinh.com\/w\/edu12011\/wp-json\/wp\/v2\/comments?post=927"}],"version-history":[{"count":4,"href":"https:\/\/webmaibinh.com\/w\/edu12011\/wp-json\/wp\/v2\/pages\/927\/revisions"}],"predecessor-version":[{"id":1251,"href":"https:\/\/webmaibinh.com\/w\/edu12011\/wp-json\/wp\/v2\/pages\/927\/revisions\/1251"}],"wp:attachment":[{"href":"https:\/\/webmaibinh.com\/w\/edu12011\/wp-json\/wp\/v2\/media?parent=927"}],"curies":[{"name":"wp","href":"https:\/\/api.w.org\/{rel}","templated":true}]}}