{"id":1141,"date":"2018-03-24T09:29:06","date_gmt":"2018-03-24T02:29:06","guid":{"rendered":"https:\/\/toeic.khowebseotop.vn\/account\/"},"modified":"2018-03-24T10:41:51","modified_gmt":"2018-03-24T03:41:51","slug":"tai-khoan","status":"publish","type":"page","link":"https:\/\/webmaibinh.com\/w\/edu12011\/tai-khoan\/","title":{"rendered":"T\u00e0i kho\u1ea3n"},"content":{"rendered":"[ultimatemember_account]\n<p>B\u00e0i h\u1ecdc d\u00e0nh ri\u00eang cho t\u00e0i kho\u1ea3n tr\u1ef1c tuy\u1ebfn c\u1ee7a <a href=\"http:\/\/www.toeci.ninhbinhweb.com\">www.toeic.ninhbinhweb.com:<\/a><\/p>\n<h3><span style=\"font-size: 130%; color: #800000;\">T\u00e0i li\u1ec7u h\u1ecdc TOEIC Level 0-100<\/span><\/h3>\n<div class=\"row row-small tai-lieu-luyen-thi\"  id=\"row-1079122556\">\n\n\t<div class=\"col medium-6 small-12 large-6\"  >\n\t\t<div class=\"col-inner\"  >\n\t\t\t\n\t\t\t\n<ul class=\"sidebar-wrapper ul-reset\"><li id=\"nav_menu-3\" class=\"widget widget_nav_menu\"><h2 class=\"widgettitle\">S\u00e1ch luy\u1ec7n \u0111\u1ec1 m\u1ee5c ti\u00eau +800<\/h2>\n<div class=\"menu-tai-lieu-luyen-thi-1-container\"><ul id=\"menu-tai-lieu-luyen-thi-1\" class=\"menu\"><li id=\"menu-item-503\" class=\"menu-item menu-item-type-custom menu-item-object-custom menu-item-503\"><a href=\"#\">TOEIC Training Comprehension 860 &#8211; B\u1ed9 t\u00e0i li\u1ec7u cho c\u1ea3nh gi\u1edbi cao nh\u1ea5t c\u1ee7a toeic 990<\/a><\/li>\n<li id=\"menu-item-504\" class=\"menu-item menu-item-type-custom menu-item-object-custom menu-item-504\"><a href=\"#\">T\u00e0i li\u1ec7u luy\u1ec7n thi TOEIC: 100 b\u00e0i test Toeic kh\u00f4ng th\u1ec3 b\u1ecf qua<\/a><\/li>\n<li id=\"menu-item-505\" class=\"menu-item menu-item-type-custom menu-item-object-custom menu-item-505\"><a href=\"#\">T\u00e0i li\u1ec7u luy\u1ec7n thi TOEIC: 1000 Reading Comprehension Practice Test Items for the New TOEIC Test &#8211; Jim Lee<\/a><\/li>\n<li id=\"menu-item-506\" class=\"menu-item menu-item-type-custom menu-item-object-custom menu-item-506\"><a href=\"#\">T\u00e0i li\u1ec7u luy\u1ec7n thi TOEIC: 1000 Listening Comprehension Practice Test Items for the New TOEIC Test &#8211; Jim Lee<\/a><\/li>\n<li id=\"menu-item-507\" class=\"menu-item menu-item-type-custom menu-item-object-custom menu-item-507\"><a href=\"#\">T\u00e0i li\u1ec7u luy\u1ec7n thi TOEIC: S\u00e1ch Target Score<\/a><\/li>\n<li id=\"menu-item-508\" class=\"menu-item menu-item-type-custom menu-item-object-custom menu-item-508\"><a href=\"#\">T\u00e0i li\u1ec7u luy\u1ec7n thi TOEIC: S\u00e1ch Tactics for TOEIC \u2013 Listening v\u00e0 Reading Test<\/a><\/li>\n<\/ul><\/div><\/li><\/ul>\n\t\t<\/div>\n\t<\/div>\n\n\t\n\n\t<div class=\"col medium-6 small-12 large-6\"  >\n\t\t<div class=\"col-inner\"  >\n\t\t\t\n\t\t\t\n<ul class=\"sidebar-wrapper ul-reset\"><li id=\"nav_menu-4\" class=\"widget widget_nav_menu\"><h2 class=\"widgettitle\">T\u00e0i li\u1ec7u bi\u00ean so\u1ea1n<\/h2>\n<div class=\"menu-tai-lieu-luyen-thi-2-container\"><ul id=\"menu-tai-lieu-luyen-thi-2\" class=\"menu\"><li id=\"menu-item-551\" class=\"menu-item menu-item-type-custom menu-item-object-custom menu-item-551\"><a href=\"#\">TOP 10 T\u00e0i li\u1ec7u luy\u1ec7n thi TOEIC hay nh\u1ea5t n\u0103m 2017 {Full PDF + AUDIO}<\/a><\/li>\n<li id=\"menu-item-552\" class=\"menu-item menu-item-type-custom menu-item-object-custom menu-item-552\"><a href=\"#\">T\u00e0i li\u1ec7u luy\u1ec7n thi TOEIC trong 30 ng\u00e0y cho ng\u01b0\u1eddi m\u1edbi b\u1eaft \u0111\u1ea7u<\/a><\/li>\n<li id=\"menu-item-553\" class=\"menu-item menu-item-type-custom menu-item-object-custom menu-item-553\"><a href=\"#\">T\u00e0i li\u1ec7u luy\u1ec7n thi TOEIC: 1000 Reading Comprehension Practice Test Items for the New TOEIC Test &#8211; Jim Lee<\/a><\/li>\n<\/ul><\/div><\/li><\/ul>\n\t\t<\/div>\n\t<\/div>\n\n\t\n\n<style scope=\"scope\">\n\n<\/style>\n<\/div>\n","protected":false},"excerpt":{"rendered":"[ultimatemember_account] B\u00e0i h\u1ecdc d\u00e0nh ri\u00eang cho t\u00e0i kho\u1ea3n tr\u1ef1c tuy\u1ebfn c\u1ee7a www.toeic.ninhbinhweb.com: T\u00e0i li\u1ec7u h\u1ecdc TOEIC Level 0-100<\/p>\n","protected":false},"author":5,"featured_media":0,"parent":0,"menu_order":0,"comment_status":"closed","ping_status":"open","template":"page-right-sidebar.php","meta":[],"_links":{"self":[{"href":"https:\/\/webmaibinh.com\/w\/edu12011\/wp-json\/wp\/v2\/pages\/1141"}],"collection":[{"href":"https:\/\/webmaibinh.com\/w\/edu12011\/wp-json\/wp\/v2\/pages"}],"about":[{"href":"https:\/\/webmaibinh.com\/w\/edu12011\/wp-json\/wp\/v2\/types\/page"}],"author":[{"embeddable":true,"href":"https:\/\/webmaibinh.com\/w\/edu12011\/wp-json\/wp\/v2\/users\/5"}],"replies":[{"embeddable":true,"href":"https:\/\/webmaibinh.com\/w\/edu12011\/wp-json\/wp\/v2\/comments?post=1141"}],"version-history":[{"count":7,"href":"https:\/\/webmaibinh.com\/w\/edu12011\/wp-json\/wp\/v2\/pages\/1141\/revisions"}],"predecessor-version":[{"id":1169,"href":"https:\/\/webmaibinh.com\/w\/edu12011\/wp-json\/wp\/v2\/pages\/1141\/revisions\/1169"}],"wp:attachment":[{"href":"https:\/\/webmaibinh.com\/w\/edu12011\/wp-json\/wp\/v2\/media?parent=1141"}],"curies":[{"name":"wp","href":"https:\/\/api.w.org\/{rel}","templated":true}]}}