{"id":1004,"date":"2018-03-24T00:02:40","date_gmt":"2018-03-23T17:02:40","guid":{"rendered":"https:\/\/toeic.khowebseotop.vn\/?page_id=1004"},"modified":"2018-03-24T00:03:35","modified_gmt":"2018-03-23T17:03:35","slug":"khoa-hoc-tieng-anh-doanh-nghiep","status":"publish","type":"page","link":"https:\/\/webmaibinh.com\/w\/edu12011\/khoa-hoc-tieng-anh-doanh-nghiep\/","title":{"rendered":"Kh\u00f3a h\u1ecdc Ti\u1ebfng Anh doanh nghi\u1ec7p"},"content":{"rendered":"<p>Ti\u1ebfng Anh Doanh nghi\u1ec7p\u00a0\u0111\u00e3 ng\u00e0y c\u00e0ng tr\u1edf th\u00e0nh m\u1ed9t c\u00f4ng c\u1ee5 c\u1ea7n thi\u1ebft, g\u00f3p ph\u1ea7n kh\u00f4ng nh\u1ecf t\u1ea1o n\u00ean th\u00e0nh c\u00f4ng c\u1ee7a c\u00e1c Doanh nghi\u1ec7p. M\u1ed7i doanh nghi\u1ec7p n\u1ebfu mu\u1ed1n c\u1ea1nh tranh \u0111\u01b0\u1ee3c \u0111\u1ec1u ph\u1ea3i \u0111\u00e0o t\u1ea1o m\u1ed9t \u0111\u1ed9i ng\u0169 nh\u00e2n vi\u00ean t\u00e0i n\u0103ng, v\u00e0 ti\u1ebfng Anh lu\u00f4n l\u00e0 m\u1ed9t l\u1ee3i th\u1ebf. \u0110\u00f3 l\u00e0 l\u00ed do t\u1ea1i sao ti\u1ebfng Anh Doanh nghi\u1ec7p, \u0111\u1eb7c bi\u1ec7t l\u00e0 TOEIC \u2013 Test of English International Communication tr\u1edf n\u00ean ph\u1ed5 bi\u1ebfn v\u00e0 \u0111\u01b0\u1ee3c r\u1ea5t nhi\u1ec1u Doanh nghi\u1ec7p l\u1ef1a ch\u1ecdn.<\/p>\n<div><em>Nh\u1eb1m h\u1ed7 tr\u1ee3 Doanh nghi\u1ec7p trong vi\u1ec7c \u0111\u00e0o t\u1ea1o \u0111\u1ed9i ng\u0169 nh\u00e2n vi\u00ean c\u00f3 tr\u00ecnh \u0111\u1ed9 ti\u1ebfng Anh th\u00e0nh th\u1ea1o, r\u00e8n luy\u1ec7n c\u00e1c k\u1ef9 n\u0103ng giao ti\u1ebfp, ti\u1ebfng Anh Chuy\u00ean ng\u00e0nh v\u00e0 n\u00e2ng cao c\u01a1 h\u1ed9i c\u1ea1nh tranh tr\u00ean th\u1ecb tr\u01b0\u1eddng, Trung t\u00e2m ti\u1ebfng Anh Ms Hoa TOEIC tr\u00e2n tr\u1ecdng gi\u1edbi thi\u1ec7u kho\u00e1 h\u1ecdc <\/em>\u201c<strong>Ti\u1ebfng Anh d\u00e0nh cho doanh nghi\u1ec7p\u201d.\u00a0<\/strong><\/div>\n<div><\/div>\n<div>C\u00e1c kho\u00e1 h\u1ecdc ti\u1ebfng Anh doanh nghi\u1ec7p\u00a0c\u1ee7a Ms Hoa TOEIC s\u1ebd \u0111\u00e1p \u1ee9ng \u0111\u01b0\u1ee3c nhu c\u1ea7u ti\u1ebfng Anh t\u1ea1i doanh nghi\u1ec7p. \u0110i\u1ec1u n\u00e0y s\u1ebd gi\u00fap cho nh\u00e2n vi\u00ean c\u1ee7a c\u00e1c c\u00f4ng ty hay doanh nghi\u1ec7p c\u00f3 kh\u1ea3 n\u0103ng giao ti\u1ebfp hi\u1ec7u qu\u1ea3 b\u1eb1ng ti\u1ebfng Anh, g\u00f3p ph\u1ea7n ho\u00e0n th\u00e0nh t\u1ed1t vai tr\u00f2 v\u00e0 nhi\u1ec7m v\u1ee5 c\u1ee7a m\u00ecnh trong c\u00f4ng ty. Sau khi k\u1ebft th\u00fac kho\u00e1 h\u1ecdc, c\u00e1c nh\u00e2n vi\u00ean c\u00f3 th\u1ec3 t\u1ef1 \u0111\u00e1nh gi\u00e1 k\u1ebft qu\u1ea3 c\u1ee7a kho\u00e1 h\u1ecdc v\u00e0 \u1ee9ng d\u1ee5ng hi\u1ec7u qu\u1ea3 v\u00e0o trong c\u00f4ng vi\u1ec7c.<\/div>\n<p><strong>1.\u00a0<\/strong><strong>Th\u00f4ng tin kho\u00e1 h\u1ecdc\u00a0<\/strong><\/p>\n<ul>\n<li><strong><em>\u0110\u1ecba \u0111i\u1ec3m \u0111\u00e0o t\u1ea1o<\/em><\/strong>\u00a0: T\u1ea1i qu\u00fd doanh nghi\u1ec7p ho\u1eb7c t\u1ea1i c\u00e1c c\u01a1 s\u1edf c\u1ee7a Ms Hoa TOEIC<\/li>\n<\/ul>\n<ul>\n<li><strong><em>L\u1ecbch h\u1ecdc<\/em><\/strong>\u00a0: Qu\u00fd doanh nghi\u1ec7p ch\u1ecdn l\u1ecbch<\/li>\n<\/ul>\n<ul>\n<li><strong><em>S\u1ed1 l\u01b0\u1ee3ng h\u1ecdc vi\u00ean<\/em><\/strong>\u00a0: Trung b\u00ecnh 10-20 h\u1ecdc vi\u00ean\/l\u1edbp<\/li>\n<\/ul>\n<ul>\n<li><strong><em>Gi\u00e1o vi\u00ean<\/em>:<\/strong>\u00a0\u0110\u1ed9i ng\u0169 gi\u1ea3ng vi\u00ean (Inspriration Messengers) gi\u00e0u kinh nghi\u1ec7m v\u1ec1 luy\u1ec7n thi TOEIC, Ti\u1ebfng Anh giao ti\u1ebfp, Ti\u1ebfng Anh chuy\u00ean ngh\u00e0nh c\u1ee7a Ms Hoa TOEIC gi\u1ea3ng d\u1ea1y.<\/li>\n<\/ul>\n<p><strong>2.<\/strong>\u00a0<strong>\u00a0<\/strong><strong>N\u1ed9i dung ch\u01b0\u01a1ng tr\u00ecnh:\u00a0<\/strong><\/p>\n<p>C\u00e1c kho\u00e1 h\u1ecdc \u0111\u01b0\u1ee3c thi\u1ebft k\u1ebf theo form chu\u1ea9n Ti\u1ebfng Anh giao ti\u1ebfp, Ti\u1ebfng Anh chuy\u00ean ng\u00e0nh qu\u1ed1c t\u1ebf, kh\u00f4ng ch\u1ec9 gi\u00fap h\u1ecdc vi\u00ean n\u00e2ng cao kh\u1ea3 n\u0103ng, \u0111\u1ea1t m\u1ee5c ti\u00eau cao trong l\u00fac h\u1ecdc m\u00e0 c\u00f2n vun \u0111\u1eafp v\u00e0 nu\u00f4i d\u01b0\u1ee1ng t\u00ecnh y\u00eau \u0111\u1ed1i v\u1edbi ti\u1ebfng Anh.<\/p>\n<ul>\n<li><strong><em>Gi\u00e1o tr\u00ecnh<\/em><\/strong>:\u00a0To\u00e0n b\u1ed9 gi\u00e1o tr\u00ecnh do Ms Hoa TOEIC bi\u00ean so\u1ea1n \u0111\u00e1nh th\u00e0nh s\u00e1ch, \u0111\u01b0\u1ee3c b\u1ed1 c\u1ee5c h\u1ee3p l\u00fd, khoa h\u1ecdc \u0111\u1ec3 b\u1ea1n d\u1ec5 theo d\u00f5i v\u00e0 nghi\u00ean c\u1ee9u, thi\u1ebft k\u1ebf\u00a0theo chu\u1ea9n Format\u00a0Qu\u1ed1c t\u1ebf<\/li>\n<\/ul>\n<ul>\n<li><strong><em>B\u1ed5 tr\u1ee3 b\u00e0i t\u1eadp online D\u00e0nh ri\u00eang h\u1ecdc vi\u00ean t\u1ea1i Trung t\u00e2m<\/em><\/strong>:\u00a0B\u1ea1n s\u1ebd\u00a0\u0111\u01b0\u1ee3c cung c\u1ea5p t\u00e0i kho\u1ea3n ri\u00eang\u00a0\u0111\u1ec3\u00a0\u0111\u0103ng nh\u1eadp, luy\u1ec7n t\u1eadp v\u00e0 nh\u1eadn\u00a0c\u00e1c chia s\u1ebb v\u1ec1 Ti\u1ebfng Anh do \u0110\u1ed9i ng\u0169 S\u1ee9 gi\u1ea3 Ms Hoa TOEIC chia s\u1ebb<\/li>\n<\/ul>\n<ul>\n<li><strong><em>Ho\u1ea1t\u00a0\u0111\u1ed9ng ngo\u1ea1i kh\u00f3a<\/em><\/strong>:\u00a0Tham gia CLB ti\u1ebfng Anh Paint Yourself; event chia s\u1ebb kinh nghi\u1ec7m h\u1ecdc ti\u1ebfng Anh.\u00a0C\u00e1c ho\u1ea1t\u00a0\u0111\u1ed9ng t\u01b0\u01a1ng t\u00e1c tr\u00ean\u00a0Facebook Group, Email Group\u00a0gi\u1eefa gi\u1ea3ng vi\u00ean, h\u1ecdc vi\u00ean v\u00e0 trung t\u00e2m\u00a0\u0111\u1ec3 trao\u00a0\u0111\u1ed5i, chia s\u1ebb, t\u1ea1o\u00a0\u0111\u1ed9ng l\u1ef1c h\u1ecdc t\u1eadp.<\/li>\n<\/ul>\n","protected":false},"excerpt":{"rendered":"<p>Ti\u1ebfng Anh Doanh nghi\u1ec7p\u00a0\u0111\u00e3 ng\u00e0y c\u00e0ng tr\u1edf th\u00e0nh m\u1ed9t c\u00f4ng c\u1ee5 c\u1ea7n thi\u1ebft, g\u00f3p ph\u1ea7n kh\u00f4ng nh\u1ecf t\u1ea1o n\u00ean th\u00e0nh c\u00f4ng c\u1ee7a c\u00e1c Doanh nghi\u1ec7p. M\u1ed7i doanh nghi\u1ec7p n\u1ebfu mu\u1ed1n c\u1ea1nh tranh \u0111\u01b0\u1ee3c \u0111\u1ec1u ph\u1ea3i \u0111\u00e0o t\u1ea1o m\u1ed9t \u0111\u1ed9i ng\u0169 nh\u00e2n vi\u00ean t\u00e0i n\u0103ng, v\u00e0 ti\u1ebfng Anh lu\u00f4n l\u00e0 m\u1ed9t l\u1ee3i th\u1ebf. \u0110\u00f3 l\u00e0 l\u00ed [&#8230;]\n","protected":false},"author":5,"featured_media":0,"parent":0,"menu_order":0,"comment_status":"closed","ping_status":"closed","template":"page-right-sidebar.php","meta":[],"_links":{"self":[{"href":"https:\/\/webmaibinh.com\/w\/edu12011\/wp-json\/wp\/v2\/pages\/1004"}],"collection":[{"href":"https:\/\/webmaibinh.com\/w\/edu12011\/wp-json\/wp\/v2\/pages"}],"about":[{"href":"https:\/\/webmaibinh.com\/w\/edu12011\/wp-json\/wp\/v2\/types\/page"}],"author":[{"embeddable":true,"href":"https:\/\/webmaibinh.com\/w\/edu12011\/wp-json\/wp\/v2\/users\/5"}],"replies":[{"embeddable":true,"href":"https:\/\/webmaibinh.com\/w\/edu12011\/wp-json\/wp\/v2\/comments?post=1004"}],"version-history":[{"count":2,"href":"https:\/\/webmaibinh.com\/w\/edu12011\/wp-json\/wp\/v2\/pages\/1004\/revisions"}],"predecessor-version":[{"id":1006,"href":"https:\/\/webmaibinh.com\/w\/edu12011\/wp-json\/wp\/v2\/pages\/1004\/revisions\/1006"}],"wp:attachment":[{"href":"https:\/\/webmaibinh.com\/w\/edu12011\/wp-json\/wp\/v2\/media?parent=1004"}],"curies":[{"name":"wp","href":"https:\/\/api.w.org\/{rel}","templated":true}]}}