{"id":1002,"date":"2018-03-24T00:02:03","date_gmt":"2018-03-23T17:02:03","guid":{"rendered":"https:\/\/toeic.khowebseotop.vn\/?page_id=1002"},"modified":"2018-03-24T00:02:03","modified_gmt":"2018-03-23T17:02:03","slug":"khoa-hoc-toeic","status":"publish","type":"page","link":"https:\/\/webmaibinh.com\/w\/edu12011\/khoa-hoc-toeic\/","title":{"rendered":"Kh\u00f3a h\u1ecdc TOEIC"},"content":{"rendered":"<div><strong>Gi\u1edbi thi\u1ec7u kh\u00f3a h\u1ecdc <\/strong><strong>luy\u1ec7n thi TOEIC<\/strong><strong> Pre TOEIC &#8211; <\/strong><strong>Kh\u00f3a h\u1ecdc d\u00e0nh cho ng\u01b0\u1eddi m\u1edbi b\u1eaft\u00a0\u0111\u1ea7u<\/strong><\/div>\n<div>\n<strong>Kh\u00f3a h\u1ecdc PRE-TOEIC<\/strong>\u00a0l\u00e0 kh\u00f3a h\u1ecdc TOEIC \u0111\u01b0\u1ee3c thi\u1ebft k\u1ebf d\u00e0nh cho \u0111\u1ed1i t\u01b0\u1ee3ng h\u1ecdc vi\u00ean mong mu\u1ed1n ti\u1ebfp c\u1eadn k\u00ec thi TOEIC nh\u01b0ng ch\u01b0a c\u00f3 ki\u1ebfn th\u1ee9c n\u1ec1n v\u1eefng\u00a0ch\u1eafc; mong mu\u1ed1n t\u1ea1o ti\u1ec1n \u0111\u1ec1 v\u00e0 c\u1ee7ng c\u1ed1 ki\u1ebfn th\u1ee9c \u0111\u1ec3 \u0111\u1ea1t \u0111\u01b0\u1ee3c m\u1ee9c \u0111i\u1ec3m m\u1ee5c ti\u00eau<\/div>\n<div><\/div>\n<div><strong>\u27a4\u00a0Form \u0110\u0103ng k\u00fd t\u01b0 v\u1ea5n Mi\u1ec5n ph\u00ed:\u00a0https:\/\/goo.gl\/Vf05lQ\u200b<\/strong><\/p>\n<p><b>1.\u00a0<\/b><strong>\u0110I\u1ec0U KI\u1ec6N \u0110\u1ea6U V\u00c0O:<\/strong>\u00a0Kh\u00f3a h\u1ecdc ph\u00f9 h\u1ee3p v\u1edbi nh\u1eefng ai\u00a0\u0111\u00e3 t\u1eebng h\u1ecdc Ti\u1ebfng Anh\u00a0\u1edf C\u1ea5p 3 ho\u1eb7c\u00a0\u1edf\u00a0\u0110\u1ea1i h\u1ecdc nh\u01b0ng ki\u1ebfn th\u1ee9c c\u01a1 b\u1ea3n ch\u01b0a v\u1eefng, kh\u1ea3 n\u0103ng\u00a0nghe\u00a0c\u00f2n y\u1ebfu. Kh\u00f4ng c\u1ea7n ki\u1ec3m tra tr\u00ecnh\u00a0\u0111\u1ed9\u00a0\u0111\u1ea7u v\u00e0o. (N\u1ebfu b\u1ea1n mu\u1ed1n ki\u1ec3m tra tr\u00ecnh \u0111\u1ed9 \u0111\u1ea7u v\u00e0o vui l\u00f2ng \u0111\u0103ng k\u00fd \u1edf Form \u0111\u0103ng k\u00fd x\u1ebfp l\u1edbp.)<\/p>\n<p><strong>L\u1ec7 ph\u00ed thi th\u1eed (n\u1ebfu c\u00f3): <\/strong>50.000 &#8211; Ho\u00e0n tr\u1ea3 khi b\u1ea1n\u00a0\u0111\u0103ng k\u00fd kh\u00f3a h\u1ecdc.<\/p>\n<p><strong>Th\u1eddi gian thi th\u1eed: <\/strong>9:00 AM th\u1ee9 3, Ch\u1ee7 \u00a0nh\u1eadt v\u00e0 2:30 PM th\u1ee9 5 h\u00e0ng tu\u1ea7n.<\/div>\n<div>\n<strong>2. M\u1ee4C TI\u00caU \u0110\u1ea6U RA:\u00a0300-350+ \u0111i\u1ec3m<\/strong>\u00a0<strong>(Ho\u1eb7c CAM K\u1ebeT<\/strong>\u00a0<strong>t\u0103ng\u00a0\u00edt nh\u1ea5t\u00a0150 &#8211; 200 \u0111i\u1ec3m\u00a0so v\u1edbi \u0111i\u1ec3m \u0111\u1ea7u v\u00e0o).\u00a0<\/strong><\/p>\n<p><strong>R\u1ea5t<\/strong>\u00a0n<strong>hi\u1ec1u h\u1ecdc vi\u00ean l\u1edbp Pre TOEIC t\u1ea1i Ms Hoa TOEIC\u00a0thi\u00a0\u0111\u1ea1t tr\u00ean 500\u00a0\u0111i\u1ec3m t\u1ea1i IIG Vi\u1ec7t Nam.\u00a0<\/strong><\/div>\n","protected":false},"excerpt":{"rendered":"<p>Gi\u1edbi thi\u1ec7u kh\u00f3a h\u1ecdc luy\u1ec7n thi TOEIC Pre TOEIC &#8211; Kh\u00f3a h\u1ecdc d\u00e0nh cho ng\u01b0\u1eddi m\u1edbi b\u1eaft\u00a0\u0111\u1ea7u Kh\u00f3a h\u1ecdc PRE-TOEIC\u00a0l\u00e0 kh\u00f3a h\u1ecdc TOEIC \u0111\u01b0\u1ee3c thi\u1ebft k\u1ebf d\u00e0nh cho \u0111\u1ed1i t\u01b0\u1ee3ng h\u1ecdc vi\u00ean mong mu\u1ed1n ti\u1ebfp c\u1eadn k\u00ec thi TOEIC nh\u01b0ng ch\u01b0a c\u00f3 ki\u1ebfn th\u1ee9c n\u1ec1n v\u1eefng\u00a0ch\u1eafc; mong mu\u1ed1n t\u1ea1o ti\u1ec1n \u0111\u1ec1 v\u00e0 c\u1ee7ng c\u1ed1 ki\u1ebfn [&#8230;]\n","protected":false},"author":5,"featured_media":0,"parent":0,"menu_order":0,"comment_status":"closed","ping_status":"closed","template":"page-right-sidebar.php","meta":[],"_links":{"self":[{"href":"https:\/\/webmaibinh.com\/w\/edu12011\/wp-json\/wp\/v2\/pages\/1002"}],"collection":[{"href":"https:\/\/webmaibinh.com\/w\/edu12011\/wp-json\/wp\/v2\/pages"}],"about":[{"href":"https:\/\/webmaibinh.com\/w\/edu12011\/wp-json\/wp\/v2\/types\/page"}],"author":[{"embeddable":true,"href":"https:\/\/webmaibinh.com\/w\/edu12011\/wp-json\/wp\/v2\/users\/5"}],"replies":[{"embeddable":true,"href":"https:\/\/webmaibinh.com\/w\/edu12011\/wp-json\/wp\/v2\/comments?post=1002"}],"version-history":[{"count":1,"href":"https:\/\/webmaibinh.com\/w\/edu12011\/wp-json\/wp\/v2\/pages\/1002\/revisions"}],"predecessor-version":[{"id":1003,"href":"https:\/\/webmaibinh.com\/w\/edu12011\/wp-json\/wp\/v2\/pages\/1002\/revisions\/1003"}],"wp:attachment":[{"href":"https:\/\/webmaibinh.com\/w\/edu12011\/wp-json\/wp\/v2\/media?parent=1002"}],"curies":[{"name":"wp","href":"https:\/\/api.w.org\/{rel}","templated":true}]}}