{"id":298,"date":"2020-02-03T08:29:42","date_gmt":"2020-02-03T08:29:42","guid":{"rendered":"http:\/\/trungtam.muathemewordpress.net\/?post_type=product&#038;p=298"},"modified":"2020-02-03T08:29:46","modified_gmt":"2020-02-03T08:29:46","slug":"khoa-hoc-tieng-nhat-online-n2","status":"publish","type":"product","link":"https:\/\/webmaibinh.com\/w\/edu102011\/san-pham\/khoa-hoc-tieng-nhat-online-n2\/","title":{"rendered":"Kho\u00e1 h\u1ecdc ti\u1ebfng Nh\u1eadt online N2"},"content":{"rendered":"<h2><span id=\"I_N2_JLPT_la_gi\" class=\"ez-toc-section\"><strong>I. N2 JLPT l\u00e0 g\u00ec?<\/strong><\/span><\/h2>\n<p><img loading=\"lazy\" class=\"aligncenter wp-image-1540 size-large lazyloaded\" src=\"http:\/\/trungtam.muathemewordpress.net\/wp-content\/uploads\/2020\/02\/khoa-hoc-tieng-nhat-online-n2-298.jpg\" sizes=\"(max-width: 1024px) 100vw, 1024px\" srcset=\"http:\/\/trungtam.muathemewordpress.net\/wp-content\/uploads\/2020\/02\/khoa-hoc-tieng-nhat-online-n2-298.jpg 1024w, https:\/\/riki.edu.vn\/wp-content\/uploads\/2019\/06\/Nx-JLPT-02-300x143.png 300w, https:\/\/riki.edu.vn\/wp-content\/uploads\/2019\/06\/Nx-JLPT-02-768x365.png 768w\" alt=\"\" width=\"1024\" height=\"487\" data-lazy-srcset=\"http:\/\/trungtam.muathemewordpress.net\/wp-content\/uploads\/2020\/02\/khoa-hoc-tieng-nhat-online-n2-298.jpg 1024w, https:\/\/riki.edu.vn\/wp-content\/uploads\/2019\/06\/Nx-JLPT-02-300x143.png 300w, https:\/\/riki.edu.vn\/wp-content\/uploads\/2019\/06\/Nx-JLPT-02-768x365.png 768w\" data-lazy-sizes=\"(max-width: 1024px) 100vw, 1024px\" data-lazy-src=\"http:\/\/trungtam.muathemewordpress.net\/wp-content\/uploads\/2020\/02\/khoa-hoc-tieng-nhat-online-n2-298.jpg\" data-was-processed=\"true\" \/><\/p>\n<blockquote><p>Japanese Language Proficiency Test (JLPT) l\u00e0 t\u00ean g\u1ecdi c\u1ee7a k\u1ef3 thi \u0111\u00e1nh gi\u00e1 n\u0103ng l\u1ef1c ti\u1ebfng Nh\u1eadt c\u1ee7a nh\u1eefng ai kh\u00f4ng ph\u1ea3i ng\u01b0\u1eddi Nh\u1eadt tr\u00ean th\u1ebf gi\u1edbi. JLPT \u0111\u01b0\u1ee3c chia th\u00e0nh 5 c\u1ea5p \u0111\u1ed9 t\u1eeb N5 t\u1edbi N1 (trong \u0111\u00f3 N5 l\u00e0 th\u1ea5p nh\u1ea5t v\u00e0 N1 l\u00e0 cao nh\u1ea5t).<\/p><\/blockquote>\n<p>N2 JLPT l\u00e0 tr\u00ecnh \u0111\u1ed9 ti\u1ebfng Nh\u1eadt \u1edf m\u1ee9c cao v\u00e0 n\u1eafm kh\u00e1 v\u1eefng ng\u00f4n ng\u1eef Nh\u1eadt.<\/p>\n<h2><span id=\"II_LO_TRINH_CHUAN_CHO_KHOA_HOC_ONLINE_N2_JLPT\" class=\"ez-toc-section\"><strong>II. L\u1ed8 TR\u00ccNH CHU\u1ea8N CHO KH\u00d3A H\u1eccC ONLINE N2 JLPT:<\/strong><\/span><\/h2>\n<p>L\u1ed9 tr\u00ecnh h\u1ecdc N2 s\u1ebd \u0111\u01b0\u1ee3c chia l\u00e0m 2 giai \u0111o\u1ea1n l\u00e0 N2 Junbi v\u00e0 N2 Taisaku.<\/p>\n<p>C\u00e1c b\u1ea1n c\u00f3 th\u1ec3 tham kh\u1ea3o video h\u01b0\u1edbng d\u1eabn h\u1ecdc N2 d\u01b0\u1edbi \u0111\u00e2y \u0111\u1ec3 n\u1eafm \u0111\u01b0\u1ee3c to\u00e0n b\u1ed9 l\u1ed9 tr\u00ecnh nh\u00e9:<\/p>\n<div class=\"rll-youtube-player\" data-id=\"ehk6o7bcxYw\" data-query=\"feature=oembed\">\n<div data-id=\"ehk6o7bcxYw\" data-query=\"feature=oembed\"><img loading=\"lazy\" class=\"lazyloaded\" src=\"http:\/\/trungtam.muathemewordpress.net\/wp-content\/uploads\/2020\/02\/khoa-hoc-tieng-nhat-online-n2-298-1.jpg\" width=\"480\" height=\"360\" data-lazy-src=\"http:\/\/trungtam.muathemewordpress.net\/wp-content\/uploads\/2020\/02\/khoa-hoc-tieng-nhat-online-n2-298-1.jpg\" data-was-processed=\"true\" \/><\/p>\n<div class=\"play\"><\/div>\n<\/div>\n<\/div>\n<h3><strong>1. N2 JUNBI<\/strong><\/h3>\n<p><em>L\u01b0\u1ee3ng ki\u1ebfn th\u1ee9c c\u1ea7n c\u00f3:<\/em><\/p>\n<ul>\n<li>Kho\u1ea3ng 1300 H\u00e1n t\u1ef1.<\/li>\n<li>1200 t\u1eeb v\u1ef1ng.<\/li>\n<li>350 d\u1ea1ng ng\u1eef ph\u00e1p.<\/li>\n<\/ul>\n<p>\u1ede giai \u0111o\u1ea1n n\u00e0y, b\u1ea1n n\u00ean ch\u1ecdn s\u00e1ch Kanji soumatome N2<\/p>\n<p><strong>a.T\u1eeb v\u1ef1ng:<\/strong><br \/>\nH\u1ecdc theo cu\u1ed1n Mimi kara oboeru N2 \u2013 cu\u1ed1n s\u00e1ch luy\u1ec7n t\u1eeb v\u1ef1ng \u201cth\u1ea7n th\u00e1nh\u201d b\u1edfi \u0111\u01b0\u1ee3c chia theo l\u1ed9 tr\u00ecnh c\u1ee7a m\u1ed9t cu\u1ed1n t\u1eeb \u0111i\u1ec3n r\u1ea5t l\u00e0 chi ti\u1ebft d\u00e0nh cho ban.<\/p>\n<p>*Shinkanzen master: \u0111\u01b0\u1ee3c chia th\u00e0nh c\u00e1c ch\u1ee7 \u0111\u1ec1 \u0111a d\u1ea1ng kh\u00e1c nhau, b\u1ea1n n\u00ean d\u00f9ng \u0111\u1ec3 h\u1ecdc k\u1ebft h\u1ee3p v\u1edbi Mimi kara oboeru N2 s\u1ebd hi\u1ec7u qu\u1ea3 t\u1ed1t h\u01a1n.<\/p>\n<p><strong>b.Ng\u1eef ph\u00e1p:<\/strong><br \/>\nV\u1edbi 350 m\u1eabu ng\u1eef ph\u00e1p, b\u1ea1n n\u00ean chia trung b\u00ecnh ra h\u1ecdc trong v\u00f2ng 2 th\u00e1ng, nh\u01b0 th\u1ebf m\u1ed7i ng\u00e0y b\u1ea1n ch\u1ec9 c\u1ea7n h\u1ecdc 5 m\u1eabu ng\u1eef ph\u00e1p m\u00e0 th\u00f4i.<br \/>\nB\u1ea1n c\u00f3 th\u1ec3 vi\u1ebft ng\u1eef ph\u00e1p ra m\u1ed9t t\u1eadp flashcard \u0111\u1ec3 c\u00f3 th\u1ec3 xem l\u1ea1i th\u01b0\u1eddng xuy\u00ean cho mau nh\u1edb.<\/p>\n<p><strong>c.Ph\u1ea7n \u0111\u1ecdc v\u00e0 nghe:<\/strong><\/p>\n<p>B\u1ea1n c\u00f3 th\u1ec3 \u0111\u1ec3 d\u00e0nh \u0111\u1ec3 \u00f4n ri\u00eang sau t\u1ea7m 2 th\u00e1ng \u00f4n t\u1eeb v\u1ef1ng v\u00e0 ng\u1eef ph\u00e1p nh\u00e9.<\/p>\n<h3><strong>2. N2 TAISAKU<\/strong><\/h3>\n<p>-S\u1ed1 video: 150 video.<\/p>\n<p>-Th\u1eddi l\u01b0\u1ee3ng: 15 \u2013 20 ph\u00fat.<\/p>\n<p>-L\u1ed9 tr\u00ecnh \u01b0\u1edbc l\u01b0\u1ee3ng: 1 -2 ti\u1ebfng m\u1ed9t ng\u00e0y, trong v\u00f2ng 2 th\u00e1ng.<\/p>\n<p>*N\u1ed9i dung:<\/p>\n<p><strong>V\u1ec1 t\u1eeb v\u1ef1ng, Kanji, ng\u1eef ph\u00e1p:<\/strong><\/p>\n<ul>\n<li>Luy\u1ec7n chi\u1ebfn thu\u1eadt thi.<\/li>\n<li>Ch\u1eefa 1000 c\u00e2u h\u1ecfi d\u1ec5 xu\u1ea5t hi\u1ec7n trong \u0111\u1ec1 thi, \u00e0 4 \u0111\u1ec1 luy\u1ec7n thi d\u1ef1 \u0111o\u00e1n \u0111\u1ec1 thi t\u1eeb v\u1ef1ng kanji ng\u1eef ph\u00e1p.<\/li>\n<\/ul>\n<p><strong>V\u1ec1 \u0111\u1ecdc hi\u1ec3u:<\/strong><\/p>\n<ul>\n<li>H\u1ecdc d\u1ecbch.<\/li>\n<li>Luy\u1ec7n l\u00e0m \u0111\u1ecdc hi\u1ec3u c\u00e1c d\u1ea1ng b\u00e0i c\u00f3 trong \u0111\u1ec1 thi.<\/li>\n<\/ul>\n<p><strong>Nghe hi\u1ec3u:<\/strong><\/p>\n<ul>\n<li>5 b\u00e0i l\u00fd thuy\u1ebft luy\u1ec7n thi mondai, c\u00e1ch x\u1eed l\u00fd v\u00e0 l\u00e0m b\u00e0i t\u1eebng d\u1ea1ng.<\/li>\n<li>2 b\u00e0i t\u1eadp gi\u1edbi thi\u1ec7u \u00e2m \u0111i\u1ec7u th\u01b0\u1eddng g\u1eb7p trong \u0111\u1ec1 thi.<\/li>\n<\/ul>\n<h2><span id=\"III_GIAO_TRINH_HOC_TAI_RIKI_NIHONGO\" class=\"ez-toc-section\"><strong>III. GI\u00c1O TR\u00ccNH H\u1eccC T\u1ea0I RIKI NIHONGO:<br \/>\n<\/strong><\/span><\/h2>\n<p><img loading=\"lazy\" class=\"aligncenter size-large wp-image-1106 lazyloaded\" src=\"http:\/\/trungtam.muathemewordpress.net\/wp-content\/uploads\/2020\/02\/khoa-hoc-tieng-nhat-online-n2-298-2.jpg\" sizes=\"(max-width: 1020px) 100vw, 1020px\" srcset=\"http:\/\/trungtam.muathemewordpress.net\/wp-content\/uploads\/2020\/02\/khoa-hoc-tieng-nhat-online-n2-298-2.jpg 1024w, https:\/\/riki.edu.vn\/wp-content\/uploads\/2019\/06\/41916781_331313417615910_7724682072664571904_n-300x225.jpg 300w, https:\/\/riki.edu.vn\/wp-content\/uploads\/2019\/06\/41916781_331313417615910_7724682072664571904_n-768x576.jpg 768w\" alt=\"\" width=\"1020\" height=\"765\" data-lazy-srcset=\"http:\/\/trungtam.muathemewordpress.net\/wp-content\/uploads\/2020\/02\/khoa-hoc-tieng-nhat-online-n2-298-2.jpg 1024w, https:\/\/riki.edu.vn\/wp-content\/uploads\/2019\/06\/41916781_331313417615910_7724682072664571904_n-300x225.jpg 300w, https:\/\/riki.edu.vn\/wp-content\/uploads\/2019\/06\/41916781_331313417615910_7724682072664571904_n-768x576.jpg 768w\" data-lazy-sizes=\"(max-width: 1020px) 100vw, 1020px\" data-lazy-src=\"http:\/\/trungtam.muathemewordpress.net\/wp-content\/uploads\/2020\/02\/khoa-hoc-tieng-nhat-online-n2-298-2.jpg\" data-was-processed=\"true\" \/><\/p>\n<ul>\n<li>Bao g\u1ed3m c\u00e1c gi\u00e1o tr\u00ecnh t\u1eeb v\u1ef1ng, ng\u1eef ph\u00e1p nh\u01b0: Mimikara oboeru, kanji soumatome\u2026<\/li>\n<li>T\u00e0i li\u1ec7u d\u00e0nh ri\u00eang cho kh\u00f3a h\u1ecdc ti\u1ebfng Nh\u1eadt N2 do gi\u00e1o vi\u00ean t\u1ef1 t\u1ed5ng h\u1ee3p v\u00e0 bi\u00ean so\u1ea1n t\u1eeb nhi\u1ec1u gi\u00e1o tr\u00ecnh kh\u00e1c nhau nh\u01b0: Kanji basic, kanji look and learn\u2026<\/li>\n<li>T\u00e0i li\u1ec7u luy\u1ec7n thi JLPT m\u1edbi nh\u1ea5t \u0111\u01b0\u1ee3c c\u1eadp nh\u1eadt qua c\u00e1c n\u0103m.<\/li>\n<\/ul>\n<h2><span id=\"IV_TRUNG_TAM_TIENG_NHAT_RIKI_NIHONGO\" class=\"ez-toc-section\"><b>IV. TRUNG T\u00c2M TI\u1ebeNG NH\u1eacT RIKI NIHONGO:<\/b><\/span><\/h2>\n<p><img loading=\"lazy\" class=\"aligncenter size-large wp-image-1594 lazyloaded\" src=\"http:\/\/trungtam.muathemewordpress.net\/wp-content\/uploads\/2020\/02\/khoa-hoc-tieng-nhat-online-n2-298-3.jpg\" sizes=\"(max-width: 1020px) 100vw, 1020px\" srcset=\"http:\/\/trungtam.muathemewordpress.net\/wp-content\/uploads\/2020\/02\/khoa-hoc-tieng-nhat-online-n2-298-3.jpg 1024w, https:\/\/riki.edu.vn\/wp-content\/uploads\/2019\/06\/46745fb83891ddcf8480-1-300x225.jpg 300w, https:\/\/riki.edu.vn\/wp-content\/uploads\/2019\/06\/46745fb83891ddcf8480-1-768x576.jpg 768w\" alt=\"Ti\u1ebfng nh\u1eadt N4 offline\" width=\"1020\" height=\"765\" data-lazy-srcset=\"http:\/\/trungtam.muathemewordpress.net\/wp-content\/uploads\/2020\/02\/khoa-hoc-tieng-nhat-online-n2-298-3.jpg 1024w, https:\/\/riki.edu.vn\/wp-content\/uploads\/2019\/06\/46745fb83891ddcf8480-1-300x225.jpg 300w, https:\/\/riki.edu.vn\/wp-content\/uploads\/2019\/06\/46745fb83891ddcf8480-1-768x576.jpg 768w\" data-lazy-sizes=\"(max-width: 1020px) 100vw, 1020px\" data-lazy-src=\"http:\/\/trungtam.muathemewordpress.net\/wp-content\/uploads\/2020\/02\/khoa-hoc-tieng-nhat-online-n2-298-3.jpg\" data-was-processed=\"true\" \/><\/p>\n<p>&nbsp;<\/p>\n","protected":false},"excerpt":{"rendered":"<p>I. N2 JLPT l\u00e0 g\u00ec? Japanese Language Proficiency Test (JLPT) l\u00e0 t\u00ean g\u1ecdi c\u1ee7a k\u1ef3 thi \u0111\u00e1nh gi\u00e1 n\u0103ng l\u1ef1c ti\u1ebfng Nh\u1eadt c\u1ee7a nh\u1eefng ai kh\u00f4ng ph\u1ea3i ng\u01b0\u1eddi Nh\u1eadt tr\u00ean th\u1ebf gi\u1edbi. JLPT \u0111\u01b0\u1ee3c chia th\u00e0nh 5 c\u1ea5p \u0111\u1ed9 t\u1eeb N5 t\u1edbi N1 (trong \u0111\u00f3 N5 l\u00e0 th\u1ea5p nh\u1ea5t v\u00e0 N1 l\u00e0 cao nh\u1ea5t). N2&#8230;<\/p>\n","protected":false},"featured_media":299,"comment_status":"open","ping_status":"closed","template":"","meta":[],"_links":{"self":[{"href":"https:\/\/webmaibinh.com\/w\/edu102011\/wp-json\/wp\/v2\/product\/298"}],"collection":[{"href":"https:\/\/webmaibinh.com\/w\/edu102011\/wp-json\/wp\/v2\/product"}],"about":[{"href":"https:\/\/webmaibinh.com\/w\/edu102011\/wp-json\/wp\/v2\/types\/product"}],"replies":[{"embeddable":true,"href":"https:\/\/webmaibinh.com\/w\/edu102011\/wp-json\/wp\/v2\/comments?post=298"}],"wp:featuredmedia":[{"embeddable":true,"href":"https:\/\/webmaibinh.com\/w\/edu102011\/wp-json\/wp\/v2\/media\/299"}],"wp:attachment":[{"href":"https:\/\/webmaibinh.com\/w\/edu102011\/wp-json\/wp\/v2\/media?parent=298"}],"curies":[{"name":"wp","href":"https:\/\/api.w.org\/{rel}","templated":true}]}}