{"id":284,"date":"2020-02-03T08:28:15","date_gmt":"2020-02-03T08:28:15","guid":{"rendered":"http:\/\/trungtam.muathemewordpress.net\/?post_type=product&#038;p=284"},"modified":"2020-02-03T08:28:19","modified_gmt":"2020-02-03T08:28:19","slug":"khoa-hoc-tieng-nhat-online-n3","status":"publish","type":"product","link":"https:\/\/webmaibinh.com\/w\/edu102011\/san-pham\/khoa-hoc-tieng-nhat-online-n3\/","title":{"rendered":"Kho\u00e1 h\u1ecdc ti\u1ebfng Nh\u1eadt online N3"},"content":{"rendered":"<h2><span id=\"I_N3_JLPT_la_gi\" class=\"ez-toc-section\"><strong>I. N3 JLPT l\u00e0 g\u00ec?<\/strong><\/span><\/h2>\n<h2><img loading=\"lazy\" class=\"aligncenter wp-image-949 size-large lazyloaded\" src=\"http:\/\/trungtam.muathemewordpress.net\/wp-content\/uploads\/2020\/02\/auto-draft-284.jpg\" sizes=\"(max-width: 1024px) 100vw, 1024px\" srcset=\"http:\/\/trungtam.muathemewordpress.net\/wp-content\/uploads\/2020\/02\/auto-draft-284.jpg 1024w, https:\/\/riki.edu.vn\/wp-content\/uploads\/2019\/06\/Nx-JLPT-01-300x146.png 300w, https:\/\/riki.edu.vn\/wp-content\/uploads\/2019\/06\/Nx-JLPT-01-768x373.png 768w\" alt=\"\" width=\"1024\" height=\"498\" data-lazy-srcset=\"http:\/\/trungtam.muathemewordpress.net\/wp-content\/uploads\/2020\/02\/auto-draft-284.jpg 1024w, https:\/\/riki.edu.vn\/wp-content\/uploads\/2019\/06\/Nx-JLPT-01-300x146.png 300w, https:\/\/riki.edu.vn\/wp-content\/uploads\/2019\/06\/Nx-JLPT-01-768x373.png 768w\" data-lazy-sizes=\"(max-width: 1024px) 100vw, 1024px\" data-lazy-src=\"http:\/\/trungtam.muathemewordpress.net\/wp-content\/uploads\/2020\/02\/auto-draft-284.jpg\" data-was-processed=\"true\" \/><\/h2>\n<blockquote><p><em><strong>\u201cN3 l\u00e0 m\u1ed9t trong nh\u1eefng tr\u00ecnh \u0111\u1ed9 \u0111\u00e1nh gi\u00e1 n\u0103ng l\u1ef1c ng\u01b0\u1eddi h\u1ecdc th\u00f4ng qua m\u1ed9t cu\u1ed9c thi mang t\u00ean JLPT \u2013 Japanese Language Proficiency Test. \u201c<\/strong><\/em><\/p><\/blockquote>\n<p>B\u00e0i thi JLPT \u0111\u01b0\u1ee3c thi\u1ebft k\u1ebf theo tr\u00ecnh \u0111\u1ed9 t\u1eeb N5 \u0111\u1ebfn N1, trong \u0111\u00f3 tr\u00ecnh \u0111\u1ed9 N5, N4 \u00a0l\u00e0 s\u01a1 c\u1ea5p cho ng\u01b0\u1eddi m\u1edbi b\u1eaft \u0111\u1ea7u, v\u00e0 N2, N1 l\u00e0 tr\u00ecnh \u0111\u1ed9 \u0111\u00e1nh gi\u00e1 n\u0103ng l\u1ef1c cao nh\u1ea5t.<\/p>\n<h3><strong>H\u1ecdc ti\u1ebfng Nh\u1eadt online N3 trong bao l\u00e2u?<\/strong><\/h3>\n<p>N\u1ebfu h\u1ecdc t\u1ea1i trung t\u00e2m th\u00ec theo \u0111\u00fang l\u1ed9 tr\u00ecnh b\u1ea1n s\u1ebd m\u1ea5t kho\u1ea3ng 6 th\u00e1ng \u0111\u1ec3 h\u1ecdc xong kh\u00f3a h\u1ecdc. Nh\u01b0ng v\u1edbi kh\u00f3a h\u1ecdc online t\u1ea1i Riki th\u00ec th\u1eddi gian h\u1ecdc c\u1ee7a b\u1ea1n \u0111\u01b0\u1ee3c r\u00fat ng\u1eafn ch\u1ec9 c\u00f2n 3 \u2013 4 th\u00e1ng l\u00e0 b\u1ea1n \u0111\u00e3 h\u1ecdc xong.<\/p>\n<p>Nh\u01b0ng quan tr\u1ecdng nh\u1ea5t v\u1eabn l\u00e0 b\u1ea3n th\u00e2n b\u1ea1n. B\u1ea1n c\u1ea7n li\u00ean t\u1ee5c h\u1ecdc, h\u1ecdc ch\u0103m ch\u1ec9 m\u1ed7i ng\u00e0y v\u00ec n\u1ebfu l\u01b0\u1eddi 1 ng\u00e0y ti\u1ebfn \u0111\u1ed9 b\u00e0i h\u1ecdc s\u1ebd theo \u0111\u00f3 m\u00e0 ch\u1eadm th\u00eam 1 ng\u00e0y. C\u1ed1 g\u1eafng l\u00ean b\u1ea1n nh\u00e9!<\/p>\n<h2><span id=\"II_BAT_MI_KINH_NGHIEM_HOC_TIENG_NHAT_N3_ONLINE_DAC_BIET_TAI_RIKI\" class=\"ez-toc-section\"><strong>II. \u201cB\u1eacT M\u00cd\u201d KINH NGHI\u1ec6M H\u1eccC TI\u1ebeNG NH\u1eacT N3 ONLINE \u0110\u1eb6C BI\u1ec6T T\u1ea0I RIKI<\/strong><\/span><\/h2>\n<blockquote class=\"wp-block-quote\"><p><strong><em>\u201c\u0110\u1ec3 x\u00e2y m\u1ed9t ng\u00f4i nh\u00e0, nh\u1eefng ng\u01b0\u1eddi th\u1ee3 d\u00e0nh c\u1ea3 th\u00e1ng tr\u1eddi ch\u1ec9 \u0111\u1ec3 x\u00e2y ph\u1ea7n m\u00f3ng nh\u00e0 r\u1ed3i sau \u0111\u00f3 m\u1edbi x\u00e2y nh\u1eefng b\u1ee9c t\u01b0\u1eddng, m\u00e1i nh\u00e0 \u0111\u1ec3 che ch\u1eafn v\u00e0 l\u00e0m nh\u00e0 \u0111\u1eb9p h\u01a1n.\u201d<\/em><\/strong><\/p><\/blockquote>\n<p><strong>H\u1eccC TI\u1ebeNG NH\u1eacT C\u0168NG V\u1eacY!<\/strong><\/p>\n<ul>\n<li><strong>B\u1eaft \u0111\u1ea7u t\u1eeb x\u00e2y m\u00f3ng<\/strong><\/li>\n<\/ul>\n<p>B\u1ea1n \u00f4n luy\u1ec7n k\u1ef9 t\u1eeb v\u1ef1ng, h\u00e1n t\u1ef1, ng\u1eef ph\u00e1p, ph\u00e2n t\u00edch c\u00e2u. C\u00e1i ch\u00fang ta h\u1ecdc \u1edf \u0111\u00e2y l\u00e0 h\u1ecdc cho \u0111\u00fang v\u00e0 \u0111\u1ee7.<\/p>\n<ul>\n<li><strong>X\u00e2y m\u00e1i nh\u00e0<\/strong><\/li>\n<\/ul>\n<p>\u0110\u1ed1i v\u1edbi nh\u1eefng b\u1ea1n mu\u1ed1n cho qu\u00e1 tr\u00ecnh n\u00e0y nhanh v\u00e0 hi\u1ec7u qu\u1ea3 h\u01a1n, th\u00ec b\u1ea1n c\u00f3 th\u1ec3 t\u00ecm \u0111\u1ebfn v\u1edbi c\u00e1c trung t\u00e2m ti\u1ebfng Nh\u1eadt.<\/p>\n<blockquote class=\"wp-block-quote\"><p>V\u00ed d\u1ee5 \u1edf Riki th\u00ec \u0111\u1ec3 \u00f4n v\u1eefng c\u00e1c giai \u0111o\u1ea1n tr\u00ean s\u1ebd di\u1ec5n ra trong kho\u1ea3ng t\u1eeb 2 \u0111\u1ebfn 2, 5 th\u00e1ng.<\/p><\/blockquote>\n<p><img loading=\"lazy\" class=\"aligncenter size-full wp-image-4362 lazyloaded\" src=\"http:\/\/trungtam.muathemewordpress.net\/wp-content\/uploads\/2020\/02\/auto-draft-284-1.jpg\" sizes=\"(max-width: 1000px) 100vw, 1000px\" srcset=\"http:\/\/trungtam.muathemewordpress.net\/wp-content\/uploads\/2020\/02\/auto-draft-284-1.jpg 1000w, https:\/\/riki.edu.vn\/wp-content\/uploads\/2019\/07\/dcb056a9-a85c-47ec-8962-9ab1175b8833-300x225.jpg 300w, https:\/\/riki.edu.vn\/wp-content\/uploads\/2019\/07\/dcb056a9-a85c-47ec-8962-9ab1175b8833-768x576.jpg 768w\" alt=\"\" width=\"1000\" height=\"750\" data-lazy-srcset=\"http:\/\/trungtam.muathemewordpress.net\/wp-content\/uploads\/2020\/02\/auto-draft-284-1.jpg 1000w, https:\/\/riki.edu.vn\/wp-content\/uploads\/2019\/07\/dcb056a9-a85c-47ec-8962-9ab1175b8833-300x225.jpg 300w, https:\/\/riki.edu.vn\/wp-content\/uploads\/2019\/07\/dcb056a9-a85c-47ec-8962-9ab1175b8833-768x576.jpg 768w\" data-lazy-sizes=\"(max-width: 1000px) 100vw, 1000px\" data-lazy-src=\"http:\/\/trungtam.muathemewordpress.net\/wp-content\/uploads\/2020\/02\/auto-draft-284-1.jpg\" data-was-processed=\"true\" \/><\/p>\n<p><em>M\u1ed9t gi\u1edd h\u1ecdc vui t\u1ea1i trung t\u00e2m Riki Nihongo v\u1edbi gi\u00e1o vi\u00ean ng\u01b0\u1eddi Nh\u1eadt<\/em><\/p>\n<ul>\n<li><strong>Ti\u1ebfp theo \u00f4n t\u1eeb v\u1ef1ng<\/strong><\/li>\n<\/ul>\n<p>H\u1ecdc b\u1eb1ng flashcard: b\u1ea1n c\u00f3 th\u1ec3 t\u1ef1 c\u1eaft gi\u1ea5y l\u00e0m flashcard, ho\u1eb7c tham kh\u1ea3o c\u00e1c app h\u1ecdc flashcard r\u1ea5t ti\u1ec7n l\u1ee3i nh\u01b0 quizlet v\u00e0 memrise. Hai \u1ee9ng d\u1ee5ng n\u00e0y gi\u00fap b\u1ea1n h\u1ecdc \u0111\u01b0\u1ee3c nhi\u1ec1u t\u1eeb v\u1ef1ng m\u1ed9t l\u00fac, v\u00e0 t\u1ef1 \u0111\u1ed9ng l\u01b0u l\u1ea1i nh\u1eefng t\u1eeb v\u1ef1ng b\u1ea1n qu\u00ean \u0111\u1ec3 nh\u1eafc b\u1ea1n th\u01b0\u1eddng xuy\u00ean.<\/p>\n<ul>\n<li><strong>R\u1ed3i \u0111\u1ebfn Kanji<\/strong><\/li>\n<\/ul>\n<blockquote class=\"wp-block-quote\"><p>H\u00e3y h\u1ecdc qua c\u00e2u chuy\u1ec7n \u0111\u1ec3 nh\u1edb l\u00e2u h\u01a1n. V\u00ec c\u00e0ng l\u00ean cao b\u1ea1n c\u00e0ng ph\u1ea3i h\u1ecdc nhi\u1ec1u ch\u1eef kanji ph\u1ee9c t\u1ea1p h\u01a1n.<\/p><\/blockquote>\n<p>V\u00ed d\u1ee5 nh\u01b0 m\u1ed9t l\u1edbp h\u1ecdc Kanji online t\u1ea1i Riki nh\u01b0 th\u1ebf n\u00e0y:<\/p>\n<figure class=\"wp-block-embed-youtube wp-block-embed is-type-video is-provider-youtube wp-embed-aspect-16-9 wp-has-aspect-ratio\">\n<div class=\"wp-block-embed__wrapper\">\n<div class=\"rll-youtube-player\" data-id=\"85JDXtaJHJA\" data-query=\"feature=oembed\">\n<div data-id=\"85JDXtaJHJA\" data-query=\"feature=oembed\"><img loading=\"lazy\" class=\"lazyloaded\" src=\"http:\/\/trungtam.muathemewordpress.net\/wp-content\/uploads\/2020\/02\/auto-draft-284-2.jpg\" width=\"480\" height=\"360\" data-lazy-src=\"http:\/\/trungtam.muathemewordpress.net\/wp-content\/uploads\/2020\/02\/auto-draft-284-2.jpg\" data-was-processed=\"true\" \/><\/p>\n<div class=\"play\"><\/div>\n<\/div>\n<\/div>\n<\/div>\n<\/figure>\n<ul>\n<li><strong>Ng\u1eef ph\u00e1p<\/strong><\/li>\n<\/ul>\n<p>B\u1ea1n h\u00e3y coi n\u00f3 l\u00e0 t\u1eeb v\u1ef1ng \u0111\u1ec3 ghi nh\u1edb n\u00f3 , v\u00e0 sau \u0111\u00f3 l\u00e0m th\u1eadt nhi\u1ec1u b\u00e0i t\u1eadp. v\u00e0 ng\u1eef ph\u00e1p \u0111\u1ec3 th\u1eadt th\u00e0nh th\u1ea1o.<\/p>\n<p>V\u00ed d\u1ee5 li\u00ean quan \u0111\u1ebfn n4: N\u306b\u3059\u308b\u30fc\uff1eV\u308b\u3053\u3068\u306b\u3059\u308b<\/p>\n<p>\u95a2\u3059\u308b\uff1a\u3000\u306b\u95a2\u3059\u308b<\/p>\n<ul>\n<li><strong>\u0110\u1ecdc hi\u1ec3u<\/strong><\/li>\n<\/ul>\n<p>H\u1ecdc t\u1eeb c\u1ea5u t\u1ea1o c\u00e2u, t\u1eadp d\u1ecbch, ph\u1ea3i d\u1ecbch \u0111\u00fang b\u1ea1n m\u1edbi c\u00f3 th\u1ec3 l\u00e0m \u0111\u00fang \u0111\u01b0\u1ee3c.<\/p>\n<p><em>=&gt; B\u1ea1n c\u00f3 th\u1ec3 kh\u1ea3o chu\u1ed7i b\u00e0i gi\u1ea3ng d\u1ea1y d\u1ecbch mi\u1ec5n ph\u00ed c\u1ee7a Riki tr\u00ean youtube:<\/em><\/p>\n<p><iframe class=\"lazyloaded\" src=\"https:\/\/www.youtube.com\/embed\/videoseries?list=PLP_AG3822jrlx_Hv9aS_DNlTm52sUPokQ\" width=\"1020\" height=\"574\" frameborder=\"0\" allowfullscreen=\"allowfullscreen\" data-rocket-lazyload=\"fitvidscompatible\" data-lazy-src=\"https:\/\/www.youtube.com\/embed\/videoseries?list=PLP_AG3822jrlx_Hv9aS_DNlTm52sUPokQ\" data-was-processed=\"true\" data-mce-fragment=\"1\"><\/iframe><\/p>\n<p><em><strong>\u201cB\u1eadt m\u00ed\u201d th\u00eam c\u00e1c tip h\u1ecdc \u0111\u1ecdc hi\u1ec3u c\u1ef1c hay t\u1ea1i Riki:<\/strong><\/em><\/p>\n<figure class=\"wp-block-embed-youtube wp-block-embed is-type-video is-provider-youtube wp-embed-aspect-16-9 wp-has-aspect-ratio\">\n<div class=\"wp-block-embed__wrapper\">\n<div class=\"rll-youtube-player\" data-id=\"DMzB3en46us\" data-query=\"feature=oembed\">\n<div data-id=\"DMzB3en46us\" data-query=\"feature=oembed\"><img loading=\"lazy\" class=\"lazyloaded\" src=\"http:\/\/trungtam.muathemewordpress.net\/wp-content\/uploads\/2020\/02\/auto-draft-284-3.jpg\" width=\"480\" height=\"360\" data-lazy-src=\"http:\/\/trungtam.muathemewordpress.net\/wp-content\/uploads\/2020\/02\/auto-draft-284-3.jpg\" data-was-processed=\"true\" \/><\/p>\n<div class=\"play\"><\/div>\n<\/div>\n<\/div>\n<\/div>\n<\/figure>\n<ul>\n<li><strong>C\u00e1ch luy\u1ec7n nghe<\/strong><\/li>\n<\/ul>\n<p>Ph\u01b0\u01a1ng ph\u00e1p shadowing \u2014&gt; t\u1eadp quen \u00e2m \u0111i\u1ec7u \u2014&gt; nghe file s\u00e1ch<\/p>\n<blockquote class=\"wp-block-quote\"><p><em><strong>Shadowing l\u00e0 m\u1ed9t ph\u01b0\u01a1ng ph\u00e1p tuy\u1ec7t v\u1eddi, b\u1eb1ng c\u00e1ch b\u1eaft ch\u01b0\u1edbc l\u1eb7p \u0111i l\u1eb7p l\u1ea1i nh\u1eefng g\u00ec c\u00f3 trong t\u00e0i li\u1ec7u luy\u1ec7n nghe, ph\u01b0\u01a1ng ph\u00e1p n\u00e0y s\u1ebd gi\u00fap b\u1ea1n b\u1eaft \u00e2m khi nghe t\u1ed1t h\u01a1n.<\/strong><\/em><\/p><\/blockquote>\n<p><strong>\u0110\u1eb6C BI\u1ec6T\u2026<\/strong>\u00a0\u2026ph\u01b0\u01a1ng ph\u00e1p n\u00e0y c\u0169ng gi\u00fap b\u1ea1n giao ti\u1ebfp t\u1ed1t l\u00ean m\u00e0 kh\u00f4ng c\u1ea7n ph\u1ea3i \u0111i Nh\u1eadt hay \u0111\u1ebfn l\u1edbp h\u1ecdc v\u1edbi gi\u00e1o vi\u00ean Nh\u1eadt.<\/p>\n<h2><span id=\"III_KHOA_HOC_TIENG_NHAT_N3_ONLINE_TAI_RIKI_NIHONGO\" class=\"ez-toc-section\"><strong>III. KH\u00d3A H\u1eccC TI\u1ebeNG NH\u1eacT N3 ONLINE T\u1ea0I RIKI NIHONGO<\/strong><\/span><\/h2>\n<h3><strong>V\u1ec1 kh\u00f3a h\u1ecdc ti\u1ebfng nh\u1eadt N3 online\u00a0<\/strong><\/h3>\n<p><img loading=\"lazy\" class=\"aligncenter wp-image-1528 size-full lazyloaded\" src=\"http:\/\/trungtam.muathemewordpress.net\/wp-content\/uploads\/2020\/02\/auto-draft-284-4.jpg\" sizes=\"(max-width: 960px) 100vw, 960px\" srcset=\"http:\/\/trungtam.muathemewordpress.net\/wp-content\/uploads\/2020\/02\/auto-draft-284-4.jpg 960w, https:\/\/riki.edu.vn\/wp-content\/uploads\/2019\/06\/53684114_2084709471609208_5486848680877096960_n-150x150.png 150w, https:\/\/riki.edu.vn\/wp-content\/uploads\/2019\/06\/53684114_2084709471609208_5486848680877096960_n-300x300.png 300w, https:\/\/riki.edu.vn\/wp-content\/uploads\/2019\/06\/53684114_2084709471609208_5486848680877096960_n-768x768.png 768w\" alt=\"\" width=\"960\" height=\"960\" data-lazy-srcset=\"http:\/\/trungtam.muathemewordpress.net\/wp-content\/uploads\/2020\/02\/auto-draft-284-4.jpg 960w, https:\/\/riki.edu.vn\/wp-content\/uploads\/2019\/06\/53684114_2084709471609208_5486848680877096960_n-150x150.png 150w, https:\/\/riki.edu.vn\/wp-content\/uploads\/2019\/06\/53684114_2084709471609208_5486848680877096960_n-300x300.png 300w, https:\/\/riki.edu.vn\/wp-content\/uploads\/2019\/06\/53684114_2084709471609208_5486848680877096960_n-768x768.png 768w\" data-lazy-sizes=\"(max-width: 960px) 100vw, 960px\" data-lazy-src=\"http:\/\/trungtam.muathemewordpress.net\/wp-content\/uploads\/2020\/02\/auto-draft-284-4.jpg\" data-was-processed=\"true\" \/><strong>Kh\u00f3a h\u1ecdc ti\u1ebfng nh\u1eadt online N3<\/strong>\u00a0\u0111\u01b0\u1ee3c chia th\u00e0nh 2 ph\u1ea7n ch\u00ednh l\u00e0 N3 JUNBI V\u00c0 N3 TAISAKU, trong \u0111\u00f3:<\/p>\n<ul>\n<li>N3 online JUNBI ph\u00f9 h\u1ee3p cho ng\u01b0\u1eddi h\u1ecdc xong N4.<\/li>\n<li>N3 online TAISAKU cho ng\u01b0\u1eddi \u0111\u00e3 c\u00f3 n\u1ec1n t\u1ea3ng N3 t\u1eeb tr\u01b0\u1edbc.<\/li>\n<\/ul>\n","protected":false},"excerpt":{"rendered":"<p>I. N3 JLPT l\u00e0 g\u00ec? \u201cN3 l\u00e0 m\u1ed9t trong nh\u1eefng tr\u00ecnh \u0111\u1ed9 \u0111\u00e1nh gi\u00e1 n\u0103ng l\u1ef1c ng\u01b0\u1eddi h\u1ecdc th\u00f4ng qua m\u1ed9t cu\u1ed9c thi mang t\u00ean JLPT \u2013 Japanese Language Proficiency Test. \u201c B\u00e0i thi JLPT \u0111\u01b0\u1ee3c thi\u1ebft k\u1ebf theo tr\u00ecnh \u0111\u1ed9 t\u1eeb N5 \u0111\u1ebfn N1, trong \u0111\u00f3 tr\u00ecnh \u0111\u1ed9 N5, N4 \u00a0l\u00e0 s\u01a1 c\u1ea5p cho&#8230;<\/p>\n","protected":false},"featured_media":285,"comment_status":"open","ping_status":"closed","template":"","meta":[],"_links":{"self":[{"href":"https:\/\/webmaibinh.com\/w\/edu102011\/wp-json\/wp\/v2\/product\/284"}],"collection":[{"href":"https:\/\/webmaibinh.com\/w\/edu102011\/wp-json\/wp\/v2\/product"}],"about":[{"href":"https:\/\/webmaibinh.com\/w\/edu102011\/wp-json\/wp\/v2\/types\/product"}],"replies":[{"embeddable":true,"href":"https:\/\/webmaibinh.com\/w\/edu102011\/wp-json\/wp\/v2\/comments?post=284"}],"wp:featuredmedia":[{"embeddable":true,"href":"https:\/\/webmaibinh.com\/w\/edu102011\/wp-json\/wp\/v2\/media\/285"}],"wp:attachment":[{"href":"https:\/\/webmaibinh.com\/w\/edu102011\/wp-json\/wp\/v2\/media?parent=284"}],"curies":[{"name":"wp","href":"https:\/\/api.w.org\/{rel}","templated":true}]}}