{"id":201,"date":"2020-01-02T16:01:01","date_gmt":"2020-01-02T16:01:01","guid":{"rendered":"http:\/\/trungtam.muathemewordpress.net\/?page_id=201"},"modified":"2020-01-03T10:11:40","modified_gmt":"2020-01-03T10:11:40","slug":"gioi-thieu","status":"publish","type":"page","link":"https:\/\/webmaibinh.com\/w\/edu102011\/gioi-thieu\/","title":{"rendered":"Gi\u1edbi thi\u1ec7u"},"content":{"rendered":"\n<p>Khoa Y D\u01b0\u1ee3c \u0111\u01b0\u1ee3c Gi\u00e1m \u0111\u1ed1c \u0110\u1ea1i h\u1ecdc Qu\u1ed1c Gia H\u00e0 N\u1ed9i (\u0110HQGHN) th\u00e0nh l\u1eadp theo Quy\u1ebft \u0111\u1ecbnh s\u1ed1 1507\/Q\u0110-TCCB ng\u00e0y 20\/5\/2010, tr\u00ean c\u01a1 s\u1edf k\u1ebf th\u1eeba truy\u1ec1n th\u1ed1ng v\u00e0 ti\u1ebfp n\u1ed1i l\u1ecbch s\u1eed ph\u00e1t tri\u1ec3n c\u1ee7a \u0110\u1ea1i h\u1ecdc \u0110\u00f4ng D\u01b0\u01a1ng \u2013 ti\u1ec1n th\u00e2n c\u1ee7a \u0110HQGHN, trong \u0111\u00f3 c\u00f3 Tr\u01b0\u1eddng Cao \u0111\u1eb3ng Y khoa (Ecole sup\u00e9rieure de M\u00e9decine &#8211; 1906) c\u0169ng nh\u01b0 \u0111\u1ec3 \u0111\u00e1p \u1ee9ng y\u00eau c\u1ea7u ph\u00e1t tri\u1ec3n c\u1ee7a \u0110HQGHN th\u00e0nh trung t\u00e2m \u0111\u1ea1i h\u1ecdc \u0111a ng\u00e0nh, \u0111a l\u0129nh v\u1ef1c theo xu th\u1ebf h\u1ed9i nh\u1eadp qu\u1ed1c t\u1ebf c\u1ee7a \u0111\u1ea5t n\u01b0\u1edbc.<\/p>\n<p>M\u1eb7c d\u00f9 l\u00e0 m\u1ed9t c\u01a1 s\u1edf \u0111\u00e0o t\u1ea1o \u0111\u1ea1i h\u1ecdc y d\u01b0\u1ee3c c\u00f2n non tr\u1ebb, nh\u01b0ng \u0111\u01b0\u1ee3c s\u1ef1 quan t\u00e2m \u0111\u1ea7u t\u01b0 v\u00e0 chi\u1ebfn l\u01b0\u1ee3c ph\u00e1t tri\u1ec3n d\u1ef1a tr\u00ean ngu\u1ed3n l\u1ef1c s\u1eb5n c\u00f3 v\u1ec1 \u0111\u1ed9i ng\u0169 v\u00e0 c\u01a1 s\u1edf v\u1eadt ch\u1ea5t d\u00f9ng chung c\u1ee7a \u0110HQGHN, ch\u1ec9 sau 2 n\u0103m th\u00e0nh l\u1eadp, Khoa Y D\u01b0\u1ee3c \u0111\u00e3 ho\u00e0n thi\u1ec7n v\u1ec1 c\u01a1 b\u1ea3n c\u00e1c \u0111i\u1ec1u ki\u1ec7n c\u01a1 s\u1edf h\u1ea1 t\u1ea7ng, trang thi\u1ebft b\u1ecb \u0111\u1ea3m b\u1ea3o ch\u1ea5t l\u01b0\u1ee3ng \u0111\u00e0o t\u1ea1o, tuy\u1ec3n sinh v\u00e0 t\u1ed5 ch\u1ee9c gi\u1ea3ng d\u1ea1y c\u00e1c kh\u00f3a \u0111\u1ea7u ti\u00ean c\u1ee7a 2 ng\u00e0nh Y (B\u00e1c s\u0129) \u0111a khoa v\u00e0 D\u01b0\u1ee3c h\u1ecdc.<\/p>\n<p>V\u1edbi s\u1ee9 m\u1ec7nh \u0111\u00e0o t\u1ea1o ngu\u1ed3n nh\u00e2n l\u1ef1c y t\u1ebf ch\u1ea5t l\u01b0\u1ee3ng cao, b\u1ed3i d\u01b0\u1ee1ng nh\u00e2n t\u00e0i d\u1ef1a v\u00e0o nghi\u00ean c\u1ee9u, tr\u00ean n\u1ec1n t\u1ea3ng khoa h\u1ecdc c\u01a1 b\u1ea3n v\u1eefng ch\u1eafc, c\u00f4ng ngh\u1ec7 cao v\u00e0 kinh t\u1ebf &#8211; x\u00e3 h\u1ed9i m\u0169i nh\u1ecdn, \u0111\u00f3ng g\u00f3p t\u00edch c\u1ef1c trong \u0111\u1ed5i m\u1edbi h\u1ec7 th\u1ed1ng gi\u00e1o d\u1ee5c \u0111\u1ea1i h\u1ecdc Y, D\u01b0\u1ee3c \u1edf Vi\u1ec7t Nam. Khoa Y D\u01b0\u1ee3c x\u00e1c \u0111\u1ecbnh m\u1ee5c ti\u00eau ph\u00e1t tri\u1ec3n th\u00e0nh tr\u01b0\u1eddng \u0111\u1ea1i h\u1ecdc \u0111\u1ecbnh h\u01b0\u1edbng nghi\u00ean c\u1ee9u, thu\u1ed9c nh\u00f3m \u0111\u1ea1i h\u1ecdc ti\u00ean ti\u1ebfn trong khu v\u1ef1c, \u0111\u00f3ng g\u00f3p v\u00e0o s\u1ef1 nghi\u1ec7p ch\u0103m s\u00f3c s\u1ee9c kh\u1ecfe nh\u00e2n d\u00e2n, ph\u00e1t tri\u1ec3n n\u1ec1n khoa h\u1ecdc s\u1ee9c kh\u1ecfe c\u1ee7a \u0111\u1ea5t n\u01b0\u1edbc c\u0169ng nh\u01b0 g\u00f3p ph\u1ea7n ho\u00e0n thi\u1ec7n m\u00f4 h\u00ecnh \u0111\u1ea1i h\u1ecdc \u0111a ng\u00e0nh, \u0111a l\u0129nh v\u1ef1c,\u00a0d\u1ef1a tr\u00ean n\u1ec1n t\u1ea3ng khoa h\u1ecdc c\u01a1 b\u1ea3n v\u00e0 c\u00f4ng ngh\u1ec7 cao, h\u1ed9i nh\u1eadp nhanh v\u00e0 to\u00e0n di\u1ec7n v\u00e0o m\u00e1i nh\u00e0 chung c\u1ee7a \u0110HQGHN.<\/p>\n<p>N\u0103m 2012, Khoa l\u1ea7n \u0111\u1ea7u ti\u00ean t\u1ed5 ch\u1ee9c th\u00e0nh c\u00f4ng tuy\u1ec3n sinh kh\u00f3a \u0111\u1ea7u ti\u00ean hai ng\u00e0nh Y \u0110a khoa v\u00e0 D\u01b0\u1ee3c h\u1ecdc v\u1edbi ch\u1ec9 ti\u00eau 50 sinh vi\u00ean m\u1ed7i ng\u00e0nh. V\u1edbi \u0111\u1ed9i ng\u0169 gi\u00e1o vi\u00ean tr\u00ecnh \u0111\u1ed9 cao v\u00e0 l\u00e0 \u0111\u1ed1i t\u00e1c c\u1ee7a r\u1ea5t nhi\u1ec1u c\u00e1c c\u01a1 s\u1edf b\u1ec7nh vi\u1ec7n l\u1edbn tr\u00ean \u0111\u1ecba b\u00e0n, l\u00e0 c\u01a1 s\u1edf \u0111\u1ec3 c\u00e1c sinh vi\u00ean c\u00f3 \u0111\u01b0\u1ee3c \u0111i\u1ec1u ki\u1ec7n \u0111\u00e0o t\u1ea1o c\u0169ng nh\u01b0 th\u1ef1c h\u00e0nh ch\u1ea5t l\u01b0\u1ee3ng<\/p>\n<p>N\u0103m 2014, Sau hai n\u0103m h\u1ecdc t\u1eadp v\u00e0 l\u00e0m vi\u1ec7c t\u1ea1i c\u00e1c c\u01a1 s\u1edf \u0111\u00e0o t\u1ea1o chung trong \u0110HQGHN, Khoa Y D\u01b0\u1ee3c \u0111\u00e3 ho\u00e0n thi\u1ec7n c\u01a1 s\u1edf v\u1eadt ch\u1ea5t t\u1ea1i Nh\u00e0 Y1, 144 Xu\u00e2n Th\u1ee7y, C\u1ea7u Gi\u1ea5y, HN g\u1ed3m 7 t\u1ea7ng v\u1edbi di\u1ec7n t\u00edch m\u1eb7t s\u00e0n 4000 m2, v\u1edbi kh\u1ed1i v\u0103n ph\u00f2ng, gi\u1ea3ng \u0111\u01b0\u1eddng v\u00e0 h\u1ec7 th\u1ed1ng PTN trang b\u1ecb \u0111\u1ea7y \u0111\u1ee7 c\u00e1c trang thi\u1ebft b\u1ecb, m\u00e1y m\u00f3c hi\u1ec7n \u0111\u1ea1i.<\/p>\n<p>N\u0103m 2017, l\u00e0 n\u0103m Khoa c\u00f3 sinh vi\u00ean kh\u00f3a \u0111\u1ea7u ti\u00ean T\u1ed1t nghi\u1ec7p, \u0111\u00e1nh d\u1ea5u vi\u1ec7c ho\u00e0n thi\u1ec7n c\u00f4ng t\u00e1c \u0111\u00e0o t\u1ea1o t\u1eeb \u0111\u1ea7u v\u00e0o t\u1edbi \u0111\u1ea7u ra ch\u1ea5t l\u01b0\u1ee3ng cung c\u1ea5p ngu\u1ed3i nh\u00e2n l\u1ef1c \u0111\u1ea7u ti\u00ean trong l\u0129nh v\u1ef1c ch\u0103m s\u00f3c s\u1ee9c kh\u1ecfe ra c\u1ed9ng \u0111\u1ed3ng v\u00e0 x\u00e3 h\u1ed9i.<\/p>\n<p><strong>C\u00d4NG T\u00c1C \u0110\u00c0O T\u1ea0O<\/strong><\/p>\n<p>Nh\u1eb1m \u0111\u1ea1t \u0111\u01b0\u1ee3c nh\u1eefng m\u1ee5c ti\u00eau \u0111\u1ec1 ra v\u1ec1 s\u1ef1 \u0111a d\u1ea1ng ng\u00e0nh ngh\u1ec1, c\u0169ng nh\u01b0 quy m\u00f4 c\u1ee7a c\u00e1c ng\u00e0nh \u0111\u00e0o t\u1ea1o, Khoa Y d\u01b0\u1ee3c t\u1ea1i \u0110HQGHN \u0111\u00e3 ti\u1ebfn h\u00e0nh th\u1ef1c hi\u1ec7n li\u00ean th\u00f4ng, li\u00ean k\u1ebft, h\u1ee3p t\u00e1c to\u00e0n di\u1ec7n v\u1edbi c\u00e1c \u0111\u01a1n v\u1ecb trong \u0110HQGHN trong c\u00f4ng t\u00e1c \u0111\u00e0o t\u1ea1o \u0111\u1ed9i ng\u0169 c\u00e1n b\u1ed9 y t\u1ebf t\u01b0\u01a1ng lai. B\u00ean c\u1ea1nh \u0111\u00f3, Khoa c\u0169ng m\u1edf r\u1ed9ng v\u00e0 n\u00e2ng cao h\u1ee3p t\u00e1c trong n\u01b0\u1edbc v\u00e0 qu\u1ed1c t\u1ebf v\u1edbi c\u00e1c \u0111\u1ed1i t\u00e1c gi\u00e0u kinh nghi\u1ec7m, c\u00f3 truy\u1ec1n th\u1ed1ng. Khoa \u0111\u00e3 \u00e1p d\u1ee5ng nh\u1eefng chu\u1ea9n m\u1ef1c ti\u00ean ti\u1ebfn tr\u00ean th\u1ebf gi\u1edbi v\u00e0o c\u00f4ng t\u00e1c qu\u1ea3n tr\u1ecb \u0111\u1ea1i h\u1ecdc, x\u00e2y d\u1ef1ng v\u0103n h\u00f3a ch\u1ea5t l\u01b0\u1ee3ng.<\/p>\n<p>Nh\u1eb1m t\u1ea1o ngu\u1ed3n t\u00e0i ch\u00ednh b\u1ec1n v\u1eefng h\u1ed7 tr\u1ee3 c\u00f4ng t\u00e1c \u0111\u00e0o t\u1ea1o v\u00e0 n\u00e2ng c\u1ea5p c\u01a1 s\u1edf v\u1eadt ch\u1ea5t, Khoa c\u0169ng \u0111\u00e3 ti\u1ebfn h\u00e0nh tri\u1ec3n khai cung c\u1ea5p d\u1ecbch v\u1ee5 Y t\u1ebf th\u00f4ng qua B\u1ec7nh vi\u1ec7n \u0110HQGHN. C\u00f9ng v\u1edbi \u0111\u00f3, c\u00e1c c\u00e1n b\u1ed9 trong Khoa c\u0169ng \u0111\u01b0\u1ee3c c\u1eed \u0111i \u0111\u00e0o t\u1ea1o \u1edf c\u00e1c Vi\u1ec7n, Tr\u01b0\u1eddng uy t\u00edn trong n\u01b0\u1edbc v\u00e0 tr\u00ean Th\u1ebf gi\u1edbi \u0111\u1ec3 theo k\u1ecbp ti\u00eau chu\u1ea9n Qu\u1ed1c t\u1ebf. T\u1ea5t c\u1ea3 c\u00e1c ho\u1ea1t \u0111\u1ed9ng n\u00e0y \u0111\u1ec1u nh\u1eb1m m\u1ee5c ti\u00eau cung c\u1ea5p cho h\u1ecdc vi\u00ean\/sinh vi\u00ean ch\u1ea5t l\u01b0\u1ee3ng \u0111\u00e0o t\u1ea1o t\u1ed1t nh\u1ea5t, ph\u1ee5c v\u1ee5 cho nhu c\u1ea7u c\u1ee7a x\u00e3 h\u1ed9i trong th\u1eddi gian s\u1eafp t\u1edbi.<\/p>\n<p><strong>\u0110\u00e0o t\u1ea1o \u0110\u1ea1i h\u1ecdc<\/strong><\/p>\n<p>Hi\u1ec7n nay, Khoa Y D\u01b0\u1ee3c \u0110HQGHN \u0111\u00e3 ph\u00e1t tri\u1ec3n v\u00e0 ti\u1ebfn h\u00e0nh tri\u1ec3n khai gi\u1ea3ng d\u1ea1y cho 2 ng\u00e0nh \u0111\u00e0o t\u1ea1o \u0111\u1ea1i h\u1ecdc thu\u1ed9c l\u0129nh v\u1ef1c Y D\u01b0\u1ee3c: bao g\u1ed3m\u00a0<strong>B\u00e1c s\u0129 \u0111a khoa\u00a0<\/strong>(h\u1ec7 6 n\u0103m)<strong>\u00a0v\u00e0 D\u01b0\u1ee3c h\u1ecdc\u00a0<\/strong>(h\u1ec7 5 n\u0103m).<\/p>\n<p>V\u1ec1 quy m\u00f4: hi\u1ec7n c\u00f3 g\u1ea7n 100 sinh vi\u00ean theo h\u1ecdc hai ng\u00e0nh B\u00e1c s\u0129 \u0110a khoa v\u00e0 D\u01b0\u1ee3c h\u1ecdc kh\u00f3a \u0111\u1ea7u ti\u00ean. D\u1ef1 ki\u1ebfn quy m\u00f4 \u0111\u00e0o t\u1ea1o h\u00e0ng n\u0103m c\u1ee7a Khoa t\u0103ng d\u1ea7n t\u1eeb 100 sinh vi\u00ean (n\u0103m 2012) \u0111\u1ebfn 1000 sinh vi\u00ean (n\u0103m 2020) v\u00e0 tr\u1edf n\u00ean \u1ed5n \u0111\u1ecbnh v\u1edbi quy m\u00f4 1500 sinh vi\u00ean\/n\u0103m (t\u1eeb n\u0103m 2021) c\u1ee7a t\u1ea5t c\u1ea3 c\u00e1c m\u00e3 ng\u00e0nh.<\/p>\n<p>\u0110\u00e1ng ch\u00fa \u00fd h\u01a1n c\u1ea3, trong t\u01b0\u01a1ng lai, Khoa Y D\u01b0\u1ee3c ti\u1ebfn h\u00e0nh \u0111\u00e0o t\u1ea1o ng\u00e0nh B\u00e1c s\u0129 \u0110a khoa v\u00e0 D\u01b0\u1ee3c h\u1ecdc theo m\u00f4 h\u00ecnh \u201cc\u1eed nh\u00e2n + 4\u201d \u0111\u1ed1i v\u1edbi B\u00e1c s\u0129 \u0111a khoa v\u00e0 \u201cc\u1eed nh\u00e2n + 3\u201d \u0111\u1ed1i v\u1edbi D\u01b0\u1ee3c h\u1ecdc, l\u00e0 m\u00f4 h\u00ecnh ph\u00e1t huy \u0111\u01b0\u1ee3c l\u1ee3i th\u1ebf v\u1ec1 \u0111\u00e0o t\u1ea1o khoa h\u1ecdc c\u01a1 b\u1ea3n c\u1ee7a \u0110HQGHN v\u00e0 kh\u00f4ng g\u00e2y \u1ea3nh h\u01b0\u1edfng nhi\u1ec1u \u0111\u1ebfn quy m\u00f4 \u0111\u00e0o t\u1ea1o c\u1ee7a c\u00e1c tr\u01b0\u1eddng\/\u0111\u01a1n v\u1ecb th\u00e0nh vi\u00ean thu\u1ed9c \u0110HQGHN. C\u00f3 th\u1ec3 n\u00f3i, \u0111\u00e2y l\u00e0 m\u1ed9t trong nh\u1eefng th\u1ebf m\u1ea1nh c\u1ee7a Khoa Y D\u01b0\u1ee3c m\u00e0 kh\u00f4ng tr\u01b0\u1eddng \u0110\u1ea1i h\u1ecdc Y D\u01b0\u1ee3c n\u00e0o c\u00f3 \u0111\u01b0\u1ee3c.<\/p>\n<p>T\u1eeb n\u0103m h\u1ecdc 2017, Khoa ch\u00ednh th\u1ee9c m\u1edf th\u00eam ng\u00e0nh R\u0103ng H\u00e0m M\u1eb7t ch\u1ea5t l\u01b0\u1ee3ng cao, h\u1ecdc ph\u00ed thu theo ch\u1ea5t l\u01b0\u1ee3ng \u0111\u00e0o t\u1ea1o. N\u0103m h\u1ecdc 2017 \u2013 2018 s\u1ebd thuy\u1ec3n sinh kh\u00f3a 1 v\u1edbi 45 ch\u1ec9 ti\u00eau. Chu\u1ea9n b\u1ecb cho \u0111\u00e0o t\u1ea1o ng\u00e0nh n\u00e0y, Khoa Y D\u01b0\u1ee3c \u0111\u00e3 \u0111\u1ea7u t\u01b0 th\u00eam c\u00e1c labo \u0111\u00e0o t\u1ea1o m\u00f4 ph\u1ecfng, labo \u0111\u00e0o t\u1ea1o th\u1ef1c h\u00e0nh ngh\u1ec1 hi\u00ean \u0111\u1ea1i. Ngo\u00e0i ra Khoa c\u0169ng k\u00fd k\u1ebft h\u1ee3p t\u00e1c v\u1edbi nhi\u1ec1u tr\u01b0\u1eddng \u0111\u1ea1i h\u1ecdc h\u00e0ng \u0111\u1ea7u trong khu v\u1ef1c v\u00e0 tr\u00ean th\u1ebf gi\u1edbi \u0111\u1ec3 t\u0103ng c\u01b0\u1eddng ch\u1ea5t l\u01b0\u1ee3ng \u0111\u00e0o t\u1ea1o v\u00e0 t\u1ea1o c\u01a1 h\u1ed9i trao \u0111\u1ed5i sinh vi\u00ean cho ng\u01b0\u1eddi h\u1ecdc.<\/p>\n<p>C\u00e1c n\u0103m ti\u1ebfp theo, Khoa s\u1ebd ti\u1ebfp t\u1ee5c m\u1edf th\u00eam c\u00e1c ng\u00e0nh thu\u1ed9c l\u0129nh v\u1ef1c khoa h\u1ecdc s\u1ee9c kh\u1ecfe kh\u00e1c nh\u01b0: K\u1ef9 thu\u1eadt x\u00e9t nghi\u1ec7m y h\u1ecdc, k\u1ef9 thu\u1eadt ch\u1ea9n \u0111o\u00e1n h\u00ecnh \u1ea3nh, \u0111i\u1ec1u d\u01b0\u1ee1ng\u2026<\/p>\n<p><strong>\u00a0<\/strong><strong>\u0110\u00e0o t\u1ea1o Sau \u0110\u1ea1i h\u1ecdc<\/strong><\/p>\n<p>Khoa Y D\u01b0\u1ee3c hi\u1ec7n \u0111ang tri\u1ec3n khai m\u1ed9t ch\u01b0\u01a1ng tr\u00ecnh \u0111\u00e0o t\u1ea1o th\u1ea1c s\u0129 \u0111i\u1ec1u d\u01b0\u1ee1ng li\u00ean k\u1ebft qu\u1ed1c t\u1ebf v\u1edbi \u0110\u1ea1i h\u1ecdc Mahidol. Khoa 2 s\u1ebd \u0111\u01b0\u1ee3c t\u1ed5 ch\u1ee9c \u0111\u00e0o t\u1ea1o v\u00e0o th\u00e1ng 6\/2017.<\/p>\n<p>Ngo\u00e0i ra, Khoa Y-d\u01b0\u1ee3c \u0111ang trong qu\u00e1 tr\u00ecnh x\u00e2y d\u1ef1ng v\u00e0 ph\u00e1t tri\u1ec3n t\u1eeb m\u1ed9t \u0111\u1ebfn ba chuy\u00ean ng\u00e0nh \u0111\u00e0o t\u1ea1o Th\u1ea1c s\u1ef9 v\u00e0 Ti\u1ebfn s\u0129, d\u1ef1 ki\u1ebfn bao g\u1ed3m:\u00a0<strong>Qu\u1ea3n l\u00fd b\u1ec7nh vi\u1ec7n<\/strong>\u00a0(h\u1ec7 2\/3 n\u0103m t\u01b0\u01a1ng \u1ee9ng ThS\/TS, li\u00ean k\u1ebft v\u1edbi tr\u01b0\u1eddng \u0110\u1ea1i h\u1ecdc Kinh t\u1ebf &#8211; \u0110HQGHN, \u0110\u1ea1i h\u1ecdc Uppsala &#8211; Th\u1ee5y \u0110i\u1ec3n);\u00a0<strong>K\u1ef9 thu\u1eadt h\u00ecnh \u1ea3nh y h\u1ecdc<\/strong>\u00a0(h\u1ec7 2\/3 n\u0103m t\u01b0\u01a1ng \u1ee9ng ThS\/TS, li\u00ean k\u1ebft v\u1edbi tr\u01b0\u1eddng \u0110\u1ea1i h\u1ecdc C\u00f4ng ngh\u1ec7, ho\u1eb7c li\u00ean k\u1ebft \u0111\u00e0o t\u1ea1o Qu\u1ed1c t\u1ebf theo Ch\u01b0\u01a1ng tr\u00ecnh NVCL) v\u00e0\u00a0<strong>Ph\u00e1t minh v\u00e0 Ph\u00e1t tri\u1ec3n thu\u1ed1c<\/strong>\u00a0(h\u1ecdc 2\/3 n\u0103m t\u01b0\u01a1ng \u1ee9ng ThS\/TS, \u0111\u00e0o t\u1ea1o t\u1ea1i Khoa Y D\u01b0\u1ee3c).<\/p>\n<p>T\u1edbi \u0111\u00e2y Khoa s\u1ebd x\u00e2y d\u1ef1ng \u0111\u1ec1 \u00e1n m\u1edf 2 chuy\u00ean ng\u00e0nh \u0111\u00e0o t\u1ea1o sau \u0111\u1ea1i h\u1ecdc do Tr\u01b0\u1eddng \u0110\u1ea1i h\u1ecdc \u0111\u1ed1i t\u00e1c n\u01b0\u1edbc ngo\u00e0i c\u1ea5p b\u1eb1ng (th\u1ea1c s\u0129 V\u1eadt l\u00fd tr\u1ecb li\u1ec7u &#8211; h\u1ee3p t\u00e1c v\u1edbi \u0110H Mahidol, Th\u00e1i lan; th\u1ea1c s\u0129 Qu\u1ea3n tr\u1ecb b\u1ec7nh vi\u1ec7n &#8211; h\u1ee3p t\u00e1c v\u1edbi \u0110H Uppsala, Th\u1ee5y \u0110i\u1ec3n).<\/p>\n<p>V\u1ec1 quy m\u00f4, s\u1ed1 l\u01b0\u1ee3ng H\u1ecdc vi\u00ean\/Nghi\u00ean c\u1ee9u sinh d\u1ef1 ki\u1ebfn t\u0103ng d\u1ea7n qua c\u00e1c n\u0103m t\u1eeb 50 HV\/NCS (n\u0103m 2014) t\u1edbi 180 HV\/NCS (k\u1ec3 t\u1eeb n\u0103m 2020) v\u1edbi \u00edt nh\u1ea5t 3 chuy\u00ean ng\u00e0nh \u0111\u00e0o t\u1ea1o.<\/p>\n<p><strong>HO\u1ea0T \u0110\u1ed8NG KHOA H\u1eccC C\u00d4NG NGH\u1ec6<\/strong><\/p>\n<p>Ho\u1ea1t \u0111\u1ed9ng khoa h\u1ecdc c\u00f4ng ngh\u1ec7 \u0111\u01b0\u1ee3c \u0111\u00e1nh gi\u00e1 l\u00e0 m\u1ed9t trong nh\u1eefng ho\u1ea1t \u0111\u1ed9ng ch\u1ee7 \u0111\u1ea1o c\u1ee7a Khoa Y D\u01b0\u1ee3c. C\u00e1c h\u1ed9i th\u1ea3o khoa h\u1ecdc b\u1eb1ng ti\u1ebfng Anh v\u00e0 ti\u1ebfng Vi\u1ec7t \u0111\u00e3 \u0111\u01b0\u1ee3c t\u1ed5 ch\u1ee9c th\u01b0\u1eddng k\u1ef3 nh\u1eb1m t\u1ea1o ra m\u00f4i tr\u01b0\u1eddng khoa h\u1ecdc m\u1edf, n\u00e2ng cao n\u0103ng l\u1ef1c chuy\u00ean m\u00f4n c\u1ee7a c\u00e1n b\u1ed9 v\u00e0 sinh vi\u00ean. Khoa Y D\u01b0\u1ee3c c\u0169ng \u0111\u00e3 lu\u00f4n t\u00edch c\u1ef1c tham gia c\u00e1c h\u1ed9i ngh\u1ecb, h\u1ed9i th\u1ea3o trong n\u01b0\u1edbc v\u00e0 qu\u1ed1c t\u1ebf, qua \u0111\u00f3 x\u00e2y d\u1ef1ng m\u1ed1i li\u00ean k\u1ebft trong nghi\u00ean c\u1ee9u khoa h\u1ecdc gi\u1eefa Khoa v\u00e0 c\u00e1c \u0111\u01a1n v\u1ecb trong l\u0129nh v\u1ef1c Y &#8211; D\u01b0\u1ee3c, \u0111\u1ed3ng th\u1eddi g\u00f3p ph\u1ea7n gi\u1edbi thi\u1ec7u h\u00ecnh \u1ea3nh c\u1ee7a Khoa trong c\u1ed9ng \u0111\u1ed3ng khoa h\u1ecdc. M\u1ed9t s\u1ed1 h\u1ed9i th\u1ea3o Khoa Y D\u01b0\u1ee3c \u0111\u00e3 t\u1ed5 ch\u1ee9c v\u00e0 tham gia trong n\u0103m h\u1ecdc 2012 \u2013 2013 c\u00f3 th\u1ec3 k\u1ec3 \u0111\u1ebfn g\u1ed3m c\u00f3:<\/p>\n<p>H\u1ed9i th\u1ea3o \u201cLi\u1ec7u ph\u00e1p gen v\u00e0 c\u01a1 ch\u1ebf t\u00e1c d\u1ee5ng c\u1ee7a thu\u1ed1c trong \u0111i\u1ec1u tr\u1ecb b\u1ec7nh tr\u1ea7m c\u1ea3m\u201d<\/p>\n<p>H\u1ed9i th\u1ea3o \u201cT\u1ebf b\u00e0o g\u1ed1c v\u00e0 Y h\u1ecdc t\u00e1i t\u1ea1o\u201d<\/p>\n<p>H\u1ed9i th\u1ea3o v\u1ec1 x\u00e2y d\u1ef1ng ch\u01b0\u01a1ng tr\u00ecnh \u0111\u00e0o t\u1ea1o li\u00ean k\u1ebft sau \u0111\u1ea1i h\u1ecdc v\u1edbi \u0110\u1ea1i h\u1ecdc Rennes 1, C\u1ed9ng h\u00f2a Ph\u00e1p, 30 th\u00e1ng 10 n\u0103m 2012<\/p>\n<p>H\u1ed9i th\u1ea3o \u201c\u0110\u1ecbnh h\u01b0\u1edbng nghi\u00ean c\u1ee9u, chu\u1ea9n \u0111o\u00e1n v\u00e0 \u0111i\u1ec1u tr\u1ecb ung th\u01b0\u201d<\/p>\n<p>H\u1ed9i th\u1ea3o khoa h\u1ecdc &#8220;Mapping of the Human Brain with Ultra High Field MR &#8211; Towards the Human Connectome\u201d (ph\u1ed1i h\u1ee3p v\u1edbi T.S. Gregor Adriany \u2013 chuy\u00ean gia MRI, \u0110\u1ea1i h\u1ecdc Minnesota, Hoa K\u00ec)<\/p>\n<p>H\u1ed9i th\u1ea3o tr\u1ef1c tuy\u1ebfn v\u1ec1 nghi\u00ean c\u1ee9u D\u01b0\u1ee3c l\u00e2m s\u00e0ng (ph\u1ed1i h\u1ee3p gi\u1eefa khoa Y D\u01b0\u1ee3c &#8211; \u0110HQGHN v\u00e0 \u0110\u1ea1i h\u1ecdc IOWA, Hoa K\u1ef3)<\/p>\n<p>Tham gia h\u1ed9i th\u1ea3o Vi\u1ec7t &#8211; Anh v\u1ec1 &#8220;Nghi\u00ean c\u1ee9u \u1ee9ng d\u1ee5ng khoa h\u1ecdc c\u00f4ng ngh\u1ec7 trong an ninh l\u01b0\u01a1ng th\u1ef1c&#8221;<\/p>\n<p>Tham gia h\u1ed9i th\u1ea3o \u201c4\u00ad\u00ad\u00adth Indo-Japanese International joint symposium on overcoming intractable infectious diseases prevalent in Asian countries\u201d, Tokyo (Nh\u1eadt B\u1ea3n)<\/p>\n<p>B\u00ean c\u1ea1nh c\u00f4ng t\u00e1c \u0111\u00e0o t\u1ea1o, Khoa lu\u00f4n ch\u00fa tr\u1ecdng x\u00e2y d\u1ef1ng c\u01a1 s\u1edf v\u1eadt ch\u1ea5t ph\u1ee5c v\u1ee5 nghi\u00ean c\u1ee9u v\u00e0 x\u00e2y d\u1ef1ng ngu\u1ed3n l\u1ef1c c\u00e1n b\u1ed9, t\u1ea1o c\u00e1c nh\u00f3m nghi\u00ean c\u1ee9u m\u0169i nh\u1ecdn theo c\u00e1c h\u01b0\u1edbng \u1ee9ng d\u1ee5ng c\u00f4ng ngh\u1ec7 sinh h\u1ecdc ph\u00e2n t\u1eed &#8211; t\u1ebf b\u00e0o trong nghi\u00ean c\u1ee9u y d\u01b0\u1ee3c, nghi\u00ean c\u1ee9u y h\u1ecdc c\u1eadn l\u00e2m s\u00e0ng v\u00e0 l\u00e2m s\u00e0ng, nghi\u00ean c\u1ee9u d\u01b0\u1ee3c \u0111\u01b0\u1ee3c coi l\u00e0 nhi\u1ec7m v\u1ee5 khoa h\u1ecdc &#8211; c\u00f4ng ngh\u1ec7 tr\u1ecdng t\u00e2m. T\u1eeb n\u0103m 2012 \u0111\u1ebfn n\u1eeda \u0111\u1ea7u n\u0103m 2013, Khoa \u0111\u00e3 tri\u1ec3n khai 02 \u0111\u1ec1 t\u00e0i nghi\u00ean c\u1ee9u nh\u00f3m B c\u1ea5p \u0110HQGHN v\u00e0 04 \u0111\u1ec1 t\u00e0i nghi\u00ean c\u1ee9u c\u1ea5p c\u01a1 s\u1edf; 01 \u0111\u1ec1 t\u00e0i nghi\u00ean c\u1ee9u nh\u00f3m A c\u1ea5p \u0110HQGHN \u0111ang \u0111\u01b0\u1ee3c th\u1ea9m \u0111\u1ecbnh. B\u00ean c\u1ea1nh \u0111\u00f3, c\u00e1c c\u00e1n b\u1ed9 c\u1ee7a Khoa c\u0169ng \u0111\u00e3 c\u00f4ng b\u1ed1 \u0111\u01b0\u1ee3c m\u1ed9t s\u1ed1 \u0111\u00e1ng k\u1ec3 c\u00e1c b\u00e0i b\u00e1o tr\u00ean t\u1ea1p ch\u00ed khoa h\u1ecdc Qu\u1ed1c gia v\u00e0 Qu\u1ed1c t\u1ebf, tham gia vi\u1ebft nhi\u1ec1u gi\u00e1o tr\u00ecnh, t\u00e0i li\u1ec7u tham kh\u1ea3o c\u1ea3 b\u1eb1ng ti\u1ebfng Vi\u1ec7t v\u00e0 ti\u1ebfng n\u01b0\u1edbc ngo\u00e0i.<\/p>\n<p><strong>H\u1ee2P T\u00c1C TRONG N\u01af\u1edaC V\u00c0 QU\u1ed0C T\u1ebe<\/strong><\/p>\n<p>Khoa Y D\u01b0\u1ee3c \u0111\u00e3 x\u00e2y d\u1ef1ng v\u00e0 thi\u1ebft l\u1eadp \u0111\u01b0\u1ee3c m\u1ed1i quan h\u1ec7 h\u1ee3p t\u00e1c v\u1edbi nhi\u1ec1u tr\u01b0\u1eddng \u0111\u1ea1i h\u1ecdc, c\u00e1c b\u1ec7nh vi\u1ec7n, c\u00f4ng ty d\u01b0\u1ee3c trong v\u00e0 ngo\u00e0i n\u01b0\u1edbc \u1edf nhi\u1ec1u h\u00ecnh th\u1ee9c, trong c\u00e1c ho\u1ea1t \u0111\u1ed9ng \u0111\u00e0o t\u1ea1o v\u00e0 nghi\u00ean c\u1ee9u khoa h\u1ecdc, g\u00f3p ph\u1ea7n t\u1eebng b\u01b0\u1edbc h\u1ed9i nh\u1eadp khu v\u1ef1c v\u00e0 Qu\u1ed1c t\u1ebf.<\/p>\n<p><strong>H\u1ee3p t\u00e1c trong n\u01b0\u1edbc:<\/strong>\u00a0Khoa Y D\u01b0\u1ee3c \u0111\u00e3 tri\u1ec3n khai c\u00e1c ho\u1ea1t \u0111\u1ed9ng nh\u1eb1m h\u1ee3p t\u00e1c trong nghi\u00ean c\u1ee9u v\u1edbi c\u00e1c c\u01a1 s\u1edf \u0111\u00e0o t\u1ea1o v\u00e0 khoa h\u1ecdc c\u00f4ng ngh\u1ec7 l\u1edbn trong \u0110HQGHN nh\u01b0 Vi\u1ec7n Vi sinh v\u1eadt v\u00e0 C\u00f4ng ngh\u1ec7 Sinh h\u1ecdc, Khoa Sinh h\u1ecdc, Khoa H\u00f3a h\u1ecdc (Tr\u01b0\u1eddng \u0110\u1ea1i h\u1ecdc Khoa h\u1ecdc T\u1ef1 nhi\u00ean), Tr\u01b0\u1eddng \u0110\u1ea1i h\u1ecdc C\u00f4ng ngh\u1ec7, Tr\u01b0\u1eddng \u0110\u1ea1i h\u1ecdc Khoa h\u1ecdc x\u00e3 h\u1ed9i v\u00e0 nh\u00e2n v\u0103n. B\u00ean c\u1ea1nh \u0111\u00f3, Khoa Y D\u01b0\u1ee3c c\u0169ng h\u1ee3p t\u00e1c nghi\u00ean c\u1ee9u khoa h\u1ecdc v\u1edbi c\u00e1c c\u01a1 s\u1edf \u0111\u00e0o t\u1ea1o v\u00e0 nghi\u00ean c\u1ee9u c\u1ee7a thu\u1ed9c ng\u00e0nh Y, D\u01b0\u1ee3c ngo\u00e0i \u0110HQGHN, bao g\u1ed3m B\u1ec7nh vi\u1ec7n B\u1ea1ch\u00a0 Mai, B\u1ec7nh vi\u1ec7n Vi\u1ec7t \u0110\u1ee9c, Tr\u01b0\u1eddng \u0110\u1ea1i h\u1ecdc Y H\u00e0 N\u1ed9i, Tr\u01b0\u1eddng \u0110\u1ea1i h\u1ecdc D\u01b0\u1ee3c H\u00e0 N\u1ed9i, H\u1ecdc vi\u1ec7n Qu\u00e2n Y. Vi\u1ec7c h\u1ee3p t\u00e1c \u0111\u00e3 gi\u00fap g\u1eafn k\u1ebft v\u00e0 n\u00e2ng cao hi\u1ec7u qu\u1ea3 k\u1ebft h\u1ee3p gi\u1eefa \u0111\u00e0o t\u1ea1o, nghi\u00ean c\u1ee9u khoa h\u1ecdc v\u00e0 ph\u1ee5c v\u1ee5 th\u1ef1c ti\u1ec5n.<\/p>\n<p><strong>H<\/strong><strong>\u1ee3p t\u00e1c Qu\u1ed1c t\u1ebf:<\/strong>\u00a0Khoa Y D\u01b0\u1ee3c \u0111\u00e3 v\u00e0 \u0111ang c\u00f3 nh\u1eefng h\u1ee3p t\u00e1c ch\u1eb7t ch\u1ebd v\u1ec1\u0111\u00e0o t\u1ea1o v\u00e0 nghi\u00ean c\u1ee9u khoa h\u1ecdc v\u1edbi \u0110\u1ea1i h\u1ecdc Mahidol (Th\u00e1i Lan), \u0110\u1ea1i h\u1ecdc Uppsala (Th\u1ee5y \u0110i\u1ec3n), \u0110\u1ea1i h\u1ecdc Rennes 1 (C\u1ed9ng h\u00f2a Ph\u00e1p), \u0110\u1ea1i h\u1ecdc Manchester (V\u01b0\u01a1ng qu\u1ed1c Anh), \u0110\u1ea1i h\u1ecdc EWHA (H\u00e0n Qu\u1ed1c) v\u00e0 T\u1ed5 ch\u1ee9c HelvietMed (Th\u1ee5y S\u0129). C\u00e1c ho\u1ea1t \u0111\u1ed9ng n\u00e0y kh\u00f4ng ch\u1ec9 t\u1ea1o \u0111i\u1ec1u ki\u1ec7n giao l\u01b0u v\u0103n h\u00f3a v\u00e0 ph\u00e1t tri\u1ec3n c\u1ed9ng \u0111\u1ed3ng m\u00e0 c\u00f2n t\u1ea1o ra nhi\u1ec1u c\u01a1 h\u1ed9i trao \u0111\u1ed5i c\u00e1n b\u1ed9 v\u00e0 sinh vi\u00ean cho Khoa Y D\u01b0\u1ee3c trong \u0111\u00e0o t\u1ea1o v\u00e0 nghi\u00ean c\u1ee9u khoa h\u1ecdc<\/p>\n\n","protected":false},"excerpt":{"rendered":"<p>Khoa Y D\u01b0\u1ee3c \u0111\u01b0\u1ee3c Gi\u00e1m \u0111\u1ed1c \u0110\u1ea1i h\u1ecdc Qu\u1ed1c Gia H\u00e0 N\u1ed9i (\u0110HQGHN) th\u00e0nh l\u1eadp theo Quy\u1ebft \u0111\u1ecbnh s\u1ed1 1507\/Q\u0110-TCCB ng\u00e0y 20\/5\/2010, tr\u00ean c\u01a1 s\u1edf k\u1ebf th\u1eeba truy\u1ec1n th\u1ed1ng v\u00e0 ti\u1ebfp n\u1ed1i l\u1ecbch s\u1eed ph\u00e1t tri\u1ec3n c\u1ee7a \u0110\u1ea1i h\u1ecdc \u0110\u00f4ng D\u01b0\u01a1ng \u2013 ti\u1ec1n th\u00e2n c\u1ee7a \u0110HQGHN, trong \u0111\u00f3 c\u00f3 Tr\u01b0\u1eddng Cao \u0111\u1eb3ng Y khoa (Ecole&#8230;<\/p>\n","protected":false},"author":1,"featured_media":0,"parent":0,"menu_order":0,"comment_status":"closed","ping_status":"closed","template":"","meta":[],"_links":{"self":[{"href":"https:\/\/webmaibinh.com\/w\/edu102011\/wp-json\/wp\/v2\/pages\/201"}],"collection":[{"href":"https:\/\/webmaibinh.com\/w\/edu102011\/wp-json\/wp\/v2\/pages"}],"about":[{"href":"https:\/\/webmaibinh.com\/w\/edu102011\/wp-json\/wp\/v2\/types\/page"}],"author":[{"embeddable":true,"href":"https:\/\/webmaibinh.com\/w\/edu102011\/wp-json\/wp\/v2\/users\/1"}],"replies":[{"embeddable":true,"href":"https:\/\/webmaibinh.com\/w\/edu102011\/wp-json\/wp\/v2\/comments?post=201"}],"version-history":[{"count":8,"href":"https:\/\/webmaibinh.com\/w\/edu102011\/wp-json\/wp\/v2\/pages\/201\/revisions"}],"predecessor-version":[{"id":250,"href":"https:\/\/webmaibinh.com\/w\/edu102011\/wp-json\/wp\/v2\/pages\/201\/revisions\/250"}],"wp:attachment":[{"href":"https:\/\/webmaibinh.com\/w\/edu102011\/wp-json\/wp\/v2\/media?parent=201"}],"curies":[{"name":"wp","href":"https:\/\/api.w.org\/{rel}","templated":true}]}}