{"id":114,"date":"2020-01-01T03:11:51","date_gmt":"2020-01-01T03:11:51","guid":{"rendered":"http:\/\/trungtam.muathemewordpress.net\/?page_id=114"},"modified":"2020-02-03T08:00:01","modified_gmt":"2020-02-03T08:00:01","slug":"thi-anh-thang-1-2020","status":"publish","type":"page","link":"https:\/\/webmaibinh.com\/w\/edu102011\/thi-anh-thang-1-2020\/","title":{"rendered":"Thi \u1ea3nh th\u00e1ng 1\/2020"},"content":{"rendered":"<h1 style=\"text-align: center;\"><span style=\"color: #1f92c4;\">CU\u1ed8C THI N\u1eee SINH DUY\u00caN D\u00c1NG RIKI 2020<\/span><\/h1>\n\n   <style>.ow_vote_grid .ow_essay_get,.ow_vote_grid .ow_essay_get .ow_img_class,.ow_vote_grid .ow_essay_get .vote_right_side_content{width: px !important;}\n      .ow_video_contest.ow_vote_grid .ow_show_text_desc,.ow_video_contest.ow_vote_grid .ow_video_get{width: offpx;}\n      <\/style> \n\n   <div class=\"ow_vote_show_contestants\">\n\n         <input type='hidden' class='ow_captcha_login' value='0' \/><input type='hidden' class='ow_captcha_voting' value='0' \/><input type='hidden' class='vote_prettyphoto_disable' value='1' \/><input type=\"hidden\" id=\"contest_post_29\" value=\"29\" \/><input type=\"hidden\" class=\"ow_upload_directory\" value=\"https:\/\/webmaibinh.com\/w\/edu102011\/wp-content\/uploads\/2026\/04\/final.zip\" \/>\n                                            \n\n\n                              \t\t\t<div class=\"ow_countdown_wrapper\">\n\t\t\t\t<div class=\"countdown_title\">Cu\u1ed9c thi k\u1ebft th\u00fac<\/div>\n\t\t\t<\/div>\n\t\t\t    \n              \n\n                       \n                     \n              \n\n                                                <style>@media (min-width:250px) and (max-width:767px) {ul.ow_vote_menu_links{display:none !important;}}<\/style><div class=\"ow_vote_contest_top_bar\">\n\n    <div class=\"ow_tog menudiv\">\n        <a href=\"javascript:\" class=\"togglehide\"><span class=\"ow_vote_icons votecontestant-menu-down \"><\/span><\/a>\n    <\/div>\n   \n    <ul class=\"ow_vote_menu_links\">\n\n        \n        <li class=\"ow_vote_navmenu_link \">\n            <a href=\"https:\/\/webmaibinh.com\/w\/edu102011\/thi-anh-thang-1-2020\/?contest=gallery&amp;contest_id=Mjk=\" class=\"ow_gallery\">\n                <span class=\"ow_vote_icons voteconestant-camera\"><\/span>Th\u01b0 vi\u1ec7n \u1ea3nh            <\/a>\n        <\/li>\n\n        \n        \n\n        \n\n                <li class=\"ow_vote_menu_sort\">\n            <form name=\"select_filter\" id=\"ow_vote_select_filter29\" method=\"post\">                \n                <select name=\"filter_votes\" class=\"ow_vote_filter_votes\" id=\"29\">\n                    <option value=\"sort\">S\u1eafp x\u1ebfp<\/option>\n                    <option value=\"new_contestant\" >M\u1edbi nh\u1ea5t<\/option>\n                    <option value=\"old_contestant\" >C\u0169 nh\u1ea5t<\/option>\n\n                                            <option value=\"votes_top\" >\u0110\u01b0\u1ee3c b\u00ecnh ch\u1ecdn nhi\u1ec1u nh\u1ea5t<\/option>\n                        <option value=\"votes_down\" >\u00cdt b\u00ecnh ch\u1ecdn nh\u1ea5t<\/option>\n                    \n                <\/select>\n                <input type=\"hidden\" name=\"filter_view\" id=\"ow_filter_view29\" \/>\n                <input type=\"hidden\" name=\"category_id\" value=\"29\">\n            <\/form>\n        <\/li>\n        \n\n\n                    \n            <li class=\"ow_vote_float_right ow_vote_no_border\">\n                <a class=\"ow_vote_list_show_contest ow_vote_icons voteconestant-list \" data-id=\"29\" id=\"list_show29\">\n                <\/a>\n                <a class=\"ow_vote_grid_show_contest ow_vote_icons voteconestant-grid ow_grid_active\" data-id=\"29\" id=\"grid_show29\">\n                <\/a>\n            <\/li>\n            <\/ul>\n<\/div>    \n                   \n               \n\n                                                <input type='hidden' class='ow_captcha_login' value='0' \/><input type='hidden' class='ow_captcha_voting' value='0' \/><input type='hidden' class='ow_captcha_login' value='0' \/><input type='hidden' class='ow_captcha_voting' value='0' \/>\t\t<div class=\"ow_vote_add_contestants\">\n\n\t\t\t\n\t\t\t\n\n\n\t\t\t<script>\n\t\t\tjQuery(document).ready(function(){\n\t\t\t\tadd_contestant_validation(\"29\",\"Nh\u1eadp danh hi\u1ec7u th\u00ed sinh\");\n\t\t\t});\n\t\t\t<\/script>\n\n\n\n\t\t\t\n\t\t\t\n\n\n\t\t\t<form style=\"display: none;\" class=\"ow_form_add-contestants29 add_form_contestant_ow_vote \" name=\"add-contestants\" action=\"https:\/\/webmaibinh.com\/w\/edu102011\/thi-anh-thang-1-2020\/\" method=\"post\" enctype=\"multipart\/form-data\">\n\n\t\t\t\t\n\t\t\t\t\n\n\t\t\t\t<div class=\"ow_add_contestants_row contestant_title\">\n\n                    <div class=\"ow_add_contestants_label\">\n                        <label>Title  <span class=\"required-mark\">*<\/span><\/label>\n                    <\/div>\n\n\t\t\t\t\t<div class=\"ow_add_contestants_field\">\n\n\t\t\t\t\t\t\n\n\t\t\t\t\t\t<input type=\"text\" id=\"contestant-title29\" placeholder=\"Title\" name=\"contestant-title\" value=\"\"\/>\n\n\n\n\t\t\t\t\t\t\n\t\t\t\t\t<\/div>\n\t\t\t\t<\/div>\n\n\t\t\t\t\n\t\t\t\t<div class=\"ow_add_contestants_row contestant_desc\">\n\t\t\t\t\t<div class=\"ow_add_contestants_label\">\n\t\t\t\t\t\t<label>Description  <span class=\"required-mark\">*<\/span><\/label>\n\t\t\t\t\t<\/div>\n\t\t\t\t\t<div class=\"ow_add_contestants_field_desc\">\n\n\t\t\t\t\t\t\n\n\t\t\t\t\t\t<div id=\"wp-contestant-desc29-wrap\" class=\"wp-core-ui wp-editor-wrap html-active\"><link rel='stylesheet' id='dashicons-css'  href='https:\/\/webmaibinh.com\/w\/edu102011\/wp-includes\/css\/dashicons.min.css?ver=5.5.3' type='text\/css' media='all' \/>\n<link rel='stylesheet' id='editor-buttons-css'  href='https:\/\/webmaibinh.com\/w\/edu102011\/wp-includes\/css\/editor.min.css?ver=5.5.3' type='text\/css' media='all' \/>\n<div id=\"wp-contestant-desc29-editor-container\" class=\"wp-editor-container\"><div id=\"qt_contestant-desc29_toolbar\" class=\"quicktags-toolbar\"><\/div><textarea class=\"wp-editor-area\" rows=\"2\" cols=\"40\" name=\"contestant-desc29\" id=\"contestant-desc29\"><\/textarea><\/div>\n<\/div>\n\n\t\t\t\t\t\t\t\t\t\t\t\t<script>\n\t\t\t\t\t\t\tjQuery(document).ready(function(){\n\t\t\t\t\t\t\tadd_contestant_validation_method(\"contestant-desc29\",\"Nh\u1eadp m\u00f4 t\u1ea3 th\u00ed sinh\");\n\t\t\t\t\t\t\t});\n\t\t\t\t\t\t<\/script>\n\t\t\t\t\t\t\t\t\t\t\t\t\t\t\t\t\t<\/div>\n\t\t\t\t<\/div>\n\t\t\t\t\n\t\t\t\t\t\t\t\t\t<div class=\"ow_add_contestants_row contestant_image\">\n\n\t\t\t\t\t\t<div class=\"ow_add_contestants_label\">\n\t\t\t\t\t\t\t<label>Image<span class=\"required-mark\">*<\/span><\/label>\n\t\t\t\t\t\t<\/div>\n\n\t\t\t\t\t\t<div class=\"ow_add_contestants_field\">\n\n\n                            \n\n\t\t\t\t\t\t\t<input type=\"file\" id=\"contestant-image29\"  name=\"contestant-image29\" class=\"contestant-input slim\"   accept=\"image\/*\" \/>\n\t\t\t\t\t\t\t<input type=\"hidden\" name=\"contestant-image-hidden29\" id=\"contestant-image-hidden29\" value=\"1\" \/>\n\n\n\n                            <div class=\"contestant_image_info\">\n                                <span class='ow_allowed_file'>Lo\u1ea1i t\u1ec7p \u0111\u01b0\u1ee3c ph\u00e9p:T\u1ea5t c\u1ea3<\/span>\n    \t\t\t\t\t\t\t<span class='ow_allowed_file'>Gi\u1edbi h\u1ea1n k\u00edch th\u01b0\u1edbc t\u1ec7p \u0111\u01b0\u1ee3c ph\u00e9p:B\u1ea5t c\u1ee9 k\u00edch th\u01b0\u1edbc n\u00e0oMB<\/span>\n                            <\/div>\n\n\n\t\t\t\t\t\t\t\t\t\t\t\t\t\t\t<img style=\"display: none;\" id=\"uploaded_img29\" src=\"\" class=\"ow_uploaded_image\"\/>\n\t\t\t\t\t\t\t\n\n\n\t\t\t\t\t\t\t\n\t\t\t\t\t\t<\/div>\n\t\t\t\t\t<\/div>\n\n\t\t\t\t\t\t<script type=\"text\/javascript\">\n\t\t\t\t\t\t\tjQuery(document).ready(function($) {\n\n\t\t\t\t\t\t\t\tfunction ow_preview_img(input) {\n\t\t\t\t\t\t\t\t\tif (input.files && input.files[0]) {\n\t\t\t\t\t\t\t\t\t\tvar reader = new FileReader();\n\t\t\t\t\t\t\t\t\t\treader.onload = function (e) {\n\t\t\t\t\t\t\t\t\t\t\t$('#uploaded_img29').attr('src', e.target.result);\n\t\t\t\t\t\t\t\t\t\t\t$('#uploaded_img29').show();\n\t\t\t\t\t\t\t\t\t\t}\n\t\t\t\t\t\t\t\t\t\treader.readAsDataURL(input.files[0]);\n\t\t\t\t\t\t\t\t\t}\n\t\t\t\t\t\t\t\t}\n\t\t\t\t\t\t\t\t$(\"#contestant-image29\").change(function(){\n\t\t\t\t\t\t\t\t\tow_preview_img(this);\n\t\t\t\t\t\t\t\t\t$('#contestant-image-hidden29').val(0);\n\t\t\t\t\t\t\t\t});\n\n\t\t\t\t\t\t\t});\n\t\t\t\t\t\t<\/script>\n\n\t\t\t\t\t\t\t\t\t\t\t\t\t\t\t\t\t\t\t\t<script type=\"text\/javascript\">\n\n                                \n                                                                    add_contestant_validation_method_file_image(\"contestant-image29\",\"Vui l\u00f2ng t\u1ea3i t\u1eadp tin l\u00ean\",0);\n                                \n                                function add_contestant_validation_method_file_image(id_validate,message,size = \"\") {\n\t\t\t\t\t\t\t\t\tjQuery(document).ready(function($) {\n                                        if(size != 0){\n                                            jQuery(\"#\"+id_validate).ow_vote_rules( \"add\", {\n                                                required:true,\n                                                maxFileSize: {\n                                                        \"unit\": \"MB\",\n                                                        \"size\": size\n                                                    },\n                                                fileType : {\n                                                        \"types\": [\"\"]\n                                                },\n                                            });\n                                        }\n                                        else{\n                                            add_contestant_validation_method(\"contestant-image29\",\"Enter the Image of Contestant\");\n                                        }\n\t\t\t\t\t\t\t\t\t});\n                                }\n\t\t\t\t\t\t\t<\/script>\n\t\t\t\t\t\t\t\t\t\t\t\t\t\t\t\t\t\t\t\t\t\t\n\t\t\t\t <!-- Custom Fields -->\n\t\t\t\t  \t\t\t\t\t\t\t\t\t<div class=\"ow_add_contestants_row contestant_field2\">\n\n\t\t\t\t\t\t\t\t\t\t<div class=\"ow_add_contestants_label contestant-terms\">\n\t\t\t\t\t\t\t\t\t\t\t<label for=\"contestant-terms29\" id=\"contestant-terms\" data-val=\"Terms & Conditions\">\n\t\t\t\t\t\t\t\t\t\t\t<input type=\"checkbox\" id=\"contestant-terms29\" name=\"contestant-terms29\" \/><a href=\"javascript:\" class=\"ow_terms\" data-id=\"29\" id=\"ow_terms_29\">&nbsp;Terms & Conditions&nbsp;<span class=\"required-mark\">*<\/span><\/a><div class=\"ow_hide\" id=\"ow_terms_val_29\"><br\/><a href=\"javascript:\" class=\"ow_hide_terms\" data-id=\"29\" id=\"ow_hide_terms29\">Hide Terms<\/a><\/div>\t\t\t\t\t\t\t\t\t\t\t\t\t<script type=\"text\/javascript\">\n\t\t\t\t\t\t\t\t\t\t\t\t\tjQuery(document).ready(function($) {\n\t\t\t\t\t\t\t\t\t\t\t\t\t\tadd_contestant_validation_method(\"contestant-terms29\",\"This Field is required \");\n\t\t\t\t\t\t\t\t\t\t\t\t\t});\n\t\t\t\t\t\t\t\t\t\t\t\t  <\/script>\n\t\t\t\t\t\t\t\t\t\t\t\t\t\t\t\t\t\t\t\t\t\t\t\t\t\t\t\t\t\t\t\t\t\t\t<\/label>\n\t\t\t\t\t\t\t\t\t\t<\/div>\n\t\t\t\t\t\t\t\t\t\t<div class=\"ow_add_contestants_field\">\n\t\t\t\t\t\t\t\t\t\t\t\t\t\t\t\t\t\t\t\t<\/div>\n\t\t\t\t\t\t\t\t\t<\/div>\n\t\t\t\t\t\t\t\t\n\t\t\t<script>\n\t\t\tjQuery(document).ready(function(){\n\t\t\t    var valid = true;\n\n\t\t\t\tjQuery('.date_picker').owvotedatetimepicker({\n\t\t\t\t    format:'m-d-Y',\n\t\t\t\t    step:10,\n\t\t\t\t    timepicker: false,\n\t\t\t\t});\n\n\t\t\t\tjQuery(\".ow_form_add-contestants29\").submit(function (evt){\n\n\n\t\t\t\t    if (jQuery('.ow_open_login_form').val() == 1) {\n\t\t\t\t\tjQuery('.ow_form_add-contestants29 input').each(function (i) {\n\t\t\t\t\t    if(jQuery(this).hasClass('error')){\n\t\t\t\t\t\tvalid = false;\n\t\t\t\t\t\treturn false;\n\t\t\t\t\t    }\n\t\t\t\t\t    else{\n\t\t\t\t\t\t valid = true;\n\t\t\t\t\t    }\n\t\t\t\t\t});\n\t\t\t\t\tif (valid == false) {\n\t\t\t\t\t\treturn false;\n\t\t\t\t\t}\n\t\t\t\t\telse{\n\t\t\t\t\t\tvalid = true;\n\t\t\t\t\t\t\/\/Check the form is open or not logged in\n\t\t\t\t\t\tif (valid != false) {\n\t\t\t\t\t\t    window.contest_id = \"29\";\n\t\t\t\t\t\t    ow_vote_ppOpen('#ow_vote_login_panel', '300',1);\n\t\t\t\t\t\t    \/\/Tab in the Login Popup\n\t\t\t\t\t\t    jQuery('.ow_tabs_login_content').show();\n\t\t\t\t\t\t    jQuery('.ow_tabs_register_content').hide();\n\t\t\t\t\t\t    jQuery( '.ow_tabs_login' ).addClass('active');\n\t\t\t\t\t\t    evt.preventDefault();\n\t\t\t\t\t\t    return false;\n\t\t\t\t\t\t}\n\t\t\t\t\t}\n\t\t\t\t    }\n\t\t\t\t});\n\n\t\t\t});\n\t\t\t<\/script>\n\t\t\t                \t\t\t\n\t\t\t<div class=\"ow_add_contestants_row contestant_submit\">\n    \t\t\t\t<div class=\"ow_contestants-label\">\n\n    \t\t\t\t<\/div>\n    \t\t\t\t<div class=\"ow_contestants-field\">\n    \t\t\t\t\t<input type=\"hidden\" id=\"contestantform29\"  name=\"contestantform29\" value=\"contestantform29\"\/>\n    \t\t\t\t\t<input type=\"submit\" id=\"savecontestant29\" name=\"savecontestant\" class=\"savecontestant savecontest\" value=\"Ti\u1ebft ki\u1ec7m\"\/>\n\t\t\t\t\t\t    \t\t\t\t<\/div>\n    \t\t\t<\/div>\n\n    \t\t\t<input type=\"hidden\" name=\"contest-id\" value=\"29\"\/>\n\n\n\t\t\t<\/form>\n\n\n\t\t<\/div>\n\t\t    \n                  \n\n                \n               \n                                 <div id=\"ow_views_container_29\" class=\"ow_vote_view_29 ow_vote_grid ow_photo_contest ow_views_container\" data-view=\"grid\">\n                     <div class=\"ow_contest-posts-container29 ow_vote_post_container_show\">\n                            <input type=\"hidden\" class=\"ow_vote_img_wdth ow_vote_img_width29\" value=\"280\"> \n\n<div class=\"ow_vote_showcontent_view ow_photo_get ow_vote_showcontent_29\" data-id=\"29\">\n    <div class=\"ow_vote_show\">\n        <div class=\"ow_show_contestant ow_pretty_content116\">\n            \n                                    \n                        <div class=\"vote_left_side_content vote_left_sid29\">\n                        \n                            \n                            \n                            <a alt=\"thi sinh tr n lan h ng\" class=\"ow_hover_image\"  data-pretty-title=\"\" href=\"https:\/\/webmaibinh.com\/w\/edu102011\/wp-content\/uploads\/2020\/01\/1.1_10851947.jpg?69f0996a9bbec\" data-vote-id=\"116\" data-enc-id=\"IhQI2VvEDhQjSBomJOjF\/MmeKj9ePiVIVetY9+h6xK6kM0\/P9hu5+EInWcERnhVhnml+\/IWxjUveKJ3T3Ber6Q==\" data-enc-pid=\"uv3Nf4YPBOqyZBn94e6oU4F5PtdI7PcAQ7ZfCbBtRfhuHkJpczLUFAS\/\/5bxjVInsqQ2KIA3rhDGorpTqvR0Cg==\" data-term-id=\"29\" data-vote-gallery=\"ow_vote_prettyPhoto[thi-anh-thang-1-2020]\">\n\n                                                                    <div class=\"ow_overlay_bg ow_overlay_116\" style=\"height:280px;width:280px;\" data-mob=\"100%\">\n                                        <span><i class=\"ow_vote_icons voteconestant-zoom\"><\/i><\/span>\n                                    <\/div>\n                                \n                                <img class=\"ow_vote_img_style29 ow_img_class\" id=\"ow_image_responsive116\" src=\"https:\/\/webmaibinh.com\/w\/edu102011\/wp-content\/uploads\/2020\/01\/1.1_10851947-280x280.jpg\" style=\"height:280px;width:280px;\" alt=\"thi sinh tr n lan h ng\" data-mob=\"100%\" data-pretty-alt=\"\"\/>\n\n                            <\/a>\n\n                        <\/div>\n                        \n                                                  \n                        \n                        \n                       \n                \n                <div class=\"vote_right_side_content ow_right_dynamic_content29\">\n                    <input type=\"hidden\" class=\"ow_title_alocation_description29\" value=\"off\">\n                    <input type=\"hidden\" class=\"ow_image_contest29\" value=\"photo\">\n                    <input type=\"hidden\" class=\"ow_show_description29\" value=\"list\">\n\n                         \n  \n     \n    \n\t\t<div class=\"ow_vote_title_content29\">\n\n\t\t\t<h2 style=\"display: none;\" class=\" ow_list_title29\">\n\t\t\t\t<a href=\"https:\/\/webmaibinh.com\/w\/edu102011\/contestants\/thi-sinh-tran\/\" >Th\u00ed sinh Tr\u1ea7n Lan H\u01b0\u01a1ng<\/a>\n\t\t\t<\/h2>\n\n\t\t\t<h2 class=\" ow_grid_title29\">\n\t\t\t\t<a href=\"https:\/\/webmaibinh.com\/w\/edu102011\/contestants\/thi-sinh-tran\/\" >Th\u00ed sinh Tr\u1ea7n Lan H\u01b0\u01a1ng<\/a>\n\t\t\t<\/h2>\n\n\t\t\t\t\n\n\t\t<\/div>\n   \n    \n<div class=\"ow_show_text_desc ow_show_desc_view_29 \">\n    Nguy\u1ec5n Ho\u00e0ng Kh\u00e1nh Linh, hi\u1ec7n \u0111ang h\u1ecdc n\u0103m nh\u1ea5t t\u1ea1i Villanova University. C\u00f4 th\u00edch h\u1ecdc c\u00e1c ng\u00f4n ng\u1eef, \u0111i du l\u1ecbch, \u0111i \u0103n, shopping v\u00e0 h\u00e1t karaoke, th\u00edch l\u00e0m video v\u00e0 t\u1ea1o b\u1ea5t ng\u1edd cho b\u1ea1n b\u00e8.\r\n\r\n&nbsp;<\/div>\n\n   \n                                            <div class=\"custom_field_entry_29 grid custom_field_post_116\" data-post_id=\"116\">\n            \n            <div class=\"ow_contestant_custom_fields\"><\/div>        \n    <\/div>\n                        \n                <\/div>\n\n               \n\n        <\/div>\n\n       \n        \n\n        <div class=\"ow_show_vote_cnt ow_pretty_content_social116\">\n\n            <!-- Vote Counter and Share option  -->\n<div class=\"ow_show_share_icons_div ow_fancy_content_social116\">\n    <\/div>\n\n                            <div class=\"ow_show_vote_square\">\n                    <span class=\"ow_vote_cnt_num ow_vote_count116\">3<\/span>\n                    <span class=\"ow_vote_cnt_content\">Phi\u1ebfu b\u1ea7u<\/span>\n                <\/div>\n            \n                    <\/div>\n\n    <\/div>\n<\/div>    <input type=\"hidden\" class=\"ow_vote_img_wdth ow_vote_img_width29\" value=\"280\"> \n\n<div class=\"ow_vote_showcontent_view ow_photo_get ow_vote_showcontent_29\" data-id=\"29\">\n    <div class=\"ow_vote_show\">\n        <div class=\"ow_show_contestant ow_pretty_content118\">\n            \n                                    \n                        <div class=\"vote_left_side_content vote_left_sid29\">\n                        \n                            \n                            \n                            <a alt=\"nguy n hoang khanh linh\" class=\"ow_hover_image\"  data-pretty-title=\"\" href=\"https:\/\/webmaibinh.com\/w\/edu102011\/wp-content\/uploads\/2020\/01\/1.3_10851916.jpg?69f0996a9eabb\" data-vote-id=\"118\" data-enc-id=\"YdrV9m90dsVHEiK9w+rT5TFqWIOKqT8NMajkutRPRoLJoeZjQsrbXAY6l33LR+s73pRajEL9pW5ZIKYLNXxV7Q==\" data-enc-pid=\"AH9veuOZl38Wcq2vKkJtVwyHAhCjK5MGGg5Zg4zraEjmeb1yAuTTPZoA7dkZpFNdfiUZLds3YwBTui8m7nEXrg==\" data-term-id=\"29\" data-vote-gallery=\"ow_vote_prettyPhoto[thi-anh-thang-1-2020]\">\n\n                                                                    <div class=\"ow_overlay_bg ow_overlay_118\" style=\"height:280px;width:280px;\" data-mob=\"100%\">\n                                        <span><i class=\"ow_vote_icons voteconestant-zoom\"><\/i><\/span>\n                                    <\/div>\n                                \n                                <img class=\"ow_vote_img_style29 ow_img_class\" id=\"ow_image_responsive118\" src=\"https:\/\/webmaibinh.com\/w\/edu102011\/wp-content\/uploads\/2020\/01\/1.3_10851916-280x280.jpg\" style=\"height:280px;width:280px;\" alt=\"nguy n hoang khanh linh\" data-mob=\"100%\" data-pretty-alt=\"\"\/>\n\n                            <\/a>\n\n                        <\/div>\n                        \n                                                  \n                        \n                        \n                       \n                \n                <div class=\"vote_right_side_content ow_right_dynamic_content29\">\n                    <input type=\"hidden\" class=\"ow_title_alocation_description29\" value=\"off\">\n                    <input type=\"hidden\" class=\"ow_image_contest29\" value=\"photo\">\n                    <input type=\"hidden\" class=\"ow_show_description29\" value=\"list\">\n\n                         \n  \n     \n    \n\t\t<div class=\"ow_vote_title_content29\">\n\n\t\t\t<h2 style=\"display: none;\" class=\" ow_list_title29\">\n\t\t\t\t<a href=\"https:\/\/webmaibinh.com\/w\/edu102011\/contestants\/nguyen-hoang-khanh-linh\/\" >Nguy\u1ec5n Ho\u00e0ng Kh\u00e1nh Linh<\/a>\n\t\t\t<\/h2>\n\n\t\t\t<h2 class=\" ow_grid_title29\">\n\t\t\t\t<a href=\"https:\/\/webmaibinh.com\/w\/edu102011\/contestants\/nguyen-hoang-khanh-linh\/\" >Nguy\u1ec5n Ho\u00e0ng Kh\u00e1nh Linh<\/a>\n\t\t\t<\/h2>\n\n\t\t\t\t\n\n\t\t<\/div>\n   \n    \n<div class=\"ow_show_text_desc ow_show_desc_view_29 \">\n    Nguy\u1ec5n Ho\u00e0ng Kh\u00e1nh Linh, hi\u1ec7n \u0111ang h\u1ecdc n\u0103m nh\u1ea5t t\u1ea1i Villanova University. C\u00f4 th\u00edch h\u1ecdc c\u00e1c ng\u00f4n ng\u1eef, \u0111i du l\u1ecbch, \u0111i \u0103n, shopping v\u00e0 h\u00e1t karaoke, th\u00edch l\u00e0m video v\u00e0 t\u1ea1o b\u1ea5t ng\u1edd cho b\u1ea1n b\u00e8.\r\n\r\n<img class=\"alignnone size-medium wp-image-138\" src=\"http:\/\/trungtam.muathemewordpress.net\/wp-content\/uploads\/2020\/01\/cac-hinh-thuc-lien-thong-cd-nganh-duoc-136-1-562x400.jpg\" alt=\"\" width=\"562\" height=\"400\" \/> <img class=\"alignnone size-medium wp-image-137\" src=\"http:\/\/trungtam.muathemewordpress.net\/wp-content\/uploads\/2020\/01\/cac-hinh-thuc-lien-thong-cd-nganh-duoc-136-573x400.jpg\" alt=\"\" width=\"573\" height=\"400\" \/> <img class=\"alignnone size-medium wp-image-134\" src=\"http:\/\/trungtam.muathemewordpress.net\/wp-content\/uploads\/2020\/01\/luu-ban-nhap-tu-dong-132-1-581x400.jpg\" alt=\"\" width=\"581\" height=\"400\" \/>\r\n\r\n&nbsp;\r\n\r\n&nbsp;<\/div>\n\n   \n                                            <div class=\"custom_field_entry_29 grid custom_field_post_118\" data-post_id=\"118\">\n            \n            <div class=\"ow_contestant_custom_fields\"><\/div>        \n    <\/div>\n                        \n                <\/div>\n\n               \n\n        <\/div>\n\n       \n        \n\n        <div class=\"ow_show_vote_cnt ow_pretty_content_social118\">\n\n            <!-- Vote Counter and Share option  -->\n<div class=\"ow_show_share_icons_div ow_fancy_content_social118\">\n    <\/div>\n\n                            <div class=\"ow_show_vote_square\">\n                    <span class=\"ow_vote_cnt_num ow_vote_count118\">4<\/span>\n                    <span class=\"ow_vote_cnt_content\">Phi\u1ebfu b\u1ea7u<\/span>\n                <\/div>\n            \n                    <\/div>\n\n    <\/div>\n<\/div>                     <\/div>\n                  <\/div>  \n                            \n\n         \n   <\/div>\n<p>&nbsp;<\/p>\n","protected":false},"excerpt":{"rendered":"<p>Nguy\u1ec5n Ho\u00e0ng Kh\u00e1nh Linh, hi\u1ec7n \u0111ang h\u1ecdc n\u0103m nh\u1ea5t t\u1ea1i Villanova University. C\u00f4 th\u00edch h\u1ecdc c\u00e1c ng\u00f4n ng\u1eef, \u0111i du l\u1ecbch, \u0111i \u0103n, shopping v\u00e0 h\u00e1t karaoke, th\u00edch l\u00e0m video v\u00e0 t\u1ea1o b\u1ea5t ng\u1edd cho b\u1ea1n b\u00e8.<\/p>\n<p><img loading=\"lazy\" class=\"alignnone size-medium wp-image-138\" src=\"http:\/\/trungtam.muathemewordpress.net\/wp-content\/uploads\/2020\/01\/cac-hinh-thuc-lien-thong-cd-nganh-duoc-136-1-562x400.jpg\" alt=\"\" width=\"562\" height=\"400\" srcset=\"https:\/\/webmaibinh.com\/w\/edu102011\/wp-content\/uploads\/2020\/01\/cac-hinh-thuc-lien-thong-cd-nganh-duoc-136-1-562x400.jpg 562w, https:\/\/webmaibinh.com\/w\/edu102011\/wp-content\/uploads\/2020\/01\/cac-hinh-thuc-lien-thong-cd-nganh-duoc-136-1-510x363.jpg 510w, https:\/\/webmaibinh.com\/w\/edu102011\/wp-content\/uploads\/2020\/01\/cac-hinh-thuc-lien-thong-cd-nganh-duoc-136-1-300x213.jpg 300w, https:\/\/webmaibinh.com\/w\/edu102011\/wp-content\/uploads\/2020\/01\/cac-hinh-thuc-lien-thong-cd-nganh-duoc-136-1.jpg 700w\" sizes=\"(max-width: 562px) 100vw, 562px\" \/> <img loading=\"lazy\" class=\"alignnone size-medium wp-image-137\" src=\"http:\/\/trungtam.muathemewordpress.net\/wp-content\/uploads\/2020\/01\/cac-hinh-thuc-lien-thong-cd-nganh-duoc-136-573x400.jpg\" alt=\"\" width=\"573\" height=\"400\" srcset=\"https:\/\/webmaibinh.com\/w\/edu102011\/wp-content\/uploads\/2020\/01\/cac-hinh-thuc-lien-thong-cd-nganh-duoc-136-573x400.jpg 573w, https:\/\/webmaibinh.com\/w\/edu102011\/wp-content\/uploads\/2020\/01\/cac-hinh-thuc-lien-thong-cd-nganh-duoc-136-510x356.jpg 510w, https:\/\/webmaibinh.com\/w\/edu102011\/wp-content\/uploads\/2020\/01\/cac-hinh-thuc-lien-thong-cd-nganh-duoc-136-300x210.jpg 300w, https:\/\/webmaibinh.com\/w\/edu102011\/wp-content\/uploads\/2020\/01\/cac-hinh-thuc-lien-thong-cd-nganh-duoc-136.jpg 700w\" sizes=\"(max-width: 573px) 100vw, 573px\" \/> <img loading=\"lazy\" class=\"alignnone size-medium wp-image-134\" src=\"http:\/\/trungtam.muathemewordpress.net\/wp-content\/uploads\/2020\/01\/luu-ban-nhap-tu-dong-132-1-581x400.jpg\" alt=\"\" width=\"581\" height=\"400\" srcset=\"https:\/\/webmaibinh.com\/w\/edu102011\/wp-content\/uploads\/2020\/01\/luu-ban-nhap-tu-dong-132-1-581x400.jpg 581w, https:\/\/webmaibinh.com\/w\/edu102011\/wp-content\/uploads\/2020\/01\/luu-ban-nhap-tu-dong-132-1-510x351.jpg 510w, https:\/\/webmaibinh.com\/w\/edu102011\/wp-content\/uploads\/2020\/01\/luu-ban-nhap-tu-dong-132-1-300x207.jpg 300w, https:\/\/webmaibinh.com\/w\/edu102011\/wp-content\/uploads\/2020\/01\/luu-ban-nhap-tu-dong-132-1.jpg 700w\" sizes=\"(max-width: 581px) 100vw, 581px\" \/><\/p>\n<p>&nbsp;<\/p>\n<p>&nbsp;<\/p>\n","protected":false},"author":1,"featured_media":0,"parent":0,"menu_order":0,"comment_status":"closed","ping_status":"closed","template":"","meta":[],"_links":{"self":[{"href":"https:\/\/webmaibinh.com\/w\/edu102011\/wp-json\/wp\/v2\/pages\/114"}],"collection":[{"href":"https:\/\/webmaibinh.com\/w\/edu102011\/wp-json\/wp\/v2\/pages"}],"about":[{"href":"https:\/\/webmaibinh.com\/w\/edu102011\/wp-json\/wp\/v2\/types\/page"}],"author":[{"embeddable":true,"href":"https:\/\/webmaibinh.com\/w\/edu102011\/wp-json\/wp\/v2\/users\/1"}],"replies":[{"embeddable":true,"href":"https:\/\/webmaibinh.com\/w\/edu102011\/wp-json\/wp\/v2\/comments?post=114"}],"version-history":[{"count":3,"href":"https:\/\/webmaibinh.com\/w\/edu102011\/wp-json\/wp\/v2\/pages\/114\/revisions"}],"predecessor-version":[{"id":276,"href":"https:\/\/webmaibinh.com\/w\/edu102011\/wp-json\/wp\/v2\/pages\/114\/revisions\/276"}],"wp:attachment":[{"href":"https:\/\/webmaibinh.com\/w\/edu102011\/wp-json\/wp\/v2\/media?parent=114"}],"curies":[{"name":"wp","href":"https:\/\/api.w.org\/{rel}","templated":true}]}}