{"id":367,"date":"2018-12-19T02:56:57","date_gmt":"2018-12-19T02:56:57","guid":{"rendered":"http:\/\/dulich3.khowebseotop.vn\/?post_type=product&#038;p=367"},"modified":"2018-12-19T04:16:59","modified_gmt":"2018-12-19T04:16:59","slug":"tour-du-lich-han-quoc-6n5d","status":"publish","type":"product","link":"https:\/\/webmaibinh.com\/w\/dulich32011\/san-pham\/tour-du-lich-han-quoc-6n5d\/","title":{"rendered":"Tour du l\u1ecbch H\u00e0n Qu\u1ed1c 6N5\u0110"},"content":{"rendered":"<div class=\"title\">Th\u00f4ng tin tour<\/div>\n<p><strong>Gi\u00e1 bao g\u1ed3m:<\/strong><\/p>\n<ul>\n<li>Ve\u0301 ma\u0301y bay kh\u01b0\u0301 h\u00f4\u0300i + thu\u00ea\u0301 va\u0300 phu\u0323 phi\u0301: Ha\u0300 N\u00f4\u0323i \u2013 Seoul \u2013 Jeju \u2013 Seoul \u2013 Ha\u0300 N\u00f4\u0323i<\/li>\n<li>01 ki\u1ec7n H\u00e0nh l\u00fd k\u00fd g\u1eedi 15kg + H\u00e0nh l\u00fd x\u00e1ch tay 07kg<\/li>\n<li>Phi\u0301 xin visa va\u0300o Ha\u0300n Qu\u00f4\u0301c\u00a0 (Qu\u00fd kh\u00e1ch \u0111\u00e3 c\u00f3 visa s\u1ebd \u0111\u01b0\u1ee3c gi\u1ea3m tr\u1eeb 740.000 VN\u0110)<\/li>\n<li>Xe \u0111\u01b0a \u0111o\u0301n, tham quan theo ch\u01b0\u01a1ng tri\u0300nh<\/li>\n<li>Kha\u0301ch sa\u0323n 3* \u00a0\u00a0theo ch\u01b0\u01a1ng tri\u0300nh, 02 ng\u01b0\u01a1\u0300i\/ 1 pho\u0300ng (\u0111oa\u0300n le\u0309 se\u0303 ngu\u0309 3 ng\u01b0\u01a1\u0300i\/ 1 pho\u0300ng)<\/li>\n<li>C\u00e1c b\u1eefa \u0103n theo ch\u01b0\u01a1ng tr\u00ecnh: 5 b\u01b0\u0303a sa\u0301ng + 9 b\u01b0\u0303a chi\u0301nh (\u0111i\u0323nh m\u01b0\u0301c 8 USD\/ ng\u01b0\u01a1\u0300i\/ b\u01b0\u0303a)<\/li>\n<li>H\u01b0\u1edbng d\u1eabn vi\u00ean ti\u00ea\u0301ng Vi\u1ec7t nhi\u00ea\u0323t ti\u0300nh, kinh nghi\u00ea\u0323m theo ch\u01b0\u01a1ng tri\u0300nh<\/li>\n<li>Ve\u0301 tham quan va\u0300o c\u01b0\u0309a theo ch\u01b0\u01a1ng tri\u0300nh (va\u0300o c\u01b0\u0309a 1 l\u00e2\u0300n \u0111\u00e2\u0300u)<\/li>\n<li>B\u1ea3o hi\u1ec3m du l\u1ecbch theo ch\u01b0\u01a1ng tri\u0300nh<\/li>\n<li>N\u01b0\u01a1\u0301c u\u00f4\u0301ng theo ha\u0300nh tri\u0300nh, 01 chai n\u01b0\u1edbc\/ kh\u00e1ch\/ ng\u00e0y<\/li>\n<li>H\u00f3a \u0111\u01a1n VAT 0%, v\u00e0 qu\u00fd kh\u00e1ch ph\u1ea3i b\u00e1o cho ch\u00fang t\u00f4i xu\u1ea5t h\u00f3a \u0111\u01a1n VAT ngay khi \u0111\u0103ng k\u00fd v\u00e0 \u0111\u1eb7t c\u1ecdc tour, sau th\u1eddi \u0111i\u1ec3m tr\u00ean ch\u00fang t\u00f4i s\u1ebd t\u1eeb ch\u1ed1i xu\u1ea5t h\u00f3a \u0111\u01a1n VAT.<\/li>\n<\/ul>\n<p><strong>Gi\u00e1 kh\u00f4ng bao g\u1ed3m:<\/strong><\/p>\n<ul>\n<li>Chi ph\u00ed l\u00e0m H\u1ed9 chi\u1ebfu<\/li>\n<li>Tips cho HDV v\u00e0 l\u00e1i xe (6 USD\/ ng\u01b0\u1eddi\/ ng\u00e0y * 6 ng\u00e0y), t\u00ednh c\u1ea3 tr\u1ebb em (n\u1ebfu c\u00f3)<\/li>\n<li>Ngu\u0309 pho\u0300ng \u0111\u01a1n c\u00f4\u0323ng th\u00eam 50 USD\/ ng\u01b0\u01a1\u0300i\/ 1 \u0111\u00eam * 4 \u0111\u00eam<\/li>\n<li>Visa t\u00e1i nh\u1eadp c\u1ea3nh VN (\u0111\u1ed1i v\u1edbi nh\u1eefng tr\u01b0\u1eddng h\u1ee3p Vi\u1ec7t Ki\u1ec1u\/ ng\u01b0\u1eddi n\u01b0\u1edbc ngo\u00e0i)<\/li>\n<li>Ca\u0301c chi phi\u0301 ca\u0301 nh\u00e2n: Ti\u1ec1n \u0111i\u1ec7n tho\u1ea1i, Gi\u1eb7t l\u00e0, Xe v\u1eadn chuy\u1ec3n ngo\u00e0i ch\u01b0\u01a1ng tr\u00ecnh, \u0111\u1ed3 u\u1ed1ng trong c\u00e1c b\u1eefa \u0103n\u2026 v\u00e0 c\u00e1c chi ph\u00ed c\u00e1 nh\u00e2n kh\u00e1c kh\u00f4ng \u0111\u01b0\u1ee3c bao g\u1ed3m nh\u01b0 tr\u00ean.<\/li>\n<\/ul>\n<p><strong>Chi\u0301nh sa\u0301ch tre\u0309 em<\/strong><\/p>\n<ul>\n<li>Tre\u0309 em d\u01b0\u01a1\u0301i 2 tu\u00f4\u0309i t\u00ednh 30% gi\u00e1 ng\u01b0\u1eddi l\u1edbn, ngu\u0309 chung gi\u01b0\u01a1\u0300ng v\u01a1\u0301i b\u00f4\u0301 me\u0323<\/li>\n<li>Tre\u0309 em 2 \u2013 d\u01b0\u01a1\u0301i 12 tu\u00f4\u0309i ti\u0301nh 75% gia\u0301 ng\u01b0\u01a1\u0300i l\u01a1\u0301n, \u0103n su\u1ea5t ri\u00eang, ngu\u0309 chung gi\u01b0\u01a1\u0300ng v\u01a1\u0301i b\u00f4\u0301 me\u0323 (Ri\u00eang bay c\u1ee7a Jeju Air\/VJ Air, gi\u00e1 tr\u1ecdn g\u00f3i: 16.880.000 vn\u0111\/tr\u1ebb)<\/li>\n<li>Tre\u0309 em 12 tu\u00f4\u0309i tr\u1edf l\u00ean t\u00ednh nh\u01b0 ng\u01b0\u1eddi l\u1edbn.<\/li>\n<\/ul>\n<p><strong>Ch\u00ednh s\u00e1ch chung:<\/strong><\/p>\n<ul>\n<li>Ngay khi qu\u00fd kh\u00e1ch \u0111\u0103ng k\u00fd, ch\u00fang t\u00f4i \u0111\u00e3 ti\u1ebfn h\u00e0nh n\u1ed9p h\u1ed3 s\u01a1 xin visa, ph\u00ed x\u00e9t duy\u1ec7t h\u1ed3 s\u01a1 xin visa kh\u00f4ng \u0111\u01b0\u1ee3c ho\u00e0n l\u1ea1i trong m\u1ecdi tr\u01b0\u1eddng h\u1ee3p 2.200.000\u0111\/ 1 ng\u01b0\u1eddi.<\/li>\n<li>Khi \u0111\u01b0\u1ee3c c\u1ea5p visa, ch\u00fang t\u00f4i s\u1ebd qu\u1ea3n l\u00fd visa c\u1ee7a Qu\u00fd kh\u00e1ch cho \u0111\u1ebfn khi \u0111o\u00e0n kh\u1edfi h\u00e0nh, qu\u00fd kh\u00e1ch c\u00f3 th\u1ec3 l\u00ean v\u0103n ph\u00f2ng ch\u00fang t\u00f4i \u0111\u1ec3 xem visa, ho\u1eb7c ch\u00fang t\u00f4i s\u1ebd scan v\u00e0 g\u1eedi cho qu\u00fd kh\u00e1ch. Sau khi k\u1ebft th\u00fac tour, qu\u00fd kh\u00e1ch vui l\u00f2ng n\u1ed9p l\u1ea1i H\u1ed9 chi\u1ebfu cho cho HDV \u0111\u1ec3 ch\u00fang t\u00f4i tr\u00ecnh di\u1ec7n v\u1edbi \u0110SQ theo quy \u0111\u1ecbnh. Ch\u00fang t\u00f4i s\u1ebd ho\u00e0n tr\u1ea3 l\u1ea1i H\u1ed9 chi\u1ebfu cho qu\u00fd kh\u00e1ch ngay sau khi tr\u00ecnh \u0110SQ.<\/li>\n<li>Tr\u01b0\u1eddng h\u1ee3p Qu\u00fd kh\u00e1ch kh\u00f4ng \u0111\u01b0\u1ee3c xu\u1ea5t c\u1ea3nh v\u00e0 nh\u1eadp c\u1ea3nh v\u00ec l\u00fd do c\u00e1 nh\u00e2n, c\u00f4ng ty s\u1ebd kh\u00f4ng ch\u1ecbu tr\u00e1ch nhi\u1ec7m v\u00e0 s\u1ebd kh\u00f4ng ho\u00e0n tr\u1ea3 ti\u1ec1n tour.<\/li>\n<li>T\u00f9y thu\u1ed9c v\u00e0o t\u00ednh ch\u1ea5t c\u1ee7a t\u1eebng h\u1ed3 s\u01a1 xin visa m\u00e0 ch\u00fang t\u00f4i c\u00f3 th\u1ec3 y\u00eau c\u1ea7u qu\u00fd kh\u00e1ch k\u00fd qu\u1ef9 t\u1eeb 100 Tri\u1ec7u VND\/ kh\u00e1ch \u0111\u1ebfn 300 Tri\u1ec7u VND\/ kh\u00e1ch tr\u01b0\u1edbc khi \u0111o\u00e0n kh\u1edfi h\u00e0nh, s\u1ed1 ti\u1ec1n n\u00e0y s\u1ebd \u0111\u01b0\u1ee3c ho\u00e0n tr\u1ea3 ngay khi qu\u00fd kh\u00e1ch tr\u1edf v\u1ec1 Vi\u1ec7t Nam. N\u1ebfu trong tr\u01b0\u1eddng h\u1ee3p c\u00f4ng ty \u0111\u00e3 th\u00f4ng b\u00e1o k\u00fd qu\u1ef9 m\u00e0 Qu\u00fd kh\u00e1ch kh\u00f4ng thanh to\u00e1n ti\u1ec1n k\u00fd qu\u1ef9 (d\u00f9 \u0111\u00e3 \u0111\u1ea1t visa) th\u00ec s\u1ebd \u0111\u1ed3ng ngh\u0129a v\u1edbi vi\u1ec7c Qu\u00fd kh\u00e1ch ch\u01b0a ho\u00e0n t\u1ea5t th\u1ee7 t\u1ee5c thanh to\u00e1n v\u00e0 \u0111\u01b0\u1ee3c coi l\u00e0 t\u1ef1 h\u1ee7y tour. Qu\u00fd kh\u00e1ch s\u1ebd kh\u00f4ng \u0111\u01b0\u1ee3c tham gia chuy\u1ebfn \u0111i v\u00e0 c\u00f4ng ty s\u1ebd \u00e1p d\u1ee5ng m\u1ee9c ph\u1ea1t theo quy \u0111\u1ecbnh m\u1ee5c \u0110i\u1ec1u ki\u1ec7n ho\u00e3n hu\u1ef7.<\/li>\n<\/ul>\n<p><strong>Ch\u00fa \u00fd trong qu\u00e1 tr\u00ecnh th\u1ef1c hi\u1ec7n tour:<\/strong><\/p>\n<ul>\n<li>Ch\u00fang t\u00f4i cung c\u1ea5p d\u1ecbch v\u1ee5 \u0111\u1ea7y \u0111\u1ee7 c\u00e1c \u0111i\u1ec3m tham quan v\u00e0 d\u1ecbch v\u1ee5 t\u01b0\u01a1ng \u0111\u01b0\u01a1ng ho\u1eb7c cao h\u01a1n trong tr\u01b0\u1eddng h\u1ee3p ch\u01b0\u01a1ng tr\u00ecnh ph\u1ea3i thay \u0111\u1ed5i theo t\u00ecnh h\u00ecnh th\u1ef1c t\u1ebf.<\/li>\n<li>Trong tr\u01b0\u1eddng h\u1ee3p b\u1ea1n mu\u1ed1n thay \u0111\u1ed5i ho\u1eb7c kh\u00f4ng s\u1eed d\u1ee5ng d\u1ecbch v\u1ee5, ch\u00fang t\u00f4i s\u1ebd c\u1ed1 g\u1eafng \u0111\u00e1p \u1ee9ng theo kh\u1ea3 n\u0103ng nh\u01b0ng ch\u00fang t\u00f4i kh\u00f4ng h\u1ee9a s\u1ebd ho\u00e0n tr\u1ea3 l\u1ea1i cho c\u00e1c d\u1ecbch v\u1ee5 \u0111\u00e3 \u0111\u1eb7t v\u00e0 th\u00e0nh to\u00e1n tr\u01b0\u1edbc trong ch\u01b0\u01a1ng tr\u00ecnh. Ch\u00fang t\u00f4i s\u1ebd b\u00e1o v\u1edbi b\u1ea1n trong m\u1ed7i tr\u01b0\u1eddng h\u1ee3p c\u1ee5 th\u1ec3.<\/li>\n<li>Quy \u0111\u1ecbnh chung c\u1ee7a kh\u00e1ch s\u1ea1n, nh\u1eadn ph\u00f2ng 12:00 \u2013 14:00, tr\u1ea3 ph\u00f2ng tr\u01b0\u1edbc 12:00.<\/li>\n<li>Quy \u0111\u1ecbnh chung kh\u00e1ch bay Qu\u1ed1c T\u1ebf ph\u1ea3i c\u00f3 m\u1eb7t t\u1ea1i qu\u1ea7y l\u00e0m th\u1ee7 t\u1ee5c l\u00ean m\u00e1y bay tr\u01b0\u1edbc gi\u1edd c\u1ea5t c\u00e1nh \u00edt nh\u1ea5t 2 ti\u1ebfng v\u00e0 1 ti\u1ebfng \u0111\u1ed1i v\u1edbi c\u00e1c chuy\u1ebfn bay N\u1ed9i \u0111\u1ecba.<\/li>\n<li>Ch\u00fa \u00fd h\u00e0nh tr\u00ecnh tham quan th\u01b0\u1eddng l\u00e0 kh\u00f4ng c\u00f3 th\u1eddi gian ngh\u1ec9 tr\u01b0a v\u00e0 ph\u1ea3i \u0111i b\u1ed9 nhi\u1ec1u. Ch\u00fang t\u00f4i s\u1ebd t\u01b0 v\u1ea5n c\u00e1c ch\u01b0\u01a1ng tr\u00ecnh ph\u00f9 h\u1ee3p h\u01a1n cho kh\u00e1ch h\u00e0ng c\u00f3 tu\u1ed5i v\u00e0 tr\u1ebb em.<\/li>\n<\/ul>\n","protected":false},"excerpt":{"rendered":"<p>Th\u00f4ng tin tour Gi\u00e1 bao g\u1ed3m: Ve\u0301 ma\u0301y bay kh\u01b0\u0301 h\u00f4\u0300i + thu\u00ea\u0301 va\u0300 phu\u0323 phi\u0301: Ha\u0300 N\u00f4\u0323i \u2013 Seoul \u2013 Jeju \u2013 Seoul \u2013 Ha\u0300 N\u00f4\u0323i 01 ki\u1ec7n H\u00e0nh l\u00fd k\u00fd g\u1eedi 15kg + H\u00e0nh l\u00fd x\u00e1ch tay 07kg Phi\u0301 xin visa va\u0300o Ha\u0300n Qu\u00f4\u0301c\u00a0 (Qu\u00fd kh\u00e1ch \u0111\u00e3 c\u00f3 visa s\u1ebd \u0111\u01b0\u1ee3c gi\u1ea3m tr\u1eeb&#8230;<\/p>\n","protected":false},"featured_media":369,"comment_status":"open","ping_status":"closed","template":"","meta":[],"_links":{"self":[{"href":"https:\/\/webmaibinh.com\/w\/dulich32011\/wp-json\/wp\/v2\/product\/367"}],"collection":[{"href":"https:\/\/webmaibinh.com\/w\/dulich32011\/wp-json\/wp\/v2\/product"}],"about":[{"href":"https:\/\/webmaibinh.com\/w\/dulich32011\/wp-json\/wp\/v2\/types\/product"}],"replies":[{"embeddable":true,"href":"https:\/\/webmaibinh.com\/w\/dulich32011\/wp-json\/wp\/v2\/comments?post=367"}],"wp:featuredmedia":[{"embeddable":true,"href":"https:\/\/webmaibinh.com\/w\/dulich32011\/wp-json\/wp\/v2\/media\/369"}],"wp:attachment":[{"href":"https:\/\/webmaibinh.com\/w\/dulich32011\/wp-json\/wp\/v2\/media?parent=367"}],"curies":[{"name":"wp","href":"https:\/\/api.w.org\/{rel}","templated":true}]}}