{"id":209,"date":"2017-11-03T00:39:06","date_gmt":"2017-11-03T00:39:06","guid":{"rendered":"http:\/\/dulich3.khowebseotop.vn\/?page_id=209"},"modified":"2018-12-19T14:57:10","modified_gmt":"2018-12-19T14:57:10","slug":"gioi-thieu","status":"publish","type":"page","link":"https:\/\/webmaibinh.com\/w\/dulich32011\/gioi-thieu\/","title":{"rendered":"Gi\u1edbi thi\u1ec7u"},"content":{"rendered":"\t<div class=\"img has-hover x md-x lg-x y md-y lg-y\" id=\"image_1894481060\">\n\t\t\t\t\t\t\t\t<div class=\"img-inner dark\" >\n\t\t\t<img width=\"1020\" height=\"590\" src=\"https:\/\/webmaibinh.com\/w\/dulich32011\/wp-content\/uploads\/2018\/12\/JB6A1753-1024x592.jpg\" class=\"attachment-large size-large\" alt=\"\" loading=\"lazy\" srcset=\"https:\/\/webmaibinh.com\/w\/dulich32011\/wp-content\/uploads\/2018\/12\/JB6A1753-1024x592.jpg 1024w, https:\/\/webmaibinh.com\/w\/dulich32011\/wp-content\/uploads\/2018\/12\/JB6A1753-1024x592-510x295.jpg 510w, https:\/\/webmaibinh.com\/w\/dulich32011\/wp-content\/uploads\/2018\/12\/JB6A1753-1024x592-692x400.jpg 692w, https:\/\/webmaibinh.com\/w\/dulich32011\/wp-content\/uploads\/2018\/12\/JB6A1753-1024x592-768x444.jpg 768w\" sizes=\"(max-width: 1020px) 100vw, 1020px\" \/>\t\t\t\t\t\t\n\t\t\t\t\t<\/div>\n\t\t\t\t\t\t\t\t\n<style>\n#image_1894481060 {\n  width: 100%;\n}\n<\/style>\n\t<\/div>\n\t\n<div class=\"row\"  id=\"row-648691544\">\n\n\t<div id=\"col-1513277846\" class=\"col small-12 large-12\"  >\n\t\t<div class=\"col-inner\"  >\n\t\t\t\n\t\t\t\n<h2><strong>C\u00e2u chuy\u1ec7n c\u1ee7a ch\u00fang t\u00f4i<\/strong><\/h2>\n<p>365 Travel ch\u00ednh l\u00e0 m\u1ed9t c\u00e2u chuy\u1ec7n th\u00e0nh c\u00f4ng m\u00e0 ch\u00fang t\u00f4i mu\u1ed1n chia s\u1ebb v\u1edbi c\u00e1c b\u1ea1n. 365 Travel \u0111\u01b0\u1ee3c th\u00e0nh l\u1eadp v\u00e0o n\u0103m 2006 b\u1edfi m\u1ed9t c\u1eb7p v\u1ee3 ch\u1ed3ng tr\u1ebb t\u1eeb H\u00e0 N\u00f4i. Tommy Nguy\u00ean ph\u1ee5 tr\u00e1ch qu\u1ea3n l\u00fd v\u00e0 s\u1ea3n ph\u1ea9m, trong khi Cindy Nguy\u00ean nh\u1eadn tr\u00e1ch nhi\u1ec7m m\u1ea3ng kinh doanh. M\u1eb7c d\u00f9 c\u00f3 kinh nghi\u1ec7m nhi\u1ec1u n\u0103m l\u00e0m vi\u1ec7c t\u1ea1i m\u1ed9t c\u00f4ng ty tour du l\u1ecbch tr\u01b0\u1edbc \u0111\u00f3, h\u1ecd v\u1eabn c\u00f2n nhi\u1ec1u e ng\u1ea1i khi ti\u1ebfp c\u1eadn c\u00e1c \u0111\u1ed1i t\u00e1c n\u01b0\u1edbc ngo\u00e0i, v\u00ec nhi\u1ec1u ng\u01b0\u1eddi s\u1ebd ngh\u0129 r\u1eb1ng 27 tu\u1ed5i l\u00e0 qu\u00e1 tr\u1ebb \u0111\u1ec3 l\u00e0m ch\u1ee7 m\u1ed9t doanh nghi\u1ec7p.<\/p>\n<p>C\u0169ng gi\u1ed1ng nh\u01b0 nhi\u1ec1u startup kh\u00e1c, nh\u1eefng ng\u00e0y \u0111\u1ea7u ti\u00ean ch\u00fang t\u00f4i \u0111\u00e3 g\u1eb7p r\u1ea5t nhi\u1ec1u kh\u00f3 kh\u0103n. V\u0103n ph\u00f2ng th\u00ec nh\u1ecf, c\u00e1c \u0111\u01a1n \u0111\u1eb7t mua \u0111\u1ebfn ch\u1eadm ch\u1ea1p, ch\u1ee7 y\u1ebfu t\u1eeb b\u1ea1n b\u00e8 v\u00e0 ng\u01b0\u1eddi th\u00e2n mu\u1ed1n \u0111\u1eb7t v\u00e9 v\u00e0 ph\u00f2ng kh\u00e1ch s\u1ea1n.<\/p>\n<h2><strong>Nh\u1eadn di\u1ec7n th\u01b0\u01a1ng hi\u1ec7u<\/strong><\/h2>\n<p>Gi\u00e1 tr\u1ecb c\u1ee7a ch\u00fang t\u00f4i l\u00e0 gi\u00fap vi\u1ec7c kinh doanh c\u1ee7a c\u00f4ng ty ti\u1ebfn h\u00e0nh m\u1ed9t c\u00e1ch r\u1ea5t c\u00f3 nguy\u00ean t\u1eafc.<br \/>Slogan c\u1ee7a ch\u00fang t\u00f4i l\u00e0: \u201cExperience is true value\u201d tr\u1ea3i nghi\u1ec7m t\u1ea1o n\u00ean gi\u00e1 tr\u1ecb \u0111\u00edch th\u1ef1c.<\/p>\n<p>T\u00ean 365 Travel xu\u1ea5t ph\u00e1t t\u1eeb th\u1ef1c t\u1ebf r\u1eb1ng ch\u00fang t\u00f4i s\u1eb5n s\u00e0ng c\u00f3 m\u1eb7t \u0111\u1ec3 ph\u1ee5c v\u1ee5 b\u1ea1n 24\/7, 365 ng\u00e0y trong 1 n\u0103m v\u00e0 l\u00e0 m\u1ed9t \u0111\u1ed1i t\u00e1c kinh doanh uy t\u00edn, \u0111\u00e1ng tin c\u1eady v\u1edbi \u201cS\u1ef1 ch\u0103m s\u00f3c li\u00ean t\u1ee5c\u201d v\u00e0 \u201ckhi\u00eam t\u1ed1n\u201d \u0111\u1ec3 chu\u1ea9n b\u1ecb cho t\u01b0\u01a1ng lai v\u00e0 ch\u00fang t\u00f4i lu\u00f4n lu\u00f4n ghi nh\u1edb r\u1eb1ng kh\u00e1ch h\u00e0ng v\u00e0 \u0111\u1ed1i th\u1ee7 c\u1ea1nh tranh l\u00e0 y\u1ebfu t\u1ed1 c\u1ea7n thi\u1ebft \u0111\u1ec3 c\u1ea3i thi\u1ec7n b\u1ea3n th\u00e2n doanh nghi\u1ec7p. \u201cNgay th\u1eb3ng\u201d c\u00f3 ngh\u0129a l\u00e0 t\u00ednh minh b\u1ea1ch v\u00e0 tr\u00e1ch nhi\u1ec7m \u0111i \u0111\u00f4i v\u1edbi c\u1ea3m h\u1ee9ng c\u0169ng nh\u01b0 th\u00e1ch th\u1ee9c trong c\u00f4ng vi\u1ec7c. S\u1ed1ng v\u00e0 l\u00e0m vi\u1ec7c theo nh\u1eefng gi\u00e1 tr\u1ecb \u0111\u1eb7c bi\u1ec7t, chia s\u1ebb \u0111am m\u00ea v\u00e0 cam k\u1ebft ti\u1ebfp t\u1ee5c ph\u1ea5n \u0111\u1ea5u, s\u1eb5n s\u00e0ng cho nh\u1eefng n\u1ea5c thang cao h\u01a1n.<\/p>\n<p>Ch\u00fang t\u00f4i hy v\u1ecdng s\u1ebd l\u00e0 ng\u01b0\u1eddi b\u1ea1n \u0111\u1ed3ng h\u00e0nh \u0111\u00e1ng tin c\u1eady c\u1ee7a b\u1ea1n trong t\u01b0\u01a1ng lai!<\/p>\n<p>\u00a0<\/p>\n<p>\u00a0<\/p>\n\t\t<\/div>\n\t\t\t<\/div>\n\n\t\n<\/div>\n","protected":false},"excerpt":{"rendered":"","protected":false},"author":1,"featured_media":0,"parent":0,"menu_order":0,"comment_status":"closed","ping_status":"closed","template":"page-left-sidebar.php","meta":[],"_links":{"self":[{"href":"https:\/\/webmaibinh.com\/w\/dulich32011\/wp-json\/wp\/v2\/pages\/209"}],"collection":[{"href":"https:\/\/webmaibinh.com\/w\/dulich32011\/wp-json\/wp\/v2\/pages"}],"about":[{"href":"https:\/\/webmaibinh.com\/w\/dulich32011\/wp-json\/wp\/v2\/types\/page"}],"author":[{"embeddable":true,"href":"https:\/\/webmaibinh.com\/w\/dulich32011\/wp-json\/wp\/v2\/users\/1"}],"replies":[{"embeddable":true,"href":"https:\/\/webmaibinh.com\/w\/dulich32011\/wp-json\/wp\/v2\/comments?post=209"}],"version-history":[{"count":2,"href":"https:\/\/webmaibinh.com\/w\/dulich32011\/wp-json\/wp\/v2\/pages\/209\/revisions"}],"predecessor-version":[{"id":429,"href":"https:\/\/webmaibinh.com\/w\/dulich32011\/wp-json\/wp\/v2\/pages\/209\/revisions\/429"}],"wp:attachment":[{"href":"https:\/\/webmaibinh.com\/w\/dulich32011\/wp-json\/wp\/v2\/media?parent=209"}],"curies":[{"name":"wp","href":"https:\/\/api.w.org\/{rel}","templated":true}]}}