{"id":73,"date":"2017-11-01T03:45:27","date_gmt":"2017-11-01T03:45:27","guid":{"rendered":"http:\/\/tour.khowebseotop.vn\/?post_type=product&#038;p=73"},"modified":"2017-11-03T07:19:17","modified_gmt":"2017-11-03T07:19:17","slug":"tour-du-lich-dai-loan-5-ngay-4-dem","status":"publish","type":"product","link":"https:\/\/webmaibinh.com\/w\/dulich12011\/san-pham\/tour-du-lich-dai-loan-5-ngay-4-dem\/","title":{"rendered":"Tour Du l\u1ecbch \u0110\u00e0i Loan 5 ng\u00e0y 4 \u0111\u00eam"},"content":{"rendered":"<div class=\"lich_trinh_title other_news_title\"><span style=\"color: #555555; font-size: 14.4px;\">\u0110\u00e0i Loan h\u00f2n \u0111\u1ea3o xinh \u0111\u1eb9p \u1edf ph\u00eda \u0110\u00f4ng Nam Trung Qu\u1ed1c. B\u00ean c\u1ea1nh c\u00e1c di t\u00edch l\u1ecbch s\u1eed v\u0103n h\u00f3a \u0111a s\u1eafc m\u00e0u, du kh\u00e1ch c\u00f2n b\u1ecb n\u00edu ch\u00e2n b\u1edfi n\u1ec1n \u1ea9m th\u1ef1c, phong c\u1ea3nh thi\u00ean nhi\u00ean tuy\u1ec7t v\u1edbi, mua s\u1eafm t\u1ea1i ch\u1ee3 \u0111\u00eam v\u1edbi v\u00f4 s\u1ed1 ch\u1ee7ng lo\u1ea1i h\u00e0ng h\u00f3a. Kh\u00f4ng ch\u1ec9 \u0111\u01b0\u1ee3c bi\u1ebft \u0111\u1ebfn b\u1edfi v\u1ebb \u0111\u1eb9p thi\u00ean nhi\u00ean, \u0110\u00e0i Loan c\u00f2n \u0111\u01b0\u1ee3c m\u1ec7nh danh l\u00e0 \u201ccon r\u1ed3ng ch\u00e2u \u00c1\u201d v\u1edbi n\u1ec1n kinh t\u1ebf ph\u00e1t tri\u1ec3n v\u00e0o h\u00e0ng b\u1eadc nh\u1ea5t \u1edf khu v\u1ef1c ch\u00e2u \u00c1.<\/span><\/div>\n<div class=\"tong_quan_detail\">\n<h4>GHE\u0301 TH\u0102M CH\u01a0\u0323 \u0110\u00caM L\u01afU H\u01a0\u0323P.<\/h4>\n<p>Da\u0323o ch\u01a1i<strong>\u00a0ch\u01a1\u0323 \u0111\u00eam L\u01b0u H\u01a1\u0323p<\/strong>\u00a0(Liuho) la\u0300 m\u00f4\u0323t trong nh\u01b0\u0303ng tra\u0309i nghi\u00ea\u0323m ma\u0300 du kha\u0301ch kh\u00f4ng th\u00ea\u0309 bo\u0309 qua trong\u00a0<strong>tour\u00a0du li\u0323ch \u0110a\u0300i Loan<\/strong>\u00a0khi mu\u00f4\u0301n tra\u0309i nghi\u00ea\u0323m tinh hoa \u00e2\u0309m th\u01b0\u0323c va\u0300 v\u0103n ho\u0301a \u0110a\u0300i Loan.<\/p>\n<p>Ch\u01a1\u0323 \u0111\u00eam Liuho n\u0103\u0300m tr\u00ean con ph\u00f4\u0301 Liuhe v\u01a1\u0301i chi\u00ea\u0300u da\u0300i khoa\u0309ng h\u01a1n 300m.<\/p>\n<p>V\u00ea\u0300 \u0111\u00eam, n\u01a1i \u0111\u00e2y tr\u01a1\u0309 tha\u0300nh \u0111i\u0323a \u0111i\u00ea\u0309m na\u0301o nhi\u00ea\u0323t v\u01a1\u0301i \u0111e\u0300n \u0111i\u00ea\u0323n \u0111u\u0309 ma\u0300u s\u0103\u0301c cu\u0300ng nh\u01b0\u0303ng gian ha\u0300ng ba\u0300y ba\u0301n qu\u00e2\u0300n a\u0301o va\u0300 \u0111\u00f4\u0300 \u0103n \u0111\u01b0\u01a1\u0300ng ph\u00f4\u0301 c\u01b0\u0323c ki\u0300 h\u00e2\u0301p d\u00e2\u0303n.<\/p>\n<p>Du kha\u0301ch t\u01a1\u0301i \u0111\u00e2y se\u0303 bi\u0323 choa\u0301ng ng\u01a1\u0323p b\u01a1\u0309i nh\u01b0\u0303ng mo\u0301n \u0103n c\u01b0\u0323c ki\u0300 thu hu\u0301t nh\u01b0 tra\u0300 s\u01b0\u0303a \u0111u \u0111u\u0309 th\u01a1m ngon, ba\u0301nh ti\u00eau, hay mo\u0301n \u0111\u00e2\u0323u hu\u0303 th\u00f4\u0301i c\u01b0\u0323c ki\u0300 n\u00f4\u0309i ti\u00ea\u0301ng\u2026<\/p>\n<p>Ch\u01a1\u0323 \u0111\u00eam L\u01b0u H\u01a1\u0323p kh\u00f4ng chi\u0309 la\u0300 m\u00f4\u0323t \u0111i\u0323a chi\u0309 \u0103n u\u00f4\u0301ng, tho\u0309a ma\u0303n nhu c\u00e2\u0300u mua s\u0103\u0301m ma\u0300 co\u0300n la\u0300 \u0111i\u0323a chi\u0309 vui ch\u01a1i, gia\u0309i tri\u0301 cu\u0309a nhi\u00ea\u0300u l\u01b0\u0301a tu\u00f4\u0309i.<\/p>\n<p>\u0110i\u0323a chi\u0309 na\u0300y thu hu\u0301t kh\u00f4ng chi\u0309 ng\u01b0\u01a1\u0300i d\u00e2n ba\u0309n \u0111i\u0323a ma\u0300 co\u0300n thu hu\u0301t s\u00f4\u0301 l\u01b0\u01a1\u0323ng l\u01a1\u0301n du kha\u0301ch qu\u00f4\u0301c t\u00ea\u0301.<\/p>\n<h3><strong>THAM QUAN CHU\u0300A LONG S\u01a0N \u2013 NG\u00d4I CHU\u0300A C\u00d4\u0309 KI\u0301NH NH\u00c2\u0301T \u0110A\u0300I LOAN<\/strong><\/h3>\n<p>Ch\u00f9a Long S\u01a1n \u0110\u00e0i B\u1eafc c\u00f3 nhi\u1ec1u t\u00ean g\u1ecdi:\u00a0ch\u00f9a Long S\u01a1n V\u1ea1n Hoa ho\u1eb7c ch\u00f9a Long S\u01a1n M\u1ea1nh Gi\u00e1p. G\u1ecdi t\u1eaft l\u00e0 Ch\u00f9a Long S\u01a1n.<br \/>\nV\u1ecb tr\u00ed: n\u1eb1m \u1edf khu V\u1ea1n Hoa (t\u00ean g\u1ecdi c\u0169 l\u00e0 M\u1ea1nh Gi\u00e1p) th\u00e0nh ph\u1ed1 \u0110\u00e0i B\u1eafc, \u0110\u00e0i Loan.<\/p>\n<p>Ng\u00f4i ch\u00f9a Long S\u01a1n T\u1ef1 n\u1ed5i ti\u1ebfng n\u00e0y \u0111\u01b0\u1ee3c x\u00e2y d\u1ef1ng n\u0103m 1738, v\u00e0o th\u1eddi vua C\u00e0n Long, \u0111\u1eddi nh\u00e0 Thanh v\u00e0 ch\u1ee7 y\u1ebfu l\u00e0 th\u1edd Ph\u1eadt Quan Th\u1ebf \u00c2m B\u1ed3 T\u00e1t. Tr\u1ea3i qua h\u01a1n 270 n\u0103m l\u1ecbch s\u1eed, ng\u00f4i ch\u00f9a n\u00e0y \u0111\u00e3 \u0111\u01b0\u1ee3c tr\u00f9ng tu nhi\u1ec1u l\u1ea7n nh\u01b0ng v\u1eabn gi\u1eef \u0111\u01b0\u1ee3c n\u00e9t k\u1ebft c\u1ea5u ban \u0111\u1ea7u. Ng\u00f4i ch\u00f9a hi\u1ec7n t\u1ea1i \u0111\u01b0\u1ee3c x\u00e2y d\u1ef1ng l\u1ea1i v\u00e0o \u0111\u1ea7u nh\u1eefng n\u0103m 1900 v\u1edbi s\u1ef1 k\u1ebft h\u1ee3p c\u1ee7a c\u1ea3 y\u1ebfu t\u1ed1 Ph\u1eadt gi\u00e1o v\u00e0 L\u00e3o gi\u00e1o.<\/p>\n<p><img loading=\"lazy\" class=\"aligncenter wp-image-130 size-full\" src=\"http:\/\/tour.khowebseotop.vn\/wp-content\/uploads\/2017\/11\/tour-du-lich-dai-loan-5-ngay-4-dem-73-1.png\" alt=\"\" width=\"720\" height=\"480\" srcset=\"https:\/\/webmaibinh.com\/w\/dulich12011\/wp-content\/uploads\/2017\/11\/tour-du-lich-dai-loan-5-ngay-4-dem-73-1.png 720w, https:\/\/webmaibinh.com\/w\/dulich12011\/wp-content\/uploads\/2017\/11\/tour-du-lich-dai-loan-5-ngay-4-dem-73-1-510x340.png 510w, https:\/\/webmaibinh.com\/w\/dulich12011\/wp-content\/uploads\/2017\/11\/tour-du-lich-dai-loan-5-ngay-4-dem-73-1-600x400.png 600w\" sizes=\"(max-width: 720px) 100vw, 720px\" \/><\/p>\n<p>Long S\u01a1n T\u1ef1 \u0111\u01b0\u1ee3c x\u00e2y d\u1ef1ng theo k\u1ebft c\u1ea7u h\u00ecnh ch\u1eef H\u1ed3i \u2013 \u0111\u00e2y l\u00e0 b\u1ed1 c\u1ee5c th\u1ec3 hi\u1ec7n s\u1ef1 t\u00f4n k\u00ednh trong c\u00e1c ch\u00f9a chi\u1ec1n truy\u1ec1n th\u1ed1ng c\u1ee7a ng\u01b0\u1eddi Hoa.\u00a0\u0110\u1ec3 v\u00e0o b\u00ean trong, du kh\u00e1ch du li\u0323ch \u0110a\u0300i Loan ph\u1ea3i \u0111i qua ba c\u1eeda trang tr\u00ed li\u00ean ti\u1ebfp d\u1eabn v\u00e0o s\u00e2n trong r\u1ea3i \u0111\u00e1 r\u0103m c\u0169 do nh\u1eefng chi\u1ebfc t\u00e0u t\u1eebng ch\u1edf d\u00e2n nh\u1eadp c\u01b0 c\u1ee7a th\u00e0nh ph\u1ed1 mang \u0111\u1ebfn.<\/p>\n<p>Th\u01b0 gi\u00e3n b\u00ean th\u00e1c n\u01b0\u1edbc v\u00e0 chi\u00eam ng\u01b0\u1ee1ng ki\u1ebfn tr\u00fac truy\u1ec1n th\u1ed1ng, c\u00e1c b\u1ee9c kh\u1eafc g\u1ed7 v\u00e0 \u0111\u00e1 trang tr\u00ed c\u00f9ng nh\u1eefng b\u1ee9c t\u01b0\u1ee3ng r\u1ed3ng m\u00e0u s\u1eafc s\u1eb7c s\u1ee1. B\u1ea1n \u0111\u1eebng qu\u00ean\u00a0t\u00ecm ki\u1ebfm c\u00e1c b\u1ee9c \u0111i\u00eau kh\u1eafc g\u1ed7 c\u00f3 nh\u1eefng b\u00e0i th\u01a1 v\u00e0 th\u01a1 tr\u1eef t\u00ecnh Trung Qu\u1ed1c \u1edf tr\u00ean.<\/p>\n<h3><strong>KHA\u0301M PHA\u0301 C\u00d4NG VI\u00caN \u0110I\u0323A CH\u00c2\u0301T DA\u0303 LI\u00ca\u0303U.<\/strong><\/h3>\n<p><strong>C\u00f4ng vi\u00ean \u0111\u1ecba ch\u1ea5t D\u1ea1 Li\u1ec5u<\/strong>\u00a0n\u1eb1m \u1edf g\u1ea7n \u0111i\u1ec3m c\u1ef1c B\u1eafc c\u1ee7a \u0111\u1ea3o \u0110\u00e0i Loan thu\u1ed9c th\u1ecb tr\u1ea5n V\u1ea1n L\u1ecbch (Wanli Town). B\u1edd bi\u1ec3n n\u01a1i \u0111\u00e2y ti\u1ebfp gi\u00e1p v\u1edbi Th\u00e1i B\u00ecnh D\u01b0\u01a1ng v\u00e0 h\u01b0\u1edbng v\u1ec1 ph\u00eda Nh\u1eadt B\u1ea3n v\u1edbi chi\u1ec1u d\u00e0i l\u00e0 1.700 m. C\u00f4ng vi\u00ean \u0111\u1ecba ch\u1ea5t n\u00e0y n\u1ed5i ti\u1ebfng v\u1edbi nh\u1eefng t\u1ea3ng \u0111\u00e1 c\u00f3 h\u00ecnh th\u00f9 k\u1ef3 l\u1ea1 c\u00f9ng nh\u1eefng di t\u00edch h\u00f3a th\u1ea1ch c\u00f3 gi\u00e1 tr\u1ecb l\u1ecbch s\u1eed l\u00e2u \u0111\u1eddi, la\u0300 \u0111i\u0323a \u0111i\u00ea\u0309m kha\u0301 thu\u0301 vi\u0323 trong ha\u0300nh tri\u0300nh du li\u0323ch \u0110a\u0300i Loan cu\u0309a ba\u0323n.<\/p>\n<p><img loading=\"lazy\" class=\"aligncenter wp-image-131 size-full\" src=\"http:\/\/tour.khowebseotop.vn\/wp-content\/uploads\/2017\/11\/tour-du-lich-dai-loan-5-ngay-4-dem-73-2.png\" alt=\"\" width=\"720\" height=\"480\" srcset=\"https:\/\/webmaibinh.com\/w\/dulich12011\/wp-content\/uploads\/2017\/11\/tour-du-lich-dai-loan-5-ngay-4-dem-73-2.png 720w, https:\/\/webmaibinh.com\/w\/dulich12011\/wp-content\/uploads\/2017\/11\/tour-du-lich-dai-loan-5-ngay-4-dem-73-2-510x340.png 510w, https:\/\/webmaibinh.com\/w\/dulich12011\/wp-content\/uploads\/2017\/11\/tour-du-lich-dai-loan-5-ngay-4-dem-73-2-600x400.png 600w\" sizes=\"(max-width: 720px) 100vw, 720px\" \/><\/p>\n<p>C\u00e1c m\u1ecfm \u0111\u00e1 \u1edf\u00a0<strong>c\u00f4ng vi\u00ean \u0111\u1ecba ch\u1ea5t Yehliu<\/strong>\u00a0c\u00f3 nh\u1eefng c\u00e1i t\u00ean h\u1ebft s\u1ee9c ng\u1ed9 ngh\u0129nh nh\u01b0: \u0110\u00e1 N\u1ea5m (Mushroom Rock), \u0110\u00e1 N\u1ebfn (Candle Rock), H\u00e0i Ti\u00ean (Fairy\u2019s Shoe), \u0111\u00e1 \u0110\u1ea7u R\u1ed3ng (Head Dragon),\u2026 v\u00e0 n\u1ed5i ti\u1ebfng nh\u1ea5t l\u00e0 h\u00f2n \u0110\u1ea7u N\u1eef Ho\u00e0ng (Queen\u2019s Head).<\/p>\n<p>Nh\u1eefng c\u00e1i t\u00ean n\u01a1i \u0111\u00e2y \u0111\u01b0\u1ee3c \u0111\u1eb7t theo h\u00ecnh th\u00f9 c\u1ee7a n\u00f3 qua tr\u00ed t\u01b0\u1edfng t\u01b0\u1ee3ng c\u1ee7a con ng\u01b0\u1eddi. B\u1ea1n c\u0169ng c\u00f3 th\u1ec3 g\u1ecdi n\u00f3 b\u1eb1ng 1 c\u00e1i t\u00ean kh\u00e1c theo c\u00e1ch nh\u00ecn ri\u00eang c\u1ee7a b\u1ea1n, b\u1ea1n th\u1ea5y n\u00f3 gi\u1ed1ng c\u00e1i g\u00ec th\u00ec g\u1ecdi n\u00f3 v\u1edbi c\u00e1i t\u00ean \u0111\u00f3.<\/p>\n<\/div>\n","protected":false},"excerpt":{"rendered":"<p>\u0110\u00e0i Loan h\u00f2n \u0111\u1ea3o xinh \u0111\u1eb9p \u1edf ph\u00eda \u0110\u00f4ng Nam Trung Qu\u1ed1c. B\u00ean c\u1ea1nh c\u00e1c di t\u00edch l\u1ecbch s\u1eed v\u0103n h\u00f3a \u0111a s\u1eafc m\u00e0u, du kh\u00e1ch c\u00f2n b\u1ecb n\u00edu ch\u00e2n b\u1edfi n\u1ec1n \u1ea9m th\u1ef1c, phong c\u1ea3nh thi\u00ean nhi\u00ean tuy\u1ec7t v\u1edbi, mua s\u1eafm t\u1ea1i ch\u1ee3 \u0111\u00eam v\u1edbi v\u00f4 s\u1ed1 ch\u1ee7ng lo\u1ea1i h\u00e0ng h\u00f3a. Kh\u00f4ng ch\u1ec9 \u0111\u01b0\u1ee3c [&#8230;]\n","protected":false},"featured_media":265,"comment_status":"open","ping_status":"closed","template":"","meta":[],"_links":{"self":[{"href":"https:\/\/webmaibinh.com\/w\/dulich12011\/wp-json\/wp\/v2\/product\/73"}],"collection":[{"href":"https:\/\/webmaibinh.com\/w\/dulich12011\/wp-json\/wp\/v2\/product"}],"about":[{"href":"https:\/\/webmaibinh.com\/w\/dulich12011\/wp-json\/wp\/v2\/types\/product"}],"replies":[{"embeddable":true,"href":"https:\/\/webmaibinh.com\/w\/dulich12011\/wp-json\/wp\/v2\/comments?post=73"}],"wp:featuredmedia":[{"embeddable":true,"href":"https:\/\/webmaibinh.com\/w\/dulich12011\/wp-json\/wp\/v2\/media\/265"}],"wp:attachment":[{"href":"https:\/\/webmaibinh.com\/w\/dulich12011\/wp-json\/wp\/v2\/media?parent=73"}],"curies":[{"name":"wp","href":"https:\/\/api.w.org\/{rel}","templated":true}]}}