{"id":217,"date":"2017-11-03T00:40:51","date_gmt":"2017-11-03T00:40:51","guid":{"rendered":"http:\/\/tour.khowebseotop.vn\/?page_id=217"},"modified":"2017-11-03T00:40:51","modified_gmt":"2017-11-03T00:40:51","slug":"bao-mat-thong-tin-khach-hang","status":"publish","type":"page","link":"https:\/\/webmaibinh.com\/w\/dulich12011\/bao-mat-thong-tin-khach-hang\/","title":{"rendered":"B\u1ea3o m\u1eadt th\u00f4ng tin kh\u00e1ch h\u00e0ng"},"content":{"rendered":"<p>B\u1ea3o m\u1eadt th\u00f4ng tin kh\u00e1ch h\u00e0ng<\/p>\n","protected":false},"excerpt":{"rendered":"<p>B\u1ea3o m\u1eadt th\u00f4ng tin kh\u00e1ch h\u00e0ng<\/p>\n","protected":false},"author":1,"featured_media":0,"parent":0,"menu_order":0,"comment_status":"closed","ping_status":"closed","template":"","meta":[],"_links":{"self":[{"href":"https:\/\/webmaibinh.com\/w\/dulich12011\/wp-json\/wp\/v2\/pages\/217"}],"collection":[{"href":"https:\/\/webmaibinh.com\/w\/dulich12011\/wp-json\/wp\/v2\/pages"}],"about":[{"href":"https:\/\/webmaibinh.com\/w\/dulich12011\/wp-json\/wp\/v2\/types\/page"}],"author":[{"embeddable":true,"href":"https:\/\/webmaibinh.com\/w\/dulich12011\/wp-json\/wp\/v2\/users\/1"}],"replies":[{"embeddable":true,"href":"https:\/\/webmaibinh.com\/w\/dulich12011\/wp-json\/wp\/v2\/comments?post=217"}],"version-history":[{"count":1,"href":"https:\/\/webmaibinh.com\/w\/dulich12011\/wp-json\/wp\/v2\/pages\/217\/revisions"}],"predecessor-version":[{"id":218,"href":"https:\/\/webmaibinh.com\/w\/dulich12011\/wp-json\/wp\/v2\/pages\/217\/revisions\/218"}],"wp:attachment":[{"href":"https:\/\/webmaibinh.com\/w\/dulich12011\/wp-json\/wp\/v2\/media?parent=217"}],"curies":[{"name":"wp","href":"https:\/\/api.w.org\/{rel}","templated":true}]}}