{"id":1320,"date":"2022-11-01T16:15:27","date_gmt":"2022-11-01T09:15:27","guid":{"rendered":"https:\/\/webmaibinh.com\/w\/dongymaibinh\/?post_type=product&#038;p=1320"},"modified":"2022-11-01T16:16:22","modified_gmt":"2022-11-01T09:16:22","slug":"tinh-bot-nghe-den","status":"publish","type":"product","link":"https:\/\/webmaibinh.com\/w\/dongymaibinh\/s\u1ea3n ph\u1ea9m\/tinh-bot-nghe-den\/","title":{"rendered":"Tinh b\u1ed9t ngh\u1ec7 \u0111en"},"content":{"rendered":"<p style=\"text-align: justify;\"><strong>Hi\u1ec7n nay b\u1ed9t ngh\u1ec7 \u0111en \u0111ang \u0111\u01b0\u1ee3c bi\u1ebft \u0111\u1ebfn v\u1edbi nhi\u1ec1u c\u00f4ng d\u1ee5ng ch\u1eefa b\u1ec7nh. Tuy nhi\u00ean kh\u00f4ng ph\u1ea3i ai c\u0169ng bi\u1ebft r\u00f5 b\u1ed9t ngh\u1ec7 \u0111en c\u00f3 t\u00e1c d\u1ee5ng g\u00ec? M\u1eddi b\u1ea1n \u0111\u1ecdc h\u00e3y c\u00f9ng theo d\u00f5i b\u00e0i vi\u1ebft d\u01b0\u1edbi \u0111\u00e2y \u0111\u1ec3 c\u00f3 th\u00eam nhi\u1ec1u th\u00f4ng tin h\u1eefu \u00edch.<\/strong><\/p>\n<h2 style=\"text-align: justify;\"><strong>1. T\u00ecm hi\u1ec3u chung v\u1ec1 tinh b\u1ed9t ngh\u1ec7 \u0111en<\/strong><\/h2>\n<p style=\"text-align: justify;\">Ngh\u1ec7 \u0111en l\u00e0 m\u1ed9t lo\u1ea1i th\u00e2n th\u1ea3o n\u1eb1m trong nh\u00f3m h\u1ecd G\u1eebng.\u00a0 Th\u00e2n c\u00e2y cao kho\u1ea3ng t\u1ea7m t\u1eeb 1 \u2013 1,5m. C\u1ee7 ngh\u1ec7 \u0111en th\u01b0\u1eddng c\u00f3 m\u00e0u t\u00edm \u0111\u1eadm, ch\u1ee9a r\u1ea5t nhi\u1ec1u tinh d\u1ea7u, c\u00f3 v\u1ecb \u0111\u1eafng, m\u00f9i h\u01a1i h\u0103ng v\u00e0 kh\u00e1 cay.<\/p>\n<h3 style=\"text-align: justify;\"><strong>C\u00e1ch l\u00e0m tinh b\u1ed9t ngh\u1ec7<\/strong><\/h3>\n<p style=\"text-align: justify;\">Tinh b\u1ed9t ngh\u1ec7 \u0111en ch\u00ednh l\u00e0 nh\u1eefng c\u1ee7 ngh\u1ec7 khi \u0111\u00e3 to th\u00ec s\u1ebd \u0111\u01b0\u1ee3c thu ho\u1ea1ch sau \u0111\u00f3 ch\u1ebf bi\u1ebfn th\u00e0nh b\u1ed9t ngh\u1ec7. B\u1eb1ng c\u00e1ch d\u00f9ng dao g\u1ecdt v\u1ecf v\u00e0 r\u1eeda s\u1ea1ch. Sa \u0111\u00f3 ch\u00fang ta s\u1ebd ti\u1ebfn h\u00e0ng nghi\u1ec1n nhuy\u1ec5n c\u1ee7 ngh\u1ec7 th\u00e0nh b\u1ed9t v\u00e0 h\u00f2a tan v\u00e0o n\u01b0\u1edbc s\u1ea1ch.<\/p>\n<p style=\"text-align: justify;\">Khi ph\u1ea7n ngh\u1ec7 \u0111\u00e3 \u0111\u01b0\u1ee3c l\u1eafng xu\u1ed1ng d\u01b0\u1edbi \u0111\u00e1y th\u00ec \u0111em ph\u01a1i kh\u00f4.Tuy nhi\u00ean kh\u00f4ng n\u00ean ph\u01a1i tr\u1ef1c ti\u1ebfp ngh\u1ec7 d\u01b0\u1edbi \u00e1nh s\u00e1ng m\u1eb7t tr\u1eddi v\u00ec r\u1ea5t c\u00f3 th\u1ec3 s\u1ebd l\u00e0m m\u1ea5t ch\u1ea5t Curcumin c\u00f3 trong ngh\u1ec7.<\/p>\n<p style=\"text-align: justify;\">Ph\u01a1i cho t\u1edbi khi b\u1ea1n th\u1ea5y c\u00f3 h\u1ee3p ch\u1ea5t m\u00e0u tr\u1eafng s\u1eefa th\u00ec ng\u1eebng ph\u01a1i v\u00e0 \u0111\u00f3 ch\u00ednh l\u00e0 tinh b\u1ed9t ngh\u1ec7 \u0111en nguy\u00ean ch\u1ea5t.<\/p>\n<h2 style=\"text-align: justify;\"><strong>2. B\u1ed9t ngh\u1ec7 \u0111en c\u00f3 t\u00e1c d\u1ee5ng g\u00ec?<\/strong><\/h2>\n<h3 style=\"text-align: justify;\"><strong>Tinh b\u1ed9t ngh\u1ec7 \u0111en gi\u00fap \u0103n ngon mi\u1ec7ng v\u00e0 h\u1ed7 tr\u1ee3 ti\u00eau h\u00f3a<\/strong><\/h3>\n<p style=\"text-align: justify;\">M\u1ed9t trong nh\u1eefng c\u00f4ng d\u1ee5ng ph\u1ed5 bi\u1ebfn c\u1ee7a tinh b\u1ed9t ngh\u1ec7 \u0111en. Ch\u00ednh nh\u1edd v\u00e0o \u0111\u1eb7c tr\u01b0ng c\u1ee7a c\u1ee7a ngh\u1ec7 c\u00f3 v\u1ecb \u0111\u1eafng, cay v\u00e0 h\u01a1i h\u0103ng.<\/p>\n<p style=\"text-align: justify;\">B\u00ean c\u1ea1nh \u0111\u00f3 trong tinh b\u1ed9t ngh\u1ec7 \u0111en nguy\u00ean ch\u1ea5t c\u00f3 kh\u1ea3 n\u0103ng k\u00edch th\u00edch t\u00fai m\u1eadt v\u00e0 gi\u00fap ti\u00eau\u00a0 h\u00f3a t\u1ed1t th\u1ee9c \u0103n v\u00e0 \u0111\u1eb7c bi\u1ec7t t\u1ed1t cho nh\u1eefng ng\u01b0\u1eddi b\u1ecb b\u1ec7nh\u00a0 vi\u00eam \u0111\u1ea1i tr\u00e0ng.<\/p>\n<h3 style=\"text-align: justify;\"><strong>U\u1ed1ng tinh b\u1ed9t ngh\u1ec7 \u0111en gi\u00fap t\u0103ng c\u01b0\u1eddng h\u1ec7 mi\u1ec5n d\u1ecbch<\/strong><\/h3>\n<p style=\"text-align: justify;\">Trong tinh b\u1ed9t ngh\u1ec7 \u0111en c\u00f3 ch\u1ee9a ph\u1ea7n l\u1edbn c\u00e1c ch\u1ea5t ch\u1ed1ng oxy h\u00f3a, ch\u1ed1ng vi\u00eam n\u00ean c\u00f3 kh\u1ea3 n\u0103ng kh\u00e1ng khu\u1ea9n v\u00e0 kh\u00e1ng vi tr\u00f9ng\u00a0 ho\u1eb7c c\u00e1c lo\u1ea1i n\u1ea5m g\u00e2y h\u1ea1i cho c\u01a1 th\u1ec3. Ch\u00ednh v\u00ec v\u1eady m\u00e0 c\u00f3 c\u00f4ng d\u1ee5ng t\u0103ng c\u01b0\u1eddng h\u1ec7 mi\u1ec5n d\u1ecbch n\u1ebfu \u0111\u01b0\u1ee3c u\u1ed1ng trong m\u1ed9t th\u1eddi gian d\u00e0i v\u00e0 th\u01b0\u1eddng xuy\u00ean.<\/p>\n<h3 style=\"text-align: justify;\"><strong>T\u1ed1t cho h\u1ec7 tim m\u1ea1ch<\/strong><\/h3>\n<p style=\"text-align: justify;\">Ngo\u00e0i vi\u1ec7c tinh b\u1ed9t ngh\u1ec7 \u0111en s\u1ebd cung c\u1ea5p cho c\u01a1 th\u1ec3 m\u1ed9t h\u00e0m l\u01b0\u1ee3ng l\u1edbn c\u00e1c ch\u1ea5t ch\u1ed1ng oxy h\u00f3a, ch\u1ed1ng vi\u00eam th\u00ec tinh b\u1ed9t ngh\u1ec7 \u0111en c\u00f2n c\u00f3 ngu\u1ed3n curcumin gi\u00fap h\u1ea1n ch\u1ebf c\u00e1c nguy\u00ean nh\u00e2n g\u00e2y ra c\u00e1c b\u1ec7nh l\u00fd v\u1ec1 tim m\u1ea1ch.<\/p>\n<p style=\"text-align: justify;\">C\u1ee5 th\u1ec3 h\u01a1n c\u00e1c tinh b\u1ed9t ngh\u1ec7 \u0111en s\u1ebd c\u1ea3i thi\u1ec7n ch\u1ee9c n\u0103ng c\u1ee7a t\u1ebf b\u00e0o n\u1ed9i m\u00f4, nh\u1edd \u0111\u00f3 m\u00e0 c\u00f3 th\u1ec3 \u0111i\u1ec1u ch\u1ec9nh huy\u1ebft \u00e1p v\u00e0 ch\u1ee9ng r\u1ed1i lo\u1ea1n \u0111\u00f4ng m\u00e1u.<\/p>\n<p style=\"text-align: justify;\">Vi\u1ec7c u\u1ed1ng tinh b\u1ed9t ngh\u1ec7 \u0111en s\u1ebd gi\u00fap b\u1ea1n gi\u1ea3m \u0111\u01b0\u1ee3c n\u1ed3ng \u0111\u1ed9 cholesterol x\u1ea5u cao v\u00e0 c\u00f3 th\u1ec3 g\u00e2y c\u00e1c tri\u1ec7u ch\u1ee9ng v\u1ec1 b\u1ec7nh huy\u1ebft \u00e1p, tim m\u1ea1ch. \u0110\u1eb7c bi\u1ec7t l\u00e0 tinh b\u1ed9t ngh\u1ec7 \u0111en s\u1ebd ng\u0103n ch\u1eb7n t\u1ed1t t\u00ecnh tr\u1ea1ng ngh\u1ebdn m\u1ea1ch m\u00e1u v\u00e0 h\u1ea1n ch\u1ebf s\u1ef1 h\u00ecnh th\u00e0nh v\u00e0 ph\u00e1t tri\u1ec3n c\u1ee7a b\u1ec7nh x\u01a1 v\u1eefa \u0111\u1ed9ng m\u1ea1ch.<\/p>\n<h3 style=\"text-align: justify;\"><strong>Tinh b\u1ed9t ngh\u1ec7 \u0111en gi\u00fap gi\u1ea3m c\u00e1c c\u01a1n hen suy\u1ec5n<\/strong><\/h3>\n<p style=\"text-align: justify;\">Tinh b\u1ed9t ngh\u1ec7 \u0111en c\u00f3 c\u00f4ng d\u1ee5ng trong vi\u1ec7c c\u1ea3i thi\u1ec7n c\u00e1c v\u1ea5n \u0111\u1ec1 v\u1ec1 h\u00f4 h\u1ea5p, l\u00e0m lo\u00e3ng m\u00e1u v\u00e0 c\u00f3 kh\u1ea3 n\u0103ng ph\u1ee5c h\u1ed3i c\u00e1c c\u01a1 ch\u1ebf h\u00edt th\u1edf b\u00ecnh th\u01b0\u1eddng v\u00e0 nhanh ch\u00f3ng ch\u1ea5m d\u1ee9t c\u00e1c tri\u1ec7u ch\u1ee9ng vi\u00eam do hen suy\u1ec5n.<\/p>\n<h3 style=\"text-align: justify;\"><strong>Tinh b\u1ed9t ngh\u1ec7 \u0111en c\u1ea3i thi\u1ec7n s\u1ee9c kh\u1ecfe ch\u1ee9c n\u0103ng gan<\/strong><\/h3>\n<p style=\"text-align: justify;\">Do qu\u00e1 tr\u00ecnh \u0103n u\u1ed1ng ho\u1eb7c c\u00e1c nguy\u00ean nh\u00e2n kh\u00e1c g\u00e2y ra \u00e1p l\u1ef1c cho gan. Th\u00ec vi\u1ec7c u\u1ed1ng tinh b\u1ed9t th\u01b0\u1eddng xuy\u00ean th\u00ec s\u1ebd h\u1ed7 tr\u1ee3 gi\u00fap gan th\u1ea3i \u0111\u1ed9c t\u1ed1 t\u00edch t\u1ee5 trong c\u01a1 th\u1ec3 v\u00e0 \u0111\u1ed3ng th\u1eddi l\u00e0m t\u0103ng l\u01b0\u1ee3ng m\u1eadt, l\u00e0m thanh\u00a0 l\u1ecdc gan\u2026 Ngo\u00e0i ra tinh b\u1ed9t ngh\u1ec7 \u0111en c\u00f2n c\u1ea3i thi\u1ec7n l\u01b0u th\u00f4ng m\u00e1u r\u1ea5t t\u1ed1t.<\/p>\n<p style=\"text-align: justify;\">Tr\u01b0\u1eddng h\u1ee3p nh\u1eefng b\u1ec7nh nh\u00e2n m\u1eafc suy gan n\u00ean u\u1ed1ng tinh b\u1ed9t ngh\u1ec7 \u0111en th\u01b0\u1eddng xuy\u00ean nh\u01b0 m\u1ed9t lo\u1ea1i thu\u1ed1c c\u00f3 t\u00e1c d\u1ee5ng h\u1ed7 tr\u1ee3 t\u1ed1t c\u00e1c ch\u1ee9c n\u0103ng gan.<\/p>\n<h3 style=\"text-align: justify;\"><strong>L\u00e0m \u0111\u1eb9p b\u1eb1ng tinh b\u1ed9t ngh\u1ec7 \u0111en<\/strong><\/h3>\n<p style=\"text-align: justify;\">Ngh\u1ec7 \u0111en ch\u1ee9a th\u00e0nh ph\u1ea7n h\u00f2a h\u1ecdc quan tr\u1ecdng l\u00e0 Curcumin n\u00ean c\u00f3 t\u00e1c d\u1ee5ng tr\u1ecb s\u1eb9o: s\u1eb9o l\u00f5m do m\u1ee5n tr\u1ee9ng c\u00e1, s\u1eb9o do v\u1ebft th\u00e2m n\u00e1m.<\/p>\n<p style=\"text-align: justify;\">Tinh b\u1ed9t ngh\u1ec7 \u0111en khi \u0111\u01b0\u1ee3c k\u1ebft h\u1ee3p v\u1edbi s\u1eefa chua kh\u00f4ng \u0111\u01b0\u1eddng, h\u1ed7n h\u1ee3p n\u00e0y s\u1ebd gi\u00fap \u0111\u00e1nh tan m\u1ee5n v\u00e0 t\u1ea9y t\u1ebf b\u00e0o ch\u1ebft ho\u1eb7c nh\u1eefng l\u1edbp ph\u1ea5n trang \u0111i\u1ec3m tr\u00ean da \u0111\u1ec3 kh\u00f4ng g\u00e2y t\u1eafc l\u1ed7 ch\u00e2n l\u00f4ng v\u00e0 m\u1ee5n kh\u00f4ng c\u00f3 nguy c\u01a1 m\u1ecdc tr\u1edf l\u1ea1i.<\/p>\n<p style=\"text-align: justify;\">B\u00ean c\u1ea1nh \u0111\u00f3 th\u00ec tinh b\u1ed9t ngh\u1ec7 \u0111en c\u00f2n c\u00f3 th\u1ec3 l\u00e0m tr\u1eafng da nh\u1edd v\u00e0o \u0111\u1eb7c t\u00ednh ch\u1ed1ng oxy h\u00f3a m\u1ea1nh m\u1ebd. H\u01a1n th\u1ebf n\u1eefa, Curcumin c\u0169ng \u1ee9c ch\u1ebf tyrosinase l\u00e0 m\u1ed9t trong nh\u1eefng enzyme c\u00f3 t\u00e1c d\u1ee5ng t\u1ed5ng h\u1ee3p ra melanin t\u1ea1o s\u1eafc t\u1ed1 da. \u0110\u1eb7c bi\u1ec7t l\u00e0 khi d\u00f9ng chung v\u1edbi s\u1eefa chua th\u00ec t\u00e1c d\u1ee5ng c\u1ee7a n\u00f3 s\u1ebd tr\u1edf n\u00ean m\u1ea1nh m\u1ebd h\u01a1n!<\/p>\n<h3 style=\"text-align: justify;\"><strong>Ngh\u1ec7 \u0111en ch\u1eefa b\u1ec7nh \u0111au d\u1ea1 d\u00e0y hi\u1ec7u qu\u1ea3<\/strong><\/h3>\n<p style=\"text-align: justify;\">Th\u00e0nh ph\u1ea7n c\u00f3 trong tinh b\u1ed9t ngh\u1ec7 \u0111en l\u00e0 Curcumin s\u1ebd c\u00f3 th\u1ec3 th\u00fac \u0111\u1ea9y s\u1ef1 co b\u00f3p t\u00fai m\u1eadt v\u00e0 kh\u00f4ng l\u00e0m t\u0103ng ti\u1ebft axit d\u1ea1 d\u00e0y. Trong tr\u01b0\u1eddng h\u1ee3p c\u00f3 kh\u1ed1i u th\u00ec Curcumin c\u00f3 th\u1ec3 \u1ee9c ch\u1ebf \u0111\u01b0\u1ee3c c\u00e1c kh\u1ed1i u. Ch\u00ednh v\u00ec th\u1ebf tinh b\u1ed9t ngh\u1ec7 \u0111en ch\u00ednh l\u00e0 \u201cc\u1ee9u tinh\u201d cho nh\u1eefng ng\u01b0\u1eddi b\u1ec7nh d\u1ea1 d\u00e0y.<\/p>\n<p style=\"text-align: justify;\">Vi\u1ec7c k\u1ebft h\u1ee3p m\u1eadt ong v\u00e0 tinh b\u1ed9t ngh\u1ec7 \u0111en s\u1ebd gi\u00fap \u0111i\u1ec1u tr\u1ecb b\u1ec7nh hi\u1ec7u qu\u1ea3, d\u1ec5 d\u00e0ng h\u01a1n. Do m\u1eadt ong c\u00f3 m\u1ed9t h\u00e0m l\u01b0\u1ee3ng l\u1edbn c\u00e1c ch\u1ea5t kh\u00e1ng khu\u1ea9n, kh\u00e1ng virus t\u1ef1 nhi\u00ean. B\u00ean c\u1ea1nh \u0111\u00f3 m\u1eadt ong c\u00f2n c\u00f3 kh\u1ea3 n\u0103ng l\u00e0m gi\u1ea3m axit, \u0111\u1ea9y l\u00f9i v\u00e0 ti\u00eau di\u1ec7t khu\u1ea9n H.Pylori (m\u1ea7m m\u00f3ng c\u1ee7a c\u0103n b\u1ec7nh \u0111au d\u1ea1 d\u00e0y), gi\u00fap l\u00e0m d\u1ecbu ni\u00eam m\u1ea1c b\u1ecb k\u00edch th\u00edch c\u1ee7a d\u1ea1 d\u00e0y. Qua \u0111\u00f3, l\u00e0m gi\u1ea3m nhanh ch\u00f3ng c\u00e1c c\u01a1n \u0111au d\u1ea1 d\u00e0y \u0111ang khi\u1ebfn b\u1ea1n ph\u1ea3i kh\u00f3 ch\u1ecbu.<\/p>\n<h3 style=\"text-align: justify;\"><strong>Tinh b\u1ed9t ngh\u1ec7 \u0111en ch\u1eefa b\u1ec7nh cao huy\u1ebft \u00e1p<\/strong><\/h3>\n<p style=\"text-align: justify;\">Cao huy\u1ebft \u00e1p l\u00e0 c\u0103n b\u1ec7nh c\u00f3 nguy c\u01a1 g\u00e2y ra t\u1eed vong cao v\u00e0 d\u1ec5 d\u00e0ng g\u1eb7p ph\u1ea3i \u1edf nhi\u1ec1u l\u1ee9a tu\u1ed5i.<\/p>\n<p style=\"text-align: justify;\">Tinh b\u1ed9t ngh\u1ec7 \u0111en c\u00f3 t\u00e1c d\u1ee5ng l\u00e0m t\u0103ng h\u1ec7 tu\u1ea7n ho\u00e0n ngo\u1ea1i bi\u00ean, \u0111i\u1ec1u n\u00e0y \u0111\u1ed3ng th\u1eddi l\u00e0m t\u0103ng th\u1ec3 t\u00edch tu\u1ea7n ho\u00e0n c\u1ee7a m\u00ecnh.<\/p>\n<h3 style=\"text-align: justify;\"><strong>3. M\u1ed9t s\u1ed1 l\u01b0u \u00fd khi d\u00f9ng tinh b\u1ed9t ngh\u1ec7 \u0111en<\/strong><\/h3>\n<p style=\"text-align: justify;\">Ng\u01b0\u1eddi s\u1eed d\u1ee5ng c\u1ea7n l\u01b0u \u00fd m\u1ed9t v\u00e0i \u0111i\u1ec1u khi d\u00f9ng tinh b\u1ed9t ngh\u1ec7 \u0111en nh\u01b0:<\/p>\n<ul>\n<li style=\"text-align: justify;\">S\u1eed d\u1ee5ng tinh b\u1ed9t ngh\u1ec7 \u0111en kh\u00f4ng \u0111\u01b0\u1ee3c d\u00f9ng c\u00f9ng l\u00fac v\u1edbi thu\u1ed1c t\u00e2y \u0111\u1ec3 h\u1ea1n ch\u1ebf c\u00e1c \u1ea3nh h\u01b0\u1edfng c\u00f3 th\u1ec3 g\u00e2y ra cho h\u1ed3ng c\u1ea7u.<\/li>\n<li style=\"text-align: justify;\">Kh\u00f4ng qu\u00e1 l\u1ea1m d\u1ee5ng h\u00e0m l\u01b0\u1ee3ng tinh b\u1ed9t ngh\u1ec7 \u0111en cho m\u1ed7i l\u1ea7n u\u1ed1ng. Ch\u1ec9 n\u00ean\u00a0 d\u00f9ng m\u00f4t l\u01b0\u1ee3ng v\u1eeba ph\u1ea3i \u0111\u1ec3 \u0111\u1ea1t hi\u1ec7u qu\u1ea3 cao nh\u1ea5t.<\/li>\n<li style=\"text-align: justify;\">H\u1ea1n ch \u1ebf u\u1ed1ng tinh b\u1ed9t ngh\u1ec7 \u0111en cho ph\u1ee5 n\u1eef \u0111ang trong th\u1eddi k\u1ef3 kinh nguy\u1ec7t nh\u1eb1m h\u1ea1n ch\u1ebf tr\u01b0\u1eddng h\u1ee3p b\u1ecb rong kinh do tinh b\u1ed9t ngh\u1ec7 c\u00f3 c\u00f4ng d\u1ee5ng khai th\u00f4ng m\u00e1u.<\/li>\n<li style=\"text-align: justify;\">C\u00f2n \u0111\u1ed1i v\u1edbi nh\u1eefng ng\u01b0\u1eddi c\u00f3 ti\u1ec1n s\u1eed \u0111au d\u1ea1 d\u00e0y th\u00ec n\u00ean pha chung tinh b\u1ed9t ngh\u1ec7 \u0111en v\u1edbi m\u1eadt ong, n\u01b0\u1edbc v\u00e0 u\u1ed1ng h\u00e0ng ng\u00e0y tr\u01b0\u1edbc b\u1eefa \u0103n \u0111\u1ec3 \u0111\u1ea1t hi\u1ec7u qu\u1ea3 cao sau li\u1ec7u tr\u00ecnh \u0111i\u1ec1u tr\u1ecb.<\/li>\n<li style=\"text-align: justify;\">Tuy\u1ec7t \u0111\u1ed1i kh\u00f4ng d\u00f9ng tinh b\u1ed9t ngh\u1ec7 \u0111en cho ph\u1ee5 n\u1eef c\u00f3 thai v\u00ec c\u00f3 nguy c\u01a1 s\u1ea3y thai r\u1ea5t cao.<\/li>\n<li style=\"text-align: justify;\">\u0110\u1ed1i v\u1edbi nh\u1eefng ng\u01b0\u1eddi \u0111ang b\u1ecb c\u00e1c b\u1ec7nh li\u00ean quan \u0111\u1ebfn m\u1ed9t s\u1ed1 b\u1ec7nh nh\u01b0 th\u1eadn, s\u1ecfi m\u1eadt, s\u1edfi kh\u00f4ng n\u00ean s\u1eed d\u1ee5ng qu\u00e1 nhi\u1ec1u v\u00e0 t\u1ed1t nh\u1ea5t n\u00ean h\u1ecfi \u00fd ki\u1ebfn b\u00e1c s\u0129 tr\u01b0\u1edbc khi s\u1eed d\u1ee5ng.<\/li>\n<li style=\"text-align: justify;\">T\u1ed1t nh\u1ea5t \u0111\u1ec3 \u0111\u1ea3m b\u1ea3o s\u1ee9c kh\u1ecfe v\u00e0 kh\u00f4ng x\u1ea3y ra nh\u1eefng ph\u1ea3n \u1ee9ng ph\u1ee5 n\u00e0o th\u00ec b\u1ea1n n\u00ean t\u00ecm hi\u1ec3u v\u00e0 mua nh\u1eefng tinh b\u1ed9t ngh\u1ec7 \u0111en nguy\u00ean ch\u1ea5t, tr\u00e1nh s\u1eed d\u1ee5ng c\u00e1c tinh b\u1ed9t ngh\u1ec7 \u0111en \u0111\u00e3 qua pha tr\u1ed9n.<\/li>\n<li style=\"text-align: justify;\">U\u1ed1ng ngh\u1ec7 \u0111en c\u00f3 th\u1ec3 l\u00e0m ch\u1eadm qu\u00e1 tr\u00ecnh \u0111\u00f4ng m\u00e1u. V\u00ec v\u1eady, c\u1ea7n ng\u01b0ng d\u00f9ng tr\u01b0\u1edbc v\u00e0 sau khi ph\u1eabu thu\u1eadt \u00edt nh\u1ea5t 2 tu\u1ea7n.<\/li>\n<li style=\"text-align: justify;\">M\u1ecdi ng\u01b0\u1eddi tr\u01b0\u1edbc khi s\u1eed d\u1ee5ng n\u00ean h\u1ecfi \u00fd ki\u1ebfn c\u00e1c chuy\u00ean gia \u0110\u00f4ng y ho\u1eb7c c\u00e1c b\u00e1c s\u0129 chuy\u00ean khoa \u0111\u1ec3 \u0111\u01b0\u1ee3c t\u01b0 v\u1ea5n k\u1ef9 v\u1ec1 c\u00f4ng d\u1ee5ng c\u1ee7a ngh\u1ec7.<\/li>\n<\/ul>\n<p>&nbsp;<\/p>\n","protected":false},"excerpt":{"rendered":"<p>Hi\u1ec7n nay b\u1ed9t ngh\u1ec7 \u0111en \u0111ang \u0111\u01b0\u1ee3c bi\u1ebft \u0111\u1ebfn v\u1edbi nhi\u1ec1u c\u00f4ng d\u1ee5ng ch\u1eefa b\u1ec7nh. Tuy nhi\u00ean kh\u00f4ng ph\u1ea3i ai c\u0169ng bi\u1ebft r\u00f5 b\u1ed9t ngh\u1ec7 \u0111en c\u00f3 t\u00e1c d\u1ee5ng g\u00ec? M\u1eddi b\u1ea1n \u0111\u1ecdc h\u00e3y c\u00f9ng theo d\u00f5i b\u00e0i vi\u1ebft d\u01b0\u1edbi \u0111\u00e2y \u0111\u1ec3 c\u00f3 th\u00eam nhi\u1ec1u th\u00f4ng tin h\u1eefu \u00edch. 1. T\u00ecm hi\u1ec3u chung v\u1ec1 tinh [&#8230;]\n","protected":false},"featured_media":1321,"comment_status":"open","ping_status":"closed","template":"","meta":[],"_links":{"self":[{"href":"https:\/\/webmaibinh.com\/w\/dongymaibinh\/wp-json\/wp\/v2\/product\/1320"}],"collection":[{"href":"https:\/\/webmaibinh.com\/w\/dongymaibinh\/wp-json\/wp\/v2\/product"}],"about":[{"href":"https:\/\/webmaibinh.com\/w\/dongymaibinh\/wp-json\/wp\/v2\/types\/product"}],"replies":[{"embeddable":true,"href":"https:\/\/webmaibinh.com\/w\/dongymaibinh\/wp-json\/wp\/v2\/comments?post=1320"}],"wp:featuredmedia":[{"embeddable":true,"href":"https:\/\/webmaibinh.com\/w\/dongymaibinh\/wp-json\/wp\/v2\/media\/1321"}],"wp:attachment":[{"href":"https:\/\/webmaibinh.com\/w\/dongymaibinh\/wp-json\/wp\/v2\/media?parent=1320"}],"curies":[{"name":"wp","href":"https:\/\/api.w.org\/{rel}","templated":true}]}}