{"id":1313,"date":"2022-11-01T15:38:29","date_gmt":"2022-11-01T08:38:29","guid":{"rendered":"https:\/\/webmaibinh.com\/w\/dongymaibinh\/?post_type=product&#038;p=1313"},"modified":"2022-11-01T15:38:29","modified_gmt":"2022-11-01T08:38:29","slug":"vien-nghe-mat-ong-viethoney-hu-160g","status":"publish","type":"product","link":"https:\/\/webmaibinh.com\/w\/dongymaibinh\/s\u1ea3n ph\u1ea9m\/vien-nghe-mat-ong-viethoney-hu-160g\/","title":{"rendered":"Vi\u00ean ngh\u1ec7 M\u1eadt ong Viethoney h\u0169 160g"},"content":{"rendered":"<ul>\n<li style=\"text-align: justify;\"><span style=\"color: #000000;\">Nh\u00e0 s\u1ea3n xu\u1ea5t: Viethoney <\/span><\/li>\n<li style=\"text-align: justify;\"><span style=\"color: #000000;\">Xu\u1ea5t x\u1ee9: Vi\u1ec7t Nam <\/span><\/li>\n<li style=\"text-align: justify;\"><span style=\"color: #000000;\">\u0110\u01b0\u1ee3c b\u00e0o ch\u1ebf theo c\u00f4ng th\u1ee9c gia truy\u1ec1n g\u1ed3m m\u1eadt ong tr\u1ed9n v\u1edbi tinh b\u1ed9t ngh\u1ec7, n\u01b0\u1edbc g\u1eebng t\u01b0\u01a1i, b\u1ed9t ph\u1ea5n hoa v\u00e0 tinh b\u1ed9t qu\u1ebf <\/span><\/li>\n<li style=\"text-align: justify;\"><span style=\"color: #000000;\">C\u00f4ng d\u1ee5ng: h\u1ed7 tr\u1ee3 ti\u00eau h\u00f3a, gi\u00fap gi\u1ea3m \u0111\u1ea7y h\u01a1i, \u0111au b\u1ee5ng, \u0103n kh\u00f4ng ti\u00eau, h\u1ed9 tr\u1ee3 \u0111i\u1ec1u tr\u1ecb vi\u00eam lo\u00e9t d\u1ea1 d\u00e0y, t\u00e1 tr\u00e0ng, vi\u00eam \u0111\u01b0\u1eddng ti\u00eau h\u00f3a, b\u1ed3i b\u1ed5 s\u1ee9c kh\u1ecfe v\u00e0 l\u00e0m \u0111\u1eb9p da. <\/span><\/li>\n<li style=\"text-align: justify;\"><span style=\"color: #000000;\">Th\u00e0nh ph\u1ea7n: Ngh\u1ec7 60%, m\u1eadt ong nguy\u00ean ch\u1ea5t 38%, s\u1eefa ong ch\u00faa 2% <\/span><\/li>\n<li style=\"text-align: justify;\"><span style=\"color: #000000;\">Tr\u1ecdng l\u01b0\u1ee3ng 160gr <\/span><\/li>\n<li style=\"text-align: justify;\"><span style=\"color: #000000;\">H\u01b0\u1edbng d\u1eabn s\u1eed d\u1ee5ng: U\u1ed1ng tr\u1ef1c ti\u1ebfp <\/span><\/li>\n<\/ul>\n<p style=\"text-align: justify;\"><span style=\"color: #000000;\">&#8211; Ng\u01b0\u1eddi l\u1edbn u\u1ed1ng ng\u00e0y 2 l\u1ea7n 8vi\u00ean\/ l\u1ea7n<\/span><\/p>\n<p style=\"text-align: justify;\"><span style=\"color: #000000;\"> &#8211; Ng\u01b0\u1eddi 10-18 tu\u1ed5i u\u1ed1ng ng\u00e0y 2 l\u1ea7n 4 vi\u00ean\/ l\u1ea7n <\/span><\/p>\n<ul style=\"text-align: justify;\">\n<li><span style=\"color: #000000;\">HSD: 2 n\u0103m k\u1ec3 t\u1eeb ng\u00e0y s\u1ea3n xu\u1ea5t in tr\u00ean bao b\u00ec Ch\u00fa \u00fd: ph\u1ee5 n\u1eef mang thai kh\u00f4ng n\u00ean d\u00f9ng. <\/span><\/li>\n<li><span style=\"color: #000000;\">B\u1ea3o qu\u1ea3n: n\u01a1i kh\u00f4 r\u00e1o tho\u00e1ng m\u00e1t ho\u1eb7c \u0111\u1ec3 trong t\u1ee7 l\u1ea1nh.<\/span><\/li>\n<\/ul>\n<p><img loading=\"lazy\" class=\"alignnone size-medium wp-image-1314\" src=\"https:\/\/webmaibinh.com\/w\/dongymaibinh\/wp-content\/uploads\/2022\/11\/vien-nghe-mat-ong-viethoney-hu-160g-300x225.jpg\" alt=\"\" width=\"300\" height=\"225\" srcset=\"https:\/\/webmaibinh.com\/w\/dongymaibinh\/wp-content\/uploads\/2022\/11\/vien-nghe-mat-ong-viethoney-hu-160g-300x225.jpg 300w, https:\/\/webmaibinh.com\/w\/dongymaibinh\/wp-content\/uploads\/2022\/11\/vien-nghe-mat-ong-viethoney-hu-160g-768x576.jpg 768w, https:\/\/webmaibinh.com\/w\/dongymaibinh\/wp-content\/uploads\/2022\/11\/vien-nghe-mat-ong-viethoney-hu-160g-600x450.jpg 600w, https:\/\/webmaibinh.com\/w\/dongymaibinh\/wp-content\/uploads\/2022\/11\/vien-nghe-mat-ong-viethoney-hu-160g.jpg 1024w\" sizes=\"(max-width: 300px) 100vw, 300px\" \/> <img loading=\"lazy\" class=\"alignnone size-medium wp-image-1315\" src=\"https:\/\/webmaibinh.com\/w\/dongymaibinh\/wp-content\/uploads\/2022\/11\/vien-nghe-mat-ong-viethoney-hu-160g-202002222121257998-300x225.jpg\" alt=\"\" width=\"300\" height=\"225\" srcset=\"https:\/\/webmaibinh.com\/w\/dongymaibinh\/wp-content\/uploads\/2022\/11\/vien-nghe-mat-ong-viethoney-hu-160g-202002222121257998-300x225.jpg 300w, https:\/\/webmaibinh.com\/w\/dongymaibinh\/wp-content\/uploads\/2022\/11\/vien-nghe-mat-ong-viethoney-hu-160g-202002222121257998-768x576.jpg 768w, https:\/\/webmaibinh.com\/w\/dongymaibinh\/wp-content\/uploads\/2022\/11\/vien-nghe-mat-ong-viethoney-hu-160g-202002222121257998-600x450.jpg 600w, https:\/\/webmaibinh.com\/w\/dongymaibinh\/wp-content\/uploads\/2022\/11\/vien-nghe-mat-ong-viethoney-hu-160g-202002222121257998.jpg 1024w\" sizes=\"(max-width: 300px) 100vw, 300px\" \/><\/p>\n<p style=\"text-align: justify;\"><span style=\"color: #000000;\">&#8220;S\u1ea3n ph\u1ea9m n\u00e0y kh\u00f4ng ph\u1ea3i l\u00e0 thu\u1ed1c v\u00e0 kh\u00f4ng c\u00f3 t\u00e1c d\u1ee5ng thay th\u1ebf thu\u1ed1c ch\u1eefa b\u1ec7nh&#8221;<\/span><\/p>\n","protected":false},"excerpt":{"rendered":"<div class=\"short-description\" style=\"text-align: justify;\">Ngh\u1ec7\u00a0v\u00e0 m\u1eadt ong \u0111\u1ec1u l\u00e0 nh\u1eefng d\u01b0\u1ee1ng ch\u1ea5t qu\u00fd gi\u00e1, ch\u1ee9a nhi\u1ec1u ch\u1ea5t dinh d\u01b0\u1ee1ng t\u1ed1t cho c\u01a1 th\u1ec3 tr\u1ecb b\u1ec7nh.\u00a0Vi\u00ean ngh\u1ec7 m\u1eadt ong Viethoney h\u0169 160g\u00a0k\u1ebft h\u1ee3p 2 nguy\u00ean li\u1ec7u qu\u00fd n\u00e0y, \u0111\u01b0\u1ee3c vo th\u00e0nh vi\u00ean gi\u00fap h\u1ed7 tr\u1ee3 l\u00e0m l\u00e0nh c\u00e1c v\u1ebft vi\u00eam lo\u00e9t d\u1ea1 d\u00e0y, t\u00e1 tr\u00e0ng,.. t\u1eeb\u00a0ngh\u1ec7 Viethoney<\/div>\n<ul class=\"infoproduct\">\n<li style=\"text-align: justify;\">Th\u01b0\u01a1ng hi\u1ec7u\n<div>Viethoney<\/div>\n<\/li>\n<li style=\"text-align: justify;\">S\u1ea3n xu\u1ea5t t\u1ea1i\n<div>Vi\u1ec7t Nam<\/div>\n<\/li>\n<li style=\"text-align: justify;\">C\u00f4ng d\u1ee5ng\n<div>H\u1ed7 tr\u1ee3 l\u00e0m l\u00e0nh c\u00e1c v\u1ebft vi\u00eam lo\u00e9t d\u1ea1 d\u00e0y, t\u00e1 tr\u00e0ng<\/div>\n<\/li>\n<li style=\"text-align: justify;\">\u0110\u1ed1i t\u01b0\u1ee3ng\n<div>Ng\u01b0\u1eddi b\u1ecb vi\u00eam lo\u00e9t d\u1ea1 d\u00e0y<\/div>\n<\/li>\n<li style=\"text-align: justify;\">C\u00e1ch d\u00f9ng\n<div>U\u1ed1ng tr\u1ef1c ti\u1ebfp<\/div>\n<\/li>\n<li style=\"text-align: justify;\">Li\u1ec1u d\u00f9ng\n<div>Ng\u01b0\u1eddi l\u1edbn<\/div>\n<\/li>\n<li>Tr\u1ecdng l\u01b0\u1ee3ng\n<div style=\"text-align: justify;\">160g<\/div>\n<\/li>\n<\/ul>\n","protected":false},"featured_media":1314,"comment_status":"open","ping_status":"closed","template":"","meta":[],"_links":{"self":[{"href":"https:\/\/webmaibinh.com\/w\/dongymaibinh\/wp-json\/wp\/v2\/product\/1313"}],"collection":[{"href":"https:\/\/webmaibinh.com\/w\/dongymaibinh\/wp-json\/wp\/v2\/product"}],"about":[{"href":"https:\/\/webmaibinh.com\/w\/dongymaibinh\/wp-json\/wp\/v2\/types\/product"}],"replies":[{"embeddable":true,"href":"https:\/\/webmaibinh.com\/w\/dongymaibinh\/wp-json\/wp\/v2\/comments?post=1313"}],"wp:featuredmedia":[{"embeddable":true,"href":"https:\/\/webmaibinh.com\/w\/dongymaibinh\/wp-json\/wp\/v2\/media\/1314"}],"wp:attachment":[{"href":"https:\/\/webmaibinh.com\/w\/dongymaibinh\/wp-json\/wp\/v2\/media?parent=1313"}],"curies":[{"name":"wp","href":"https:\/\/api.w.org\/{rel}","templated":true}]}}