{"id":1311,"date":"2022-11-01T15:24:39","date_gmt":"2022-11-01T08:24:39","guid":{"rendered":"https:\/\/webmaibinh.com\/w\/dongymaibinh\/?post_type=product&#038;p=1311"},"modified":"2022-11-01T15:24:39","modified_gmt":"2022-11-01T08:24:39","slug":"mat-ong-nguyen-chat-rung-nhiet-doi-chai-700g","status":"publish","type":"product","link":"https:\/\/webmaibinh.com\/w\/dongymaibinh\/s\u1ea3n ph\u1ea9m\/mat-ong-nguyen-chat-rung-nhiet-doi-chai-700g\/","title":{"rendered":"M\u1eadt ong nguy\u00ean ch\u1ea5t R\u1eebng Nhi\u1ec7t \u0110\u1edbi chai 700g"},"content":{"rendered":"<h2 style=\"text-align: justify;\"><strong>M\u1eadt ong nguy\u00ean ch\u1ea5t R\u1eebng Nhi\u1ec7t \u0110\u1edbi: ngon &#8211; r\u1ebb &#8211; ch\u1ea5t l\u01b0\u1ee3ng<\/strong><\/h2>\n<p style=\"text-align: justify;\">M\u1eadt ong Nguy\u00ean Ch\u1ea5t R\u1eebng Nhi\u1ec7t \u0110\u1edbi chai 700g\u00a0(t\u01b0\u01a1ng \u0111\u01b0\u01a1ng kho\u1ea3ng 514ml)\u00a0t\u1eeb th\u01b0\u01a1ng hi\u1ec7u\u00a0R\u1eebng Nhi\u1ec7t \u0110\u1edbi\u00a0l\u00e0\u00a0m\u1eadt ong\u00a0l\u1ea5y t\u1eeb c\u00e2y Tr\u00e0m B\u00f4ng V\u00e0ng, Cao Su v\u00e0 m\u1ed9t s\u1ed1 lo\u00e0i c\u00e2y kh\u00e1c.\u00a0<strong>M\u1eadt c\u00f3 v\u1ecb ng\u1ecdt d\u1ecbu, \u0111\u1ed9 s\u00e1nh v\u1eeba ph\u1ea3i<\/strong>\u00a0gi\u00fap d\u1ec5 d\u00e0ng t\u1ea9m \u01b0\u1edbp v\u00e0 l\u00e0m m\u1ec1m c\u00e1c m\u00f3n \u0103n. S\u1ea3n ph\u1ea9m \u0111\u01b0\u1ee3c b\u1ea3o qu\u1ea3n trong chai th\u1ee7y tinh v\u1edbi\u00a0<strong>dung t\u00edch l\u1edbn 700ml th\u00edch h\u1ee3p s\u1eed d\u1ee5ng trong gia \u0111\u00ecnh v\u1edbi m\u1ee9c gi\u00e1 \u01b0u \u0111\u00e3i.<\/strong><\/p>\n<h2 style=\"text-align: justify;\"><strong>C\u00f4ng d\u1ee5ng\u00a0<\/strong><\/h2>\n<p style=\"text-align: justify;\">Trong m\u1eadt ong ch\u1ee9a nhi\u1ec1u th\u00e0nh ph\u1ea7n dinh d\u01b0\u1ee1ng nh\u01b0: vitamin A, B, canxi, k\u1ebdm,&#8230; n\u00ean c\u00f3 nhi\u1ec1u\u00a0<strong>c\u00f4ng d\u1ee5ng t\u1ed1t cho s\u1ee9c kho\u1ebb:\u00a0<\/strong>B\u1ed3i b\u1ed5 s\u1ee9c kh\u1ecfe, gi\u00fap nhanh ch\u00f3ng l\u1ea5y l\u1ea1i s\u1ee9c sau c\u00e1c ho\u1ea1t \u0111\u1ed9ng th\u1ec3 thao. S\u1eed d\u1ee5ng c\u00f9ng chanh v\u00e0 mu\u1ed1i c\u00f3 t\u00e1c d\u1ee5ng ch\u1eefa vi\u00eam h\u1ecdng r\u1ea5t t\u1ed1t v\u00e0 gi\u00fap gi\u1ea3m c\u00e2n b\u1eb1ng c\u00e1ch d\u00f9ng khi \u0111\u00f3i.<br \/>\nB\u00ean c\u1ea1nh \u0111\u00f3, m\u1eadt ong kh\u00f4ng ch\u1ec9 gi\u00fap c\u01a1 th\u1ec3 kh\u1ecfe m\u1ea1nh, m\u00e0 c\u00f2n \u0111\u01b0\u1ee3c s\u1eed d\u1ee5ng ngay c\u1ea3 trong vi\u1ec7c\u00a0<strong>l\u00e0m \u0111\u1eb9p<\/strong>, c\u00f9ng tham kh\u1ea3o m\u1ed9t s\u1ed1 c\u00f4ng d\u1ee5ng h\u1eefu \u00edch d\u01b0\u1edbi \u0111\u00e2y c\u1ee7a m\u1eadt ong:\u00a0Tr\u1ecb qu\u1ea7ng th\u00e2m m\u1eaft v\u1edbi m\u1eadt ong,\u00a0d\u00f9ng l\u00e0m gia v\u1ecb trong n\u1ea5u \u0103n, l\u00e0m b\u00e1nh,&#8230;<\/p>\n","protected":false},"excerpt":{"rendered":"<div class=\"short-description\" style=\"text-align: justify;\">M\u1eadt ong Nguy\u00ean Ch\u1ea5t R\u1eebng Nhi\u1ec7t \u0110\u1edbi l\u00e0 m\u1eadt ong t\u1eeb c\u00e2y Tr\u00e0m B\u00f4ng V\u00e0ng, Cao Su v\u00e0 m\u1ed9t s\u1ed1 lo\u00e0i c\u00e2y kh\u00e1c. M\u1eadt ong r\u1eebng nhi\u1ec7t \u0111\u1edbi Honimore chai 700g\u00a0c\u00f3 v\u1ecb ng\u1ecdt d\u1ecbu, \u0111\u1ed9 s\u00e1nh v\u1eeba ph\u1ea3i gi\u00fap d\u1ec5 d\u00e0ng t\u1ea9m \u01b0\u1edbp v\u00e0 l\u00e0m m\u1ec1m c\u00e1c m\u00f3n \u0103n, t\u1ed1t cho s\u1ee9c kh\u1ecfe v\u00e0 cho l\u00e0m \u0111\u1eb9p<\/div>\n<ul class=\"infoproduct\">\n<li style=\"text-align: justify;\">Th\u01b0\u01a1ng hi\u1ec7u\n<div>R\u1eebng Nhi\u1ec7t \u0110\u1edbi<\/div>\n<\/li>\n<li style=\"text-align: justify;\">S\u1ea3n xu\u1ea5t t\u1ea1i\n<div>Vi\u1ec7t Nam<\/div>\n<\/li>\n<li style=\"text-align: justify;\">Th\u00e0nh ph\u1ea7n\n<div>100% m\u1eadt ong nguy\u00ean ch\u1ea5t<\/div>\n<\/li>\n<li style=\"text-align: justify;\">C\u00f4ng d\u1ee5ng\n<div>B\u1ed3i b\u1ed5 s\u1ee9c kh\u1ecfe.<br \/>\nGi\u00fap nhanh ch\u00f3ng l\u1ea5y l\u1ea1i s\u1ee9c sau c\u00e1c ho\u1ea1t \u0111\u1ed9ng th\u1ec3 thao.<br \/>\nS\u1eed d\u1ee5ng c\u00f9ng chanh v\u00e0 mu\u1ed1i c\u00f3 t\u00e1c d\u1ee5ng ch\u1eefa vi\u00eam h\u1ecdng r\u1ea5t t\u1ed1t.<br \/>\nGi\u00fap gi\u1ea3m c\u00e2n b\u1eb1ng c\u00e1ch d\u00f9ng khi \u0111\u00f3i<\/div>\n<\/li>\n<li style=\"text-align: justify;\">Kh\u1ed1i l\u01b0\u1ee3ng\n<div>700g<\/div>\n<\/li>\n<li style=\"text-align: justify;\">H\u1ea1n s\u1eed d\u1ee5ng\n<div>36 th\u00e1ng k\u1ec3 t\u1eeb ng\u00e0y s\u1ea3n xu\u1ea5t.<\/div>\n<\/li>\n<li style=\"text-align: justify;\">L\u01b0u \u00fd\n<div>Kh\u00f4ng d\u00f9ng cho tr\u1ebb em d\u01b0\u1edbi 1 tu\u1ed5i.<br \/>\nNg\u01b0\u1eddi b\u1ec7nh ti\u1ec3u \u0111\u01b0\u1eddng h\u1ea1n ch\u1ebf d\u00f9ng ng\u1ecdt, kh\u00f4ng n\u00ean d\u00f9ng m\u1eadt ong th\u01b0\u1eddng xuy\u00ean.<br \/>\nM\u1eadt ong c\u00f3 th\u1ec3 \u0111\u00f3ng b\u0103ng hay k\u1ebft tinh khi g\u1eb7p l\u1ea1nh, \u0111\u1ec3 l\u1ea5y m\u1eadt ng\u00e2m chai trong n\u01b0\u1edbc n\u00f3ng 70 \u0111\u1ed9 C trong 30 ph\u00fat, l\u0103\u0301c \u0111\u1ec1u \u0111\u1ec3 l\u1ea5y m\u1eadt.<\/div>\n<\/li>\n<li>B\u1ea3o qu\u1ea3n\n<div style=\"text-align: justify;\">B\u1ea3o qu\u1ea3n n\u01a1i kh\u00f4 r\u00e1o v\u00e0 tho\u00e1ng m\u00e1t. Kh\u00f4ng b\u1ea3o qu\u1ea3n l\u1ea1nh.<\/div>\n<\/li>\n<\/ul>\n","protected":false},"featured_media":1312,"comment_status":"open","ping_status":"closed","template":"","meta":[],"_links":{"self":[{"href":"https:\/\/webmaibinh.com\/w\/dongymaibinh\/wp-json\/wp\/v2\/product\/1311"}],"collection":[{"href":"https:\/\/webmaibinh.com\/w\/dongymaibinh\/wp-json\/wp\/v2\/product"}],"about":[{"href":"https:\/\/webmaibinh.com\/w\/dongymaibinh\/wp-json\/wp\/v2\/types\/product"}],"replies":[{"embeddable":true,"href":"https:\/\/webmaibinh.com\/w\/dongymaibinh\/wp-json\/wp\/v2\/comments?post=1311"}],"wp:featuredmedia":[{"embeddable":true,"href":"https:\/\/webmaibinh.com\/w\/dongymaibinh\/wp-json\/wp\/v2\/media\/1312"}],"wp:attachment":[{"href":"https:\/\/webmaibinh.com\/w\/dongymaibinh\/wp-json\/wp\/v2\/media?parent=1311"}],"curies":[{"name":"wp","href":"https:\/\/api.w.org\/{rel}","templated":true}]}}