{"id":1307,"date":"2022-11-01T15:08:16","date_gmt":"2022-11-01T08:08:16","guid":{"rendered":"https:\/\/webmaibinh.com\/w\/dongymaibinh\/?post_type=product&#038;p=1307"},"modified":"2022-11-01T15:40:35","modified_gmt":"2022-11-01T08:40:35","slug":"mat-ong-len-men-bon-bon-chai-350-ml","status":"publish","type":"product","link":"https:\/\/webmaibinh.com\/w\/dongymaibinh\/s\u1ea3n ph\u1ea9m\/mat-ong-len-men-bon-bon-chai-350-ml\/","title":{"rendered":"M\u1eadt ong l\u00ean men Bon Bon &#8211; chai 350 ml"},"content":{"rendered":"<div id=\"GROUP1278\" class=\"ladi-element ladi-animation\">\n<div class=\"ladi-group\">\n<div id=\"HEADLINE1066\" class=\"ladi-element\">\n<h3 class=\"ladi-headline\" style=\"text-align: justify;\"><span style=\"color: #000000;\">H\u01af\u1edaNG D\u1eaaN S\u1eec D\u1ee4NG<\/span><\/h3>\n<\/div>\n<\/div>\n<\/div>\n<div id=\"GROUP1350\" class=\"ladi-element\" style=\"text-align: justify;\">\n<div class=\"ladi-group\">\n<div id=\"LIST_PARAGRAPH770\" class=\"ladi-element\">\n<div class=\"ladi-list-paragraph\">\n<ul>\n<li class=\"\"><span style=\"color: #000000;\">M\u1ecdi ng\u01b0\u1eddi n\u00ean d\u00f9ng tr\u01b0\u1edbc \u0103n, l\u00fac b\u1ee5ng \u0111ang c\u00f2n tr\u1ed1ng \u0111\u1ec3 vi\u1ec7c tr\u00e1ng men \u0111\u01b0\u1ee3c hi\u1ec7u qu\u1ea3.<\/span><\/li>\n<li class=\"\"><span style=\"color: #000000;\">\u0110\u1eb7c bi\u1ec7t kh\u00f4ng \u0111\u01b0\u1ee3c pha v\u1edbi\u00a0n\u01b0\u1edbc qu\u00e1 n\u00f3ng\u00a0s\u1ebd l\u00e0m h\u01b0 h\u1ecfng h\u1ec7 vi sinh \u0111ang ph\u00e1t tri\u1ec3n m\u00e3nh m\u1ebd.<\/span><\/li>\n<li class=\"\"><span style=\"color: #000000;\">C\u1ea7n pha v\u1edbi l\u01b0\u1ee3ng n\u01b0\u1edbc \u1ea5m t\u1eeb 150-200ml t\u00f9y th\u1ec3 tr\u1ea1ng v\u1edbi l\u01b0\u1ee3ng d\u00f9ng t\u1eeb 1-2 th\u00eca \u0103n t\u01b0\u01a1ng \u0111\u01b0\u01a1ng 10-15ml.<\/span><\/li>\n<li class=\"\"><span style=\"color: #000000;\">D\u00f9ng v\u00e0o bu\u1ed5i s\u00e1ng tr\u01b0\u1edbc \u0103n \u0111\u1ec3 mang l\u1ea1i hi\u1ec7u qu\u1ea3 cao nh\u1ea5t nh\u00e9 c\u1ea3 nh\u00e0.<\/span><\/li>\n<li class=\"\"><span style=\"color: #000000;\">N\u1ebfu b\u1ecb d\u1ea1 d\u00e0y, tr\u00e0o ng\u01b0\u1ee3c th\u00ec s\u1ebd \u00e1p d\u1ee5ng c\u00f4ng th\u1ee9c c\u1ee7a BonBon b\u1ea1n \u0111\u1ec3 l\u1ea1i S\u0111t \u0111\u1ec3 \u0111\u01b0\u1ee3c h\u1ed7 tr\u1ee3.<\/span><\/li>\n<\/ul>\n<p><img loading=\"lazy\" class=\"aligncenter wp-image-1309 size-full\" src=\"https:\/\/webmaibinh.com\/w\/dongymaibinh\/wp-content\/uploads\/2022\/11\/mat-ong-bon-bon.jpg\" alt=\"\" width=\"1920\" height=\"1080\" srcset=\"https:\/\/webmaibinh.com\/w\/dongymaibinh\/wp-content\/uploads\/2022\/11\/mat-ong-bon-bon.jpg 1920w, https:\/\/webmaibinh.com\/w\/dongymaibinh\/wp-content\/uploads\/2022\/11\/mat-ong-bon-bon-300x169.jpg 300w, https:\/\/webmaibinh.com\/w\/dongymaibinh\/wp-content\/uploads\/2022\/11\/mat-ong-bon-bon-1024x576.jpg 1024w, https:\/\/webmaibinh.com\/w\/dongymaibinh\/wp-content\/uploads\/2022\/11\/mat-ong-bon-bon-768x432.jpg 768w, https:\/\/webmaibinh.com\/w\/dongymaibinh\/wp-content\/uploads\/2022\/11\/mat-ong-bon-bon-1536x864.jpg 1536w, https:\/\/webmaibinh.com\/w\/dongymaibinh\/wp-content\/uploads\/2022\/11\/mat-ong-bon-bon-600x338.jpg 600w\" sizes=\"(max-width: 1920px) 100vw, 1920px\" \/><\/p>\n<\/div>\n<\/div>\n<div id=\"HEADLINE769\" class=\"ladi-element\">\n<h3 class=\"ladi-headline\"><span style=\"color: #000000;\">T\u00c1C D\u1ee4NG M\u1eacT ONG L\u00caN MEN<\/span><\/h3>\n<p><span style=\"color: #000000;\">B\u1ed5 sung l\u1ee3i khu\u1ea9n. B\u1ee5ng d\u1ea1 nh\u1eb9 nh\u00e0ng, \u00eam \u00e1i kh\u00f4ng c\u00f2n lo l\u1eafng khi \u0103n \u0111\u1ed3 l\u1ea1, hay \u0103n ti\u1ec7c, ti\u1ebfp kh\u00e1ch qu\u00e1 \u0111\u00e0.<\/span><\/p>\n<p><span style=\"color: #000000;\">T\u0103ng c\u01b0\u1eddng d\u01b0\u1ee1ng ch\u1ea5t, gi\u00fap cho c\u01a1 th\u1ec3 lu\u00f4n kho\u1ebb m\u1ea1nh, nh\u1eb9 nh\u00e0ng thanh tho\u00e1t h\u01a1n.\u00a0<\/span><\/p>\n<p><span style=\"color: #000000;\">T\u0103ng c\u01b0\u1eddng \u0111\u1ec1 kh\u00e1ng cho c\u01a1 th\u1ec3,\u00a0 k\u00edch th\u00edch s\u1ef1 ho\u1ea1t \u0111\u1ed9ng c\u1ee7a h\u1ec7 mi\u1ec5n d\u1ecbch, 80% mi\u1ec5n d\u1ecbch n\u1eb1m \u1edf \u0111\u01b0\u1eddng ru\u1ed9t.\u00a0<\/span><\/p>\n<p><span style=\"color: #000000;\">Gi\u00fap c\u1ea3m gi\u00e1c \u0103n ngon mi\u1ec7ng h\u01a1n, th\u01b0\u1eddng c\u00f3 c\u1ea3m gi\u00e1c th\u00e8m \u0103n. Kh\u00f4ng c\u00f2n nh\u1ea1t mi\u1ec7ng, ch\u1eadm ti\u00eau.<\/span><\/p>\n<p><span style=\"color: #000000;\">C\u00e1c l\u1ee3i khu\u1ea9n Bacillus k\u00edch th\u00edch c\u00e1c t\u1ebf b\u00e0o t\u1ed5ng h\u1ee3p kh\u00e1ng th\u1ec3 IgA, ng\u0103n c\u1ea3n s\u1ef1 x\u00e2m nhi\u1ec5m c\u1ee7a viru.s t\u1ea1i m\u0169i, h\u1ecdng.\u00a0 T\u1ea1o c\u01a1 ch\u1ebf \u0111\u1ec1 kh\u00e1ng \u0111a k\u00eanh cho c\u01a1 th\u1ec3.<\/span><\/p>\n<p><img loading=\"lazy\" class=\"aligncenter wp-image-1308 size-full\" src=\"https:\/\/webmaibinh.com\/w\/dongymaibinh\/wp-content\/uploads\/2022\/11\/MATONG-BON-BON.jpg\" alt=\"\" width=\"720\" height=\"720\" srcset=\"https:\/\/webmaibinh.com\/w\/dongymaibinh\/wp-content\/uploads\/2022\/11\/MATONG-BON-BON.jpg 720w, https:\/\/webmaibinh.com\/w\/dongymaibinh\/wp-content\/uploads\/2022\/11\/MATONG-BON-BON-300x300.jpg 300w, https:\/\/webmaibinh.com\/w\/dongymaibinh\/wp-content\/uploads\/2022\/11\/MATONG-BON-BON-150x150.jpg 150w, https:\/\/webmaibinh.com\/w\/dongymaibinh\/wp-content\/uploads\/2022\/11\/MATONG-BON-BON-600x600.jpg 600w, https:\/\/webmaibinh.com\/w\/dongymaibinh\/wp-content\/uploads\/2022\/11\/MATONG-BON-BON-100x100.jpg 100w\" sizes=\"(max-width: 720px) 100vw, 720px\" \/><\/p>\n<\/div>\n<\/div>\n<\/div>\n<div id=\"IMAGE1148\" class=\"ladi-element\">\n<div class=\"ladi-image\" style=\"text-align: justify;\">Qu\u00fd kh\u00e1ch h\u00e0ng l\u01b0u \u00fd: s\u1ea3n ph\u1ea9m n\u00e0y kh\u00f4ng ph\u1ea3i\u00a0 l\u00e0 thu\u1ed1c, kh\u00f4ng c\u00f3 t\u00e1c d\u1ee5ng thay th\u1ebf thu\u1ed1c ch\u1eefa b\u1ec7nh<\/div>\n<\/div>\n","protected":false},"excerpt":{"rendered":"<p>M\u1eadt ong l\u00ean men BonBon chai 350ml &#8211; Thi\u1ebft k\u1ebf chai b\u1eaft m\u1eb7t, g\u1ecdn g\u00e0ng r\u1ea5t th\u00edch h\u1ee3p \u0111\u1ec3 l\u00e0m m\u00f3n qu\u00e0 t\u1eb7ng cho ng\u01b0\u1eddi th\u00e2n, b\u1ea1n b\u00e8<\/p>\n<p>1 chai 390k gi\u1ea3m gi\u00e1 c\u00f2n 339k<\/p>\n<p>2 chai gi\u1ea3m gi\u00e1 c\u00f2n 619k (\u0110\u01b0\u1ee3c mi\u1ec5n ph\u00ed v\u1eadn chuy\u1ec3n)<\/p>\n<p>3 chai t\u1eb7ng 1 gi\u00e1 ch\u1ec9 c\u00f2n 899k (\u0110\u01b0\u1ee3c mi\u1ec5n ph\u00ed v\u1eadn chuy\u1ec3n)<\/p>\n<p>G\u1ecdi ngay: 0933 468 999 \u0111\u1ec3 nh\u1eadn ngay m\u00e3 \u01b0u \u0111\u00e3i h\u1ea5p d\u1eabn<\/p>\n","protected":false},"featured_media":1308,"comment_status":"open","ping_status":"closed","template":"","meta":[],"_links":{"self":[{"href":"https:\/\/webmaibinh.com\/w\/dongymaibinh\/wp-json\/wp\/v2\/product\/1307"}],"collection":[{"href":"https:\/\/webmaibinh.com\/w\/dongymaibinh\/wp-json\/wp\/v2\/product"}],"about":[{"href":"https:\/\/webmaibinh.com\/w\/dongymaibinh\/wp-json\/wp\/v2\/types\/product"}],"replies":[{"embeddable":true,"href":"https:\/\/webmaibinh.com\/w\/dongymaibinh\/wp-json\/wp\/v2\/comments?post=1307"}],"wp:featuredmedia":[{"embeddable":true,"href":"https:\/\/webmaibinh.com\/w\/dongymaibinh\/wp-json\/wp\/v2\/media\/1308"}],"wp:attachment":[{"href":"https:\/\/webmaibinh.com\/w\/dongymaibinh\/wp-json\/wp\/v2\/media?parent=1307"}],"curies":[{"name":"wp","href":"https:\/\/api.w.org\/{rel}","templated":true}]}}