{"id":1199,"date":"2022-10-31T16:58:35","date_gmt":"2022-10-31T09:58:35","guid":{"rendered":"https:\/\/webmaibinh.com\/w\/dongymaibinh\/?post_type=product&#038;p=1199"},"modified":"2022-10-31T17:02:33","modified_gmt":"2022-10-31T10:02:33","slug":"dong-trung-ha-thao-nguyen-con-kho-10gram","status":"publish","type":"product","link":"https:\/\/webmaibinh.com\/w\/dongymaibinh\/s\u1ea3n ph\u1ea9m\/dong-trung-ha-thao-nguyen-con-kho-10gram\/","title":{"rendered":"\u0110\u00d4NG TR\u00d9NG H\u1ea0 TH\u1ea2O NGUY\u00caN CON KH\u00d4- 10Gram"},"content":{"rendered":"<p style=\"text-align: justify;\">\u0110\u00f4ng tr\u00f9ng h\u1ea1 th\u1ea3o nguy\u00ean con kh\u00f4 l\u00e0 1 trong c\u00e1c lo\u1ea1i d\u01b0\u1ee3c li\u1ec7u v\u00f4 c\u00f9ng qu\u00fd hi\u1ebfm v\u00e0 r\u1ea5t t\u1ed1t cho s\u1ee9c kh\u1ecfe ch\u00fang ta. \u0110\u00f4ng tr\u00f9ng h\u1ea1 th\u1ea3o nguy\u00ean con c\u00f3 th\u1ec3 \u0111\u01b0\u1ee3c xem l\u00e0 m\u1ed9t lo\u1ea1i \u201cti\u00ean d\u01b0\u1ee3c\u201d c\u1ee7a nhi\u1ec1u ng\u01b0\u1eddi s\u1eed d\u1ee5ng. M\u1eddi b\u1ea1n xem d\u01b0\u1ee3c li\u1ec7u n\u00e0y c\u0169ng nh\u01b0 bi\u1ebft th\u00eam v\u1ec1 c\u00e1ch s\u1eed d\u1ee5ng t\u1ed1t h\u01a1n v\u1ec1 \u0111\u00f4ng tr\u00f9ng h\u1ea1 th\u1ea3o.<\/p>\n<h2 style=\"text-align: justify;\"><em>C\u00f4ng d\u1ee5ng c\u1ee7a \u0111\u00f4ng tr\u00f9ng h\u1ea1 th\u1ea3o nguy\u00ean con kh\u00f4:<\/em><\/h2>\n<ul style=\"text-align: justify;\">\n<li>T\u0103ng c\u01b0\u1eddng h\u1ec7 th\u1ed1ng mi\u1ec5n d\u1ecbch cho c\u01a1 th\u1ec3<\/li>\n<li>T\u00e1c d\u1ee5ng v\u1edbi tu\u1ea7n ho\u00e0n, tim, n\u00e3o<\/li>\n<li>B\u1ea3o v\u1ec7 t\u0103ng c\u01b0\u1eddng ch\u1ee9c n\u0103ng th\u1eadn<\/li>\n<li>Ch\u1ed1ng oxy ho\u00e1, ch\u1ed1ng l\u00e3o ho\u00e1<\/li>\n<li>T\u0103ng c\u01b0\u1eddng ch\u1ee9c n\u0103ng sinh d\u1ee5c<\/li>\n<li>Kh\u00e1ng kh\u1ed1i U, kh\u00e1ng vi\u00eam<\/li>\n<li>L\u00e0m gi\u00e3n n\u1edf c\u00e1c nh\u00e1nh ph\u1ebf qu\u1ea3n, t\u0103ng c\u01b0\u1eddng d\u1ecbch ti\u1ebft trong kh\u00ed qu\u1ea3n, c\u00f3 t\u00e1c d\u1ee5ng tr\u1eeb \u0111\u1eddm<\/li>\n<li>T\u0103ng ch\u1ee9c n\u0103ng ti\u00eau ho\u00e1 v\u00e0 chuy\u1ec3n ho\u00e1<\/li>\n<li>T\u00e1c d\u1ee5ng kh\u00e1ng sinh<\/li>\n<li>Ngo\u00e0i ra, Polysaccharides trong \u0110THT c\u00f3 t\u00e1c d\u1ee5ng: \u0110i\u1ec1u ti\u1ebft mi\u1ec5n d\u1ecbch, \u1ee9c ch\u1ebf ho\u1ea1t t\u00ednh U b\u01b0\u1edbu, b\u1ea3o v\u1ec7 gan, gi\u1ea3m m\u1ee1 m\u00e1u, \u0111i\u1ec1u ho\u00e0 huy\u1ebft \u00e1p, h\u1ea1 \u0111\u01b0\u1eddng m\u00e1u, nhu\u1eadn tr\u00e0ng th\u00f4ng ti\u1ec7n, an th\u1ea7n gi\u1ea3m \u0111au, gi\u1ea3m ho \u2013 ti\u00eau \u0111\u1eddm, ch\u1ed1ng suy y\u1ebfu, c\u1ea3i thi\u1ec7n b\u1ec7nh G\u00fat, ch\u1ed1ng b\u1ee9c x\u1ea1, ch\u1ed1ng m\u1ec7t m\u1ecfi, \u0111i\u1ec1u ti\u1ebft c\u00e2n b\u1eb1ng Ki\u1ec1m \u2013 Toan.<\/li>\n<\/ul>\n<p style=\"text-align: justify;\">(Tr\u00edch theo cu\u1ed1n s\u00e1ch \u201cTh\u1ef1c ph\u1ea9m ch\u1ee9c n\u0103ng \u2013 t\u0103ng c\u01b0\u1eddng s\u1ee9c kh\u1ecfe sinh s\u1ea3n\u201d \u2013 T\u00e1c gi\u1ea3: T.S Nguy\u1ec5n Thanh Phong \u2013 NXB Y H\u1ecdc)<\/p>\n<h2 style=\"text-align: justify;\"><em>C\u00e1ch s\u1eed d\u1ee5ng:<\/em><\/h2>\n<ol style=\"text-align: justify;\">\n<li>Pha tr\u00e0: Cho \u0111\u00f4ng tr\u00f9ng h\u1ea1 th\u1ea3o v\u00e0o c\u1ed1c n\u01b0\u1edbc, \u0111\u1ed5 n\u01b0\u1edbc s\u00f4i 100 \u0111\u1ed9, t\u1ed1t nh\u1ea5t l\u00e0 \u1ee7 qua \u0111\u00eam (&gt; 5 ti\u1ebfng) trong ph\u00edch gi\u1eef nhi\u1ec7t. N\u00ean s\u1eed d\u1ee5ng l\u00fac \u0111\u00f3i.<\/li>\n<li>C\u00e1c m\u00f3n h\u1ea7m: Cho \u0111\u00f4ng tr\u00f9ng h\u1ea1 th\u1ea3o v\u00e0o n\u1ed3i \u00e1p su\u1ea5t, h\u1ea7m kho\u1ea3ng 55 ph\u00fat (t\u1eeb khi s\u00f4i) \u0111\u1ec3 chi\u1ebft xu\u1ea5t ho\u00e0n to\u00e0n. Sau \u0111\u00f3 s\u1eed d\u1ee5ng b\u00ecnh th\u01b0\u1eddng.<\/li>\n<li>N\u1ea5u ch\u00e1o: Cho \u0111\u00f4ng tr\u00f9ng h\u1ea1 th\u1ea3o v\u00e0o n\u1ed3i \u00e1p su\u1ea5t, h\u1ea7m v\u1edbi c\u1ed1t ch\u00e1o kho\u1ea3ng 55 ph\u00fat (t\u1eeb khi s\u00f4i) \u0111\u1ec3 chi\u1ebft xu\u1ea5t ho\u00e0n to\u00e0n. Sau \u0111\u00f3 s\u1eed d\u1ee5ng b\u00ecnh th\u01b0\u1eddng.<\/li>\n<li>Ng\u00e2m m\u1eadt ong: 100 gram t\u01b0\u01a1i ng\u00e2m v\u1edbi 300ml m\u1eadt ong nguy\u00ean ch\u1ea5t, m\u1ed7i ng\u00e0y d\u00f9ng 10ml v\u00e0 3 \u2013 5 con nh\u1ed9ng.<\/li>\n<li>Ng\u00e2m r\u01b0\u1ee3u: 100 gram t\u01b0\u01a1i ng\u00e2m v\u1edbi 4 \u2013 5 l\u00edt r\u01b0\u1ee3u (&gt; 35 \u0111\u1ed9). U\u1ed1ng m\u1ed7i l\u1ea7n 2 ch\u00e9n nh\u1ecf trong b\u1eefa \u0103n.<\/li>\n<\/ol>\n<h2 style=\"text-align: justify;\"><em>\u0110\u1ed1i t\u01b0\u1ee3ng s\u1eed d\u1ee5ng \u0111\u00f4ng tr\u00f9ng h\u1ea1 th\u1ea3o nguy\u00ean con kh\u00f4:<\/em><\/h2>\n<ul style=\"text-align: justify;\">\n<li>Nh\u1eefng ng\u01b0\u1eddi mu\u1ed1n h\u1ed7 tr\u1ee3 ng\u0103n ng\u1eeba b\u1ec7nh ung th\u01b0, c\u00e1c b\u1ec7nh li\u00ean quan \u0111\u1ebfn th\u1eadn, ti\u1ec1n li\u1ec7t tuy\u1ebfn, ph\u1ed5i, tim, huy\u1ebft \u00e1p, t\u0103ng c\u01b0\u1eddng s\u1ee9c \u0111\u1ec1 kh\u00e1ng, ph\u00f2ng ng\u1eeba c\u00e1c b\u1ec7nh t\u1eadt tu\u1ed5i gi\u00e0.<\/li>\n<li>Ph\u00f9 h\u1ee3p v\u1edbi nh\u1eefng ng\u01b0\u1eddi mu\u1ed1n k\u1ebft h\u1ee3p ng\u00e2m r\u01b0\u1ee3u ho\u1eb7c ng\u00e2m v\u1edbi m\u1eadt ong.<\/li>\n<\/ul>\n<h3 style=\"text-align: justify;\"><em>L\u01b0u \u00fd:<\/em><\/h3>\n<ul style=\"text-align: justify;\">\n<li>\u0110\u1ed1i v\u1edbi ng\u01b0\u1eddi \u1ed1m d\u1eady, b\u1ec7nh th\u1eadn, ti\u1ec3u \u0111\u01b0\u1eddng, sau ph\u1eabu thu\u1eadt: d\u00f9ng t\u1ed1t nh\u1ea5t khi \u0103n s\u1ed1ng v\u1edbi li\u1ec1u l\u01b0\u1ee3ng g\u1ea5p 1,5 \u2013 2 l\u1ea7n so v\u1edbi ng\u01b0\u1eddi b\u00ecnh th\u01b0\u1eddng.<\/li>\n<li>\u0110\u1ed1i v\u1edbi ng\u01b0\u1eddi ung th\u01b0, sau truy\u1ec1n h\u00f3a ch\u1ea5t, tr\u1ecb x\u1ea1: d\u00f9ng t\u1ed1t nh\u1ea5t khi \u0103n s\u1ed1ng v\u1edbi li\u1ec1u l\u01b0\u1ee3ng g\u1ea5p 3 \u2013 4 l\u1ea7n so v\u1edbi ng\u01b0\u1eddi b\u00ecnh th\u01b0\u1eddng.<\/li>\n<li>\u0110\u1ed1i v\u1edbi d\u1ea1ng s\u1ee3i t\u01b0\u01a1i d\u00f9ng v\u1edbi li\u1ec1u l\u01b0\u1ee3ng g\u1ea5p 5 \u2013 7 l\u1ea7n d\u1ea1ng s\u1ee3i kh\u00f4.<\/li>\n<\/ul>\n<hr \/>\n<p style=\"text-align: justify;\"><span style=\"color: #000000;\"><strong>C\u00d4NG TY C\u1ed4 PH\u1ea6N CHU\u1ea8N PH\u00c1T MAI B\u00ccNH\u00a0<\/strong><\/span><\/p>\n<p style=\"text-align: justify;\"><span style=\"color: #000000;\"><strong>\u0110\u1ecba ch\u1ec9:<\/strong>\u00a0S\u1ed1 27 \u0110\u01b0\u1eddng s\u1ed1 7, KDC Hi\u1ec7p Th\u00e0nh 1, Khu 05, Ph\u01b0\u1eddng Hi\u1ec7p Th\u00e0nh, Th\u00e0nh ph\u1ed1 Th\u1ee7 D\u1ea7u M\u1ed9t, T\u1ec9nh B\u00ecnh D\u01b0\u01a1ng, Vi\u1ec7t Nam<\/span><\/p>\n<p style=\"text-align: justify;\"><span style=\"color: #000000;\"><strong>S\u1ed1 \u0111i\u1ec7n tho\u1ea1i:<\/strong>\u00a00933 468 999 &#8211; 0825 468 999 &#8211; 0926 468 999 &#8211; 0397 468 999<\/span><\/p>\n<p style=\"text-align: justify;\"><span style=\"color: #000000;\"><strong>Email:<\/strong>\u00a0tranhoanganh.qb@gmail.com<\/span><\/p>\n","protected":false},"excerpt":{"rendered":"<p style=\"text-align: justify;\"><span style=\"color: #000000;\"><strong>\u0110\u00f4ng Tr\u00f9ng H\u1ea1 Th\u1ea3o Nguy\u00ean Con<\/strong><\/span><\/p>\n<p style=\"text-align: justify;\"><span style=\"color: #000000;\">\u0110\u00f4ng Tr\u00f9ng H\u1ea1 Th\u1ea3o nguy\u00ean con k\u00fd sinh tr\u00ean th\u00e2n ch\u1ee7 l\u00e0 nh\u1ed9ng t\u1eb1m.<\/span><\/p>\n<p style=\"text-align: justify;\"><span style=\"color: #000000;\"><strong><em>Quy c\u00e1ch:<\/em><\/strong>\u00a0H\u1ed9p<\/span><\/p>\n<p style=\"text-align: justify;\"><span style=\"color: #000000;\"><strong><em>Tr\u1ecdng l\u01b0\u1ee3ng:<\/em><\/strong>\u00a0100gr (kho\u1ea3ng 120 con)<\/span><\/p>\n<p style=\"text-align: justify;\"><span style=\"color: #000000;\"><strong><em>H\u00e0m l\u01b0\u1ee3ng:<\/em><\/strong><\/span><\/p>\n<p style=\"text-align: justify;\"><span style=\"color: #000000;\">Cordycepin: &gt; 5mg\/g<\/span><\/p>\n<p style=\"text-align: justify;\"><span style=\"color: #000000;\">Adenosine: &gt; 0,014mg\/g<\/span><\/p>\n<p style=\"text-align: justify;\"><span style=\"color: #000000;\"><strong><em>Li\u1ec1u l\u01b0\u1ee3ng:<\/em><\/strong>\u00a03 \u2013 5 con t\u01b0\u01a1i\/ng\u01b0\u1eddi l\u1edbn\/ng\u00e0y (3 \u2013 5gram\/ng\u01b0\u1eddi l\u1edbn\/ng\u00e0y)<\/span><\/p>\n<p style=\"text-align: justify;\"><span style=\"color: #000000;\"><b>Giao h\u00e0ng<\/b>\u00a0\u00a0<strong>MI\u1ec4N PH\u00cd<\/strong>\u00a0to\u00e0n qu\u1ed1c<\/span><\/p>\n","protected":false},"featured_media":1200,"comment_status":"open","ping_status":"closed","template":"","meta":[],"_links":{"self":[{"href":"https:\/\/webmaibinh.com\/w\/dongymaibinh\/wp-json\/wp\/v2\/product\/1199"}],"collection":[{"href":"https:\/\/webmaibinh.com\/w\/dongymaibinh\/wp-json\/wp\/v2\/product"}],"about":[{"href":"https:\/\/webmaibinh.com\/w\/dongymaibinh\/wp-json\/wp\/v2\/types\/product"}],"replies":[{"embeddable":true,"href":"https:\/\/webmaibinh.com\/w\/dongymaibinh\/wp-json\/wp\/v2\/comments?post=1199"}],"wp:featuredmedia":[{"embeddable":true,"href":"https:\/\/webmaibinh.com\/w\/dongymaibinh\/wp-json\/wp\/v2\/media\/1200"}],"wp:attachment":[{"href":"https:\/\/webmaibinh.com\/w\/dongymaibinh\/wp-json\/wp\/v2\/media?parent=1199"}],"curies":[{"name":"wp","href":"https:\/\/api.w.org\/{rel}","templated":true}]}}