{"id":1196,"date":"2022-10-31T16:54:39","date_gmt":"2022-10-31T09:54:39","guid":{"rendered":"https:\/\/webmaibinh.com\/w\/dongymaibinh\/?post_type=product&#038;p=1196"},"modified":"2022-10-31T16:56:59","modified_gmt":"2022-10-31T09:56:59","slug":"dong-trung-ha-thao-tuoi","status":"publish","type":"product","link":"https:\/\/webmaibinh.com\/w\/dongymaibinh\/s\u1ea3n ph\u1ea9m\/dong-trung-ha-thao-tuoi\/","title":{"rendered":"\u0110\u00d4NG TR\u00d9NG H\u1ea0 TH\u1ea2O T\u01af\u01a0I"},"content":{"rendered":"<p style=\"text-align: justify;\" align=\"left\"><span style=\"color: #000000;\">\u0110\u00f4ng tr\u00f9ng h\u1ea1 th\u1ea3o t\u01b0\u01a1i d\u1ea1ng l\u1ecd \u0111\u01b0\u1ee3c b\u00e1n t\u1ea1i Gia b\u1ea3o c\u00f3 nh\u1eefng c\u00f4ng d\u1ee5ng nh\u01b0 sau:<\/span><\/p>\n<h2 style=\"text-align: justify;\" align=\"left\"><span style=\"color: #000000;\"><strong>T\u00e1c d\u1ee5ng c\u1ee7a \u0111\u00f4ng tr\u00f9ng h\u1ea1 th\u1ea3o t\u01b0\u01a1i<\/strong><\/span><\/h2>\n<ul style=\"text-align: justify;\">\n<li><span style=\"color: #000000;\">T\u0103ng c\u01b0\u1eddng h\u1ec7 th\u1ed1ng mi\u1ec5n d\u1ecbch cho c\u01a1 th\u1ec3.<\/span><\/li>\n<li><span style=\"color: #000000;\">B\u1ea3o v\u1ec7 t\u0103ng c\u01b0\u1eddng ch\u1ee9c n\u0103ng th\u1eadn.<\/span><\/li>\n<li><span style=\"color: #000000;\">T\u0103ng c\u01b0\u1eddng ch\u1ee9c n\u0103ng sinh d\u1ee5c.<\/span><\/li>\n<li><span style=\"color: #000000;\">T\u00e1c d\u1ee5ng v\u1edbi tu\u1ea7n ho\u00e0n, tim, n\u00e3o.<\/span><\/li>\n<li><span style=\"color: #000000;\">Ch\u1ed1ng oxy ho\u00e1, ch\u1ed1ng l\u00e3o ho\u00e1.<\/span><\/li>\n<li><span style=\"color: #000000;\">Kh\u00e1ng kh\u1ed1i U, kh\u00e1ng vi\u00eam.<\/span><\/li>\n<li><span style=\"color: #000000;\">L\u00e0m gi\u00e3n n\u1edf c\u00e1c nh\u00e1nh ph\u1ebf qu\u1ea3n, t\u0103ng c\u01b0\u1eddng d\u1ecbch ti\u1ebft trong kh\u00ed qu\u1ea3n, c\u00f3 t\u00e1c d\u1ee5ng tr\u1eeb \u0111\u1eddm.<\/span><\/li>\n<li><span style=\"color: #000000;\">T\u0103ng ch\u1ee9c n\u0103ng ti\u00eau ho\u00e1 v\u00e0 chuy\u1ec3n ho\u00e1.<\/span><\/li>\n<li><span style=\"color: #000000;\">T\u00e1c d\u1ee5ng kh\u00e1ng sinh,\u00a0kh\u00e1ng vi\u00eam v\u00e0 ti\u00eau vi\u00eam.<\/span><\/li>\n<li><span style=\"color: #000000;\">L\u00e0m gi\u1ea3m cholesterol\u00a0trong m\u00e1u v\u00e0 ch\u1ed1ng x\u01a1 v\u1eefa \u0111\u1ed9ng m\u1ea1ch.<\/span><\/li>\n<li><span style=\"color: #000000;\">X\u00fac ti\u1ebfn t\u00e1c d\u1ee5ng c\u1ee7a c\u00e1c n\u1ed9i ti\u1ebft t\u1ed1 (hormone).<\/span><\/li>\n<li><span style=\"color: #000000;\">T\u0103ng c\u01b0\u1eddng ch\u1ee9c n\u0103ng ti\u00eau ho\u00e1 v\u00e0 h\u1ea5p thu c\u00e1c ch\u1ea5t dinh d\u01b0\u1ee1ng.<\/span><\/li>\n<li><span style=\"color: #000000;\">\u1ee8c ch\u1ebf vi sinh v\u1eadt c\u00f3 h\u1ea1i, k\u1ec3 c\u1ea3 vi khu\u1ea9n lao.<\/span><\/li>\n<li><span style=\"color: #000000;\">C\u00f3 t\u00e1c d\u1ee5ng\u00a0c\u01b0\u1eddng d\u01b0\u01a1ng\u00a0v\u00e0\u00a0ch\u1ed1ng li\u1ec7t d\u01b0\u01a1ng.<\/span><\/li>\n<\/ul>\n<p style=\"text-align: justify;\" align=\"left\"><span style=\"color: #000000;\">Ngo\u00e0i ra, Polysaccharides, D-manitol c\u00e1c ho\u1ea1t ch\u1ea5t HEAA v\u00e0 17 axitamin kh\u00e1c trong con \u0111\u00f4ng tr\u00f9ng v\u00e0 qu\u1ea3 th\u1ec3 \u0111\u00f4ng tr\u00f9ng h\u1ea1 th\u1ea3o c\u00f3 t\u00e1c d\u1ee5ng: \u0110i\u1ec1u ti\u1ebft mi\u1ec5n d\u1ecbch, \u1ee9c ch\u1ebf ho\u1ea1t t\u00ednh U b\u01b0\u1edbu, b\u1ea3o v\u1ec7 gan, gi\u1ea3m m\u1ee1 m\u00e1u, \u0111i\u1ec1u ho\u00e0 huy\u1ebft \u00e1p, h\u1ea1 \u0111\u01b0\u1eddng m\u00e1u, nhu\u1eadn tr\u00e0ng th\u00f4ng ti\u1ec7n, an th\u1ea7n gi\u1ea3m \u0111au, gi\u1ea3m ho \u2013 ti\u00eau \u0111\u1eddm, ch\u1ed1ng suy y\u1ebfu, c\u1ea3i thi\u1ec7n b\u1ec7nh G\u00fat, ch\u1ed1ng b\u1ee9c x\u1ea1, ch\u1ed1ng m\u1ec7t m\u1ecfi, \u0111i\u1ec1u ti\u1ebft c\u00e2n b\u1eb1ng Ki\u1ec1m \u2013 Toan.<\/span><\/p>\n<h2 id=\"ftoc-heading-5\" class=\"ftwp-heading\" style=\"text-align: justify;\"><span style=\"color: #000000;\">Nh\u1eefng c\u00e1ch b\u1ea3o qu\u1ea3n \u0111\u00f4ng tr\u00f9ng h\u1ea1 th\u1ea3o t\u01b0\u01a1i:<\/span><\/h2>\n<ul style=\"text-align: justify;\">\n<li><span style=\"color: #000000;\">B\u1ea3o qu\u1ea3n \u0111\u00f4ng tr\u00f9ng h\u1ea1 th\u1ea3o t\u01b0\u01a1i b\u1eb1ng ph\u01b0\u01a1ng ph\u00e1p ch\u00e2n kh\u00f4ng<\/span><\/li>\n<li><span style=\"color: #000000;\">B\u1ea3o qu\u1ea3n \u0111\u00f4ng tr\u00f9ng h\u1ea1 th\u1ea3o t\u01b0\u01a1i b\u1eb1ng c\u00e1ch d\u00f9ng t\u1ee7 l\u1ea1nh.<\/span><\/li>\n<li><span style=\"color: #000000;\">B\u1ea3o qu\u1ea3n \u0111\u00f4ng tr\u00f9ng h\u1ea1 th\u1ea3o t\u01b0\u01a1i b\u1eb1ng ph\u01b0\u01a1ng ph\u00e1p s\u1ea5y kh\u00f4.<\/span><\/li>\n<li><span style=\"color: #000000;\">B\u1ea3o qu\u1ea3n \u0111\u00f4ng tr\u00f9ng h\u1ea1 th\u1ea3o t\u01b0\u01a1i b\u1eb1ng ph\u01b0\u01a1ng ph\u00e1p ng\u00e2m r\u01b0\u1ee3u.<\/span><\/li>\n<li><span style=\"color: #000000;\">B\u1ea3o qu\u1ea3n \u0111\u00f4ng tr\u00f9ng h\u1ea1 th\u1ea3o t\u01b0\u01a1i b\u1eb1ng ph\u01b0\u01a1ng ph\u00e1p ng\u00e2m m\u1eadt ong<\/span><\/li>\n<\/ul>\n<h2 style=\"text-align: justify;\"><span style=\"color: #000000;\">Li\u00ean h\u1ec7 t\u01b0 v\u1ea5n th\u00eam v\u1ec1 \u0111\u00f4ng tr\u00f9ng h\u1ea1 th\u1ea3o t\u01b0\u01a1i<\/span><\/h2>\n<hr \/>\n<p style=\"text-align: justify;\"><span style=\"color: #000000;\"><strong>C\u00d4NG TY C\u1ed4 PH\u1ea6N CHU\u1ea8N PH\u00c1T MAI B\u00ccNH\u00a0<\/strong><\/span><\/p>\n<p style=\"text-align: justify;\"><span style=\"color: #000000;\"><strong>\u0110\u1ecba ch\u1ec9:<\/strong>\u00a0S\u1ed1 27 \u0110\u01b0\u1eddng s\u1ed1 7, KDC Hi\u1ec7p Th\u00e0nh 1, Khu 05, Ph\u01b0\u1eddng Hi\u1ec7p Th\u00e0nh, Th\u00e0nh ph\u1ed1 Th\u1ee7 D\u1ea7u M\u1ed9t, T\u1ec9nh B\u00ecnh D\u01b0\u01a1ng, Vi\u1ec7t Nam<\/span><\/p>\n<p style=\"text-align: justify;\"><span style=\"color: #000000;\"><strong>S\u1ed1 \u0111i\u1ec7n tho\u1ea1i:<\/strong>\u00a00933 468 999 &#8211; 0825 468 999 &#8211; 0926 468 999 &#8211; 0397 468 999<\/span><\/p>\n<p style=\"text-align: justify;\"><span style=\"color: #000000;\"><strong>Email:<\/strong>\u00a0tranhoanganh.qb@gmail.com<\/span><\/p>\n","protected":false},"excerpt":{"rendered":"<p class=\"info-detail-related description\" style=\"text-align: justify;\"><span style=\"color: #000000;\">M\u00f4 t\u1ea3 s\u1ea3n ph\u1ea9m: \u0110\u00f4ng Tr\u00f9ng H\u1ea1 Th\u1ea3o t\u01b0\u01a1i l\u00e0 m\u1ed9t trong nh\u1eefng s\u1ea3n ph\u1ea9m t\u01b0\u01a1i, nguy\u00ean ch\u1ea5t v\u00e0 \u0111\u01b0\u1ee3c s\u1ea3n xu\u1ea5t theo c\u00f4ng ngh\u1ec7 ti\u1ebfn ti\u1ebfn t\u1eeb Nh\u1eadt B\u1ea3n. \u0110\u00f4ng Tr\u00f9ng H\u1ea1 Th\u1ea3o t\u01b0\u01a1i \u0111\u01b0\u1ee3c s\u1ea3n xu\u1ea5t ho\u00e0n to\u00e0n trong \u0111i\u1ec1u ki\u1ec7n k\u00e9p k\u00edn, b\u1ea3o \u0111\u1ea3m an to\u00e0n v\u1ec7 sinh. S\u1ea3n ph\u1ea9m r\u1ea5t th\u00edch cho nh\u1eefng ai th\u00edch tr\u1ea3i nghi\u1ec7m h\u01b0\u01a1ng v\u1ecb t\u01b0\u01a1i nguy\u00ean c\u1ee7a \u0111\u00f4ng tr\u00f9ng h\u1ea1 th\u1ea3o.<\/span><\/p>\n<p class=\"info-detail-related\" style=\"text-align: justify;\"><span style=\"color: #000000;\">Quy c\u00e1ch: 140g<\/span><\/p>\n<p class=\"info-detail-related\" style=\"text-align: justify;\"><span style=\"color: #000000;\">C\u00e1ch s\u1eed d\u1ee5ng: d\u00f9ng h\u00e3m tr\u00e0, ng\u00e2m r\u01b0\u1ee3u, n\u1ea5u ch\u00e1o, m\u00f3n h\u1ea7m, n\u1ea5u s\u00fap,\u2026<\/span><\/p>\n<p class=\"info-detail-related\" style=\"text-align: justify;\"><span style=\"color: #000000;\">B\u1ea3o qu\u1ea3n: trong ng\u0103n m\u00e1t t\u1ee7 l\u1ea1nh t\u1ed1i \u0111a 10 ng\u00e0y<\/span><\/p>\n","protected":false},"featured_media":1197,"comment_status":"open","ping_status":"closed","template":"","meta":[],"_links":{"self":[{"href":"https:\/\/webmaibinh.com\/w\/dongymaibinh\/wp-json\/wp\/v2\/product\/1196"}],"collection":[{"href":"https:\/\/webmaibinh.com\/w\/dongymaibinh\/wp-json\/wp\/v2\/product"}],"about":[{"href":"https:\/\/webmaibinh.com\/w\/dongymaibinh\/wp-json\/wp\/v2\/types\/product"}],"replies":[{"embeddable":true,"href":"https:\/\/webmaibinh.com\/w\/dongymaibinh\/wp-json\/wp\/v2\/comments?post=1196"}],"wp:featuredmedia":[{"embeddable":true,"href":"https:\/\/webmaibinh.com\/w\/dongymaibinh\/wp-json\/wp\/v2\/media\/1197"}],"wp:attachment":[{"href":"https:\/\/webmaibinh.com\/w\/dongymaibinh\/wp-json\/wp\/v2\/media?parent=1196"}],"curies":[{"name":"wp","href":"https:\/\/api.w.org\/{rel}","templated":true}]}}