{"id":1193,"date":"2022-10-31T16:51:48","date_gmt":"2022-10-31T09:51:48","guid":{"rendered":"https:\/\/webmaibinh.com\/w\/dongymaibinh\/?post_type=product&#038;p=1193"},"modified":"2022-10-31T16:51:49","modified_gmt":"2022-10-31T09:51:49","slug":"dong-trung-ha-thao-ngam-ruou-chai-650ml","status":"publish","type":"product","link":"https:\/\/webmaibinh.com\/w\/dongymaibinh\/s\u1ea3n ph\u1ea9m\/dong-trung-ha-thao-ngam-ruou-chai-650ml\/","title":{"rendered":"\u0110\u00d4NG TR\u00d9NG H\u1ea0 TH\u1ea2O NG\u00c2M R\u01af\u1ee2U -CHAI 650ML"},"content":{"rendered":"<p style=\"text-align: justify;\"><span style=\"color: #000000;\">B\u00ean c\u1ea1nh vi\u1ec7c s\u1eed d\u1ee5ng \u0110\u00f4ng Tr\u00f9ng H\u1ea1 Th\u1ea3o nh\u01b0 m\u1ed9t lo\u1ea1i th\u1ee9c u\u1ed1ng. \u0110\u00f4ng Tr\u00f9ng H\u1ea1 Th\u1ea3o ng\u00e2m r\u01b0\u1ee3u c\u0169ng l\u00e0 m\u1ed9t trong nh\u1eefng c\u00e1ch \u0111\u01b0\u01a1\u0323c nhi\u00ea\u0300u pha\u0301i ma\u0323nh quan t\u00e2m va\u0300 tin du\u0300ng. B\u01a1\u0309i vi\u0300 theo ca\u0301ch na\u0300y co\u0301 th\u00ea\u0309 gi\u01b0\u0303 la\u0323i t\u00f4\u0301i \u0111a l\u01b0\u01a1\u0323ng d\u01b0\u01a1\u0323c ch\u00e2\u0301t co\u0301 trong \u0110\u00f4ng Tr\u00f9ng H\u1ea1 Th\u1ea3o. Cu\u0303ng nh\u01b0 ca\u0301ch hi\u00ea\u0323u qua\u0309 \u0111\u00ea\u0309 ba\u0309o qua\u0309n \u0111\u01b0\u01a1\u0323c l\u00e2u h\u01a1n.<\/span><\/p>\n<h2 style=\"text-align: justify;\"><span style=\"color: #000000;\">Th\u00e0nh ph\u1ea7n c\u1ee7a \u0110\u00d4NG TR\u00d9NG H\u1ea0 TH\u1ea2O NG\u00c2M R\u01af\u1ee2U<\/span><\/h2>\n<p style=\"text-align: justify;\"><span style=\"color: #000000;\">\u2013 Th\u00e0nh ph\u1ea7n: R\u01b0\u1ee3u n\u1ebfp\u00a0+ \u0110\u00f4ng Tr\u00f9ng H\u1ea1 Th\u1ea3o<\/span><\/p>\n<p style=\"text-align: justify;\"><span style=\"color: #000000;\">\u2013 Qui c\u00e1ch: Chai 650ml<\/span><\/p>\n<p style=\"text-align: justify;\"><span style=\"color: #000000;\">\u2013 H\u01b0\u1edbng d\u1eabn s\u1eed d\u1ee5ng:<\/span><\/p>\n<p style=\"text-align: justify;\"><span style=\"color: #000000;\">\u2013 U\u1ed1ng tr\u1ef1c ti\u1ebfp, kh\u00f4ng c\u1ea7n pha ch\u1ebf. Ng\u00e0y c\u00f3 th\u1ec3 d\u00f9ng 2-3 l\u1ea7n, m\u1ed7i l\u1ea7n 30ml, d\u00f9ng tr\u01b0\u1edbc ho\u1eb7c sau\u00a0b\u1eefa \u0103n 30\u2032.<\/span><\/p>\n<p style=\"text-align: justify;\"><span style=\"color: #000000;\">\u2013 \u0110\u1ed1i t\u01b0\u1ee3ng s\u1eed d\u1ee5ng: Ph\u00f9 h\u1ee3p cho t\u1ea5t c\u1ea3 \u0111\u1ed1i t\u01b0\u1ee3ng t\u1eeb 18 tu\u1ed5i tr\u1edf l\u00ean<\/span><\/p>\n<p style=\"text-align: justify;\"><span style=\"color: #000000;\">\u2013 H\u01b0\u1edbng d\u1eabn b\u1ea3o qu\u1ea3n:<\/span><\/p>\n<p style=\"text-align: justify;\"><span style=\"color: #000000;\">\u2013 B\u1ea3o qu\u1ea3n : n\u01a1i kh\u00f4 r\u00e1o, tho\u00e1ng m\u00e1t, tr\u00e1nh \u00e1nh n\u1eafng tr\u1ef1c ti\u1ebfp.<\/span><\/p>\n<h2 style=\"text-align: justify;\"><span style=\"color: #000000;\">T\u00c1C D\u1ee4NG C\u1ee6A R\u01af\u1ee2U \u0110\u00d4NG TR\u00d9NG H\u1ea0 TH\u1ea2O<\/span><\/h2>\n<p style=\"text-align: justify;\"><span style=\"color: #000000;\">\u2013 \u0110\u00f4ng Tr\u00f9ng H\u1ea1 Th\u1ea3o ng\u00e2m r\u01b0\u1ee3u c\u00f3 c\u00f4ng d\u1ee5ng tuy\u1ec7t v\u1eddi cho s\u01b0\u0301c kho\u0309e cu\u0309a nam gi\u01a1\u0301i. Giu\u0301p t\u0103ng c\u01b0\u01a1\u0300ng s\u01b0\u0301c kho\u0309e sinh li\u0301, b\u00f4\u0309 th\u00e2\u0323n tra\u0301ng d\u01b0\u01a1ng cho pha\u0301i ma\u0323nh. \u0110\u1eb7c bi\u1ec7t, R\u01b0\u1ee3u \u0110\u00f4ng Tr\u00f9ng H\u1ea1 Th\u1ea3o khi u\u00f4\u0301ng va\u0300o kh\u00f4ng g\u00e2y m\u00ea\u0323t mo\u0309i, \u0111au \u0111\u1ea7u, r\u00e2\u0301t d\u00ea\u0303 u\u00f4\u0301ng. Va\u0300 kh\u00f4ng g\u00e2y ra ti\u0300nh tra\u0323ng cho\u0301ng m\u0103\u0323t gi\u00f4\u0301ng nh\u01b0 c\u00e1c lo\u1ea1i r\u01b0\u1ee3u th\u00f4ng th\u01b0\u01a1\u0300ng kh\u00e1c. Khi d\u00f9ng v\u1edbi li\u1ec1u l\u01b0\u1ee3ng th\u00edch h\u1ee3p.<\/span><\/p>\n<p style=\"text-align: justify;\"><span style=\"color: #000000;\">\u2013 S\u01b0\u0309 du\u0323ng R\u01b0\u1ee3u \u0110\u00f4ng Tr\u00f9ng H\u1ea1 Th\u1ea3o ng\u00e2m r\u01b0\u01a1\u0323u c\u00f3 t\u00e1c d\u1ee5ng c\u1ea3i thi\u1ec7n ch\u1ee9c n\u0103ng tu\u1ea7n ho\u00e0n m\u00e1u trong c\u01a1 th\u1ec3. C\u1ea3i thi\u1ec7n t\u00ecnh h\u00ecnh v\u1eadn chuy\u1ec3n m\u00e1u \u0111\u1ebfn tim, gi\u1ea3m nguy c\u01a1 \u0111\u1ed9t q\u1ee5y v\u00e0 thi\u1ebfu m\u00e1u c\u01a1 tim.<\/span><\/p>\n<p style=\"text-align: justify;\"><span style=\"color: #000000;\">\u2013 \u0110\u00f4\u0301i v\u01a1\u0301i phu\u0323 n\u01b0\u0303, khi s\u01b0\u0309 du\u0323ng R\u01b0\u1ee3u \u0110\u00f4ng Tr\u00f9ng H\u1ea1 Th\u1ea3o co\u0300n co\u0301 ta\u0301c du\u0323ng ng\u0103n ng\u01b0\u0300a la\u0303o ho\u0301a, la\u0300m \u0111e\u0323p da. Giu\u0301p cho la\u0300n da mi\u0323n ma\u0300ng, t\u01b0\u01a1i tre\u0309 va\u0300 ke\u0301o da\u0300i tu\u00f4\u0309i thanh xu\u00e2n.<\/span><\/p>\n<p style=\"text-align: justify;\"><span style=\"color: #000000;\">\u2013 \u0110\u00f4ng Tr\u00f9ng H\u1ea1 Th\u1ea3o c\u00f3 t\u00e1c d\u1ee5ng trong vi\u1ec7c h\u1ed7 tr\u1ee3 \u0111i\u1ec1u tr\u1ecb c\u00e1c b\u1ec7nh tim, th\u00e2\u0323n, ph\u00f4\u0309i, c\u1ea3i thi\u1ec7n. C\u00e1c tri\u1ec7u ch\u1ee9ng th\u1eadn h\u01b0, y\u1ebfu sinh l\u00fd, di tinh, h\u1ed7 tr\u1ee3 \u0111i\u1ec1u tr\u1ecb suy h\u00f4 h\u1ea5p, hen suy\u1ec5n, vi\u00eam gan, x\u01a1 gan, h\u1ed7 tr\u1ee3 \u0111i\u1ec1u tr\u1ecb b\u1ec7nh ung th\u01b0.<\/span><\/p>\n<p style=\"text-align: justify;\"><span style=\"color: #000000;\">\u2013\u00a0H\u1ed7 tr\u1ee3 \u0111i\u1ec1u tr\u1ecb c\u00e2n b\u1eb1ng n\u1ed3ng \u0111\u1ed9 \u0111\u01b0\u1eddng trong m\u00e1u, gi\u00fap ng\u0103n ng\u1eeba c\u00e1c bi\u1ebfn ch\u1ee9ng c\u1ee7a b\u1ec7nh ti\u1ec3u \u0111\u01b0\u1eddng.<\/span><\/p>\n<p style=\"text-align: justify;\"><span style=\"color: #000000;\">\u2013\u00a0Gi\u1ea3m cholesterol trong m\u00e1u, ng\u0103n ng\u1eeba c\u00e1c nguy c\u01a1 t\u1eafc ngh\u1ebdn m\u1ea1ch m\u00e1u, tai bi\u1ebfn.<\/span><\/p>\n<p style=\"text-align: justify;\"><span style=\"color: #000000;\">\u2013\u00a0T\u0103ng c\u01b0\u1eddng sinh l\u00fd nam, \u0111i\u1ec1u tr\u1ecb hi\u1ebfm mu\u1ed9n d\u1ea1ng nh\u1eb9 do sinh tinh \u00edt.<\/span><\/p>\n<p style=\"text-align: justify;\"><span style=\"color: #000000;\">\u2013\u00a0Ng\u0103n ng\u1eeba l\u00e3o h\u00f3a, b\u1ea3o v\u1ec7 c\u01a1 th\u1ec3 kh\u1ecfi t\u00e1c h\u1ea1i m\u00f4i tr\u01b0\u1eddng v\u00e0 kh\u1eed c\u00e1c g\u1ed1c t\u1ef1 do.<\/span><\/p>\n<p style=\"text-align: justify;\"><span style=\"color: #000000;\">\u2013 T\u0103ng c\u01b0\u1eddng s\u1ee9c \u0111\u1ec1 kh\u00e1ng, gi\u00fap c\u01a1 th\u1ec3 kh\u1ecfe m\u1ea1nh ph\u00f2ng ch\u1ed1ng l\u1ea1i. C\u00e1c b\u1ec7nh t\u1eadt v\u00e0 ng\u0103n ng\u1eeba nguy c\u01a1 g\u00e2y ung th\u01b0.<\/span><\/p>\n<p style=\"text-align: justify;\"><span style=\"color: #000000;\">\u2013\u00a0C\u00e2n b\u1eb1ng huy\u1ebft \u00e1p cao v\u00e0 th\u1ea5p, h\u1ed7 tr\u1ee3 \u1ed5n \u0111\u1ecbnh\u00a0huy\u1ebft \u00e1p.<\/span><\/p>\n<p style=\"text-align: justify;\"><span style=\"color: #000000;\">\u2013\u00a0T\u00e1i t\u1ea1o h\u1ed3ng c\u1ea7u, t\u00e1i t\u1ea1o v\u00e0 ph\u1ee5c h\u1ed3i t\u1ebf b\u00e0o t\u1ed5n th\u01b0\u01a1ng \u1edf c\u01a1 quan n\u1ed9i t\u1ea1ng.<\/span><\/p>\n<p style=\"text-align: justify;\"><span style=\"color: #000000;\">\u2013\u00a0Gi\u1ea3i \u0111\u1ed9c t\u1ed1 th\u1eadn v\u00e0 gan, thanh l\u1ecdc \u0111\u1ed9c t\u1ed1 c\u01a1 th\u1ec3.<\/span><\/p>\n<p style=\"text-align: justify;\"><span style=\"color: #000000;\">\u0110\u00f4ng tr\u00f9ng h\u1ea1 th\u1ea3o ng\u00e2m r\u01b0\u1ee3u l\u00e0 m\u1ed9t th\u1ee9c u\u1ed1ng \u0111\u01b0\u1ee3c ph\u00e1i nam l\u1ef1a ch\u1ecdn. \u0110\u00e2y l\u00e0 c\u00e1ch b\u1ea3o qu\u1ea3n c\u0169ng nh\u01b0 c\u00e1ch ch\u1ebf bi\u1ebfn \u0111\u1ec3 c\u00f3 th\u1ec3 d\u00f9ng \u0111\u01b0\u1ee3c \u0111\u00f4ng tr\u00f9ng h\u1ea1 th\u1ea3o trong th\u1eddi gian d\u00e0i. Nh\u1edd dung m\u00f4i l\u00e0 r\u01b0\u1ee3u, c\u00e1c d\u01b0\u1ee1ng ch\u1ea5t \u0111\u00f4ng tr\u00f9ng h\u1ea1 th\u1ea3o \u0111\u01b0\u1ee3c chi\u1ebft ra. V\u00ec th\u1ebf\u00a0<strong>\u0111\u00f4ng tr\u00f9ng h\u1ea1 th\u1ea3o ng\u00e2m r\u01b0\u1ee3u<\/strong>\u00a0c\u00e0ng l\u00e2u s\u1ebd c\u00e0ng ngon.\u00a0<\/span><\/p>\n<h2 style=\"text-align: justify;\"><span style=\"color: #000000;\">Th\u00e0nh ph\u1ea7n trong r\u01b0\u1ee3u \u0111\u00f4ng tr\u00f9ng h\u1ea1 th\u1ea3o<\/span><\/h2>\n<p style=\"text-align: justify;\"><span style=\"color: #000000;\">R\u01b0\u1ee3u tr\u1eafng tr\u00ean 40 \u0111\u1ed9 c\u00f9ng v\u1edbi \u0111\u00f4ng tr\u00f9ng h\u1ea1 th\u1ea3o.<\/span><\/p>\n<h2 style=\"text-align: justify;\"><span style=\"color: #000000;\">T\u00e1c d\u1ee5ng \u0111\u00f4ng tr\u00f9ng h\u1ea1 th\u1ea3o ng\u00e2m r\u01b0\u1ee3u<\/span><\/h2>\n<ul style=\"text-align: justify;\">\n<li><span style=\"color: #000000;\">N\u00e2ng cao s\u1ee9c kh\u1ecfe, t\u0103ng c\u01b0\u1eddng h\u1ec7 th\u1ed1ng mi\u1ec5n d\u1ecbch trong c\u01a1 th\u1ec3 t\u1eeb \u0111\u00f3 h\u1ed7 tr\u1ee3 ph\u00f2ng ch\u1ed1ng m\u1ed9t s\u1ed1 b\u1ec7nh.<\/span><\/li>\n<li><span style=\"color: #000000;\">C\u1ea3i thi\u1ec7n ch\u1ee9c n\u0103ng sinh l\u00fd nam gi\u1edbi: \u0111\u00e2y l\u00e0 m\u1ed9t t\u00e1c d\u1ee5ng r\u1ea5t t\u1ed1t cho ph\u00e1i nam, gi\u00fap \u0111i\u1ec1u tr\u1ecb ch\u1ee9ng li\u1ec7t tinh, di tinh, \u0111au v\u00f9ng th\u1eaft l\u01b0ng\u2026 t\u0103ng c\u01b0\u01a1\u0300ng s\u01b0\u0301c kho\u0309e sinh li\u0301, b\u00f4\u0309 th\u00e2\u0323n tra\u0301ng d\u01b0\u01a1ng<\/span><\/li>\n<li><span style=\"color: #000000;\">Ph\u00f2ng ng\u1eeba m\u1ed9t s\u1ed1 b\u1ec7nh tim m\u1ea1ch: c\u1ea3i thi\u1ec7n ch\u1ee9c n\u0103ng h\u1ec7 tu\u1ea7n ho\u00e0n, gi\u00fap m\u00e1u l\u01b0u th\u00f4ng t\u1ed1t h\u01a1n, gi\u00fap ng\u1ee7 ngon.\u00a0<\/span><\/li>\n<li><span style=\"color: #000000;\">\u0110i\u1ec1u h\u00f2a \u0111\u01b0\u1eddng huy\u1ebft \u1ed5n \u0111\u1ecbnh, gi\u00fap ng\u1eeba bi\u1ebfn ch\u1ee9ng c\u1ee7a b\u1ec7nh ti\u1ec3u \u0111\u01b0\u1eddng.<\/span><\/li>\n<li><span style=\"color: #000000;\">Gi\u1ea3m cholesterol trong m\u00e1u, m\u00e1u trong m\u1ea1ch \u0111\u01b0\u1ee3c l\u01b0u th\u00f4ng t\u1ed1t h\u01a1n, gi\u00fap ng\u1ee7 ngon, s\u00e2u gi\u1ea5c h\u01a1n; h\u1ea1n ch\u1ebf t\u1eafc m\u1ea1ch, nh\u1ed3i m\u00e1u c\u01a1 tim<\/span><\/li>\n<li><span style=\"color: #000000;\">L\u00e0m \u0111\u1eb9p da cho ph\u00e1i n\u1eef: trong \u0111\u00f4ng tr\u00f9ng c\u00f3 ch\u1ee9a ch\u1ea5t ch\u1ed1ng oxy h\u00f3a t\u1eeb \u0111\u00f3 l\u00e0m \u0111\u1eb9p da, ch\u1ed1ng b\u1ecb l\u00e3o h\u00f3a, mang \u0111\u1ebfn l\u00e0n da m\u1ecbn m\u00e0ng<\/span><\/li>\n<li><span style=\"color: #000000;\">\u1ed4n \u0111\u1ecbnh huy\u1ebft \u00e1p\u00a0<\/span><\/li>\n<\/ul>\n<h2 style=\"text-align: justify;\"><span style=\"color: #000000;\">\u0110\u1ed1i t\u01b0\u1ee3ng s\u1eed d\u1ee5ng \u0111\u00f4ng tr\u00f9ng ng\u00e2m r\u01b0\u1ee3u<\/span><\/h2>\n<p style=\"text-align: justify;\"><span style=\"color: #000000;\">\u0110\u00f4ng tr\u00f9ng h\u1ea1 th\u1ea3o ng\u00e2m r\u01b0\u1ee3u ph\u00f9 h\u1ee3p v\u1edbi t\u1ea5t c\u1ea3 c\u00e1c \u0111\u1ed1i t\u01b0\u1ee3ng tr\u00ean 18 tu\u1ed5i.\u00a0<\/span><\/p>\n<ul style=\"text-align: justify;\">\n<li><span style=\"color: #000000;\">Ng\u01b0\u1eddi gi\u00e0 u\u1ed1ng \u0111\u00f4ng tr\u00f9ng h\u1ea1 th\u1ea3o ng\u00e2m r\u01b0\u1ee3u gi\u00fap l\u01b0u th\u00f4ng m\u00e1u c\u0169ng nh\u01b0 ph\u00f2ng ch\u1ed1ng b\u1ec7nh nh\u01b0 \u0111au nh\u1ee9c x\u01b0\u01a1ng, b\u1ec7nh v\u1ec1 h\u00f4 h\u1ea5p.<\/span><\/li>\n<li><span style=\"color: #000000;\">\u0110\u00e0n \u00f4ng, nam thanh ni\u00ean mu\u1ed1n t\u0103ng c\u01b0\u1eddng s\u1ee9c kh\u1ecfe, t\u0103ng c\u01b0\u1eddng sinh l\u00fd nam gi\u1edbi. Ng\u01b0\u1eddi mu\u1ed1n n\u00e2ng cao s\u1ee9c kh\u1ecfe<\/span><\/li>\n<li><span style=\"color: #000000;\">Ph\u1ee5 n\u1eef mu\u1ed1n ch\u1ed1ng l\u00e3o h\u00f3a, l\u00e0m \u0111\u1eb9p da.\u00a0<\/span><\/li>\n<\/ul>\n<h2 style=\"text-align: justify;\"><span style=\"color: #000000;\">H\u01b0\u1edbng d\u1eabn s\u1eed d\u1ee5ng \u0111\u00f4ng tr\u00f9ng h\u1ea1 th\u1ea3o ng\u00e2m r\u01b0\u1ee3u<\/span><\/h2>\n<p style=\"text-align: justify;\"><span style=\"color: #000000;\">U\u1ed1ng tr\u1ef1c ti\u1ebfp kh\u00f4ng c\u1ea7n qua ch\u1ebf bi\u1ebfn<\/span><\/p>\n<p style=\"text-align: justify;\"><span style=\"color: #000000;\">M\u1ed7i ng\u00e0y trong b\u1eefa \u0103n u\u1ed1ng t\u1eeb\u00a0 1-2 ch\u00e9n nh\u1ecf r\u01b0\u1ee3u. N\u1ebfu\u00a0 l\u1ef1a ch\u1ecdn s\u1eed d\u1ee5ng r\u01b0\u1ee3u \u0111\u00f4ng tr\u00f9ng h\u1ea1 th\u1ea3o v\u1edbi t\u00e1c d\u1ee5ng ng\u1ee7 ngon n\u00ean u\u1ed1ng v\u00e0o bu\u1ed5i t\u1ed1i tr\u01b0\u1edbc khi \u0111i ng\u1ee7. M\u1ed7i l\u1ea7n u\u1ed1ng kho\u1ea3ng 10- 15ml.\u00a0<\/span><\/p>\n<p style=\"text-align: justify;\"><span style=\"color: #000000;\">Kh\u00f4ng d\u00f9ng qu\u00e1 nhi\u1ec1u \u0111\u1ec3 tr\u00e1nh g\u00e2y t\u00e1c d\u1ee5ng ng\u01b0\u1ee3c, l\u00e0m gan th\u1eadn b\u1ecb qu\u00e1 t\u1ea3i.\u00a0<\/span><\/p>\n<h2 style=\"text-align: justify;\"><span style=\"color: #000000;\">C\u00e1ch b\u1ea3o qu\u1ea3n \u0111\u00f4ng tr\u00f9ng h\u1ea1 th\u1ea3o ng\u00e2m r\u01b0\u1ee3u<\/span><\/h2>\n<p style=\"text-align: justify;\"><span style=\"color: #000000;\">\u0110\u00f4ng tr\u00f9ng h\u1ea1 th\u1ea3o ch\u1ec9 c\u1ea7n b\u1ea3o qu\u1ea3n \u1edf nhi\u1ec7t \u0111\u1ed9 ph\u00f2ng, \u0111\u1ec3 \u1edf n\u01a1i kh\u00f4 r\u00e1o, tho\u00e1ng m\u00e1t. Sau khi s\u1eed d\u1ee5ng c\u1ea7n \u0111\u1eady k\u00edn n\u1eafp l\u1ea1i \u0111\u1ec3 tr\u00e1nh b\u1ecb c\u00f4n tr\u00f9ng x\u00e2m nh\u1eadp, l\u00e0m h\u1ecfng r\u01b0\u1ee3u.\u00a0<\/span><\/p>\n<h2 style=\"text-align: justify;\"><span style=\"color: #000000;\">C\u00e1ch \u0111\u00f3ng g\u00f3i r\u01b0\u1ee3u \u0111\u00f4ng tr\u00f9ng h\u1ea1 th\u1ea3o<\/span><\/h2>\n<p style=\"text-align: justify;\"><span style=\"color: #000000;\">R\u01b0\u1ee3u \u0111\u00f4ng tr\u00f9ng sau khi ng\u00e2m \u0111\u01b0\u1ee3c \u0111\u00f3ng trong c\u00e1c chai th\u1ee7y tinh. Dung t\u00edch m\u1ed7i chai 650ml.\u00a0<\/span><\/p>\n<p style=\"text-align: justify;\"><span style=\"color: #000000;\">R\u01b0\u1ee3u \u0111\u00f3ng trong chai th\u1ee7y tinh c\u00f3 th\u1ec3 d\u00f9ng l\u00e0m qu\u00e0 \u0111\u1ec3 bi\u1ebfu, t\u1eb7ng.\u00a0<\/span><\/p>\n<p style=\"text-align: justify;\"><span style=\"color: #000000;\">\u0110\u1ed1i t\u01b0\u1ee3ng kh\u00f4ng d\u00f9ng\u00a0<strong>\u0111\u00f4ng tr\u00f9ng h\u1ea1 th\u1ea3o ng\u00e2m r\u01b0\u1ee3u<\/strong><\/span><\/p>\n<ul style=\"text-align: justify;\">\n<li><span style=\"color: #000000;\">\u0110\u1ed1i t\u01b0\u1ee3ng d\u01b0\u1edbi\u00a0 18 tu\u1ed5i<\/span><\/li>\n<li><span style=\"color: #000000;\">Ph\u1ee5 n\u1eef c\u00f3 thai v\u00e0 \u0111ang cho con b\u00fa<\/span><\/li>\n<li><span style=\"color: #000000;\">B\u1ec7nh nh\u00e2n \u0111ang ch\u1edd ph\u1eabu thu\u1eadt, ng\u01b0\u1eddi b\u1ecb r\u1ed1i lo\u1ea1n ch\u1ee9c n\u0103ng \u0111\u00f4ng m\u00e1u<\/span><\/li>\n<li><span style=\"color: #000000;\">\u0110\u1ed1i t\u01b0\u1ee3ng b\u1ecb c\u00e1c b\u1ec7nh t\u1ef1 mi\u1ec5n nh\u01b0 vi\u00eam kh\u1edbp d\u1ea1ng th\u1ea5p, lupus ban \u0111\u1ecf,\u2026<\/span><\/li>\n<li><span style=\"color: #000000;\">Ng\u01b0\u1eddi c\u00f3 v\u1ea5n \u0111\u1ec1 v\u1ec1 th\u1ea7n kinh<\/span><\/li>\n<li><span style=\"color: #000000;\">B\u1ec7nh nh\u00e2n c\u00f3 c\u00e1c b\u1ec7nh nh\u01b0 vi\u00eam gan m\u1ea1n t\u00ednh, suy th\u1eadn\u2026\u00a0<\/span><\/li>\n<\/ul>\n<h2 style=\"text-align: justify;\"><span style=\"color: #000000;\">C\u00e1ch ng\u00e2m \u0111\u00f4ng tr\u00f9ng h\u1ea1 th\u1ea3o v\u1edbi r\u01b0\u1ee3u \u0111\u01a1n gi\u1ea3n t\u1ea1i nh\u00e0- b\u1eadt m\u00ed cho b\u1ea1n<\/span><\/h2>\n<p style=\"text-align: justify;\"><span style=\"color: #000000;\">\u0110\u1ec3 c\u00f3 th\u1ec3 s\u1edf h\u1eefu \u0111\u01b0\u1ee3c nh\u1eefng v\u00f2 \u0111\u00f4ng tr\u00f9ng h\u1ea1 th\u1ea3o ng\u00e2m r\u01b0\u1ee3u t\u1ea1i nh\u00e0 b\u1ea1n c\u00f3 th\u1ec3 l\u00e0m theo c\u00e1ch sau:\u00a0<\/span><\/p>\n<p style=\"text-align: justify;\"><span style=\"color: #000000;\">Nguy\u00ean li\u1ec7u chu\u1ea9n b\u1ecb g\u1ed3m:\u00a0<\/span><\/p>\n<ul style=\"text-align: justify;\">\n<li><span style=\"color: #000000;\">\u0110\u00f4ng tr\u00f9ng h\u1ea1 th\u1ea3o kh\u00f4 10 gam ho\u1eb7c \u0111\u00f4ng tr\u00f9ng t\u01b0\u01a1i 100 gam<\/span><\/li>\n<li><span style=\"color: #000000;\">1 l\u00edt r\u01b0\u1ee3u tr\u1eafng tr\u00ean 40 \u0111\u1ed9<\/span><\/li>\n<li><span style=\"color: #000000;\">B\u00ecnh th\u1ee7y tinh c\u00f3 n\u1eafp \u0111\u1eady k\u00edn<\/span><\/li>\n<\/ul>\n<p style=\"text-align: justify;\"><span style=\"color: #000000;\">C\u00e1ch th\u1ef1c hi\u1ec7n:\u00a0<\/span><\/p>\n<ul style=\"text-align: justify;\">\n<li><span style=\"color: #000000;\">\u0110\u00f4ng tr\u00f9ng h\u1ea1 th\u1ea3o s\u01a1 ch\u1ebf v\u1edbi n\u01b0\u1edbc \u1ea5m 30 \u0111\u1ed9 \u0111\u1ec3 lo\u1ea1i b\u1ecf 1 s\u1ed1 b\u1ee5i b\u1ea9n r\u1ed3i v\u1edbt ra \u0111\u1ec3 r\u00e1o n\u01b0\u1edbc.<\/span><\/li>\n<li><span style=\"color: #000000;\">X\u1ebfp l\u1ea7n l\u01b0\u1ee3t \u0111\u00f4ng tr\u00f9ng h\u1ea1 th\u1ea3o t\u01b0\u01a1i v\u00e0o trong b\u00ecnh\u00a0<\/span><\/li>\n<li><span style=\"color: #000000;\">1 l\u00edt r\u01b0\u1ee3u l\u00ean tr\u00ean ng\u1eadp \u0111\u00f4ng tr\u00f9ng<\/span><\/li>\n<li><span style=\"color: #000000;\">\u0110\u1eady k\u00edn n\u1eafp b\u00ecnh th\u1ee7y tinh, b\u1ea3o qu\u1ea3n trong 1 th\u00e1ng sau c\u00f3 th\u1ec3 s\u1eed d\u1ee5ng.\u00a0<\/span><\/li>\n<\/ul>\n<h2 style=\"text-align: justify;\"><span style=\"color: #000000;\">\u0110\u1ecba ch\u1ec9 mua r\u01b0\u1ee3u ng\u00e2m \u0111\u00f4ng tr\u00f9ng h\u1ea1 th\u1ea3o<\/span><\/h2>\n<p style=\"text-align: justify;\"><span style=\"color: #000000;\">\u0110\u00f4ng tr\u00f9ng h\u1ea1 th\u1ea3o Gia B\u1ea3o, \u0111\u1ecba ch\u1ec9 uy t\u00edn v\u1edbi c\u00e1c s\u1ea3n ph\u1ea9m \u0111\u00f4ng tr\u00f9ng h\u1ea1\u00a0 th\u1ea3o ch\u1ea5t l\u01b0\u1ee3ng. T\u1ea1i \u0111\u00e2y c\u00f3 nhi\u1ec1u lo\u1ea1i c\u0169ng nh\u01b0 c\u00e1c ch\u1ebf ph\u1ea9m \u0111\u1ebfn t\u1eeb \u0111\u00f4ng tr\u00f9ng h\u1ea1 th\u1ea3o trong \u0111\u00f3 c\u00f3 \u0111\u00f4ng tr\u00f9ng h\u1ea1 th\u1ea3o ng\u00e2m r\u01b0\u1ee3u. \u0110\u00f4ng tr\u00f9ng h\u1ea1 th\u1ea3o ng\u00e2m r\u01b0\u1ee3u \u0111\u01b0\u1ee3c \u0111\u00f3ng chai ti\u1ec7n l\u1ee3i cho ng\u01b0\u1eddi s\u1eed d\u1ee5ng. Tr\u00ean m\u1ed7i chai r\u01b0\u1ee3u \u0111\u1ec1u c\u00f3 ghi \u0111\u1ea7y \u0111\u1ee7 th\u00f4ng tin v\u1ec1 n\u01a1i s\u1ea3n xu\u1ea5t, th\u00e0nh ph\u1ea7n, h\u01b0\u1edbng d\u1eabn, h\u1ec7 th\u1ed1ng c\u00e1c m\u00e3 gi\u00fap ng\u01b0\u1eddi ti\u00eau d\u00f9ng c\u00f3 th\u1ec3 ki\u1ec3m tra ch\u1ea5t l\u01b0\u1ee3ng.\u00a0<\/span><\/p>\n<p style=\"text-align: justify;\"><span style=\"color: #000000;\">Kh\u00f4ng ch\u1ec9 v\u1eady, t\u1ea1i \u0111\u00e2y c\u00f2n cung c\u1ea5p c\u00e1c nguy\u00ean li\u1ec7u \u0111\u1ec3 ph\u1ee5c v\u1ee5 cho qu\u00e1 tr\u00ecnh ng\u00e2m r\u01b0\u1ee3u \u0111\u00f4ng tr\u00f9ng h\u1ea1 th\u1ea3o n\u00ean b\u1ea1n c\u00f3 th\u1ec3 l\u00e0m t\u1ea1i nh\u00e0.<\/span><\/p>\n<p style=\"text-align: justify;\"><span style=\"color: #000000;\">\u0110\u00f4ng tr\u00f9ng h\u1ea1 th\u1ea3o Gia B\u1ea3o th\u01b0\u01a1ng hi\u1ec7u \u0111\u00f4ng tr\u00f9ng h\u1ea1 th\u1ea3o \u0111\u01b0\u1ee3c \u0111\u00e1nh gi\u00e1 cao cung c\u1ea5p cho qu\u00fd kh\u00e1ch h\u00e0ng nh\u1eefng m\u1eb7t h\u00e0ng t\u1ed1t nh\u1ea5t. S\u1ea3n ph\u1ea9m c\u00f3 m\u1ee9c gi\u00e1 h\u1ee3p l\u00fd c\u1ea1nh tranh cao tr\u00ean th\u1ecb tr\u01b0\u1eddng.\u00a0<\/span><\/p>\n<p style=\"text-align: justify;\">\n<p style=\"text-align: justify;\"><span style=\"color: #000000;\"><strong>\u0110\u00f4ng tr\u00f9ng h\u1ea1 th\u1ea3o ng\u00e2m r\u01b0\u1ee3u\u00a0<\/strong>m\u00f3n qu\u00e0 ph\u00f9 h\u1ee3p \u0111\u1ec3 t\u1eb7ng ng\u01b0\u1eddi th\u00e2n, b\u1ea1n b\u00e8, \u0111\u1ed3ng nghi\u1ec7p trong nh\u1eefng d\u1ecbp ph\u00f9 h\u1ee3p. H\u00e3y \u0111\u1ebfn v\u1edbi \u0110\u00f4ng tr\u00f9ng h\u1ea1 th\u1ea3o Gia B\u1ea3o \u0111\u1ec3 l\u1ef1a ch\u1ecdn \u0111\u01b0\u1ee3c nh\u1eefng s\u1ea3n ph\u1ea9m \u0111\u00f4ng tr\u00f9ng ch\u1ea5t l\u01b0\u1ee3ng, gi\u00e1 c\u1ea3 h\u1ee3p l\u00fd nh\u1ea5t.\u00a0<\/span><\/p>\n<hr \/>\n<p><span style=\"color: #000000;\"><strong>C\u00d4NG TY C\u1ed4 PH\u1ea6N CHU\u1ea8N PH\u00c1T MAI B\u00ccNH\u00a0<\/strong><\/span><\/p>\n<p><span style=\"color: #000000;\"><strong>\u0110\u1ecba ch\u1ec9:<\/strong>\u00a0S\u1ed1 27 \u0110\u01b0\u1eddng s\u1ed1 7, KDC Hi\u1ec7p Th\u00e0nh 1, Khu 05, Ph\u01b0\u1eddng Hi\u1ec7p Th\u00e0nh, Th\u00e0nh ph\u1ed1 Th\u1ee7 D\u1ea7u M\u1ed9t, T\u1ec9nh B\u00ecnh D\u01b0\u01a1ng, Vi\u1ec7t Nam<\/span><\/p>\n<p><span style=\"color: #000000;\"><strong>S\u1ed1 \u0111i\u1ec7n tho\u1ea1i:<\/strong>\u00a00933 468 999 &#8211; 0825 468 999 &#8211; 0926 468 999 &#8211; 0397 468 999<\/span><\/p>\n<p><span style=\"color: #000000;\"><strong>Email:<\/strong>\u00a0tranhoanganh.qb@gmail.com<\/span><\/p>\n","protected":false},"excerpt":{"rendered":"<p style=\"text-align: justify;\"><span style=\"color: #000000;\">\u2013 Th\u00e0nh ph\u1ea7n: R\u01b0\u1ee3u g\u1ea1o + \u0110\u00f4ng Tr\u00f9ng H\u1ea1 Th\u1ea3o<\/span><\/p>\n<p style=\"text-align: justify;\"><span style=\"color: #000000;\">\u2013 Qui c\u00e1ch: Chai 750ml<\/span><\/p>\n<p style=\"text-align: justify;\"><span style=\"color: #000000;\">\u2013 H\u01b0\u1edbng d\u1eabn s\u1eed d\u1ee5ng:<\/span><\/p>\n<p style=\"text-align: justify;\"><span style=\"color: #000000;\">\u2013 U\u1ed1ng tr\u1ef1c ti\u1ebfp, kh\u00f4ng c\u1ea7n pha ch\u1ebf. Ng\u00e0y c\u00f3 th\u1ec3 d\u00f9ng 2-3 l\u1ea7n, m\u1ed7i l\u1ea7n 30ml, d\u00f9ng tr\u01b0\u1edbc ho\u1eb7c sau\u00a0b\u1eefa \u0103n 30\u2032.<\/span><\/p>\n<p style=\"text-align: justify;\"><span style=\"color: #000000;\">\u2013 \u0110\u1ed1i t\u01b0\u1ee3ng s\u1eed d\u1ee5ng: Ph\u00f9 h\u1ee3p cho t\u1ea5t c\u1ea3 \u0111\u1ed1i t\u01b0\u1ee3ng t\u1eeb 18 tu\u1ed5i tr\u1edf l\u00ean<\/span><\/p>\n<p style=\"text-align: justify;\"><span style=\"color: #000000;\">\u2013 H\u01b0\u1edbng d\u1eabn b\u1ea3o qu\u1ea3n:<\/span><\/p>\n<p style=\"text-align: justify;\"><span style=\"color: #000000;\">\u2013 B\u1ea3o qu\u1ea3n : n\u01a1i kh\u00f4 r\u00e1o, tho\u00e1ng m\u00e1t, tr\u00e1nh \u00e1nh n\u1eafng tr\u1ef1c ti\u1ebfp.<\/span><\/p>\n","protected":false},"featured_media":1194,"comment_status":"open","ping_status":"closed","template":"","meta":[],"_links":{"self":[{"href":"https:\/\/webmaibinh.com\/w\/dongymaibinh\/wp-json\/wp\/v2\/product\/1193"}],"collection":[{"href":"https:\/\/webmaibinh.com\/w\/dongymaibinh\/wp-json\/wp\/v2\/product"}],"about":[{"href":"https:\/\/webmaibinh.com\/w\/dongymaibinh\/wp-json\/wp\/v2\/types\/product"}],"replies":[{"embeddable":true,"href":"https:\/\/webmaibinh.com\/w\/dongymaibinh\/wp-json\/wp\/v2\/comments?post=1193"}],"wp:featuredmedia":[{"embeddable":true,"href":"https:\/\/webmaibinh.com\/w\/dongymaibinh\/wp-json\/wp\/v2\/media\/1194"}],"wp:attachment":[{"href":"https:\/\/webmaibinh.com\/w\/dongymaibinh\/wp-json\/wp\/v2\/media?parent=1193"}],"curies":[{"name":"wp","href":"https:\/\/api.w.org\/{rel}","templated":true}]}}