{"id":1189,"date":"2022-10-31T16:38:09","date_gmt":"2022-10-31T09:38:09","guid":{"rendered":"https:\/\/webmaibinh.com\/w\/dongymaibinh\/?post_type=product&#038;p=1189"},"modified":"2022-10-31T16:48:16","modified_gmt":"2022-10-31T09:48:16","slug":"dong-trung-ha-thao-say-thang-hoa-10g","status":"publish","type":"product","link":"https:\/\/webmaibinh.com\/w\/dongymaibinh\/s\u1ea3n ph\u1ea9m\/dong-trung-ha-thao-say-thang-hoa-10g\/","title":{"rendered":"\u0110\u00f4ng Tr\u00f9ng H\u1ea1 Th\u1ea3o s\u1ea5y th\u0103ng hoa -10g"},"content":{"rendered":"<p style=\"text-align: justify;\"><span style=\"color: #000000;\">\u0110\u00f4ng tr\u00f9ng h\u1ea1 th\u1ea3o Gia B\u1ea3o s\u1ea5y th\u0103ng hoa l\u00e0 s\u1ea3n ph\u1ea9m \u0111\u01b0\u1ee3c Gia B\u1ea3o nu\u00f4i tr\u1ed3ng theo h\u01b0\u1edbng d\u01b0\u1ee3c li\u1ec7u, v\u1edbi m\u1ee5c \u0111\u00edch t\u0103ng h\u00e0m l\u01b0\u1ee3ng d\u01b0\u1ee3c ch\u1ea5t v\u00e0 dinh d\u01b0\u1ee1ng \u0111a d\u1ea1ng, cao, c\u00e2n b\u1eb1ng. \u0110i\u1ec1u n\u00e0y mang \u0111\u1ebfn l\u1ee3i \u00edch cho ng\u01b0\u1eddi ti\u00eau d\u00f9ng l\u00e0 t\u00ednh an to\u00e0n v\u00e0 hi\u1ec7u qu\u1ea3 \u0111\u1ed1i v\u1edbi s\u1ee9c kh\u1ecfe. Ngo\u00e0i ra s\u1ea3n ph\u1ea9m c\u00f2n \u0111\u01b0\u1ee3c s\u1ea3n xu\u1ea5t trong qui tr\u00ecnh c\u00f4ng ngh\u1ec7 \u0111\u1ea3m b\u1ea3o t\u00ednh \u1ed5n \u0111\u1ecbnh c\u1ee7a ch\u1ea5t l\u01b0\u1ee3ng.<\/span><\/p>\n<p style=\"text-align: justify;\"><span style=\"color: #000000;\"><strong>Th\u00e0nh Ph\u1ea7n \u0110\u00f4ng Tr\u00f9ng H\u1ea1 Th\u1ea3o s\u1ea5y th\u0103ng hoa<\/strong><\/span><\/p>\n<p style=\"text-align: justify;\"><span style=\"color: #000000;\">100% S\u1ee3i n\u1ea5m \u0110\u00f4ng tr\u00f9ng h\u1ea1 th\u1ea3o s\u1ea5y th\u0103ng hoa. Kh\u00f4ng ch\u1ee9a t\u1ea1p ch\u1ea5t, kh\u00f4ng ch\u1ee9a ch\u1ea5t b\u1ea3o qu\u1ea3n, kh\u00f4ng ch\u1ee9a b\u1ea5t k\u1ef3 th\u00e0nh ph\u1ea7n l\u1ea1 n\u00e0o kh\u00e1c.<\/span><\/p>\n<p style=\"text-align: justify;\"><span style=\"color: #000000;\"><strong>C\u00f4ng d\u1ee5ng:<\/strong><\/span><\/p>\n<p style=\"text-align: justify;\"><span style=\"color: #000000;\"><strong>-T\u0103ng ham mu\u1ed1n cho nam v\u00e0 n\u1eef:\u00a0<\/strong>Cordycepin c\u00f3 t\u00e1c d\u1ee5ng k\u00edch th\u00edch c\u01a1 th\u1ec3 t\u0103ng s\u1ea3n sinh testosterone (\u1edf nam) v\u00e0 estrogen (\u1edf n\u1eef); Gi\u00fap gi\u1ea3m stress, \u0111i\u1ec1u ho\u00e0 t\u00ednh hi\u1ec7u th\u1ea7n kinh, h\u1ed7 tr\u1ee3 gia t\u0103ng ham mu\u1ed1n.<\/span><\/p>\n<p style=\"text-align: justify;\"><span style=\"color: #000000;\"><strong>-H\u1ed7 tr\u1ee3 \u0111i\u1ec1u tr\u1ecb ung th\u01b0:<\/strong>\u00a0Cordycepin c\u00f3 t\u00e1c d\u1ee5ng t\u0103ng c\u01b0\u1eddng h\u1ec7 mi\u1ec5n d\u1ecbch, ng\u0103n ch\u1eb7n s\u1ef1 t\u0103ng sinh c\u1ee7a t\u1ebf b\u00e0o ung th\u01b0, gi\u1ea3m k\u00edch th\u01b0\u1edbc kh\u1ed1i u.<\/span><\/p>\n<p style=\"text-align: justify;\"><span style=\"color: #000000;\">\u2013\u00a0<strong>Hi\u1ec7u qu\u1ea3 tr\u1ebb \u0111\u1eb9p:<\/strong>\u00a0\u00a0\u0110\u00f4ng tr\u00f9ng h\u1ea1 th\u1ea3o Hector ch\u1ee9a h\u00e0m l\u01b0\u1ee3ng ch\u1ea5t ch\u1ed1ng \u00f4xi ho\u00e1 cao. D\u00f9ng th\u01b0\u1eddng xuy\u00ean s\u1ebd gi\u00fap ch\u1ed1ng l\u1ea1i t\u00e1c \u0111\u1ed9ng c\u1ee7a l\u00e3o ho\u00e1 s\u1edbm, t\u0103ng \u0111\u00e0n h\u1ed3i c\u1ee7a da. Ngo\u00e0i ra, th\u01b0\u1eddng xuy\u00ean s\u1eed d\u1ee5ng \u0111\u00f4ng tr\u00f9ng h\u1ea1 th\u1ea3o gi\u00fap c\u01a1 th\u1ec3 s\u0103n ch\u1eafc, gi\u1ea3m c\u00e2n an to\u00e0n.<\/span><\/p>\n<p style=\"text-align: justify;\"><span style=\"color: #000000;\">\u2013\u00a0<strong>B\u1ed3i b\u1ed5 s\u1ee9c kh\u1ecfe\/ t\u0103ng \u0111\u1ec1 kh\u00e1ng:<\/strong>\u00a0V\u1edbi 17 acid amin kh\u00e1c nhau, k\u00e8m theo lipid, nh\u00f3m vitamin A, B, C, E, K, c\u00e1c kho\u00e1ng ch\u1ea5t vi l\u01b0\u1ee3ng nh\u01b0 Na, K, Al, Se\u2026 \u0110\u00f4ng tr\u00f9ng h\u1ea1 th\u1ea3o Hector gi\u00fap cung c\u1ea5p d\u01b0\u1ee1ng ch\u1ea5t cho c\u01a1 th\u1ec3, \u0111\u1eb7c bi\u1ec7t l\u00e0 ng\u01b0\u1eddi \u0111ang suy nh\u01b0\u1ee3c, \u0111i\u1ec1u tr\u1ecb b\u1ec7nh k\u00e9o d\u00e0i.<\/span><\/p>\n<p style=\"text-align: justify;\"><span style=\"color: #000000;\">\u2013\u00a0<strong>C\u1ea3i thi\u1ec7n l\u01b0u th\u00f4ng m\u00e1u, tu\u1ea7n ho\u00e0n tim m\u1ea1ch:\u00a0<\/strong>Adenosine gi\u00fap t\u0103ng l\u01b0\u1ee3ng oxi trong m\u00e1u, c\u1ea3i thi\u1ec7n nh\u1ecbp tim. B\u00ean c\u1ea1nh \u0111\u00f3, c\u00e1c th\u00e0nh ph\u1ea7n kh\u00e1c c\u0169ng g\u00f3p ph\u1ea7n gi\u1ea3m cholesterol, tr\u00e1nh t\u00ecnh tr\u1ea1ng x\u01a1 v\u1eefa \u0111\u1ed9ng m\u1ea1ch.<\/span><\/p>\n<p style=\"text-align: justify;\"><span style=\"color: #000000;\">\u2013\u00a0<strong>Ph\u00f2ng ng\u1eeba v\u00e0 tr\u1ecb b\u1ec7nh t\u1eeb vi khu\u1ea9n\/ virus:\u00a0<\/strong>S\u1ea3n ph\u1ea9m ch\u1ee9a nh\u00f3m ho\u1ea1t ch\u1ea5t HEAA (Hydroxyethyl Adenosine Analogs) c\u00f3 t\u00e1c d\u1ee5ng kh\u00e1ng khu\u1ea9n, kh\u00e1ng virus c\u1ef1c m\u1ea1nh gi\u00fap t\u0103ng c\u01b0\u1eddng h\u1ec7 mi\u1ec5n d\u1ecbch v\u00e0 c\u1ea3i thi\u1ec7n s\u1ee9c kh\u1ecfe, \u0111\u1eb7c bi\u1ec7t l\u00e0 \u1ee9ng d\u1ee5ng v\u00e0o \u0111i\u1ec1u tr\u1ecb HIV\/AIDS.<\/span><\/p>\n<p style=\"text-align: justify;\"><span style=\"color: #000000;\"><strong>\u0110\u1ed1i t\u01b0\u1ee3ng n\u00ean d\u00f9ng \u0110\u00f4ng Tr\u00f9ng H\u1ea1 Th\u1ea3o s\u1ea5y th\u0103ng hoa<\/strong><\/span><\/p>\n<ol style=\"text-align: justify;\">\n<li><span style=\"color: #000000;\">T\u1ea5t c\u1ea3 ng\u01b0\u1eddi tr\u01b0\u1edfng th\u00e0nh tr\u1edf l\u00ean \u0111\u1ec1u c\u00f3 th\u1ec3 d\u00f9ng, tr\u1eeb ph\u1ee5 n\u1eef mang thai, ng\u01b0\u1eddi d\u1ecb \u1ee9ng v\u1edbi \u0111\u00f4ng tr\u00f9ng h\u1ea1 th\u1ea3o, ng\u01b0\u1eddi suy gan suy th\u1eadn.<\/span><\/li>\n<li><span style=\"color: #000000;\">Ph\u00f9 h\u1ee3p d\u00f9ng cho ng\u01b0\u1eddi cao tu\u1ed5i v\u00ec ti\u1ec7n t\u0103ng d\u1ea7n l\u01b0\u1ee3ng d\u00f9ng t\u1eeb 1 s\u1ee3i l\u00ean 2 s\u1ee3i, 3 s\u1ee3i \u0111\u1ec3 \u0111\u1ea3m b\u1ea3o an to\u00e0n cho nh\u1eefng l\u1ea7n d\u00f9ng \u0111\u1ea7u ti\u00ean.<\/span><\/li>\n<li><span style=\"color: #000000;\">Ph\u00f9 h\u1ee3p cho m\u1ecdi nhu c\u1ea7u d\u00f9ng \u0111\u1ec3 ch\u1ebf bi\u1ebfn, s\u00e1ng t\u1ea1o m\u00f3n \u0103n, th\u1ee9c u\u1ed1ng.<\/span><\/li>\n<li><span style=\"color: #000000;\">Ph\u00f9 h\u1ee3p mua d\u00f9ng ng\u00e2m r\u01b0\u1ee3u, ng\u00e2m m\u1eadt ong (05 gram\/l\u00edt).<\/span><\/li>\n<\/ol>\n<p style=\"text-align: justify;\"><span style=\"color: #000000;\"><strong><em>Qui c\u00e1ch \u0111\u00f3ng g\u00f3i<\/em><\/strong><\/span><\/p>\n<p style=\"text-align: justify;\"><span style=\"color: #000000;\">S\u1ea3n ph\u1ea9m \u0111\u00f3ng g\u00f3i trong l\u1ecd th\u1ee7y tinh chuy\u00ean d\u1ee5ng d\u00e0nh cho d\u01b0\u1ee3c li\u1ec7u, m\u1ed7i l\u1ecd ch\u1ee9a 10 grams.<\/span><\/p>\n<p style=\"text-align: justify;\"><span style=\"color: #000000;\"><strong><em>H\u01b0\u1edbng d\u1eabn s\u1eed d\u1ee5ng<\/em><\/strong><\/span><\/p>\n<p style=\"text-align: justify;\"><span style=\"color: #000000;\"><strong>\u2013\u00a0H\u00e3m tr\u00e0:<\/strong>\u00a0d\u00f9ng 2 \u2013 3 c\u1ecdng n\u1ea5m, b\u1ecf v\u00e0o ly n\u01b0\u1edbc s\u00f4i 150 \u2013 200 ml, \u0111\u1ee3i 2-3\u2032 cho c\u00e1c ho\u1ea1t ch\u1ea5t trong n\u1ea5m \u0111\u01b0\u1ee3c chi\u1ebft xu\u1ea5t ra n\u01b0\u1edbc tr\u00e0, d\u00f9ng c\u1ea3 n\u01b0\u1edbc l\u1eabn n\u1ea5m. M\u1ed7i ng\u00e0y c\u00f3 th\u1ec3 s\u1eed d\u1ee5ng 1 \u2013 2 l\u1ea7n tu\u1ef3 nhu c\u1ea7u.<\/span><\/p>\n<p style=\"text-align: justify;\"><span style=\"color: #000000;\"><strong>\u2013\u00a0N\u1ea5u ch\u00e1o\/ s\u00fap<\/strong>: s\u1eed d\u1ee5ng nh\u01b0 m\u1ed9t th\u00e0nh ph\u1ea7n nguy\u00ean li\u1ec7u \u0111\u1ec3 n\u1ea5u ch\u00e1o hay soup dinh d\u01b0\u1ee1ng, s\u1eed d\u1ee5ng 2 \u2013 3 c\u1ecdng n\u1ea5m\/ch\u00e9n. D\u00f9ng 1 \u2013 2 ch\u00e9n\/ng\u00e0y.<\/span><\/p>\n<p style=\"text-align: justify;\"><span style=\"color: #000000;\"><strong>\u2013<\/strong>D\u00f9ng cho m\u1ecdi ng\u01b0\u1eddi:\u00a0nam n\u1eef, ng\u01b0\u1eddi l\u1edbn tu\u1ed5i, ng\u01b0\u1eddi b\u1ec7nh c\u1ea7n h\u1ed7 tr\u1ee3 ho\u1eb7c ng\u01b0\u1eddi l\u00e0nh c\u1ea7n b\u1ed5 sung.<\/span><\/p>\n<p style=\"text-align: justify;\"><span style=\"color: #000000;\"><strong><em><u>B\u1ea3o qu\u1ea3n<\/u><\/em><\/strong><\/span><\/p>\n<p style=\"text-align: justify;\"><span style=\"color: #000000;\">B\u1ea3o qu\u1ea3n n\u01a1i kh\u00f4 r\u00e1o, tho\u00e1ng m\u00e1t, tr\u00e1nh \u00e1nh n\u1eafng m\u1eb7t tr\u1eddi. Khi \u0111\u00e3 m\u1edf l\u1ecd ra s\u1eed d\u1ee5ng, n\u00ean \u0111\u1ea3m b\u1ea3o \u0111\u1eady k\u00edn sau m\u1ed7i l\u1ea7n m\u1edf v\u00e0 gi\u1eef l\u1ecd tr\u00e1nh n\u01a1i \u1ea9m m\u1ed1c.<\/span><\/p>\n<p style=\"text-align: justify;\"><span style=\"color: #000000;\">\u0110\u00f4ng tr\u00f9ng h\u1ea1 th\u1ea3o l\u00e0 m\u1ed9t d\u01b0\u1ee3c li\u1ec7u c\u00f3 nhi\u1ec1u lo\u1ea1i acid amin kh\u00e1c nhau. \u0110\u00f4ng tr\u00f9ng h\u1ea1 th\u1ea3o t\u01b0\u01a1i ch\u1ec9 s\u1eed d\u1ee5ng trong kho\u1ea3ng \u0111\u01b0\u1ee3c 14 ng\u00e0y. Do \u0111\u00f3 \u0111\u1ec3 k\u00e9o d\u00e0i th\u1eddi gian s\u1eed d\u1ee5ng, \u0111\u00f4ng tr\u00f9ng h\u1ea1 th\u1ea3o \u0111\u01b0\u1ee3c s\u1ea5y th\u0103ng hoa. Ph\u01b0\u01a1ng ph\u00e1p s\u1ea5y n\u00e0y v\u1eeba gi\u00fap \u0111\u00f4ng tr\u00f9ng h\u1ea1 th\u1ea3o s\u1eed d\u1ee5ng l\u00e2u d\u00e0i h\u01a1n v\u1eeba kh\u00f4ng l\u00e0m m\u1ea5t nhi\u1ec1u h\u00e0m l\u01b0\u1ee3ng dinh d\u01b0\u1ee1ng.\u00a0<strong>\u0110\u00f4ng tr\u00f9ng h\u1ea1 th\u1ea3o s\u1ea5y th\u0103ng hoa<\/strong>\u00a0Gia B\u1ea3o uy t\u00edn ch\u1ea5t l\u01b0\u1ee3ng, t\u1ed1t cho ng\u01b0\u1eddi ti\u00eau d\u00f9ng.<\/span><\/p>\n<p style=\"text-align: justify;\"><span style=\"color: #000000;\"><strong>Th\u00e0nh ph\u1ea7n trong \u0111\u00f4ng tr\u00f9ng h\u1ea1 th\u1ea3o s\u1ea5y th\u0103ng hoa<\/strong><\/span><\/p>\n<p style=\"text-align: justify;\"><span style=\"color: #000000;\">100% s\u1ee3i n\u1ea5m \u0111\u00f4ng tr\u00f9ng h\u1ea1 th\u1ea3o \u0111\u01b0\u1ee3c\u00a0 s\u1ea5y th\u0103ng hoa b\u1eb1ng d\u00e2y truy\u1ec1n hi\u1ec7n \u0111\u1ea1i. S\u1ea3n ph\u1ea9m kh\u00f4ng ch\u1ee9a t\u1ea1p ch\u1ea5t, kh\u00f4ng ch\u1ee9a ch\u1ea5t b\u1ea3o qu\u1ea3n, v\u00e0 kh\u00f4ng ch\u1ee9a b\u1ea5t k\u1ef3 th\u00e0nh ph\u1ea7n n\u00e0o kh\u00e1c.<\/span><\/p>\n<p style=\"text-align: justify;\"><span style=\"color: #000000;\"><strong>T\u00e1c d\u1ee5ng c\u1ee7a \u0111\u00f4ng tr\u00f9ng h\u1ea1 th\u1ea3o s\u1ea5y th\u0103ng hoa<\/strong><\/span><\/p>\n<ul style=\"text-align: justify;\">\n<li><span style=\"color: #000000;\">Gi\u00fap b\u1ed3i b\u1ed5 s\u1ee9c kh\u1ecfe, l\u00e0m t\u0103ng \u0111\u1ec1 kh\u00e1ng: trong \u0111\u00f4ng tr\u00f9ng h\u1ea1 th\u1ea3o ch\u1ee9a 17 acid amin kh\u00e1c nhau, h\u00e0m l\u01b0\u1ee3ng lipid, c\u00e1c lo\u1ea1i vitamin kh\u00e1c nhau nh\u01b0 nh\u00f3m vitamin A, B, C, E, K. Kh\u00f4ng ch\u1ec9 v\u1eady n\u00f3 c\u00f2n ch\u1ee9a c\u00e1c kho\u00e1ng ch\u1ea5t vi l\u01b0\u1ee3ng nh\u01b0 Na, K, Al, Se\u2026<\/span><\/li>\n<\/ul>\n<p style=\"text-align: justify;\"><span style=\"color: #000000;\">Do \u0111\u00f3 \u0111\u00f4ng tr\u00f9ng gi\u00fap cung c\u1ea5p d\u01b0\u1ee1ng ch\u1ea5t cho c\u01a1 th\u1ec3.<\/span><\/p>\n<ul style=\"text-align: justify;\">\n<li><span style=\"color: #000000;\">C\u1ea3i thi\u1ec7n tu\u1ea7n ho\u00e0n m\u00e1u, h\u1ec7 tim m\u1ea1ch ho\u1ea1t \u0111\u1ed9ng t\u1ed1t: Ho\u1ea1t ch\u1ea5t Adenosine trong \u0111\u00f4ng tr\u00f9ng gi\u00fap t\u0103ng l\u01b0\u1ee3ng oxy trong m\u00e1u, gi\u00fap nh\u1ecbp tim \u1ed5n \u0111\u1ecbnh. \u0110i\u1ec1u h\u00f2a l\u00e0m gi\u1ea3m l\u01b0\u1ee3ng cholesterol trong m\u00e1u h\u1ea1n ch\u1ebf t\u00ecnh tr\u1ea1ng x\u01a1 v\u1eefa \u0111\u1ed9ng m\u1ea1ch.<\/span><\/li>\n<li><span style=\"color: #000000;\">Ph\u00f2ng ng\u1eeba v\u00e0 h\u1ed7 tr\u1ee3 \u0111i\u1ec1u tr\u1ecb\u00a0 b\u1ec7nh b\u1edfi vi\u00a0 khu\u1ea9n\/ virus: Nh\u00f3m ho\u1ea1t ch\u1ea5t HEAA c\u00f3 t\u00e1c d\u1ee5ng kh\u00e1ng khu\u1ea9n, kh\u00e1ng virus. T\u1eeb \u0111\u00f3 l\u00e0m t\u0103ng c\u01b0\u1eddng h\u1ec7 mi\u1ec5n d\u1ecbch, c\u1ea3i thi\u1ec7n s\u1ee9c kh\u1ecfe.<\/span><\/li>\n<li><span style=\"color: #000000;\">C\u1ea3i thi\u1ec7n sinh l\u00fd cho c\u1ea3 nam v\u00e0 n\u1eef: ho\u1ea1t ch\u1ea5t Cordycepin t\u00e1c d\u1ee5ng k\u00edch th\u00edch t\u0103ng s\u1ea3n sinh hormone testosterone (\u1edf nam) v\u00e0 hormone estrogen (\u1edf n\u1eef), h\u1ed7 tr\u1ee3 gia t\u0103ng ham mu\u1ed1n.<\/span><\/li>\n<li><span style=\"color: #000000;\">T\u0103ng c\u01b0\u1eddng h\u1ec7 mi\u1ec5n d\u1ecbch, ng\u0103n ch\u1eb7n t\u1ebf b\u00e0o ung th\u01b0 ph\u00e1t tri\u1ec3n, gi\u1ea3m k\u00edch th\u01b0\u1edbc kh\u1ed1i u.<\/span><\/li>\n<li><span style=\"color: #000000;\">L\u00e0m \u0111\u1eb9p da, ch\u1ed1ng l\u00e3o h\u00f3a da:\u00a0 \u0110\u00f4ng tr\u00f9ng h\u1ea1 th\u1ea3o c\u00f3 h\u00e0m l\u01b0\u1ee3ng ch\u1ea5t ch\u1ed1ng oxy ho\u00e1. D\u00f9ng \u0111\u00f4ng tr\u00f9ng h\u1ea1 th\u1ea3o gi\u00fap ch\u1ed1ng l\u00e3o ho\u00e1 s\u1edbm, da \u0111\u01b0\u1ee3c t\u0103ng \u0111\u1ed9 \u0111\u00e0n h\u1ed3i. Ngo\u00e0i ra \u0111\u00f4ng tr\u00f9ng c\u00f2n gi\u00fap c\u01a1 th\u1ec3 s\u0103n ch\u1eafc, h\u1ed7 tr\u1ee3 gi\u1ea3m c\u00e2n an to\u00e0n.<\/span><\/li>\n<\/ul>\n<p style=\"text-align: justify;\"><span style=\"color: #000000;\"><strong>\u0110\u1ed1i t\u01b0\u1ee3ng s\u1eed d\u1ee5ng \u0111\u00f4ng tr\u00f9ng h\u1ea1 th\u1ea3o s\u1ea5y th\u0103ng hoa<\/strong><\/span><\/p>\n<ul style=\"text-align: justify;\">\n<li><span style=\"color: #000000;\">Ng\u01b0\u1eddi cao tu\u1ed5i c\u1ea7n t\u0103ng s\u1ee9c \u0111\u1ec1 kh\u00e1ng n\u00e2ng cao s\u1ee9c kh\u1ecfe<\/span><\/li>\n<li><span style=\"color: #000000;\">Ng\u01b0\u1eddi m\u1edbi \u1ed1m d\u1eady, ng\u01b0\u1eddi lao \u0111\u1ed9ng n\u1eb7ng m\u1ec7t m\u1ecfi<\/span><\/li>\n<li><span style=\"color: #000000;\">Nh\u00e2n vi\u00ean v\u0103n ph\u00f2ng ng\u1ed3i nhi\u1ec1u m\u00e1y t\u00ednh, c\u0103ng th\u1eb3ng, \u00e1p l\u1ef1c c\u00f4ng vi\u1ec7c.<\/span><\/li>\n<li><span style=\"color: #000000;\">Ng\u01b0\u1eddi tr\u01b0\u1edfng th\u00e0nh mu\u1ed1n cung c\u1ea5p d\u01b0\u1ee1ng ch\u1ea5t, t\u0103ng c\u01b0\u1eddng s\u1ee9c kh\u1ecfe.<\/span><\/li>\n<li><span style=\"color: #000000;\">N\u1eef gi\u1edbi mu\u1ed1n l\u00e0m \u0111\u1eb9p da<\/span><\/li>\n<li><span style=\"color: #000000;\">Nam n\u1eef mu\u1ed1n c\u1ea3i thi\u1ec7n v\u1ea5n \u0111\u1ec1 sinh l\u00fd, h\u1ed7 tr\u1ee3 \u0111i\u1ec1u tr\u1ecb v\u00f4 sinh, y\u1ebfu sinh l\u00fd.<\/span><\/li>\n<\/ul>\n<p style=\"text-align: justify;\"><span style=\"color: #000000;\"><strong>C\u00e1ch s\u1eed d\u1ee5ng \u0111\u00f4ng tr\u00f9ng h\u1ea1 th\u1ea3o s\u1ea5y th\u0103ng hoa<\/strong><\/span><\/p>\n<ul style=\"text-align: justify;\">\n<li><span style=\"color: #000000;\">H\u00e3m tr\u00e0 u\u1ed1ng: c\u00e1ch d\u00f9ng n\u00e0y \u0111\u01a1n gi\u1ea3n v\u00e0 \u0111\u01b0\u1ee3c nhi\u1ec1u ng\u01b0\u1eddi ti\u00eau d\u00f9ng l\u1ef1a ch\u1ecdn.\u00a0 D\u00f9ng 2 \u2013 3 c\u1ecdng n\u1ea5m \u0111\u00f4ng tr\u00f9ng ng\u00e2m qua n\u01b0\u1edbc \u1ea5m sau \u0111\u00f3 b\u1ecf v\u00e0o \u1ea5m n\u01b0\u1edbc s\u00f4i. H\u00e3m tr\u00e0 trong 3-5 ph\u00fat r\u1ed3i th\u01b0\u1edfng th\u1ee9c. U\u1ed1ng c\u1ea3 n\u01b0\u1edbc l\u1eabn n\u1ea5m.<\/span><\/li>\n<\/ul>\n<p style=\"text-align: justify;\"><span style=\"color: #000000;\">M\u1ed7i ng\u00e0y d\u00f9ng\u00a0 1 \u2013 2 l\u1ea7n, t\u1ed1t nh\u1ea5t u\u1ed1ng v\u00e0o bu\u1ed5i s\u00e1ng s\u1edbm \u0111\u1ec3 kh\u1ea3 n\u0103ng h\u1ea5p thu t\u1ed1t nh\u1ea5t.<\/span><\/p>\n<ul style=\"text-align: justify;\">\n<li><span style=\"color: #000000;\">N\u1ea5u ch\u00e1o ho\u1eb7c s\u00fap: \u0111\u00f4ng tr\u00f9ng h\u1ea1 th\u1ea3o s\u1ea5y th\u0103ng hoa l\u00e0 nguy\u00ean li\u1ec7u \u0111\u1ec3 n\u1ea5u ch\u00e1o, s\u00fap dinh d\u01b0\u1ee1ng. Ninh nh\u1eeb ch\u00e1o sau \u0111\u00f3 cho 3-5 c\u1ecdng n\u1ea5m \u0111\u00f4ng tr\u00f9ng \u0111\u1ec3 b\u1ed3i b\u1ed5 c\u01a1 th\u1ec3, ph\u00f9 h\u1ee3p cho ng\u01b0\u1eddi m\u1edbi \u1ed1m d\u1eady.<\/span><\/li>\n<li><span style=\"color: #000000;\">D\u00f9ng tr\u1ef1c ti\u1ebfp: ng\u00e2m 2-3 c\u1ecdng n\u1ea5m \u0111\u00f4ng tr\u00f9ng s\u1ea5y trong n\u01b0\u1edbc \u1ea5m 30 \u0111\u1ed9 \u0111\u1ec3 s\u01a1 ch\u1ebf. Sau \u0111\u00f3 ng\u00e2m trong n\u01b0\u1edbc 60 \u0111\u1ed9 trong 5 ph\u00fat cho s\u1ee3i n\u1ea5m m\u1ec1m ra r\u1ed3i\u00a0 nhai tr\u1ef1c ti\u1ebfp. Ng\u00e0y d\u00f9ng 1 l\u1ea7n.<\/span><\/li>\n<li><span style=\"color: #000000;\">Ng\u00e2m r\u01b0\u1ee3u \u0111\u00f4ng tr\u00f9ng: 10gam ng\u00e2m v\u1edbi 1 l\u00edt r\u01b0\u1ee3u g\u1ea1o tr\u1eafng.<\/span><\/li>\n<li><span style=\"color: #000000;\">Ng\u00e2m m\u1eadt ong<\/span><\/li>\n<li><span style=\"color: #000000;\">Ngo\u00e0i ra c\u00f3 th\u1ec3 d\u00f9ng \u0111\u1ec3 x\u00e0o th\u1ecbt, ch\u01b0ng v\u1edbi y\u1ebfn\u2026<\/span><\/li>\n<\/ul>\n<p style=\"text-align: justify;\"><span style=\"color: #000000;\"><strong>Quy c\u00e1ch \u0111\u00f3ng g\u00f3i \u0111\u00f4ng tr\u00f9ng h\u1ea1 th\u1ea3o s\u1ea5y th\u0103ng hoa<\/strong><\/span><\/p>\n<p style=\"text-align: justify;\"><span style=\"color: #000000;\">\u0110\u00f4ng tr\u00f9ng h\u1ea1 th\u1ea3o s\u1ea5y th\u0103ng hoa \u0111\u01b0\u1ee3c \u0111\u1ef1ng trong l\u1ecd th\u1ee7y tinh. M\u1ed7i l\u1ecd ch\u1ee9a 10 gam ti\u1ec7n cho qu\u00e1 tr\u00ecnh s\u1eed d\u1ee5ng c\u0169ng nh\u01b0 b\u1ea3o qu\u1ea3n.<\/span><\/p>\n<p style=\"text-align: justify;\"><span style=\"color: #000000;\"><strong>B\u1ea3o qu\u1ea3n \u0111\u00f4ng tr\u00f9ng h\u1ea1 th\u1ea3o s\u1ea5y\u00a0<\/strong><\/span><\/p>\n<p style=\"text-align: justify;\"><span style=\"color: #000000;\">B\u1ea3o qu\u1ea3n \u0111\u00f4ng tr\u00f9ng h\u1ea1 th\u1ea3o s\u1ea5y th\u0103ng hoa \u1edf n\u01a1i kh\u00f4 r\u00e1o, tho\u00e1ng m\u00e1t. C\u1ea7n tr\u00e1nh \u00e1nh n\u1eafng m\u1eb7t tr\u1eddi tr\u1ef1c ti\u1ebfp.<\/span><\/p>\n<p style=\"text-align: justify;\"><span style=\"color: #000000;\">Sau khi m\u1edf l\u1ecd s\u1eed d\u1ee5ng c\u1ea7n \u0111\u00f3ng k\u00edn l\u1ea1i sau \u0111\u00f3 b\u1ecdc t\u00fai b\u00ean ngo\u00e0i \u0111\u1ec3 tr\u00e1nh b\u1ecb \u1ea9m m\u1ed1c.<\/span><\/p>\n<p style=\"text-align: justify;\"><span style=\"color: #000000;\">M\u1ed9t s\u1ed1 l\u01b0u \u00fd khi d\u00f9ng \u0111\u00f4ng tr\u00f9ng h\u1ea1 th\u1ea3o s\u1ea5y th\u0103ng hoa<\/span><\/p>\n<ul style=\"text-align: justify;\">\n<li><span style=\"color: #000000;\">Ph\u1ee5 n\u1eef mang thai c\u1ea7n s\u1eed d\u1ee5ng d\u01b0\u1edbi s\u1ef1 ch\u1ec9 d\u1eabn c\u1ee7a b\u00e1c s\u0129.<\/span><\/li>\n<li><span style=\"color: #000000;\">Kh\u00f4ng d\u00f9ng v\u1edbi ng\u01b0\u1eddi d\u1ecb \u1ee9ng v\u1edbi \u0111\u00f4ng tr\u00f9ng h\u1ea1 th\u1ea3o,\u00a0 ng\u01b0\u1eddi b\u1ecb\u00a0 suy gan suy th\u1eadn.<\/span><\/li>\n<li><span style=\"color: #000000;\">Kh\u00f4ng d\u00f9ng v\u1edbi ng\u01b0\u1eddi b\u1ecb b\u1ec7nh t\u1ef1 mi\u1ec5n, r\u1ed1i lo\u1ea1n \u0111\u00f4ng m\u00e1u<\/span><\/li>\n<li><span style=\"color: #000000;\">Kh\u00f4ng n\u00ean d\u00f9ng cho tr\u1ebb em d\u01b0\u1edbi 14 tu\u1ed5i<\/span><\/li>\n<\/ul>\n<p style=\"text-align: justify;\"><span style=\"color: #000000;\"><strong>Quy tr\u00ecnh s\u1ea5y th\u0103ng hoa \u0111\u00f4ng tr\u00f9ng h\u1ea1 th\u1ea3o th\u1ebf n\u00e0o?\u00a0<\/strong><\/span><\/p>\n<p style=\"text-align: justify;\"><span style=\"color: #000000;\">Quy tr\u00ecnh s\u1ea5y th\u0103ng hoa \u0111\u00f4ng tr\u00f9ng h\u1ea1 th\u1ea3o tr\u1ea3i qua 5 giai \u0111o\u1ea1n:<\/span><\/p>\n<ul style=\"text-align: justify;\">\n<li><span style=\"color: #000000;\"><strong><em>Giai \u0111o\u1ea1n 1: x\u1eed l\u00fd v\u00e0 chu\u1ea9n b\u1ecb s\u1ea5y<\/em><\/strong><\/span><\/li>\n<\/ul>\n<p style=\"text-align: justify;\"><span style=\"color: #000000;\">C\u1eaft b\u1ecf ph\u1ea7n \u0111\u1ebf l\u1ea5y c\u00e1c s\u1ee3i n\u1ea5m \u1edf ph\u00eda tr\u00ean r\u1ed3i ti\u1ebfn h\u00e0nh s\u1ea5y th\u0103ng hoa. Khi x\u1eed l\u00fd c\u1ea7n ph\u1ea3i c\u1eaft c\u1ea9n th\u1eadn \u0111\u1ec3 kh\u00f4ng l\u00e0m g\u00e3y s\u1ee3i n\u1ea5m, lo\u1ea1i b\u1ecf c\u00e1c s\u1ee3i b\u1ecb h\u1ecfng, b\u1ecb m\u1ed1c<\/span><\/p>\n<ul style=\"text-align: justify;\">\n<li><span style=\"color: #000000;\"><strong><em>Giai \u0111o\u1ea1n 2: Giai \u0111o\u1ea1n c\u1ea5p \u0111\u00f4ng\u00a0<\/em><\/strong><\/span><\/li>\n<\/ul>\n<p style=\"text-align: justify;\"><span style=\"color: #000000;\">Sau khi x\u1eed l\u00fd, \u0111\u00f4ng tr\u00f9ng h\u1ea1 th\u1ea3o \u0111\u01b0\u1ee3c x\u1ebfp v\u00e0o t\u1eebng khay s\u1ea5y v\u00e0 \u0111\u01b0\u1ee3c c\u1ea5p \u0111\u00f4ng nhanh \u1edf nhi\u1ec7t \u0111\u1ed9 kho\u1ea3ng -30 \u0111\u1ebfn -50 \u0111\u1ed9 C. \u0110\u1ea3m b\u1ea3o nhi\u1ec7t \u0111\u1ed9 \u0111\u1ee7 l\u1ea1nh \u0111\u1ec3 \u0111\u00f4ng tr\u00f9ng h\u1ea1 th\u1ea3o kh\u00f4ng b\u1ecb h\u01b0 h\u1ecfng.<\/span><\/p>\n<ul style=\"text-align: justify;\">\n<li><span style=\"color: #000000;\"><strong><em>Giai \u0111o\u1ea1n 3: S\u1ea5y th\u0103ng hoa \u0111\u00f4ng tr\u00f9ng h\u1ea1 th\u1ea3o<\/em><\/strong><\/span><\/li>\n<\/ul>\n<p style=\"text-align: justify;\"><span style=\"color: #000000;\">C\u00e1c tinh th\u1ec3 \u0111\u00e1 trong \u0111\u00f4ng tr\u00f9ng h\u1ea1 th\u1ea3o \u1edf qu\u00e1 tr\u00ecnh c\u1ea5p \u0111\u00f4ng\u00a0 s\u1ebd th\u0103ng hoa. T\u1eeb \u0111\u00f3 gi\u1eef nguy\u00ean \u0111\u01b0\u1ee3c h\u00e0m l\u01b0\u1ee3ng dinh d\u01b0\u1ee1ng qu\u00fd gi\u00e1 c\u1ee7a d\u01b0\u1ee3c li\u1ec7u, kho\u1ea3ng 90% \u0111\u1ed9 \u1ea9m trong \u0111\u00f4ng tr\u00f9ng h\u1ea1 th\u1ea3o \u0111\u01b0\u1ee3c lo\u1ea1i b\u1ecf.<\/span><\/p>\n<ul style=\"text-align: justify;\">\n<li>\n<ul>\n<li><span style=\"color: #000000;\">Giai \u0111o\u1ea1n 4: nhi\u1ec7t \u0111\u1ed9 \u0111\u01b0\u1ee3c \u0111i\u1ec1u ch\u1ec9nh t\u0103ng d\u1ea7n \u0111\u1ec3 lo\u1ea1i n\u01b0\u1edbc c\u00f2n s\u00f3t l\u1ea1i trong \u0111\u00f4ng tr\u00f9ng h\u1ea1 th\u1ea3o. \u0110\u00f4ng tr\u00f9ng h\u1ea1 th\u1ea3o \u0111\u01b0\u1ee3c s\u1ea5y kh\u00f4 v\u1edbi h\u00ecnh d\u1ea1ng, k\u00edch th\u01b0\u1edbc, m\u00e0u s\u1eafc, l\u01b0\u1ee3ng d\u01b0\u1ee1ng ch\u1ea5t \u0111\u01b0\u1ee3c gi\u1eef nguy\u00ean.<\/span><\/li>\n<\/ul>\n<\/li>\n<li><span style=\"color: #000000;\"><strong><em>Giai \u0111o\u1ea1n 5: \u0110\u00f3ng g\u00f3i\u00a0<\/em><\/strong><\/span><\/li>\n<\/ul>\n<p style=\"text-align: justify;\"><span style=\"color: #000000;\">\u0110\u00f4ng tr\u00f9ng h\u1ea1 th\u1ea3o sau khi s\u1ea5y th\u0103ng hoa \u0111\u01b0\u1ee3c ph\u00e2n lo\u1ea1i theo k\u00edch th\u01b0\u1edbc v\u00e0 \u0111\u00f3ng g\u00f3i.<\/span><\/p>\n<hr \/>\n<p><span style=\"color: #000000;\"><strong>C\u00d4NG TY C\u1ed4 PH\u1ea6N CHU\u1ea8N PH\u00c1T MAI B\u00ccNH\u00a0<\/strong><\/span><\/p>\n<p><span style=\"color: #000000;\"><strong>\u0110\u1ecba ch\u1ec9:<\/strong>\u00a0S\u1ed1 27 \u0110\u01b0\u1eddng s\u1ed1 7, KDC Hi\u1ec7p Th\u00e0nh 1, Khu 05, Ph\u01b0\u1eddng Hi\u1ec7p Th\u00e0nh, Th\u00e0nh ph\u1ed1 Th\u1ee7 D\u1ea7u M\u1ed9t, T\u1ec9nh B\u00ecnh D\u01b0\u01a1ng, Vi\u1ec7t Nam<\/span><\/p>\n<p><span style=\"color: #000000;\"><strong>S\u1ed1 \u0111i\u1ec7n tho\u1ea1i:<\/strong>\u00a00933 468 999 &#8211; 0825 468 999 &#8211; 0926 468 999 &#8211; 0397 468 999<\/span><\/p>\n<p><span style=\"color: #000000;\"><strong>Email:<\/strong>\u00a0tranhoanganh.qb@gmail.com<\/span><\/p>\n","protected":false},"excerpt":{"rendered":"<p style=\"text-align: justify;\"><span style=\"color: #000000;\">S\u1ea3n ph\u1ea9m ph\u00f9 h\u1ee3p v\u1edbi: * Nh\u1eefng ng\u01b0\u1eddi mu\u1ed1n h\u1ed7 tr\u1ee3 ng\u0103n ng\u1eeba b\u1ec7nh ung th\u01b0, c\u00e1c b\u1ec7nh li\u00ean quan \u0111\u1ebfn th\u1eadn, ti\u1ec1n li\u1ec7t tuy\u1ebfn, ph\u1ed5i, tim, huy\u1ebft \u00e1p, t\u0103ng c\u01b0\u1eddng\u2026<\/span><\/p>\n<p style=\"text-align: justify;\"><span style=\"color: #000000;\">Quy c\u00e1ch: H\u1ed9p<\/span><\/p>\n<p style=\"text-align: justify;\"><span style=\"color: #000000;\">Tr\u1ecdng l\u01b0\u1ee3ng: 10 gr<\/span><\/p>\n<p style=\"text-align: justify;\"><span style=\"color: #000000;\">H\u00e0m l\u01b0\u1ee3ng:<\/span><\/p>\n<p style=\"text-align: justify;\"><span style=\"color: #000000;\">Cordycepin: &gt; 6mg\/g<\/span><\/p>\n<p style=\"text-align: justify;\"><span style=\"color: #000000;\">Adenosine: &gt; 0,014mg\/g<\/span><\/p>\n<p style=\"text-align: justify;\"><span style=\"color: #000000;\">Giao h\u00e0ng\u00a0 MI\u1ec4N PH\u00cd to\u00e0n qu\u1ed1c<\/span><\/p>\n","protected":false},"featured_media":1191,"comment_status":"open","ping_status":"closed","template":"","meta":[],"_links":{"self":[{"href":"https:\/\/webmaibinh.com\/w\/dongymaibinh\/wp-json\/wp\/v2\/product\/1189"}],"collection":[{"href":"https:\/\/webmaibinh.com\/w\/dongymaibinh\/wp-json\/wp\/v2\/product"}],"about":[{"href":"https:\/\/webmaibinh.com\/w\/dongymaibinh\/wp-json\/wp\/v2\/types\/product"}],"replies":[{"embeddable":true,"href":"https:\/\/webmaibinh.com\/w\/dongymaibinh\/wp-json\/wp\/v2\/comments?post=1189"}],"wp:featuredmedia":[{"embeddable":true,"href":"https:\/\/webmaibinh.com\/w\/dongymaibinh\/wp-json\/wp\/v2\/media\/1191"}],"wp:attachment":[{"href":"https:\/\/webmaibinh.com\/w\/dongymaibinh\/wp-json\/wp\/v2\/media?parent=1189"}],"curies":[{"name":"wp","href":"https:\/\/api.w.org\/{rel}","templated":true}]}}