{"id":64,"date":"2017-07-10T16:05:26","date_gmt":"2017-07-10T09:05:26","guid":{"rendered":"https:\/\/bizhostvn.com\/w\/mypham3\/?page_id=64"},"modified":"2022-11-02T20:17:34","modified_gmt":"2022-11-02T13:17:34","slug":"lien-he","status":"publish","type":"page","link":"https:\/\/webmaibinh.com\/w\/dongymaibinh\/lien-he\/","title":{"rendered":"Li\u00ean h\u1ec7"},"content":{"rendered":"\n\t<div class=\"img has-hover x md-x lg-x y md-y lg-y\" id=\"image_1877726758\">\n\t\t\t\t\t\t\t\t<div class=\"img-inner dark\" >\n\t\t\t<img width=\"1020\" height=\"282\" src=\"https:\/\/webmaibinh.com\/w\/dongymaibinh\/wp-content\/uploads\/2017\/07\/12334-1-1024x283.jpg\" class=\"attachment-large size-large\" alt=\"\" loading=\"lazy\" srcset=\"https:\/\/webmaibinh.com\/w\/dongymaibinh\/wp-content\/uploads\/2017\/07\/12334-1-1024x283.jpg 1024w, https:\/\/webmaibinh.com\/w\/dongymaibinh\/wp-content\/uploads\/2017\/07\/12334-1-600x166.jpg 600w, https:\/\/webmaibinh.com\/w\/dongymaibinh\/wp-content\/uploads\/2017\/07\/12334-1-300x83.jpg 300w, https:\/\/webmaibinh.com\/w\/dongymaibinh\/wp-content\/uploads\/2017\/07\/12334-1-768x212.jpg 768w, https:\/\/webmaibinh.com\/w\/dongymaibinh\/wp-content\/uploads\/2017\/07\/12334-1.jpg 1920w\" sizes=\"(max-width: 1020px) 100vw, 1020px\" \/>\t\t\t\t\t\t\n\t\t\t\t\t<\/div>\n\t\t\t\t\t\t\t\t\n<style>\n#image_1877726758 {\n  width: 100%;\n}\n<\/style>\n\t<\/div>\n\t\n\n<h3 style=\"text-align: center;\">SI\u00caU TH\u1eca THI\u00caN NHI\u00caN MAI B\u00ccNH<\/h3>\n<p><img loading=\"lazy\" class=\"aligncenter wp-image-793\" src=\"https:\/\/bizhostvn.com\/w\/mypham3\/wp-content\/uploads\/2017\/07\/SHARP.png\" alt=\"\" width=\"150\" height=\"38\" \/><\/p>\n<p class=\"uppercase thin-font\" style=\"text-align: center;\"><span style=\"color: #993366;\"><strong><em>B\u1ea3o v\u1ec7 s\u1ee9c kh\u1ecfe m\u1ecdi nh\u00e0<\/em><\/strong><\/span><\/p>\n<div class=\"row row-small\"  id=\"row-848607715\">\n\n\n\t<div id=\"col-277237457\" class=\"col medium-6 small-12 large-6\"  >\n\t\t<div class=\"col-inner\" style=\"background-color:rgb(134, 190, 233);\" >\n\t\t\t\n\t\t\t\n\n<blockquote>\n<p style=\"text-align: justify;\"><span style=\"color: #008000;\"><em><strong>C\u00d4NG TY C\u1ed4 PH\u1ea6N CHU\u1ea8N PH\u00c1T MAI B\u00ccNH<\/strong><\/em><\/span><\/p>\n<p style=\"text-align: justify;\"><em><strong><span style=\"color: #000000;\">MST:<\/span> <span style=\"color: #ed1c24;\">3702125206<\/span><\/strong><\/em><\/p>\n<p style=\"text-align: justify;\"><em><strong><span style=\"color: #000000;\">\u0110\u1ecba ch\u1ec9:<\/span> <span style=\"color: #ed1c24;\">S\u1ed1 27 \u0110\u01b0\u1eddng s\u1ed1 7, KDC Hi\u1ec7p Th\u00e0nh 1, Khu 05, Ph\u01b0\u1eddng Hi\u1ec7p Th\u00e0nh, Th\u00e0nh ph\u1ed1 Th\u1ee7 D\u1ea7u M\u1ed9t, T\u1ec9nh B\u00ecnh D\u01b0\u01a1ng, Vi\u1ec7t Nam<\/span><\/strong><\/em><\/p>\n<p><strong><em><span style=\"color: #000000;\">S\u1ed1 \u0111i\u1ec7n tho\u1ea1i:<\/span>\u00a0<span style=\"color: #ed1c24;\">0933 468 999 &#8211; 0825 468 999 &#8211; 0926 468 999 &#8211; 0397 468 999<\/span><\/em><\/strong><\/p>\n<p><strong><em><span style=\"color: #000000;\">Email:<\/span>\u00a0<span style=\"color: #ed1c24;\">tranhoanganh.qb@gmail.com<\/span><\/em><\/strong><\/p>\n<\/blockquote>\n\n\t\t<\/div>\n\t\t\n<style>\n#col-277237457 > .col-inner {\n  padding: 40px 0px 0px 0px;\n  border-radius: 76px;\n}\n<\/style>\n\t<\/div>\n\n\t\n\n\t<div id=\"col-1126388984\" class=\"col medium-6 small-12 large-6\"  >\n\t\t<div class=\"col-inner\"  >\n\t\t\t\n\t\t\t\n\n<p><iframe src=\"https:\/\/www.google.com\/maps\/embed?pb=!1m18!1m12!1m3!1d920.4783634483929!2d106.65416333860573!3d11.00142406601082!2m3!1f0!2f0!3f0!3m2!1i1024!2i768!4f13.1!3m3!1m2!1s0x3139ce40c6516f89%3A0xbdae2cc39ccbd387!2zVGjDoG5oIEzhuq1wIEPDtG5nIFR5IFRy4buNbiBHw7NpIELDrG5oIETGsMahbmcgLSBDaHXhuqluIFBow6F0IE1haSBCw6xuaA!5e1!3m2!1svi!2s!4v1667394939880!5m2!1svi!2s\" width=\"600\" height=\"400\" style=\"border:0;\" allowfullscreen=\"\" loading=\"lazy\" referrerpolicy=\"no-referrer-when-downgrade\"><\/iframe><\/p>\n\n\t\t<\/div>\n\t\t\t<\/div>\n\n\t\n\n\t<div id=\"col-803075391\" class=\"col medium-6 small-12 large-6\"  >\n\t\t<div class=\"col-inner\" style=\"background-color:#318A00;\" >\n\t\t\t\n\t\t\t\n\n<blockquote>\n<p style=\"text-align: justify;\"><span style=\"color: #333399;\"><em><strong>C\u00d4NG TY C\u1ed4 PH\u1ea6N CHU\u1ea8N PH\u00c1T MAI B\u00ccNH &#8211; CHI NH\u00c1NH \u0110\u00c0 N\u1eb4NG<\/strong><\/em><\/span><\/p>\n<p style=\"text-align: justify;\"><em><strong><span style=\"color: #000000;\">MST:<\/span> <span style=\"color: #ff6600;\">3702125206-001<\/span><\/strong><\/em><\/p>\n<p><em><strong><span style=\"color: #000000;\">Chi nh\u00e1nh \u0110\u00e0 N\u1eb5ng:<\/span> <span style=\"color: #ff6600;\">K53\/4H \u0110\u01b0\u1eddng 2\/9, Ph\u01b0\u1eddng Ho\u00e0 C\u01b0\u1eddng Nam, Qu\u1eadn H\u1ea3i Ch\u00e2u, Th\u00e0nh ph\u1ed1 \u0110\u00e0 N\u1eb5ng, Vi\u1ec7t Nam<\/span><\/strong><\/em><\/p>\n<p><strong><em><span style=\"color: #000000;\">S\u1ed1 \u0111i\u1ec7n tho\u1ea1i:<\/span>\u00a0<span style=\"color: #ff6600;\">0933 468 999 &#8211; 0825 468 999 &#8211; 0926 468 999 &#8211; 0397 468 999<\/span><\/em><\/strong><\/p>\n<p><strong><em><span style=\"color: #000000;\">Email:<\/span>\u00a0<span style=\"color: #ff6600;\">tranhoanganh.qb@gmail.com<\/span><\/em><\/strong><\/p>\n<\/blockquote>\n\n\t\t<\/div>\n\t\t\n<style>\n#col-803075391 > .col-inner {\n  padding: 40px 0px 0px 0px;\n  border-radius: 76px;\n}\n<\/style>\n\t<\/div>\n\n\t\n\n\t<div id=\"col-406723280\" class=\"col medium-6 small-12 large-6\"  >\n\t\t<div class=\"col-inner\"  >\n\t\t\t\n\t\t\t\n\n<p><iframe src=\"https:\/\/www.google.com\/maps\/embed?pb=!1m18!1m12!1m3!1d3605.0082383964927!2d108.22151611485803!3d16.029634488905387!2m3!1f0!2f0!3f0!3m2!1i1024!2i768!4f13.1!3m3!1m2!1s0x0%3A0x1e8f58d5e61a1b05!2zMTbCsDAxJzQ2LjciTiAxMDjCsDEzJzI1LjMiRQ!5e1!3m2!1svi!2s!4v1660451871691!5m2!1svi!2s\" width=\"1200\" height=\"410\" style=\"border:0;\" allowfullscreen=\"\" loading=\"lazy\" referrerpolicy=\"no-referrer-when-downgrade\"><\/iframe><\/p>\n\n\t\t<\/div>\n\t\t\t<\/div>\n\n\t\n\n\t<div id=\"col-1610291235\" class=\"col medium-6 small-12 large-6\"  >\n\t\t<div class=\"col-inner\" style=\"background-color:rgb(238, 161, 33);\" >\n\t\t\t\n\t\t\t\n\n<blockquote>\n<p style=\"text-align: justify;\"><span style=\"color: #008000;\"><em><strong>C\u00d4NG TY C\u1ed4 PH\u1ea6N CHU\u1ea8N PH\u00c1T MAI B\u00ccNH-CHI NH\u00c1NH B\u00ccNH D\u01af\u01a0NG<\/strong><\/em><\/span><\/p>\n<p style=\"text-align: justify;\"><em><strong><span style=\"color: #000000;\">MST:<\/span> <span style=\"color: #ed1c24;\">3702125206-002<\/span><\/strong><\/em><\/p>\n<p><em><strong><span style=\"color: #000000;\">Chi Nh\u00e1nh B\u00ecnh D\u01b0\u01a1ng:<\/span> <span style=\"color: #ed1c24;\">S\u1ed1 220\/20, \u0110\u01b0\u1eddng Hu\u1ef3nh V\u0103n L\u0169y, Khu ph\u1ed1 7, Ph\u01b0\u1eddng Ph\u00fa L\u1ee3i, Th\u00e0nh ph\u1ed1 Th\u1ee7 D\u1ea7u M\u1ed9t, T\u1ec9nh B\u00ecnh D\u01b0\u01a1ng, Vi\u1ec7t Nam<\/span><\/strong><\/em><\/p>\n<p><strong><em><span style=\"color: #000000;\">S\u1ed1 \u0111i\u1ec7n tho\u1ea1i:<\/span>\u00a0<span style=\"color: #ed1c24;\">0933 468 999 &#8211; 0825 468 999 &#8211; 0926 468 999 &#8211; 0397 468 999<\/span><\/em><\/strong><\/p>\n<p><strong><em><span style=\"color: #000000;\">Email:<\/span>\u00a0<span style=\"color: #ed1c24;\">tranhoanganh.qb@gmail.com<\/span><\/em><\/strong><\/p>\n<\/blockquote>\n\n\t\t<\/div>\n\t\t\n<style>\n#col-1610291235 > .col-inner {\n  padding: 40px 0px 0px 0px;\n  border-radius: 75px;\n}\n<\/style>\n\t<\/div>\n\n\t\n\n\t<div id=\"col-920073755\" class=\"col medium-6 small-12 large-6\"  >\n\t\t<div class=\"col-inner\"  >\n\t\t\t\n\t\t\t\n\n<p><iframe src=\"https:\/\/www.google.com\/maps\/embed?pb=!1m18!1m12!1m3!1d3682.0075114076917!2d106.67337401480268!3d10.99389259217414!2m3!1f0!2f0!3f0!3m2!1i1024!2i768!4f13.1!3m3!1m2!1s0x0%3A0xa2b41f4cc907517f!2zMTDCsDU5JzM4LjAiTiAxMDbCsDQwJzMyLjAiRQ!5e1!3m2!1svi!2s!4v1660452291680!5m2!1svi!2s\" width=\"1000\" height=\"430\" style=\"border:0;\" allowfullscreen=\"\" loading=\"lazy\" referrerpolicy=\"no-referrer-when-downgrade\"><\/iframe><\/p>\n\n\t\t<\/div>\n\t\t\t<\/div>\n\n\t\n\n<\/div>\n\n","protected":false},"excerpt":{"rendered":"","protected":false},"author":1,"featured_media":0,"parent":0,"menu_order":0,"comment_status":"closed","ping_status":"closed","template":"page-blank.php","meta":[],"_links":{"self":[{"href":"https:\/\/webmaibinh.com\/w\/dongymaibinh\/wp-json\/wp\/v2\/pages\/64"}],"collection":[{"href":"https:\/\/webmaibinh.com\/w\/dongymaibinh\/wp-json\/wp\/v2\/pages"}],"about":[{"href":"https:\/\/webmaibinh.com\/w\/dongymaibinh\/wp-json\/wp\/v2\/types\/page"}],"author":[{"embeddable":true,"href":"https:\/\/webmaibinh.com\/w\/dongymaibinh\/wp-json\/wp\/v2\/users\/1"}],"replies":[{"embeddable":true,"href":"https:\/\/webmaibinh.com\/w\/dongymaibinh\/wp-json\/wp\/v2\/comments?post=64"}],"version-history":[{"count":32,"href":"https:\/\/webmaibinh.com\/w\/dongymaibinh\/wp-json\/wp\/v2\/pages\/64\/revisions"}],"predecessor-version":[{"id":1337,"href":"https:\/\/webmaibinh.com\/w\/dongymaibinh\/wp-json\/wp\/v2\/pages\/64\/revisions\/1337"}],"wp:attachment":[{"href":"https:\/\/webmaibinh.com\/w\/dongymaibinh\/wp-json\/wp\/v2\/media?parent=64"}],"curies":[{"name":"wp","href":"https:\/\/api.w.org\/{rel}","templated":true}]}}