{"id":44,"date":"2018-10-02T10:32:49","date_gmt":"2018-10-02T03:32:49","guid":{"rendered":"http:\/\/dongphuc.khowebseotop.vn\/?page_id=44"},"modified":"2020-05-08T10:12:20","modified_gmt":"2020-05-08T03:12:20","slug":"lien-he","status":"publish","type":"page","link":"https:\/\/webmaibinh.com\/w\/dongphuc2011\/lien-he\/","title":{"rendered":"Li\u00ean h\u1ec7"},"content":{"rendered":"\n<div class=\"row\"  id=\"row-1581583461\">\n\n\n\t<div id=\"col-979326148\" class=\"col medium-6 small-12 large-6\"  >\n\t\t<div class=\"col-inner\"  >\n\t\t\t\n\t\t\t\n\n<p>\u0110\u1ed3ng ph\u1ee5c Anh Th\u01b0 xin g\u1eedi t\u1edbi qu\u00fd kh\u00e1ch h\u00e0ng th\u00f4ng tin li\u00ean h\u1ec7 nh\u01b0 sau:<\/p>\n<p><span style=\"color: #ff0000;\"><strong>X\u01b0\u1edfng may \u0111\u1ed3ng ph\u1ee5c Anh Th\u01b0<\/strong><\/span><\/p>\n<ul>\n<li><strong>\u0110\u1ecba ch\u1ec9:<\/strong>\u00a0Ph\u1ea1m V\u0103n B\u1ea1ch, P.15, Q.T\u00e2n B\u00ecnh, Tp. HCM<\/li>\n<li><strong>\u0110i\u1ec7n tho\u1ea1i:<\/strong>\u00a00999.999.999<\/li>\n<li><strong>Email:<\/strong>\u00a0email@gmail.com<\/li>\n<li><strong>Website:<\/strong>\u00a0<a href=\"#\">www.tenweb.vn<\/a><\/li>\n<\/ul>\n\n\t\t<\/div>\n\t\t\t<\/div>\n\n\t\n\n\t<div id=\"col-931600007\" class=\"col medium-6 small-12 large-6\"  >\n\t\t<div class=\"col-inner\"  >\n\t\t\t\n\t\t\t\n\n<div role=\"form\" class=\"wpcf7\" id=\"wpcf7-f523-o1\" lang=\"vi\" dir=\"ltr\">\n<div class=\"screen-reader-response\"><p role=\"status\" aria-live=\"polite\" aria-atomic=\"true\"><\/p> <ul><\/ul><\/div>\n<form action=\"\/w\/dongphuc2011\/wp-json\/wp\/v2\/pages\/44#wpcf7-f523-o1\" method=\"post\" class=\"wpcf7-form init\" novalidate=\"novalidate\" data-status=\"init\">\n<div style=\"display: none;\">\n<input type=\"hidden\" name=\"_wpcf7\" value=\"523\" \/>\n<input type=\"hidden\" name=\"_wpcf7_version\" value=\"5.3\" \/>\n<input type=\"hidden\" name=\"_wpcf7_locale\" value=\"vi\" \/>\n<input type=\"hidden\" name=\"_wpcf7_unit_tag\" value=\"wpcf7-f523-o1\" \/>\n<input type=\"hidden\" name=\"_wpcf7_container_post\" value=\"0\" \/>\n<input type=\"hidden\" name=\"_wpcf7_posted_data_hash\" value=\"\" \/>\n<\/div>\n<div class=\"form-tu-van\">\n<span class=\"tieu-de\">Li\u00ean h\u1ec7 t\u01b0 v\u1ea5n mi\u1ec5n ph\u00ed<\/span><\/p>\n<table>\n<tr>\n<td><label>H\u1ecd v\u00e0 t\u00ean:<\/label><\/td>\n<td><span class=\"wpcf7-form-control-wrap text-910\"><input type=\"text\" name=\"text-910\" value=\"\" size=\"40\" class=\"wpcf7-form-control wpcf7-text wpcf7-validates-as-required\" aria-required=\"true\" aria-invalid=\"false\" placeholder=\"H\u1ecd v\u00e0 t\u00ean...\" \/><\/span><\/td>\n<\/tr>\n<tr>\n<td><label>\u0110\u1ecba ch\u1ec9 email:<\/label><\/td>\n<td><span class=\"wpcf7-form-control-wrap email-946\"><input type=\"email\" name=\"email-946\" value=\"\" size=\"40\" class=\"wpcf7-form-control wpcf7-text wpcf7-email wpcf7-validates-as-email\" aria-invalid=\"false\" placeholder=\"\u0110\u1ecba ch\u1ec9 email...\" \/><\/span><\/td>\n<\/tr>\n<tr>\n<td><label>S\u1ed1 \u0111i\u1ec7n tho\u1ea1i:<\/label><\/td>\n<td><span class=\"wpcf7-form-control-wrap tel-65\"><input type=\"tel\" name=\"tel-65\" value=\"\" size=\"40\" class=\"wpcf7-form-control wpcf7-text wpcf7-tel wpcf7-validates-as-required wpcf7-validates-as-tel\" aria-required=\"true\" aria-invalid=\"false\" placeholder=\"S\u1ed1 \u0111i\u1ec7n tho\u1ea1i...\" \/><\/span><\/td>\n<\/tr>\n<tr>\n<td><label>\u0110\u1ecba ch\u1ec9:<\/label><\/td>\n<td><span class=\"wpcf7-form-control-wrap text-913\"><input type=\"text\" name=\"text-913\" value=\"\" size=\"40\" class=\"wpcf7-form-control wpcf7-text\" aria-invalid=\"false\" placeholder=\"\u0110\u1ecba ch\u1ec9...\" \/><\/span><\/td>\n<\/tr>\n<tr>\n<td><label>M\u1eabu \u00e1o c\u1ea7n \u0111\u1eb7t:<\/label><\/td>\n<td><span class=\"wpcf7-form-control-wrap dynamictext-968\"><input type=\"text\" name=\"dynamictext-968\" value=\"Li\u00ean h\u1ec7\" size=\"40\" class=\"wpcf7-form-control wpcf7dtx-dynamictext wpcf7-dynamictext\" aria-invalid=\"false\" \/><\/span><\/td>\n<\/tr>\n<tr>\n<td>\n<div class=\"dang-ky\">\n<input type=\"submit\" value=\"\u0110\u0103ng k\u00fd t\u01b0 v\u1ea5n\" class=\"wpcf7-form-control wpcf7-submit\" \/>\n<\/div>\n<\/td>\n<td>Hotline t\u01b0 v\u1ea5n mi\u1ec5n ph\u00ed: 0999.999.999<\/td>\n<\/tr>\n<\/table>\n<\/div>\n<div class=\"wpcf7-response-output\" aria-hidden=\"true\"><\/div><\/form><\/div>\n\n\n\t\t<\/div>\n\t\t\t<\/div>\n\n\t\n\n<\/div>\n\n","protected":false},"excerpt":{"rendered":"","protected":false},"author":2,"featured_media":0,"parent":0,"menu_order":0,"comment_status":"closed","ping_status":"closed","template":"page-right-sidebar.php","meta":[],"_links":{"self":[{"href":"https:\/\/webmaibinh.com\/w\/dongphuc2011\/wp-json\/wp\/v2\/pages\/44"}],"collection":[{"href":"https:\/\/webmaibinh.com\/w\/dongphuc2011\/wp-json\/wp\/v2\/pages"}],"about":[{"href":"https:\/\/webmaibinh.com\/w\/dongphuc2011\/wp-json\/wp\/v2\/types\/page"}],"author":[{"embeddable":true,"href":"https:\/\/webmaibinh.com\/w\/dongphuc2011\/wp-json\/wp\/v2\/users\/2"}],"replies":[{"embeddable":true,"href":"https:\/\/webmaibinh.com\/w\/dongphuc2011\/wp-json\/wp\/v2\/comments?post=44"}],"version-history":[{"count":7,"href":"https:\/\/webmaibinh.com\/w\/dongphuc2011\/wp-json\/wp\/v2\/pages\/44\/revisions"}],"predecessor-version":[{"id":734,"href":"https:\/\/webmaibinh.com\/w\/dongphuc2011\/wp-json\/wp\/v2\/pages\/44\/revisions\/734"}],"wp:attachment":[{"href":"https:\/\/webmaibinh.com\/w\/dongphuc2011\/wp-json\/wp\/v2\/media?parent=44"}],"curies":[{"name":"wp","href":"https:\/\/api.w.org\/{rel}","templated":true}]}}