{"id":407,"date":"2019-12-12T07:57:14","date_gmt":"2019-12-12T07:57:14","guid":{"rendered":"http:\/\/dongho.muathemewordpress.net\/?post_type=product&#038;p=407"},"modified":"2019-12-12T07:57:45","modified_gmt":"2019-12-12T07:57:45","slug":"dong-ho-calvin-klein-nu-k4e2","status":"publish","type":"product","link":"https:\/\/webmaibinh.com\/w\/dongho2011\/san-pham\/dong-ho-calvin-klein-nu-k4e2\/","title":{"rendered":"\u0110\u1ed3ng h\u1ed3 Calvin Klein N\u1eef K4E2"},"content":{"rendered":"<p>\u0110\u1ed3ng h\u1ed3 MVMT Black Link d\u00f2ng Classic v\u1edbi thi\u1ebft k\u1ebf t\u1ed1i gi\u1ea3n tinh t\u1ebf cho c\u00e1c qu\u00fd \u00f4ng hi\u1ec7n \u0111\u1ea1i. Nh\u1eadp kh\u1ea9u ch\u00ednh h\u00e3ng t\u1eeb US. Free Ship to\u00e0n qu\u1ed1c!<\/p>\n<table style=\"width: 663px;\">\n<tbody>\n<tr>\n<td style=\"width: 267px;\">Lo\u1ea1i m\u00e1y<\/td>\n<td style=\"width: 384px;\">Japanese Miyota Precison Quartz<\/td>\n<\/tr>\n<tr>\n<td style=\"width: 267px;\">Hi\u1ec3n th\u1ecb<\/td>\n<td style=\"width: 384px;\">Analog<\/td>\n<\/tr>\n<tr>\n<td style=\"width: 267px;\">Ch\u1ea5t li\u1ec7u v\u1ecf<\/td>\n<td style=\"width: 384px;\">316 Low Carbon\u00a0Stainless Steel<\/td>\n<\/tr>\n<tr>\n<td style=\"width: 267px;\">\u0110\u01b0\u1eddng k\u00ednh v\u1ecf<\/td>\n<td style=\"width: 384px;\">45mm<\/td>\n<\/tr>\n<tr>\n<td style=\"width: 267px;\">\u0110\u1ed9 d\u00e0y v\u1ecf<\/td>\n<td style=\"width: 384px;\">9mm<\/td>\n<\/tr>\n<tr>\n<td style=\"width: 267px;\">Ch\u1ea5t li\u1ec7u d\u00e2y \u0111eo<\/td>\n<td style=\"width: 384px;\">316 Low Carbon\u00a0Stainless Steel<\/td>\n<\/tr>\n<tr>\n<td style=\"width: 267px;\">Chi\u1ec1u r\u1ed9ng d\u00e2y \u0111eo<\/td>\n<td style=\"width: 384px;\">24mm<\/td>\n<\/tr>\n<tr>\n<td style=\"width: 267px;\">Ch\u1ea5t li\u1ec7u m\u1eb7t k\u00ednh<\/td>\n<td style=\"width: 384px;\">Mineral (K\u00ednh Kho\u00e1ng Ch\u1ea5t)<\/td>\n<\/tr>\n<tr>\n<td style=\"width: 267px;\">Kh\u1ea3 n\u0103ng ch\u1ecbu n\u01b0\u1edbc<\/td>\n<td style=\"width: 384px;\">3ATM (30m)<\/td>\n<\/tr>\n<\/tbody>\n<\/table>\n<p>&nbsp;<\/p>\n<p>&nbsp;<\/p>\n<p>&nbsp;<\/p>\n<p>&nbsp;<\/p>\n<p>&nbsp;<\/p>\n<p>&nbsp;<\/p>\n","protected":false},"excerpt":{"rendered":"<p>\u0110\u1ed3ng h\u1ed3 MVMT Black Link d\u00f2ng Classic v\u1edbi thi\u1ebft k\u1ebf t\u1ed1i gi\u1ea3n tinh t\u1ebf cho c\u00e1c qu\u00fd \u00f4ng hi\u1ec7n \u0111\u1ea1i. Nh\u1eadp kh\u1ea9u ch\u00ednh h\u00e3ng t\u1eeb US. Free Ship to\u00e0n qu\u1ed1c! Lo\u1ea1i m\u00e1y Japanese Miyota Precison Quartz Hi\u1ec3n th\u1ecb Analog Ch\u1ea5t li\u1ec7u v\u1ecf 316 Low Carbon\u00a0Stainless Steel \u0110\u01b0\u1eddng k\u00ednh v\u1ecf 45mm \u0110\u1ed9 d\u00e0y v\u1ecf 9mm Ch\u1ea5t&#8230;<\/p>\n","protected":false},"featured_media":408,"comment_status":"open","ping_status":"closed","template":"","meta":[],"_links":{"self":[{"href":"https:\/\/webmaibinh.com\/w\/dongho2011\/wp-json\/wp\/v2\/product\/407"}],"collection":[{"href":"https:\/\/webmaibinh.com\/w\/dongho2011\/wp-json\/wp\/v2\/product"}],"about":[{"href":"https:\/\/webmaibinh.com\/w\/dongho2011\/wp-json\/wp\/v2\/types\/product"}],"replies":[{"embeddable":true,"href":"https:\/\/webmaibinh.com\/w\/dongho2011\/wp-json\/wp\/v2\/comments?post=407"}],"wp:featuredmedia":[{"embeddable":true,"href":"https:\/\/webmaibinh.com\/w\/dongho2011\/wp-json\/wp\/v2\/media\/408"}],"wp:attachment":[{"href":"https:\/\/webmaibinh.com\/w\/dongho2011\/wp-json\/wp\/v2\/media?parent=407"}],"curies":[{"name":"wp","href":"https:\/\/api.w.org\/{rel}","templated":true}]}}