{"id":55,"date":"2018-01-31T11:54:17","date_gmt":"2018-01-31T04:54:17","guid":{"rendered":"http:\/\/dochoixe1.khowebseotop.vn\/?page_id=55"},"modified":"2019-09-27T10:55:30","modified_gmt":"2019-09-27T03:55:30","slug":"lien-he","status":"publish","type":"page","link":"https:\/\/webmaibinh.com\/w\/dochoixe12011\/lien-he\/","title":{"rendered":"Li\u00ean h\u1ec7"},"content":{"rendered":"\n<p><em><strong>Song h\u00e0nh c\u00f9ng b\u1ea1n tr\u00ean nh\u1eefng ch\u1eb7ng \u0111\u01b0\u1eddng<\/strong><\/em><\/p>\n<p><a href=\"http:\/\/webdemo.com\/\"><img id=\"website xe h\u01a1i gi\u00e1 t\u1ed1t\" class=\"website xe h\u01a1i gi\u00e1 t\u1ed1t\" title=\"website xe h\u01a1i gi\u00e1 t\u1ed1t\" src=\"http:\/\/dochoixe1.khowebseotop.vn\/wp-content\/uploads\/2018\/06\/lien-he-55.jpg\" alt=\"website xe h\u01a1i gi\u00e1 t\u1ed1t\" \/><\/a><\/p>\n<p><em>Website Th\u01b0\u01a1ng M\u1ea1i \u0110i\u1ec7n T\u1eed T\u01b0 V\u1ea5n Xe &amp; Ch\u0103m S\u00f3c Kh\u00e1ch H\u00e0ng.<\/em><\/p>\n<p><strong>Xe H\u01a1i Gi\u00e1 T\u1ed1t<\/strong>\u00a0l\u00e0 website b\u00e1n h\u00e0ng tr\u1ef1c tuy\u1ebfn,\u00a0chuy\u00ean nghi\u1ec7p h\u00e0ng \u0111\u1ea7u\u00a0v\u1ec1 c\u00e1c\u00a0s\u1ea3n ph\u1ea9m v\u00e0\u00a0d\u1ecbch v\u1ee5 li\u00ean quan \u0111\u1ebfn\u00a0xe \u00f4 t\u00f4. Website th\u01b0\u01a1ng m\u1ea1i \u0111i\u1ec7n t\u1eed c\u1ee7a ch\u00fang t\u00f4i c\u00f3\u00a0\u0111\u1ea1i di\u1ec7n\u00a0l\u00e0 nh\u1eefng\u00a0t\u01b0 v\u1ea5n vi\u00ean b\u00e1n h\u00e0ng xu\u1ea5t s\u1eafc nh\u1ea5t \u0111\u1ebfn t\u1eeb c\u00e1c\u00a0<strong>\u0110\u1ea1i L\u00fd Xe \u00d4t\u00f4\u00a0Ch\u00ednh H\u00e3ng\u00a0t\u1ea1i H\u00e0 N\u1ed9i<\/strong>\u00a0bao g\u1ed3m c\u00e1c Showroom:<\/p>\n<p>\u2022\u00a0<strong>Chevrolet Th\u0103ng Long<\/strong>\u00a0&#8211; s\u1ed1 8 L\u00ea Quang \u0110\u1ea1o, M\u1ef9 \u0110\u00ecnh, Nam T\u1eeb Li\u00eam, H\u00e0 N\u1ed9i &#8211;\u00a0<strong>L\u01b0u Ng\u1ecdc\u00a0H\u00e0: 0979.357.689<\/strong><\/p>\n<p>\u2022\u00a0<strong>Toyota M\u1ef9 \u0110\u00ecnh<\/strong>\u00a0&#8211; s\u1ed1 15 Ph\u1ea1m H\u00f9ng, Qu\u1eadn C\u1ea7u Gi\u1ea5y,\u00a0H\u00e0 N\u1ed9i &#8211;\u00a0<b>Tr\u1ecbnh \u0110\u00ecnh Khuy\u1ebfn: 0944.662.226<\/b><\/p>\n<p>\u2022\u00a0<strong>Ford M\u1ef9 \u0110\u00ecnh<\/strong>\u00a0&#8211; s\u1ed1 2 T\u00f4n Th\u1ea5t Thuy\u1ebft, M\u1ef9 \u0110\u00ecnh, Nam T\u1eeb Li\u00eam,\u00a0H\u00e0 N\u1ed9i &#8211;\u00a0<b>Ho\u00e0ng Minh Hi\u1ec7p: 0988.45.44.83<\/b><\/p>\n<p>\u2022\u00a0<strong>Honda \u00d4 T\u00f4 M\u1ef9 \u0110\u00ecnh<\/strong>\u00a0&#8211; s\u1ed1 2 L\u00ea \u0110\u1ee9c Th\u1ecd, Mai D\u1ecbch, C\u1ea7u Gi\u1ea5y,\u00a0H\u00e0 N\u1ed9i &#8211;\u00a0<strong>Ph\u1ea1m Th\u00f9y D\u01b0\u01a1ng<\/strong><b>: 0913.966.066<\/b><\/p>\n<p>Ch\u00fang t\u00f4i\u00a0lu\u00f4n c\u1ed1 g\u1eafng n\u1ed7 l\u1ef1c h\u1ebft m\u00ecnh \u0111\u1ec3 mang \u0111\u1ebfn cho b\u1ea1n nh\u1eefng s\u1ea3n ph\u1ea9m t\u1ed1t nh\u1ea5t v\u1edbi ch\u1ea5t l\u01b0\u1ee3ng d\u1ecbch v\u1ee5 ho\u00e0n h\u1ea3o. V\u1edbi ph\u01b0\u01a1ng ch\u00e2m l\u00e0m vi\u1ec7c:\u00a0<q><em>lu\u00f4n s\u00e1t c\u00e1nh, \u0111\u1ed3ng h\u00e0nh c\u00f9ng b\u1ea1n\u00a0mang\u00a0\u0111\u1ebfn cho b\u1ea1n\u00a0d\u1ecbch v\u1ee5 t\u01b0 v\u1ea5n,\u00a0b\u1ea3o h\u00e0nh &amp;\u00a0b\u1ea3o d\u01b0\u1ee1ng chu \u0111\u00e1o nh\u1ea5t \u0111\u1ec3 b\u1ea1n lu\u00f4n an t\u00e2m, v\u1eefng tin tr\u00ean nh\u1eefng ch\u1eb7ng \u0111\u01b0\u1eddng!<\/em><\/q>\u00a0\u0110\u00f3 l\u00e0 \u0111i\u1ec1u m\u00e0 ch\u00fang t\u00f4i \u0111ang ph\u1ea5n \u0111\u1ea5u n\u1ed7 l\u1ef1c c\u1ed1 g\u1eafng h\u1ebft s\u1ee9c m\u00ecnh\u00a0\u0111\u1ec3 \u0111em \u0111\u1ebfn cho b\u1ea1n.<\/p>\n<p><em><strong>Song h\u00e0nh c\u00f9ng b\u1ea1n tr\u00ean nh\u1eefng ch\u1eb7ng \u0111\u01b0\u1eddng<\/strong><\/em><\/p>\n<p>\u0110\u1ecba ch\u1ec9: 490A, \u0110i\u1ec7n Bi\u00ean Ph\u1ee7, P.21, Q. T\u00e2n B\u00ecnh, Tp. HCM<br \/>\nEmail: hotro@webdemo.com<br \/>\nWebsite: www.webdemo.com<\/p>\n<p>&nbsp;<\/p>\n\n","protected":false},"excerpt":{"rendered":"<p>Song h\u00e0nh c\u00f9ng b\u1ea1n tr\u00ean nh\u1eefng ch\u1eb7ng \u0111\u01b0\u1eddng Website Th\u01b0\u01a1ng M\u1ea1i \u0110i\u1ec7n T\u1eed T\u01b0 V\u1ea5n Xe &amp; Ch\u0103m S\u00f3c Kh\u00e1ch H\u00e0ng. Xe H\u01a1i Gi\u00e1 T\u1ed1t\u00a0l\u00e0 website b\u00e1n h\u00e0ng tr\u1ef1c tuy\u1ebfn,\u00a0chuy\u00ean nghi\u1ec7p h\u00e0ng \u0111\u1ea7u\u00a0v\u1ec1 c\u00e1c\u00a0s\u1ea3n ph\u1ea9m v\u00e0\u00a0d\u1ecbch v\u1ee5 li\u00ean quan \u0111\u1ebfn\u00a0xe \u00f4 t\u00f4. Website th\u01b0\u01a1ng m\u1ea1i \u0111i\u1ec7n t\u1eed c\u1ee7a ch\u00fang t\u00f4i c\u00f3\u00a0\u0111\u1ea1i di\u1ec7n\u00a0l\u00e0 nh\u1eefng\u00a0t\u01b0 v\u1ea5n vi\u00ean [&#8230;]\n","protected":false},"author":2,"featured_media":0,"parent":0,"menu_order":0,"comment_status":"closed","ping_status":"closed","template":"page-left-sidebar.php","meta":[],"_links":{"self":[{"href":"https:\/\/webmaibinh.com\/w\/dochoixe12011\/wp-json\/wp\/v2\/pages\/55"}],"collection":[{"href":"https:\/\/webmaibinh.com\/w\/dochoixe12011\/wp-json\/wp\/v2\/pages"}],"about":[{"href":"https:\/\/webmaibinh.com\/w\/dochoixe12011\/wp-json\/wp\/v2\/types\/page"}],"author":[{"embeddable":true,"href":"https:\/\/webmaibinh.com\/w\/dochoixe12011\/wp-json\/wp\/v2\/users\/2"}],"replies":[{"embeddable":true,"href":"https:\/\/webmaibinh.com\/w\/dochoixe12011\/wp-json\/wp\/v2\/comments?post=55"}],"version-history":[{"count":4,"href":"https:\/\/webmaibinh.com\/w\/dochoixe12011\/wp-json\/wp\/v2\/pages\/55\/revisions"}],"predecessor-version":[{"id":885,"href":"https:\/\/webmaibinh.com\/w\/dochoixe12011\/wp-json\/wp\/v2\/pages\/55\/revisions\/885"}],"wp:attachment":[{"href":"https:\/\/webmaibinh.com\/w\/dochoixe12011\/wp-json\/wp\/v2\/media?parent=55"}],"curies":[{"name":"wp","href":"https:\/\/api.w.org\/{rel}","templated":true}]}}