{"id":241,"date":"2018-09-11T02:18:09","date_gmt":"2018-09-11T02:18:09","guid":{"rendered":"http:\/\/didongthongminh.local\/?post_type=product&#038;p=241"},"modified":"2018-09-11T02:21:00","modified_gmt":"2018-09-11T02:21:00","slug":"apple-watch-series-3-lte-42mm-cu-dong-ho-thong-minh-chinh-hang-sao-chep","status":"publish","type":"product","link":"https:\/\/webmaibinh.com\/w\/dienthoai2011\/san-pham\/apple-watch-series-3-lte-42mm-cu-dong-ho-thong-minh-chinh-hang-sao-chep\/","title":{"rendered":"Apple Watch Series 3 LTE 42mm c\u0169 <span>\u0111\u1ed3ng h\u1ed3 th\u00f4ng minh ch\u00ednh h\u00e3ng<\/span>"},"content":{"rendered":"<p>Xin ch\u00e0o c\u00e1c b\u1ea1n \u0111\u00e3 quay tr\u1edf l\u1ea1i v\u1edbi dReviews, ng\u00e0y h\u00f4m nay s\u1ebd b\u00e0n v\u1ec1 1 m\u00f3n ph\u1ee5 ki\u1ec7n tr\u00ean tay m\u00ecnh \u0111\u00f3 ch\u00ednh l\u00e0 Apple watch series 3 phi\u00ean b\u1ea3n LTE v\u00e0 \u0111i\u1ec3m nh\u1eadn d\u1ea1ng phi\u00ean b\u1ea3n LTE n\u00e0y th\u00ec \u1edf ph\u00edm digital crown s\u1ebd c\u00f3 m\u00e0u \u0111\u1ecf c\u00e1c b\u1ea1n nh\u00e9!. v\u00e0 trong b\u00e0i vi\u00e9t n\u00e0y m\u00ecnh s\u1ebd \u0111\u00e1nh gi\u00e1 chi ti\u1ebft v\u1ec1 chi\u1ebfc \u0111\u1ed3ng h\u1ed3 th\u00f4ng minh n\u00e0y v\u00e0 n\u00f3 \u0111ang c\u00f3 gi\u00e1 8.390K t\u1ea1i D\u0110TM. Tuy nhi\u00ean c\u00e1c b\u1ea1n s\u1ebd c\u00f3 1 code \u0111\u00f3 ch\u00ednh l\u00e0 Awatch3 \u0111\u1ec3 \u0111\u01b0\u1ee3c gi\u1ea3m tr\u1ef1c ti\u1ebfp 500K, c\u00f2n b\u00e2y gi\u1edd ch\u00fang ta c\u00f9ng nhau \u0111i ph\u00e2n t\u00edch v\u1ec1 chi\u1ebfc AWatch series 3 n\u00e0y xem n\u00f3 c\u00f3 \u0111ang mua kh\u00f4ng nh\u1edb.<\/p>\n<p><img loading=\"lazy\" class=\"aligncenter wp-image-44409\" src=\"https:\/\/cdn.didongthongminh.vn\/upload_images\/2018\/07\/apple-watch.jpg\" sizes=\"(max-width: 700px) 100vw, 700px\" srcset=\"https:\/\/cdn.didongthongminh.vn\/upload_images\/2018\/07\/apple-watch.jpg 769w, https:\/\/cdn.didongthongminh.vn\/upload_images\/2018\/07\/apple-watch-300x169.jpg 300w, https:\/\/cdn.didongthongminh.vn\/upload_images\/2018\/07\/apple-watch-768x431.jpg 768w, https:\/\/cdn.didongthongminh.vn\/upload_images\/2018\/07\/apple-watch-600x337.jpg 600w\" alt=\"\" width=\"700\" height=\"393\" \/><\/p>\n<p><strong>K\u1ebft n\u1ed1i\u00a0Apple watch series 3 v\u1edbi iPhone<\/strong><\/p>\n<p>\u0110\u1ea7u ti\u00ean th\u00ec c\u00e1c b\u1ea1n s\u1ebd ph\u1ea3i c\u00f3 1 c\u00e1i iPhone \u0111\u1ec3 c\u00f3 th\u1ec3 k\u1ebft n\u1ed1i v\u1edbi chi\u1ebfc \u0111\u1ed3ng h\u1ed3 n\u00e0y d\u1ec5 d\u00e0ng, c\u00f9ng v\u1edbi \u0111\u00f3 th\u00ec iPhone c\u0169ng ph\u1ea3i \u0111\u01b0\u1ee3c update iOS 11 tr\u1edf l\u00ean. C\u00e1ch k\u1ebft n\u1ed1i r\u1ea5t \u0111\u01a1n gi\u1ea3n, iPhone c\u1ee7a b\u1ea1n c\u1ea7n \u0111\u01b0\u1ee3c k\u1ebft n\u1ed1i m\u1ea1ng v\u00e0 \u0111\u1ed3ng h\u1ed3 c\u1ee7a b\u1ea1n ph\u1ea3i s\u1ea1c \u0111\u1ea7y h\u01a1n 50% nh\u00e9!\u00a0Ti\u1ebfp theo th\u00ec b\u1ea1n v\u00e0o app WATch tr\u00ean iPhone v\u00e0 b\u1eaft \u0111\u1ea7u gh\u00e9p \u0111\u00f4i, \u1edf \u0111\u00e2y n\u00f3 s\u1ebd hi\u1ec7n m\u1ed9t b\u1ed9 qu\u00e9t m\u1eb7t c\u1ee7a chi\u1ebfc \u0111\u1ed3ng h\u1ed3 nh\u01b0 m\u00e3 QR sau \u0111\u00f3 c\u1ea5p quy\u1ec1n truy c\u1eadp v\u00e0 \u0111\u1ed3ng \u00fd v\u1edbi 1 s\u1ed1 \u0111i\u1ec1u kho\u1ea3n v\u00e0 ch\u1ec9 vi\u1ec7c ng\u1ed3i ch\u1edd qu\u00e1 tr\u00ecnh \u0111\u1ed3ng b\u1ed9 c\u00e1c app t\u1eeb iPhone c\u1ee7a b\u1ea1n v\u00e0o \u0111\u1ed3ng h\u1ed3 m\u00e0 th\u00f4i.<\/p>\n<p><img loading=\"lazy\" class=\"aligncenter wp-image-44415\" src=\"https:\/\/cdn.didongthongminh.vn\/upload_images\/2018\/07\/apple-watch-1.jpg\" sizes=\"(max-width: 700px) 100vw, 700px\" srcset=\"https:\/\/cdn.didongthongminh.vn\/upload_images\/2018\/07\/apple-watch-1.jpg 767w, https:\/\/cdn.didongthongminh.vn\/upload_images\/2018\/07\/apple-watch-1-300x166.jpg 300w, https:\/\/cdn.didongthongminh.vn\/upload_images\/2018\/07\/apple-watch-1-600x332.jpg 600w\" alt=\"\" width=\"700\" height=\"388\" \/><\/p>\n<p><strong>Qu\u00e1 tr\u00ecnh gh\u00e9p \u0111\u00f4i t\u1eeb \u0111i\u1ec7n tho\u1ea1i v\u1edbi\u00a0Apple watch series 3 r\u1ea5t nhanh ch\u00f3ng<\/strong><\/p>\n<p>Ti\u1ebfp \u0111\u1ebfn th\u00ec m\u00ecnh c\u0169ng gi\u1ea3i th\u00edch 1 s\u1ed1 nh\u1eefng ph\u00edm c\u01a1 b\u1ea3n tr\u00ean chi\u1ebfc \u0111\u1ed3ng h\u1ed3 n\u00e0y th\u00ec \u0111\u1ea7u ti\u00ean s\u1ebd c\u00f3 ph\u00edmdigital crown m\u00ecnh \u0111\u00e3 n\u00f3i \u0111\u1ebfn \u1edf l\u00fac \u0111\u1ea7u, ph\u00edm n\u00e0y c\u00f3 ch\u1ee9c n\u0103ng l\u00e0 b\u1ea1n \u1ea5n 1 l\u1ea7n n\u00f3 s\u1ebd hi\u1ec7n t\u1ea5t c\u1ea3 c\u00e1c app m\u00e0 n\u00f3 t\u01b0\u01a1ng th\u00edch v\u1edbi iPhone c\u1ee7a b\u1ea1n. Gi\u1eef th\u00ec b\u1ea1n s\u1ebd tri\u1ec7u h\u1ed3i \u0111\u01b0\u1ee3c Siri. Ngo\u00e0i ra th\u00ec n\u00f3 c\u00f3 th\u1ec3 xoay cu\u1ed9n \u0111\u1ec3 zoom, hay roll. C\u00f2n 1 ph\u00edm \u1edf d\u01b0\u1edbi m\u00ecnh g\u1ecdi n\u00f4m na l\u00e0 ph\u00edm \u0111a nhi\u1ec7m \u0111i, th\u00ec khi \u1ea5n 1 l\u1ea7n n\u00f3 s\u1ebd hi\u1ec7n Dock, nh\u1ea5n 2 l\u1ea7n th\u00ec ta s\u1ebd c\u00f3 apple pay v\u00e0 gi\u1eef ph\u00edm n\u00e0y ta s\u1ebd c\u00f3 th\u1ec3 t\u1eaft b\u1eadt ngu\u1ed3n v\u00e0 g\u1ecdi kh\u1ea9n c\u1ea5p.<\/p>\n<p><img loading=\"lazy\" class=\"wp-image-44417 aligncenter\" src=\"https:\/\/cdn.didongthongminh.vn\/upload_images\/2018\/07\/apple-watch-2.jpg\" sizes=\"(max-width: 700px) 100vw, 700px\" srcset=\"https:\/\/cdn.didongthongminh.vn\/upload_images\/2018\/07\/apple-watch-2.jpg 766w, https:\/\/cdn.didongthongminh.vn\/upload_images\/2018\/07\/apple-watch-2-300x169.jpg 300w, https:\/\/cdn.didongthongminh.vn\/upload_images\/2018\/07\/apple-watch-2-600x338.jpg 600w\" alt=\"\" width=\"700\" height=\"395\" \/><\/p>\n<p><strong>Ph\u00edm\u00a0<\/strong><strong>digital crown<\/strong>\u00a0<strong>Apple watch series 3<\/strong><\/p>\n<p>\u1ede \u0111\u00e2y m\u00ecnh d\u00f9ng c\u0169ng kh\u00f4ng nhi\u1ec1u app l\u1eafm nh\u01b0ng m\u00e0 c\u00f3 th\u1ec3 th\u1ea5y nhaccuatui hay imess, g\u1ecdi \u0111i\u1ec7n, messenger faebook, viber c\u0169ng \u0111\u01b0\u1ee3c \u0111\u1ed3ng b\u1ed9 v\u00e0 ch\u00fang ta s\u1ebd nh\u1eadn \u0111\u01b0\u1ee3c th\u00f4ng b\u00e1o khi c\u00f3 \u0111i\u1ec7n tho\u1ea1i ho\u1eb7c tin nh\u1eafn. V\u00e0 \u0111\u01b0\u01a1ng nhi\u00ean c\u00e1c b\u1ea1n c\u00f3 th\u1ec3 nghe g\u1ecdi lu\u00f4n th\u00f4ng qua c\u1ed5ng mic v\u00e0 c\u00f4ng loa \u1edf \u0111\u00e2y, ch\u1ea5t l\u01b0\u1ee3ng \u00e2m thanh m\u00ecnh th\u1ea5y l\u00e0 r\u1ea5t \u1ed5n,\u00a0tuy nhi\u00ean th\u00ec c\u1ed5ng mic r\u1ea5t nh\u1ea1y, n\u00ean ch\u1ec9 c\u1ea7n \u1edf trong mo\u00f4i tr\u01b0\u1eddng qu\u00e1 \u1ed3n th\u00ec kh\u00f3 c\u00f3 th\u1ec3 thu \u0111\u1ea7y \u0111\u1ee7 nh\u1eefng l\u1eddi b\u1ea1n v\u1eeba n\u00f3i m\u00e0 ch\u1eafc ch\u1eafn s\u1ebd c\u00f3 t\u1ea1p \u00e2m v\u00e0 \u1ea3nh h\u01b0\u1edfng \u0111\u1ebfn n\u1ed9i dung c\u1ee7a vi\u1ec7c tr\u1ea3 l\u1eddi tin nh\u1eafn.<\/p>\n<p>Th\u00ec \u0111\u00e2y l\u00e0 phi\u00ean b\u1ea3n series 3 b\u1ea3n 42, ngo\u00e0i ra th\u00ec c\u00e1c b\u1ea1n c\u0169ng c\u00f3 th\u1ec3 l\u1ef1a ch\u1ecdn cho m\u00ecnh b\u1ea3n 38 tuy nhi\u00ean th\u00ec theo m\u00ecnh th\u1ea5y l\u00e0 b\u1ea3n 38 ph\u00f9 h\u1ee3p h\u01a1n v\u1edbi nh\u1eefng b\u1ea1n c\u00f3 c\u1ed5 tay th\u1ef1c s\u1ef1 nh\u1ecf c\u00f2n kh\u00f4ng th\u00ec khi \u0111eo n\u00f3 b\u1ecb h\u1ee5t r\u1ea5t l\u00e0 nhi\u1ec1u. Ti\u1ebfp \u0111\u1ebfn th\u00ec phi\u00ean b\u1ea3n m\u00ecnh \u0111ang d\u00f9ng l\u00e0 phi\u00ean b\u1ea3n basic nh\u1ea5t v\u1edbi ch\u1ea5t li\u1ec7u m\u00e1y \u0111\u01b0\u1ee3c l\u00e0m b\u1eb1ng nh\u00f4m aluminum v\u00e0 d\u00e2y \u0111eo m\u00e0u \u0111en b\u1eb1ng cao su. Ph\u1ea7n d\u00e2y cao su n\u00e0y c\u00e1c b\u1ea1n c\u00f3 th\u1ec3 mua l\u1ebb \u1edf ngo\u00e0i c\u00f3 r\u1ea5t nhi\u1ec1u m\u00e0u v\u00e0 ch\u1ea5t li\u1ec7u,\u00a0th\u00e1o ra l\u1eafp v\u00e0o v\u1ec7 sinh tho\u1ea3i m\u00e1i v\u00e0 c\u1ef1c k\u00ec ch\u1eafc ch\u1eafn. M\u00e0n h\u00ecnh AMOLED hi\u1ec3n th\u1ecb sinh \u0111\u1ed9ng r\u1ef1c r\u1ee1 mang l\u1ea1i v\u1ebb tr\u1ebb trung n\u0103ng \u0111\u1ed9ng n\u00ean c\u00e1c b\u1ea1n l\u01b0u \u00fd l\u00e0 n\u1ebfu c\u00f3 th\u1eddi gian th\u00ec n\u00ean d\u00e1n m\u00e0n h\u00ecnh n\u00e0y l\u1ea1i \u0111\u1ec3 b\u1ea3o v\u1ec7 em n\u00f3 nh\u1edb.<\/p>\n<p><img loading=\"lazy\" class=\"wp-image-44424 aligncenter\" src=\"https:\/\/cdn.didongthongminh.vn\/upload_images\/2018\/07\/apple-watch-3.jpg\" sizes=\"(max-width: 700px) 100vw, 700px\" srcset=\"https:\/\/cdn.didongthongminh.vn\/upload_images\/2018\/07\/apple-watch-3.jpg 766w, https:\/\/cdn.didongthongminh.vn\/upload_images\/2018\/07\/apple-watch-3-300x168.jpg 300w, https:\/\/cdn.didongthongminh.vn\/upload_images\/2018\/07\/apple-watch-3-600x336.jpg 600w\" alt=\"\" width=\"700\" height=\"392\" \/><\/p>\n<p>Ti\u1ebfp theo th\u00ec phi\u00ean b\u1ea3n n\u00e0y l\u00e0 phi\u00ean b\u1ea3n LTE n\u00f3 \u0111\u01b0\u1ee3c t\u00edch h\u1ee3p eSim \u1edf b\u00ean trong \u0111\u1ec3 c\u00f3 th\u1ec3 s\u1eed d\u1ee5ng \u0111\u01b0\u1ee3c d\u1eef li\u1ec7u di \u0111\u1ed9ng\u00a0nh\u01b0ng tuy nhi\u00ean th\u00ec c\u00e1c nh\u00e0 m\u1ea1ng t\u1ea1i VN v\u1eabn ch\u01b0a h\u1ed7 tr\u1ee3 lo\u1ea1i sim n\u00e0y n\u00ean bu\u1ed9c ch\u00fang ta v\u1eabn ph\u1ea3i k\u1ebft n\u1ed1i iPhone trong b\u00e1n k\u00ednh kho\u1ea3ng 10m \u0111\u1ec3 ch\u1eafc ch\u1eafn r\u1eb1ng \u0111\u1ed3ng h\u1ed3 c\u1ee7a b\u1ea1n c\u00f3 th\u1ec3 nh\u1eadn \u0111\u01b0\u1ee3c th\u00f4ng b\u00e1o khi c\u1ea7n. V\u00e0 m\u1eb7c d\u00f9 t\u1ea1i VN k d\u00f9ng \u0111\u01b0\u1ee3c esim nh\u01b0ng h\u1ea7u h\u1ebft h\u01a1n 140 qu\u1ed1c gia \u0111\u00e3 c\u00f3 th\u1ec3 s\u1eed d\u1ee5ng esim n\u00ean n\u1ebfu b\u1ea1n l\u00e0 ph\u00f3ng vi\u00ean th\u01b0\u1eddng tr\u00fa hay du h\u1ecdc sinh ho\u00e0n to\u00e0n c\u00f3 th\u1ec3 trang b\u1ecb cho m\u00ecnh m\u00f3n ph\u1ee5 ki\u1ec7n n\u00e0y v\u00e0 hy v\u1ecdng trong th\u1eddi gian t\u1edbi c\u00e1c nh\u00e0 m\u1ea1ng vi\u1ec7t nam s\u1ebd \u0111\u00e0m ph\u00e1n v\u1ec1 vi\u1ec7c s\u1eed d\u1ee5ng esim \u0111\u1ec3 vi\u1ec7c s\u1eed d\u1ee5ng c\u00e1c s\u1ea3n ph\u1ea9m c\u1ee7a apple \u0111\u01b0\u1ee3c t\u1ed1i \u01b0u h\u1ebft hi\u1ec7u su\u1ea5t.<\/p>\n<p><img loading=\"lazy\" class=\"wp-image-44427 aligncenter\" src=\"https:\/\/cdn.didongthongminh.vn\/upload_images\/2018\/07\/apple-watch-4.jpg\" sizes=\"(max-width: 700px) 100vw, 700px\" srcset=\"https:\/\/cdn.didongthongminh.vn\/upload_images\/2018\/07\/apple-watch-4.jpg 767w, https:\/\/cdn.didongthongminh.vn\/upload_images\/2018\/07\/apple-watch-4-300x164.jpg 300w, https:\/\/cdn.didongthongminh.vn\/upload_images\/2018\/07\/apple-watch-4-600x329.jpg 600w\" alt=\"\" width=\"700\" height=\"383\" \/><\/p>\n<p><strong>Nh\u1eefng \u1ee9ng d\u1ee5ng ho\u1ea1t \u0111\u1ed9ng v\u1ec1 vi\u1ec7c \u0111i\u1ec1u khi\u1ec3n nh\u1ecbp th\u1edf, nh\u1ecbp tim, ch\u1ea1y b\u1ed9 hay v\u00e0 theo d\u00f5i target<\/strong><\/p>\n<p>Ti\u1ebfp \u0111\u1ebfn v\u1ec1 m\u00e0n h\u00ecnh th\u00ec c\u00e1c b\u1ea1n c\u00f3 th\u1ec3 l\u1ef1a ch\u1ecdn \u0111\u01b0\u1ee3c kh\u00e1 nhi\u1ec1u lo\u1ea1i \u0111\u1ed3ng h\u1ed3 nh\u01b0 \u0111\u1ed3ng h\u1ed3 kim classic hay \u0111\u1ed3ng h\u1ed3 s\u1ed1 \u0111i\u1ec7n t\u1eed b\u1eb1ng nh\u1eefng thao t\u00e1c r\u1ea5t \u0111\u01a1n gi\u1ea3n. B\u00ean c\u1ea1nh \u0111\u00f3 ch\u00fang ta \u0111\u01b0\u1ee3c nh\u1eafc \u00a0t\u1eeb nh\u1eefng \u1ee9ng d\u1ee5ng\u00a0<b>ho\u1ea1t \u0111\u1ed9ng<\/b>\u00a0v\u1ec1 vi\u1ec7c \u0111i\u1ec1u khi\u1ec3n nh\u1ecbp th\u1edf, nh\u1ecbp tim, ch\u1ea1y b\u1ed9 hay v\u00e0 theo d\u00f5i target c\u1ee7a ch\u00fang ta theo t\u1eebng ng\u00e0y r\u1ea5t ph\u00f9 h\u1ee3p v\u1edbi nh\u1eefng b\u1ea1n \u0111ang trong ch\u1ebf \u0111\u1ed9 gi\u1ea3m c\u00e2n, t\u1eadp gym hay cho c\u1ea3 c\u00e1c PT t\u1ea1i trung t\u00e2m t\u1eadp luy\u1ec7n.Ch\u1ee9c n\u0103ng ti\u1ebfp theo m\u00ecnh c\u0169ng th\u1ea5y kh\u00e1 l\u00e0 th\u00fa v\u1ecb \u0111\u00f3 ch\u00ednh l\u00e0 ch\u1ee5p \u1ea3nh th\u00f4ng qua Awatch n\u00e0y. Ch\u1eafc ch\u1eafn c\u00e1c b\u1ea1n \u0111\u00e3 t\u1eebng \u0111i theo nh\u00f3m v\u00e0 mu\u1ed1n c\u00f3 1 b\u1ee9c \u1ea3nh t\u1eadp th\u1ec3 nh\u01b0ng l\u1ea1i ph\u1ea3i nh\u1edd ng\u01b0\u1eddi \u0111i \u0111\u01b0\u1eddng hay nh\u00e2n vi\u00ean t\u1ea1i qu\u00e1n \u0103n ch\u1ee5p h\u1ed9 \u0111\u00fang ko?\u00a0B\u00e2y gi\u1edd khi c\u00f3 Awatch trong tay, ch\u00fang ta ch\u1ec9 c\u1ea7n fix g\u00f3c ch\u1ee5p v\u00e0 capture ngay trong chi\u1ebfc \u0111\u1ed3ng h\u1ed3 n\u00e0y l\u00e0 \u0111\u00e3 c\u00f3 nh\u1eefng b\u1ee9c h\u00ecnh \u01b0ng \u00fd nh\u1ea5t r\u1ed3i.V\u00e0 n\u1ebfu nh\u01b0 b\u1ea1n l\u00e0 fan c\u1ee7a Apple h\u00e3y trang b\u1ecb th\u00eam tai nghe bluetooth c\u00f3 th\u1ec3 l\u00e0 Airpod luoon cho \u0111\u1ed3ng b\u1ed9 \u0111\u1ec3 nghe nh\u1ea1c tr\u00ean chi\u1ebfc Awatch n\u00e0y, v\u1eabn \u0111\u01b0\u1ee3c h\u1ed7 tr\u1ee3 c\u00e1c app nghe nh\u1ea1c itunes hay nhaccuatui\u2026<\/p>\n<p>\u0110\u00e1nh gi\u00e1 th\u00eam 1 ch\u00fat v\u1ec1 siri tr\u00ean Awatch n\u00e0y th\u00ec h\u1ed7 tr\u1ee3 nh\u1eadn di\u1ec7n gi\u1ecdng n\u00f3i c\u1ef1c chu\u1ea9n, nhanh h\u01a1n so v\u1edbi c\u00e1c phi\u00ean b\u1ea3n kh\u00e1c kh\u00e1 nhi\u1ec1u, ngay c\u1ea3 \u0111\u1ebfn c\u00f4ng c\u1ee5 tr\u1ea3 l\u1eddi tin nh\u1eafn b\u1eb1ng imess c\u0169ng nh\u1eadn di\u1ec7n gi\u1ecdng n\u00f3i ti\u1ebfng vi\u1ec7t r\u1ea5t chu\u1ea9n. Th\u00eam n\u1eefa l\u00e0 t\u00ednh n\u0103ng ch\u1ed1ng n\u01b0\u1edbc v\u00e0 \u0111\u1ea9y n\u01b0\u1edbc ra kh\u1ecfi chi\u1ebfc Awatch n\u00e0y, ch\u00fang ta m\u1edf ph\u1ea7n icon h\u00ecnh \u201cgi\u1ecdt n\u01b0\u1edbc\u201d v\u00e0 cu\u1ed9n ph\u00edm digital crown, to\u00e0n b\u1ed9 n\u01b0\u1edbc s\u1ebd \u0111\u01b0\u1ee3c \u0111\u1ea9y ra ngo\u00e0i qua c\u00e1c l\u1ed7 tho\u00e1t.<\/p>\n<p><img loading=\"lazy\" class=\"size-full wp-image-44429 aligncenter\" src=\"https:\/\/cdn.didongthongminh.vn\/upload_images\/2018\/07\/apple-watch-5.jpg\" sizes=\"(max-width: 762px) 100vw, 762px\" srcset=\"https:\/\/cdn.didongthongminh.vn\/upload_images\/2018\/07\/apple-watch-5.jpg 762w, https:\/\/cdn.didongthongminh.vn\/upload_images\/2018\/07\/apple-watch-5-300x170.jpg 300w, https:\/\/cdn.didongthongminh.vn\/upload_images\/2018\/07\/apple-watch-5-600x340.jpg 600w\" alt=\"\" width=\"762\" height=\"432\" \/><\/p>\n<p><strong>Kh\u1ea3 n\u0103ng ch\u1ed1ng n\u01b0\u1edbc tr\u00ean\u00a0Apple watch series 3 l\u00e0 r\u1ea5t t\u1ed1t<\/strong><\/p>\n<p>V\u00e0 1 \u0111i\u1ec3m c\u1ed9ng n\u1eefa tr\u00ean chi\u1ebfc Awatch n\u00e0y \u0111\u00f3 ch\u00ednh l\u00e0 dung l\u01b0\u1ee3ng pin, ho\u1ea1t \u0111\u1ed9ng m\u1ea1nh m\u1ebd h\u01a1n nh\u01b0ng vi\u00ean pin c\u00f3 th\u1ec3 s\u1eed d\u1ee5ng \u0111\u1ebfn h\u01a1n 2 ng\u00e0y, m\u00ecnh \u0111\u00e3 s\u1eed d\u1ee5ng em n\u00f3 \u0111\u01b0\u1ee3c 1 tu\u1ea7n r\u1ed3i v\u00e0 th\u1eddi gian s\u1ea1c c\u0169ng kh\u00e1 l\u00e0 nhanh.\u00a0Ch\u00fang ta s\u1ebd c\u00f3 1 s\u1ea1c kh\u00f4ng d\u00e2y ch\u1ec9 c\u1ea7n \u0111\u1eb7t Awatch, s\u1ea1c s\u1ebd h\u00fat m\u1eb7t \u0111\u00f2ng h\u1ed3 l\u1ea1i nh\u1edd t\u1eeb t\u00ednh c\u1ee7a nam ch\u00e2m.<\/p>\n<p>V\u00e0 l\u00ed do cu\u1ed1i c\u00f9ng, n\u1ebfu b\u1ea1n \u0111ang s\u1eed d\u1ee5ng 1 h\u1ec7 sinh th\u00e1i c\u1ee7a Apple t\u1eeb\u00a0<em><strong>iPhone<\/strong><\/em>,\u00a0<em><strong>iPad<\/strong><\/em>\u00a0\u0111\u1ebfn Mac h\u00e3y Macbook th\u00ec \u0111\u1eebng ng\u1ea7n ng\u1ea1i trang b\u1ecb th\u00eam em Awatch S3 n\u00e0y v\u00ec n\u00f3 l\u00e0 chi\u1ebfc \u0111\u1ed3ng h\u1ed3 t\u1ed1t nh\u1ea5t<\/p>\n","protected":false},"excerpt":{"rendered":"<p>\u2665\u00a0Gi\u1ea3m tr\u1ef1c ti\u1ebfp 100k khi mua\u00a0<strong>Combo Apple Watch + tai nghe AirPods<\/strong><\/p>\n<p>\u2665\u00a0B\u1ea3o h\u00e0nh<strong>\u00a012 th\u00e1ng ! 1 \u0111\u1ed5i 1 trong 15 ng\u00e0y<\/strong><\/p>\n<p>\u2665\u00a0T\u1eb7ng\u00a0<strong>cable Apple Watch Magnetic Charging<\/strong>\u00a0tr\u1ecb gi\u00e1 1.000.000 vn\u0111<\/p>\n<p>\u2665\u00a0T\u1eb7ng\u00a0<strong>k\u00ednh c\u01b0\u1eddng l\u1ef1c Full Screen<\/strong>\u00a0tr\u1ecb gi\u00e1 100.000 vn\u0111<\/p>\n","protected":false},"featured_media":240,"comment_status":"open","ping_status":"closed","template":"","meta":[],"_links":{"self":[{"href":"https:\/\/webmaibinh.com\/w\/dienthoai2011\/wp-json\/wp\/v2\/product\/241"}],"collection":[{"href":"https:\/\/webmaibinh.com\/w\/dienthoai2011\/wp-json\/wp\/v2\/product"}],"about":[{"href":"https:\/\/webmaibinh.com\/w\/dienthoai2011\/wp-json\/wp\/v2\/types\/product"}],"replies":[{"embeddable":true,"href":"https:\/\/webmaibinh.com\/w\/dienthoai2011\/wp-json\/wp\/v2\/comments?post=241"}],"wp:featuredmedia":[{"embeddable":true,"href":"https:\/\/webmaibinh.com\/w\/dienthoai2011\/wp-json\/wp\/v2\/media\/240"}],"wp:attachment":[{"href":"https:\/\/webmaibinh.com\/w\/dienthoai2011\/wp-json\/wp\/v2\/media?parent=241"}],"curies":[{"name":"wp","href":"https:\/\/api.w.org\/{rel}","templated":true}]}}