{"id":192,"date":"2018-09-10T09:49:38","date_gmt":"2018-09-10T09:49:38","guid":{"rendered":"http:\/\/didongthongminh.local\/?post_type=product&#038;p=192"},"modified":"2018-09-10T09:51:04","modified_gmt":"2018-09-10T09:51:04","slug":"samsung-galaxy-s8-plus-cu-99-han-quoc-dep-nhu-moi-nguyen-ap-suat","status":"publish","type":"product","link":"https:\/\/webmaibinh.com\/w\/dienthoai2011\/san-pham\/samsung-galaxy-s8-plus-cu-99-han-quoc-dep-nhu-moi-nguyen-ap-suat\/","title":{"rendered":"Samsung Galaxy S8 Plus c\u0169 99% H\u00e0n Qu\u1ed1c<span> \u0110\u1eb9p nh\u01b0 m\u1edbi, nguy\u00ean \u00e1p su\u1ea5t<\/span>"},"content":{"rendered":"<p>C\u00e1c b\u1ea1n \u0111ang ph\u00e2n v\u00e2n kh\u00f4ng bi\u1ebft ch\u1ecdn mua chi\u1ebfc \u0111i\u1ec7n tho\u1ea1i n\u00e0o,\u00a0khi m\u00e0 phi\u00ean b\u1ea3n m\u1edbi 100% d\u00f9 nh\u1eadp kh\u1ea9u hay ch\u00ednh h\u00e3ng d\u00e0nh cho chi\u1ebfc Samsung S8 Plus \u0111\u1ec1u \u0111ang c\u00f3 m\u1ee9c gi\u00e1 r\u1ea5t \u0111\u1eaft \u0111\u1ecf th\u00ec ch\u1eafc ch\u1eafn nh\u1eefng chi\u1ebfc \u0111i\u1ec7n tho\u1ea1i \u0111\u00e3 qua s\u1eed d\u1ee5ng s\u1ebd l\u00e0 l\u1ef1a ch\u1ecdn ho\u00e0n h\u1ea3o cho ch\u00fang ta v\u1edbi gi\u00e1 th\u00e0nh t\u1ed1t h\u01a1n r\u1ea5t nhi\u1ec1u nh\u01b0ng v\u1eabn cho tr\u1ea3i nghi\u1ec7m t\u01b0\u01a1ng \u0111\u01b0\u01a1ng.\u00a0N\u1ebfu nh\u01b0 c\u00e1c b\u1ea1n v\u1eabn c\u00f2n \u0111ang ph\u00e2n v\u00e2n v\u1ec1 ch\u1ea5t l\u01b0\u1ee3ng s\u1ea3n ph\u1ea9m th\u00ec h\u00e3y c\u00f9ng t\u00ecm hi\u1ec3u s\u00e2u h\u01a1n v\u1ec1 \u0111i\u1ec7n tho\u1ea1i\u00a0<em><strong>Samsung Galaxy S8 Plus H\u00e0n c\u0169<\/strong><\/em>\u00a0\u0111ang \u0111\u01b0\u1ee3c b\u00e1n t\u1ea1i Di \u0110\u1ed9ng Th\u00f4ng Minh \u0111\u1ec3 xem chi\u1ebfc \u0111i\u1ec7n tho\u1ea1i n\u00e0y c\u00f3 \u0111ang mua hay kh\u00f4ng qua b\u00e0i vi\u1ebft d\u01b0\u1edbi \u0111\u00e2y nh\u00e9.<\/p>\n<p><img loading=\"lazy\" class=\"wp-image-53279 aligncenter\" src=\"https:\/\/cdn.didongthongminh.vn\/upload_images\/2018\/08\/Galaxy-S8-8.jpg\" sizes=\"(max-width: 700px) 100vw, 700px\" srcset=\"https:\/\/cdn.didongthongminh.vn\/upload_images\/2018\/08\/Galaxy-S8-8.jpg 1000w, https:\/\/cdn.didongthongminh.vn\/upload_images\/2018\/08\/Galaxy-S8-8-300x200.jpg 300w, https:\/\/cdn.didongthongminh.vn\/upload_images\/2018\/08\/Galaxy-S8-8-768x512.jpg 768w, https:\/\/cdn.didongthongminh.vn\/upload_images\/2018\/08\/Galaxy-S8-8-600x400.jpg 600w\" alt=\"\" width=\"700\" height=\"467\" \/><\/p>\n<p><em>Samsung Galaxy S8 Plus H\u00e0n c\u0169 \u0111ang \u0111\u01b0\u1ee3c b\u00e1n t\u1ea1i Di \u0110\u1ed9ng Th\u00f4ng Minh<\/em><\/p>\n<p><b>1. \u0110i\u1ec7n tho\u1ea1i Samsung Galaxy S8 Plus like new c\u00f3 kh\u00e1c g\u00ec so v\u1edbi m\u00e1y m\u1edbi 100%?<\/b><\/p>\n<p>\u0110i\u1ec3m kh\u00e1c bi\u1ec7t l\u1edbn nh\u1ea5t gi\u1eefa 2 phi\u00ean b\u1ea3n n\u00e0y ch\u00ednh n\u1eb1m \u1edf 2 ch\u1eef c\u0169 v\u00e0 m\u1edbi. Trong khi m\u00e1y m\u1edbi l\u00e0 m\u00e1y ch\u01b0a qua s\u1eed d\u1ee5ng, c\u00f3 \u0111\u1ea7y \u0111\u1ee7 ph\u1ee5 ki\u1ec7n k\u00e8m theo m\u1eb7c \u0111\u1ecbnh c\u1ee7a nh\u00e0 s\u1ea3n xu\u1ea5t th\u00ec m\u00e1y\u00a0<em><strong>Samsung Galaxy S8 Plus h\u00e0n likenew<\/strong><\/em>\u00a0l\u00e0 nh\u1eefng m\u00e1y \u0111\u00e3 qua s\u1eed d\u1ee5ng v\u00e0 th\u01b0\u1eddng ch\u1ec9 c\u00f3 m\u00e1y tr\u1ea7n. C\u00f2n v\u1ec1 ch\u1ea5t l\u01b0\u1ee3ng th\u00ec ho\u00e0n to\u00e0n t\u01b0\u01a1ng \u0111\u1ed3ng, m\u00e1y c\u00f3 \u0111\u1ea7y \u0111\u1ee7 c\u00e1c ch\u1ee9c n\u0103ng c\u0169ng nh\u01b0 h\u00ecnh th\u1ee9c g\u1ea7n nh\u01b0 m\u1edbi. \u0110\u1eb7c bi\u1ec7t c\u00e1c s\u1ea3n ph\u1ea9m Samsung S8 Plus t\u1ea1i Di \u0110\u1ed9ng Th\u00f4ng Minh \u0111\u1ec1u l\u00e0 nh\u1eefng m\u1eb7t h\u00e0ng \u0111\u01b0\u1ee3c tuy\u1ec3n ch\u1ecdn m\u1ed9t c\u00e1ch kh\u1eaft khe nh\u1ea5t, m\u00e1y c\u00f3 h\u00ecnh th\u1ee9c \u0111\u1eb9p long lanh nh\u01b0 m\u1edbi.<\/p>\n<p><img loading=\"lazy\" class=\"wp-image-53283 aligncenter\" src=\"https:\/\/cdn.didongthongminh.vn\/upload_images\/2018\/08\/Galaxy-S8-23.jpg\" sizes=\"(max-width: 700px) 100vw, 700px\" srcset=\"https:\/\/cdn.didongthongminh.vn\/upload_images\/2018\/08\/Galaxy-S8-23.jpg 999w, https:\/\/cdn.didongthongminh.vn\/upload_images\/2018\/08\/Galaxy-S8-23-300x191.jpg 300w, https:\/\/cdn.didongthongminh.vn\/upload_images\/2018\/08\/Galaxy-S8-23-768x489.jpg 768w, https:\/\/cdn.didongthongminh.vn\/upload_images\/2018\/08\/Galaxy-S8-23-600x382.jpg 600w\" alt=\"\" width=\"700\" height=\"446\" \/><\/p>\n<p><em>M\u00e0n h\u00ecnh v\u00f4 c\u1ef1c tr\u00ean Samsung Galaxy S8 Plus<\/em><\/p>\n<p>Khi mua\u00a0<em><strong>Samsung Galaxy S8 Plus h\u00e0n c\u0169<\/strong><\/em>\u00a0t\u1ea1i Di \u0110\u1ed9ng Th\u00f4ng Minh, b\u1ea1n s\u1ebd \u0111\u01b0\u1ee3c t\u1eb7ng k\u00e8m \u0111\u1ea7y \u0111\u1ee7 ph\u1ee5 ki\u1ec7n bao g\u1ed3m c\u1ee7 s\u1ea1c, cab nhanh fast charge ch\u1ea5t l\u01b0\u1ee3ng cao ch\u00ednh h\u00e3ng Samsung. C\u00f9ng v\u1edbi \u0111\u00f3 l\u00e0 b\u1ed9 qu\u00e0 t\u1eb7ng l\u00ean \u0111\u1ebfn 1 Tri\u1ec7u \u0111\u1ed3ng. C\u00e0i \u0111\u1eb7t ph\u1ea7n m\u1ec1m mi\u1ec5n ph\u00ed h\u1ed7 tr\u1ee3 c\u00e0i \u0111\u1eb7t 2 Sim. \u0110i\u1ec3m kh\u00e1c th\u1ee9 hai l\u00e0 gi\u00e1 Samsung Galaxy S8 Plus c\u0169 ch\u1eafc ch\u1eafn s\u1ebd h\u1ea5p d\u1eabn h\u01a1n r\u1ea5t nhi\u1ec1u so \u00a0v\u1edbi m\u00e1y m\u1edbi. Nh\u01b0 v\u1eady b\u1ea1n s\u1ebd \u00edt nh\u1ea5t ti\u1ebft ki\u1ec7m \u0111\u01b0\u1ee3c s\u1ed1 ti\u1ec1n l\u00ean \u0111\u1ebfn v\u00e0i tri\u1ec7u so v\u1edbi vi\u1ec7c mua m\u00e1y m\u1edbi nh\u01b0ng tr\u1ea3i nghi\u1ec7m v\u00e0 ch\u1ea5t l\u01b0\u1ee3ng m\u00e1y nh\u1eadn l\u1ea1i l\u00e0 ho\u00e0n to\u00e0n t\u01b0\u01a1ng \u0111\u01b0\u01a1ng. C\u00e1c th\u00f4ng s\u1ed1 k\u0129 thu\u1eadt gi\u1eefa 2 phi\u00ean b\u1ea3n c\u0169 v\u00e0 m\u1edbi l\u00e0 nh\u01b0 nhau, ch\u00fang \u0111\u1ec1u c\u00f3 m\u00e0n h\u00ecnh 2K QHD 5.8 inch, 4 GB RAM, 64 GB v\u00e0 6GB RAM, 128GB b\u1ed9 nh\u1edb trong, camera ch\u00ednh 12 MP kh\u1ea9u \u0111\u1ed9 F\/1.7, camera ph\u1ee5 5 MP, \u0111\u1ec1u ch\u1ed1ng n\u01b0\u1edbc v\u00e0 c\u00f3 vi\u00ean pin dung l\u01b0\u1ee3ng 3500 mAh k\u00e8m theo c\u00f4ng ngh\u1ec7 s\u1ea1c nhanh.<\/p>\n<p><b>2.Ch\u1ea5t l\u01b0\u1ee3ng Samsung Galaxy S8 Plus c\u0169 \u1edf DDTM c\u00f3 \u0111\u1ea3m b\u1ea3o?<\/b><\/p>\n<p>Di \u0110\u1ed9ng Th\u00f4ng Minh kh\u00f4ng ch\u1ec9 l\u00e0 m\u1ed9t \u0111\u01a1n v\u1ecb l\u1edbn ph\u00e2n ph\u1ed1i c\u00e1c d\u00f2ng m\u00e1y m\u1edbi 100% m\u00e0 c\u00f2n l\u00e0 m\u1ed9t \u0111\u1ecba ch\u1ec9 tin c\u1eady \u0111\u00e3 kh\u1eb3ng \u0111\u1ecbnh \u0111\u01b0\u1ee3c v\u1ecb th\u1ebf c\u1ee7a m\u00ecnh \u0111\u1ed1i v\u1edbi c\u00e1c thi\u1ebft b\u1ecb c\u0169 qua s\u1eed d\u1ee5ng v\u1edbi th\u01b0\u01a1ng hi\u1ec7u v\u00e0 ch\u1ea5t l\u01b0\u1ee3ng \u0111\u00e3 \u0111\u01b0\u1ee3c \u0111\u1ecbnh v\u1ecb . \u0110i\u1ec7n tho\u1ea1i\u00a0<em><strong>Samsung Galaxy S8 Plus h\u00e0n c\u0169<\/strong><\/em>\u00a0n\u00f3i ri\u00eang hay c\u00e1c m\u1eabu \u0111i\u1ec7n tho\u1ea1i c\u0169 n\u00f3i chung tr\u01b0\u1edbc khi \u0111\u1ebfn tay ng\u01b0\u1eddi d\u00f9ng \u0111\u1ec1u \u0111\u00e3 tr\u1ea3i qua nh\u1eefng kh\u00e2u ki\u1ec3m tra nghi\u00eam ng\u1eb7t nh\u1ea5t v\u1ec1 h\u00ecnh th\u1ee9c m\u00e1y \u0111\u1ea3m b\u1ea3o m\u00e1y \u0111\u1eb9p long lanh g\u1ea7n nh\u01b0 m\u1edbi.<\/p>\n<p><img loading=\"lazy\" class=\"wp-image-53286 aligncenter\" src=\"https:\/\/cdn.didongthongminh.vn\/upload_images\/2018\/08\/Galaxy-S8-20.jpg\" sizes=\"(max-width: 700px) 100vw, 700px\" srcset=\"https:\/\/cdn.didongthongminh.vn\/upload_images\/2018\/08\/Galaxy-S8-20.jpg 1000w, https:\/\/cdn.didongthongminh.vn\/upload_images\/2018\/08\/Galaxy-S8-20-300x200.jpg 300w, https:\/\/cdn.didongthongminh.vn\/upload_images\/2018\/08\/Galaxy-S8-20-768x512.jpg 768w, https:\/\/cdn.didongthongminh.vn\/upload_images\/2018\/08\/Galaxy-S8-20-600x400.jpg 600w\" alt=\"\" width=\"700\" height=\"467\" \/><\/p>\n<p><em>Samsung Galaxy S8 Plus c\u0169 b\u00e1n t\u1ea1i didongthongminh cam k\u1ebft ch\u00ednh h\u00e3ng, nguy\u00ean zin<\/em><\/p>\n<p>M\u00e1y \u0111\u01b0\u1ee3c cam k\u1ebft ch\u00ednh h\u00e3ng, nguy\u00ean Zin 100% Ph\u1ea7n m\u1ec1m, \u0111\u1eb7c bi\u1ec7t l\u00e0 ph\u1ea7n c\u1ee9ng, \u0111\u1ed9i ng\u0169 k\u0129 thu\u1eadt vi\u00ean s\u1ebd \u0111\u1ea3m b\u1ea3o c\u00e1c t\u00ednh n\u0103ng c\u1ee7a m\u00e1y ho\u1ea1t \u0111\u1ed9ng ho\u00e0n to\u00e0n \u1ed5n \u0111\u1ecbnh, kh\u00f4ng h\u1ec1 c\u00f3 b\u1ea5t k\u00ec m\u1ed9t hi\u1ec7n t\u01b0\u1ee3ng b\u1ea5t th\u01b0\u1eddng n\u00e0o \u1ea3nh h\u01b0\u1edfng \u0111\u1ebfn tr\u1ea3i nghi\u1ec7m c\u1ee7a ng\u01b0\u1eddi d\u00f9ng. Ngo\u00e0i ra, vi\u1ec7c mua th\u00eam c\u00e1c g\u00f3i b\u1ea3o h\u00e0nh c\u0169ng s\u1ebd gi\u00fap cho kh\u00e1ch h\u00e0ng y\u00ean t\u00e2m h\u01a1n r\u1ea5t nhi\u1ec1u khi m\u00e0 nh\u1eefng b\u1ed9 ph\u1eadn nh\u01b0 m\u00e0n h\u00ecnh, ngu\u1ed3n, v\u00e2n tay l\u00e0 nh\u1eefng th\u1ee9 \u0111\u1eaft \u0111\u1ecf nh\u1ea5t, chi ph\u00ed s\u1eeda c\u00f3 th\u1ec3 l\u00ean \u0111\u1ebfn 1\/3 gi\u00e1 tr\u1ecb c\u1ee7a m\u00e1y.<\/p>\n<p><b>3. Di \u0110\u1ed9ng Th\u00f4ng Minh c\u00f3 b\u00e1n tr\u1ea3 g\u00f3p Samsung Galaxy S8 Plus c\u0169?<\/b><\/p>\n<p>\u0110\u1ec3 t\u1ea1o m\u1ecdi \u0111i\u1ec1u ki\u1ec7n t\u1ed1t nh\u1ea5t cho kh\u00e1ch h\u00e0ng, DDTM c\u00f3 b\u00e1n Samsung Galaxy S8 Plus h\u00e0n c\u0169 d\u01b0\u1edbi h\u00ecnh th\u1ee9c tr\u1ea3 th\u1eb3ng v\u00e0 tr\u1ea3 g\u00f3p. N\u1ebfu b\u1ea1n kh\u00f4ng \u0111\u1ee7 kinh t\u1ebf \u0111\u1ec3 tr\u1ea3 th\u1eb1ng th\u00ec khi \u0111\u00f3 mua tr\u1ea3 g\u00f3p s\u1ebd l\u00e0 ph\u01b0\u01a1ng \u00e1n t\u1ed1t nh\u1ea5t. \u0110\u1ec3 mua tr\u1ea3 g\u00f3p Samsung Galaxy S8 Plus c\u0169, b\u1ea1n c\u1ea7n \u0111\u1ea1t tr\u00ean 20 tu\u1ed5i v\u00e0 c\u00f3 \u0111\u1ea7y \u0111\u1ee7 c\u00e1c gi\u1ea5y t\u1edd y\u00eau c\u1ea7u nh\u01b0 CMT, b\u1eb1ng l\u00e1i xe ho\u1eb7c s\u1ed5 h\u1ed9 kh\u1ea9u v\u00e0 ph\u1ea3i \u0111\u1ebfn tr\u1ef1c ti\u1ebfp c\u00e1c showroom c\u1ee7a DDTM tr\u00ean to\u00e0n qu\u1ed1c \u0111\u1ec3 l\u00e0m th\u1ee7 t\u1ee5c. Vi\u1ec7c mua tr\u1ea3 g\u00f3p t\u1ea1i \u0111\u00e2y ho\u00e0n to\u00e0n r\u1ea5t \u0111\u01a1n gi\u1ea3n, kh\u00f4ng r\u01b0\u1eddm r\u00e0 nhi\u1ec1u b\u01b0\u1edbc, k\u1ebft qu\u1ea3 h\u1ed3 s\u01a1 s\u1ebd \u0111\u01b0\u1ee3c tr\u1ea3 v\u1ec1 ch\u1ec9 trong v\u00f2ng 5-10 ph\u00fat.<\/p>\n","protected":false},"excerpt":{"rendered":"<p>? B\u1ed8 QU\u00c0 T\u1eb6NG TR\u1eca GI\u00c1 1.000.000 \u0111<\/p>\n<p><strong>\u270c<\/strong>\u00a0Mi\u1ec5n ph\u00ed mode phi\u00ean b\u1ea3n H\u00e0n th\u00e0nh b\u1ea3n 2 sim, ti\u1ec7n \u00edch g\u1ea5p \u0111\u00f4i ch\u1ec9 c\u00f3 t\u1ea1i Di \u0110\u1ed9ng Th\u00f4ng Minh tr\u1ecb gi\u00e1\u00a0<strong>500K<\/strong><\/p>\n<p><strong>\u270c<\/strong>\u00a0T\u1eb7ng s\u1ea1c nhanh quickcharge chu\u1ea9n Samsung v\u00e0 c\u00e1p type -C tr\u1ecb gi\u00e1\u00a0<strong>350K<\/strong><\/p>\n<p><strong>\u270c<\/strong>\u00a0T\u1eb7ng tai nghe samsung S7 tr\u1ecb gi\u00e1\u00a0<strong>150K<\/strong><\/p>\n<p><strong>\u270c<\/strong>\u00a0N\u00e2ng c\u1ea5p dCare+, dCareS &#8211; h\u01b0\u1edfng b\u1ea3o h\u00e0nh 12 th\u00e1ng c\u1ea3 r\u01a1i m\u00f3p (i)<\/p>\n<p><strong>\u270c<\/strong>\u00a0H\u1ed6 TR\u1ee2 TR\u1ea2 G\u00d3P 0% B\u1eb0NG TH\u1eba T\u00cdN D\u1ee4NG QUA VIMO MERCHANT<\/p>\n","protected":false},"featured_media":200,"comment_status":"open","ping_status":"closed","template":"","meta":[],"_links":{"self":[{"href":"https:\/\/webmaibinh.com\/w\/dienthoai2011\/wp-json\/wp\/v2\/product\/192"}],"collection":[{"href":"https:\/\/webmaibinh.com\/w\/dienthoai2011\/wp-json\/wp\/v2\/product"}],"about":[{"href":"https:\/\/webmaibinh.com\/w\/dienthoai2011\/wp-json\/wp\/v2\/types\/product"}],"replies":[{"embeddable":true,"href":"https:\/\/webmaibinh.com\/w\/dienthoai2011\/wp-json\/wp\/v2\/comments?post=192"}],"wp:featuredmedia":[{"embeddable":true,"href":"https:\/\/webmaibinh.com\/w\/dienthoai2011\/wp-json\/wp\/v2\/media\/200"}],"wp:attachment":[{"href":"https:\/\/webmaibinh.com\/w\/dienthoai2011\/wp-json\/wp\/v2\/media?parent=192"}],"curies":[{"name":"wp","href":"https:\/\/api.w.org\/{rel}","templated":true}]}}