{"id":182,"date":"2018-09-10T09:32:07","date_gmt":"2018-09-10T09:32:07","guid":{"rendered":"http:\/\/didongthongminh.local\/?post_type=product&#038;p=182"},"modified":"2018-09-10T09:32:44","modified_gmt":"2018-09-10T09:32:44","slug":"meizu-m5c-chinh-hang-2018-ram-2g-pin-3000mah-thiet-ke-sang-trong","status":"publish","type":"product","link":"https:\/\/webmaibinh.com\/w\/dienthoai2011\/san-pham\/meizu-m5c-chinh-hang-2018-ram-2g-pin-3000mah-thiet-ke-sang-trong\/","title":{"rendered":"Meizu M5c Ch\u00ednh H\u00e3ng 2018<span> Ram 2G, Pin 3000mah, thi\u1ebft k\u1ebf sang tr\u1ecdng<\/span>"},"content":{"rendered":"<p>\u0110\u00e1nh gi\u00e1 nhanh \u0111i\u1ec7n tho\u1ea1i Meizu M5C ch\u00ednh h\u00e3ng gi\u00e1 ch\u01b0a t\u1edbi 2 tri\u1ec7u \u0111\u1ed3ng<\/p>\n<p><iframe src=\"https:\/\/www.youtube.com\/embed\/SOOSDbxNGh4?feature=oembed\" width=\"660\" height=\"371\" frameborder=\"0\" allowfullscreen=\"allowfullscreen\"><\/iframe><\/p>\n<p>Thi\u1ebft k\u1ebf Meizu M5C ch\u1eafc ch\u1eafn, tuy\u1ec7t \u0111\u1eb9p<\/p>\n<p><img loading=\"lazy\" class=\"aligncenter\" src=\"https:\/\/cdn.didongthongminh.vn\/upload_images\/2018\/05\/Thiet-ke-m5c-1-1024x584.jpg\" sizes=\"(max-width: 660px) 100vw, 660px\" srcset=\"https:\/\/cdn.didongthongminh.vn\/upload_images\/2018\/05\/Thiet-ke-m5c-1-1024x584.jpg 1024w, https:\/\/cdn.didongthongminh.vn\/upload_images\/2018\/05\/Thiet-ke-m5c-1-300x171.jpg 300w, https:\/\/cdn.didongthongminh.vn\/upload_images\/2018\/05\/Thiet-ke-m5c-1-768x438.jpg 768w, https:\/\/cdn.didongthongminh.vn\/upload_images\/2018\/05\/Thiet-ke-m5c-1-600x342.jpg 600w, https:\/\/cdn.didongthongminh.vn\/upload_images\/2018\/05\/Thiet-ke-m5c-1.jpg 1118w\" alt=\"\" width=\"660\" height=\"376\" \/><\/p>\n<p>Meizu M5C r\u1ea5t m\u1ecfng, nh\u1eb9 v\u00e0 \u0111\u1eb9p<\/p>\n<p>Meizu M5C\u00a0m\u1eb7c d\u00f9 l\u00e0 m\u1ed9t m\u1eabu \u0111i\u1ec7n tho\u1ea1i gi\u00e1 r\u1ebb nh\u01b0ng l\u1ea1i \u0111\u01b0\u1ee3c nh\u00e0 s\u1ea3n xu\u1ea5t trau chu\u1ed1t ngo\u1ea1i h\u00ecnh r\u1ea5t t\u1ed1t, c\u1ee5 th\u1ec3 m\u00e1y s\u1edf h\u1eefu ng\u00f4n ng\u1eef thi\u1ebft k\u1ebf kim lo\u1ea1i nguy\u00ean kh\u1ed1i v\u1edbi b\u1ed1n c\u1ea1nh \u0111\u01b0\u1ee3c bo cong nh\u1eb9 \u0111\u1ec1u t\u1ea1o c\u1ea3m gi\u00e1c tho\u1ea3i m\u00e1i khi c\u1ea7m n\u1eafm v\u00e0 s\u1eed d\u1ee5ng.<\/p>\n<p><img loading=\"lazy\" class=\"aligncenter\" src=\"https:\/\/cdn.didongthongminh.vn\/upload_images\/2018\/05\/thiet-ke-meizu-m5c-1.jpg\" alt=\"\" width=\"660\" height=\"405\" \/><\/p>\n<p>V\u00e0 khi c\u1ea7m tr\u00ean tay, b\u1ea1n s\u1ebd th\u1ea5y m\u00e1y r\u1ea5t m\u1ecfng v\u00e0 nh\u1eb9, \u0111i\u1ec1u n\u00e0y gi\u00fap ng\u01b0\u1eddi d\u00f9ng c\u00f3 th\u1ec3 c\u1ea7m s\u1eed d\u1ee5ng m\u00e1y trong m\u1ed9t th\u1eddi gian r\u1ea5t d\u00e0i.\u00a0Nh\u00ecn t\u1ed5ng th\u1ec3 Meizu M5C ho\u00e0n to\u00e0n x\u1ee9ng \u0111\u00e1ng l\u00e0 m\u1ed9t m\u1eabu smartphone cao c\u1ea5p ch\u1ee9 kh\u00f4ng ph\u1ea3i m\u1ed9t s\u1ea3n ph\u1ea9m gi\u00e1 r\u1ebb d\u01b0\u1edbi 2 tri\u1ec7u \u0111\u1ed3ng.<\/p>\n<p>M\u00e0n h\u00ecnh Meizu M5C s\u00e1ng \u0111\u1eb9p 400 nit hi\u1ec3n th\u1ecb r\u00f5 d\u01b0\u1edbi \u00e1nh n\u1eafng<\/p>\n<p><img loading=\"lazy\" class=\"aligncenter\" src=\"https:\/\/cdn.didongthongminh.vn\/upload_images\/2018\/05\/man-hinh-meizu-m5c.jpg\" alt=\"\" width=\"660\" height=\"268\" \/><\/p>\n<p>M\u00e0n h\u00ecnh c\u1ee7a M5C c\u00f3 kh\u1ea3 n\u0103ng hi\u1ec3n th\u1ecb r\u1ea5t t\u1ed1t trong t\u1ea7m gi\u00e1<\/p>\n<p>Meizu M5C \u0111\u01b0\u1ee3c trang b\u1ecb m\u00e0n h\u00ecnh c\u00f3 k\u00edch th\u01b0\u1edbc 5 inch, \u0111\u1ed9 ph\u00e2n gi\u1ea3i HD 720p c\u00f9ng t\u1ea5m n\u1ec1n IPS LCD \u0111\u1ea1t \u0111\u1ed9 s\u00e1ng t\u1edbi 400 nit. Ch\u1ea5t l\u01b0\u1ee3ng hi\u1ec3n th\u1ecb c\u1ee7a \u0111i\u1ec7n tho\u1ea1i Meizu M5C \u0111\u01b0\u1ee3c \u0111\u00e1nh gi\u00e1 kh\u00e1 t\u1ed1t, tuy kh\u00f4ng \u0111\u01b0\u1ee3c xu\u1ea5t s\u1eafc nh\u01b0ng v\u1edbi m\u1ee9c gi\u00e1 ch\u01b0a t\u1edbi 2 tri\u1ec7u cho m\u1ed9t chi\u1ebfc Meizu M5C ch\u00ednh h\u00e3ng, r\u00f5 r\u00e0ng ch\u00fang ta kh\u00f4ng th\u1ec3 \u0111\u00f2i h\u1ecfi qu\u00e1 cao.<\/p>\n<p><img loading=\"lazy\" class=\"aligncenter\" src=\"https:\/\/cdn.didongthongminh.vn\/upload_images\/2018\/05\/meizu-m5c-man-hinh-2-1024x618.jpg\" sizes=\"(max-width: 660px) 100vw, 660px\" srcset=\"https:\/\/cdn.didongthongminh.vn\/upload_images\/2018\/05\/meizu-m5c-man-hinh-2-1024x618.jpg 1024w, https:\/\/cdn.didongthongminh.vn\/upload_images\/2018\/05\/meizu-m5c-man-hinh-2-300x181.jpg 300w, https:\/\/cdn.didongthongminh.vn\/upload_images\/2018\/05\/meizu-m5c-man-hinh-2-768x463.jpg 768w, https:\/\/cdn.didongthongminh.vn\/upload_images\/2018\/05\/meizu-m5c-man-hinh-2-600x362.jpg 600w, https:\/\/cdn.didongthongminh.vn\/upload_images\/2018\/05\/meizu-m5c-man-hinh-2.jpg 1167w\" alt=\"\" width=\"660\" height=\"398\" \/><\/p>\n<p>Tr\u1ea3i nghi\u1ec7m th\u1ef1c t\u1ebf cho th\u1ea5y m\u00e0n h\u00ecnh tr\u00ean Meizu M5C v\u1eabn c\u00f3 th\u1ec3 hi\u1ec3n th\u1ecb c\u00e1c n\u1ed9i dung r\u1ea5t r\u00f5 ngay c\u1ea3 d\u01b0\u1edbi \u00e1nh n\u1eafng m\u1eb7t tr\u1eddi, m\u00e0n h\u00ecnh IPS LCD \u0111\u1ea3m b\u1ea3o m\u00e0u s\u1eafc \u0111\u01b0\u1ee3c c\u00e2n \u0111\u1ed1i h\u00e0i h\u00f2a, kh\u00f4ng c\u00f3 hi\u1ec7n t\u01b0\u1ee3ng b\u1ecb nh\u1ea1t hay hi\u1ec3n th\u1ecb sai l\u1ec7ch.<\/p>\n<p>C\u1ea5u h\u00ecnh, hi\u1ec7u n\u0103ng Meizu M5C<\/p>\n<p><img loading=\"lazy\" class=\"aligncenter\" src=\"https:\/\/cdn.didongthongminh.vn\/upload_images\/2018\/05\/Antutu-Meizu-M5C-576x1024.jpg\" sizes=\"(max-width: 576px) 100vw, 576px\" srcset=\"https:\/\/cdn.didongthongminh.vn\/upload_images\/2018\/05\/Antutu-Meizu-M5C-576x1024.jpg 576w, https:\/\/cdn.didongthongminh.vn\/upload_images\/2018\/05\/Antutu-Meizu-M5C-169x300.jpg 169w, https:\/\/cdn.didongthongminh.vn\/upload_images\/2018\/05\/Antutu-Meizu-M5C-300x533.jpg 300w, https:\/\/cdn.didongthongminh.vn\/upload_images\/2018\/05\/Antutu-Meizu-M5C-600x1067.jpg 600w, https:\/\/cdn.didongthongminh.vn\/upload_images\/2018\/05\/Antutu-Meizu-M5C.jpg 720w\" alt=\"\" width=\"576\" height=\"1024\" \/><\/p>\n<p>Meizu M5C \u0111\u1ea1t h\u01a1n 36 ngh\u00ecn \u0111i\u1ec3m Antutu Benchmark<\/p>\n<p>L\u00e0 m\u1ed9t s\u1ea3n ph\u1ea9m d\u00e0nh cho ph\u00e2n kh\u00fac gi\u00e1 r\u1ebb n\u00ean\u00a0M5C\u00a0ch\u1ec9 s\u1edf h\u1eefu m\u1ed9t c\u1ea5u h\u00ecnh v\u1eeba ph\u1ea3i v\u1edbi con chip\u00a0Mediatek MT6737, 2GB RAM, 16 GB b\u1ed9 nh\u1edb trong c\u00f3 th\u1ec3 m\u1edf r\u1ed9ng th\u00eam b\u1eb1ng m\u1ed9t khe c\u1eafm th\u1ebb nh\u1edb. M\u00e1y \u0111i\u1ec3m s\u1ed1 Antutu l\u00ean t\u1edbi h\u01a1n 36K \u0111i\u1ec3m.<\/p>\n<p><img loading=\"lazy\" class=\"aligncenter\" src=\"https:\/\/cdn.didongthongminh.vn\/upload_images\/2018\/05\/choi-game-meizu-m5c-1024x618.jpg\" sizes=\"(max-width: 660px) 100vw, 660px\" srcset=\"https:\/\/cdn.didongthongminh.vn\/upload_images\/2018\/05\/choi-game-meizu-m5c-1024x618.jpg 1024w, https:\/\/cdn.didongthongminh.vn\/upload_images\/2018\/05\/choi-game-meizu-m5c-300x181.jpg 300w, https:\/\/cdn.didongthongminh.vn\/upload_images\/2018\/05\/choi-game-meizu-m5c-768x463.jpg 768w, https:\/\/cdn.didongthongminh.vn\/upload_images\/2018\/05\/choi-game-meizu-m5c-600x362.jpg 600w, https:\/\/cdn.didongthongminh.vn\/upload_images\/2018\/05\/choi-game-meizu-m5c.jpg 1167w\" alt=\"\" width=\"660\" height=\"398\" \/><\/p>\n<p>\u0110\u1ed1i v\u1edbi nh\u1eefng t\u1ef1a game nh\u1eb9 nh\u01b0 Temple Run 2, Fruit Ninja hay Zombie Tsunami, Meizu M5C ho\u00e0n to\u00e0n chi\u1ebfn m\u01b0\u1ee3t m\u00e0, \u1ed5n \u0111\u1ecbnh v\u00e0 hi\u1ebfm khi c\u00f3 hi\u1ec7n t\u01b0\u1ee3ng gi\u1eadt lag. Tuy nhi\u00ean sang t\u1edbi nh\u1eefng t\u1ef1a game n\u1eb7ng h\u01a1n nh\u01b0 PUBG hay Crossfire Legend th\u00ec m\u00e1y s\u1ebd t\u1ecf ra h\u01a1i gi\u1eadt lag. Ch\u00ednh v\u00ec v\u1eady, Meizu M5C s\u1ebd ph\u00f9 h\u1ee3p v\u1edbi nh\u1eefng ng\u01b0\u1eddi d\u00f9ng c\u00f3 nhu c\u1ea7u gi\u1ea3i tr\u00ed nh\u1eb9 nh\u00e0ng.<\/p>\n<p>Camera v\u00e0 Pin Meizu M5C<\/p>\n<p><img loading=\"lazy\" class=\"aligncenter\" src=\"https:\/\/cdn.didongthongminh.vn\/upload_images\/2018\/05\/camera-meizu-m5c.jpg\" alt=\"\" width=\"660\" height=\"286\" \/><\/p>\n<p>Camera \u0111\u1ed9 ph\u00e2n gi\u1ea3i 8 MP tr\u00ean Meizu M5c c\u00f3 ch\u1ea5t l\u01b0\u1ee3ng kh\u00e1 t\u1ed1t<\/p>\n<p>M5C\u00a0\u0111\u01b0\u1ee3c t\u00edch h\u1ee3p m\u1ed9t c\u1ee5m camera ch\u00ednh \u0111\u1ed9 ph\u00e2n gi\u1ea3i 8 MP v\u00e0 camera ph\u1ee5 5 MP \u1edf m\u1eb7t tr\u01b0\u1edbc. V\u1ec1 c\u01a1 b\u1ea3n,\u00a0Meizu M5C\u00a0c\u00f3 th\u1ec3 \u0111\u00e1p \u1ee9ng r\u1ea5t t\u1ed1t nhu c\u1ea7u ch\u1ee5p \u1ea3nh th\u01b0\u1eddng ng\u00e0y. Camera ch\u00ednh c\u00f3 t\u1ed1c \u0111\u1ed9 l\u1ea5y n\u00e9t r\u1ea5t nhanh v\u00e0 ch\u00ednh x\u00e1c c\u00f9ng nhi\u1ec1u ch\u1ebf \u0111\u1ed9 ch\u1ee5p kh\u00e1c nhau. \u0110\u1eb7c bi\u1ec7t camera ph\u1ee5 c\u00f3 th\u1ec3 mang \u0111\u1ebfn cho b\u1ea1n ch\u1ea5t l\u01b0\u1ee3ng h\u00ecnh \u1ea3nh s\u1eafc n\u00e9t khi th\u1ef1c hi\u1ec7n c\u00e1c cu\u1ed9c g\u1ecdi video t\u1eeb Facebook hay Zalo v.v\u2026.<\/p>\n<p><img loading=\"lazy\" class=\"aligncenter\" src=\"https:\/\/cdn.didongthongminh.vn\/upload_images\/2018\/05\/video-meizu-m5c-1024x561.jpg\" sizes=\"(max-width: 660px) 100vw, 660px\" srcset=\"https:\/\/cdn.didongthongminh.vn\/upload_images\/2018\/05\/video-meizu-m5c-1024x561.jpg 1024w, https:\/\/cdn.didongthongminh.vn\/upload_images\/2018\/05\/video-meizu-m5c-300x164.jpg 300w, https:\/\/cdn.didongthongminh.vn\/upload_images\/2018\/05\/video-meizu-m5c-768x421.jpg 768w, https:\/\/cdn.didongthongminh.vn\/upload_images\/2018\/05\/video-meizu-m5c-600x329.jpg 600w, https:\/\/cdn.didongthongminh.vn\/upload_images\/2018\/05\/video-meizu-m5c.jpg 1280w\" alt=\"\" width=\"660\" height=\"362\" \/><\/p>\n<p>\u0110i theo m\u00e1y l\u00e0 vi\u00ean pin c\u00f3 dung l\u01b0\u1ee3ng 3000 mAH, \u0111\u1ee7 cho b\u1ea1n c\u00f3 th\u1ec3 s\u1eed d\u1ee5ng m\u00e1y tr\u1ecdn v\u1eb9n trong m\u1ed9t ng\u00e0y v\u1edbi \u0111\u1ea7y \u0111\u1ee7 c\u00e1c nhu c\u1ea7u c\u0103n b\u1ea3n.<\/p>\n<p><img loading=\"lazy\" class=\"aligncenter\" src=\"https:\/\/cdn.didongthongminh.vn\/upload_images\/2018\/05\/pin-meizu-m5c.jpg\" alt=\"\" width=\"660\" height=\"283\" \/><\/p>\n<p>Ph\u1ea7n m\u1ec1m v\u00e0 t\u00ednh n\u0103ng<\/p>\n<p><img loading=\"lazy\" class=\"aligncenter\" src=\"https:\/\/cdn.didongthongminh.vn\/upload_images\/2018\/04\/Ph%C3%ADm-Home-tr%C3%AAn-Meizu-M5c.jpg\" alt=\"Meizu M5c s\u1edf h\u1eefu ph\u00edm Home \u0111a d\u1ee5ng \u0111\u1ed9c quy\u1ec1n m\u00e0 b\u1ea1n s\u1ebd kh\u00f4ng th\u1ec3 t\u00ecm th\u1ea5y tr\u00ean b\u1ea5t k\u00ec s\u1ea3n ph\u1ea9m \u0111\u1ed1i th\u1ee7 n\u00e0o kh\u00e1c\" width=\"660\" height=\"401\" \/><\/p>\n<p>Meizu M5c s\u1edf h\u1eefu ph\u00edm Home \u0111a d\u1ee5ng \u0111\u1ed9c quy\u1ec1n m\u00e0 b\u1ea1n s\u1ebd kh\u00f4ng th\u1ec3 t\u00ecm th\u1ea5y tr\u00ean b\u1ea5t k\u00ec s\u1ea3n ph\u1ea9m \u0111\u1ed1i th\u1ee7 n\u00e0o kh\u00e1c<\/p>\n<p>M\u1ed9t trong nh\u1eefng \u0111i\u1ec3m \u0111\u00e1ng ch\u00fa \u00fd nh\u1ea5t tr\u00ean \u0111i\u1ec7n tho\u1ea1i n\u00e0y \u0111\u00f3 l\u00e0 ph\u1ea7n m\u1ec1m. M\u00e1y ch\u1ea1y tr\u00ean giao di\u1ec7n FlymeOS \u0111\u1eb7c tr\u01b0ng c\u1ee7a Meizu v\u1edbi nhi\u1ec1u t\u00ednh n\u0103ng th\u00fa v\u1ecb v\u00e0 h\u1eefu \u00edch, ti\u00eau bi\u1ec3u l\u00e0 ph\u00edm Home \u0111a d\u1ee5ng. C\u1ee5 th\u1ec3 ph\u00edm Home n\u00e0y b\u00ean c\u1ea1nh ch\u1ee9c n\u0103ng ch\u00ednh l\u00e0 \u0111\u01b0a m\u00e1y v\u1ec1 m\u00e0n h\u00ecnh ch\u1ee7, n\u00f3 c\u00f2n \u0111\u00f3ng v\u00e0i l\u00e0 ph\u00edm Back khi c\u00fang ta ch\u1ea1m v\u00e0o n\u00f3. Vi\u1ec7c t\u00edch h\u1ee3p 2 trong 1 n\u00e0y gi\u00fap M5C ti\u1ebft ki\u1ec7m \u0111\u01b0\u1ee3c th\u00eam kh\u00f4ng gian hi\u1ec3n th\u1ecb khi h\u00e3ng kh\u00f4ng ph\u1ea3i \u0111\u1eb7t c\u1ee5m ph\u00edm \u0111i\u1ec1u h\u01b0\u1edbng v\u00e0o trong m\u00e0n h\u00ecnh g\u00e2y kh\u00f3 ch\u1ecbu cho ng\u01b0\u1eddi s\u1eed d\u1ee5ng.<\/p>\n","protected":false},"excerpt":{"rendered":"<p>\u2665 T\u1eb7ng \u1ed1p Clear View Meizu M5C tr\u1ecb gi\u00e1 119K<\/p>\n<p>\u2665 T\u1eb7ng tay c\u1ea7m ch\u01a1i game tr\u1ecb gi\u00e1 150K khi mua b\u1ea3o h\u00e0nh MVIP<\/p>\n<p>\u2665 Tr\u1ee3 gi\u00e1 mua tai nghe Samsung ch\u1ec9 120K (c\u00f3 kh\u1ea3 n\u0103ng t\u01b0\u01a1ng th\u00edch v\u1edbi m\u00e1y)<\/p>\n<p>\u2665 Tr\u1ee3 gi\u00e1 PDP Xiaomi ch\u00ednh h\u00e3ng 10.000mAh Gen 2 (S\u1ea1c nhanh 2 chi\u1ec1u) ch\u1ec9 329K<\/p>\n<p>\u2665 Tr\u1ee3 gi\u00e1 PDP Xiaomi ch\u00ednh h\u00e3ng 16.000mAh ch\u1ec9 499K<\/p>\n<p>\u2665 Tr\u1ee3 gi\u00e1 Loa Xiaomi Square Box 2 ch\u1ec9 690K<\/p>\n","protected":false},"featured_media":188,"comment_status":"open","ping_status":"closed","template":"","meta":[],"_links":{"self":[{"href":"https:\/\/webmaibinh.com\/w\/dienthoai2011\/wp-json\/wp\/v2\/product\/182"}],"collection":[{"href":"https:\/\/webmaibinh.com\/w\/dienthoai2011\/wp-json\/wp\/v2\/product"}],"about":[{"href":"https:\/\/webmaibinh.com\/w\/dienthoai2011\/wp-json\/wp\/v2\/types\/product"}],"replies":[{"embeddable":true,"href":"https:\/\/webmaibinh.com\/w\/dienthoai2011\/wp-json\/wp\/v2\/comments?post=182"}],"wp:featuredmedia":[{"embeddable":true,"href":"https:\/\/webmaibinh.com\/w\/dienthoai2011\/wp-json\/wp\/v2\/media\/188"}],"wp:attachment":[{"href":"https:\/\/webmaibinh.com\/w\/dienthoai2011\/wp-json\/wp\/v2\/media?parent=182"}],"curies":[{"name":"wp","href":"https:\/\/api.w.org\/{rel}","templated":true}]}}