{"id":130,"date":"2018-09-09T07:22:07","date_gmt":"2018-09-09T07:22:07","guid":{"rendered":"http:\/\/didongthongminh.local\/?post_type=product&#038;p=130"},"modified":"2020-05-23T16:28:44","modified_gmt":"2020-05-23T09:28:44","slug":"iphone-7-plus-128gb-troi-bao-hanh-may-tran","status":"publish","type":"product","link":"https:\/\/webmaibinh.com\/w\/dienthoai2011\/san-pham\/iphone-7-plus-128gb-troi-bao-hanh-may-tran\/","title":{"rendered":"iPhone 7 Plus 128Gb Tr\u00f4i B\u1ea3o H\u00e0nh M\u00e1y Tr\u1ea7n"},"content":{"rendered":"<h2>\u0110\u00e1nh gi\u00e1 chi ti\u1ebft<\/h2>\n<article>\n<p dir=\"ltr\"><iframe src=\"https:\/\/www.youtube.com\/embed\/kLCYiMn-5f0\" width=\"854\" height=\"480\" frameborder=\"0\" allowfullscreen=\"allowfullscreen\" data-mce-fragment=\"1\"><\/iframe><\/p>\n<p dir=\"ltr\">M\u1edf h\u1ed9p<\/p>\n<p dir=\"ltr\">Chi\u1ebfc\u00a0iPhone 7 Plus\u00a0tr\u00ean tay m\u00ecnh l\u00e0 b\u1ea3n 32GB m\u00e0u v\u00e0ng Gold v\u00e0 \u0111\u01b0\u1ee3c mang v\u1ec1 t\u1eeb Hong Kong. M\u1ed9t b\u1ee9c \u1ea3nh r\u1ea5t b\u1ef1 c\u1ee7a 7 Plus \u0111\u01b0\u1ee3c \u0111\u1eb7t ngay ng\u1eafn \u1edf m\u1eb7t tr\u01b0\u1edbc. M\u1edf h\u1ed9p ra tr\u01b0\u1edbc h\u1ebft l\u00e0 \u0111\u1ed1ng s\u00e1ch h\u01b0\u1edbng d\u1eabn s\u1eed d\u1ee5ng, b\u00ean d\u01b0\u1edbi l\u00e0 m\u1ed9t em 7 Plus v\u1eabn c\u00f2n trinh nguy\u00ean, d\u01b0\u1edbi n\u1eefa l\u00e0 b\u1ed9 ph\u1ee5 ki\u1ec7n c\u01a1 b\u1ea3n g\u1ed3m c\u1ee7 s\u1ea1c 3 ch\u00e2n cho th\u1ecb tr\u01b0\u1eddng Hong Kong, m\u1ed9t tai nghe EarPod c\u1ed5ng Lightning cho ri\u00eang\u00a0iPhone 7, ph\u00eda sau tai nghe n\u00e0y l\u00e0 adapter chuy\u1ec3n t\u1eeb c\u1ed5ng Lightning sang jack 3.5mm, cu\u1ed1i c\u00f9g \u0111\u01b0\u01a1ng nhi\u00ean l\u00e0 s\u1ee3i d\u00e2y cable.<\/p>\n<p dir=\"ltr\"><img src=\"https:\/\/cdn.didongthongminh.vn\/upload_images\/images\/IMG_3601.jpg\" alt=\"\" \/><\/p>\n<p dir=\"ltr\">Nh\u00ecn chung n\u0103m nay\u00a0iPhone 7 Plus\u00a0ch\u1ec9 b\u1ed5 sung th\u00eam m\u1ed9t c\u00e1i adapter, tai nghe kh\u00f4ng c\u00f2n n\u1eb1m trong h\u1ed9p nh\u1ef1a n\u1eefa. Hi\u1ec7n t\u1ea1i s\u1ea3n ph\u1ea9m n\u00e0y \u0111ang c\u00f3 gi\u00e1 l\u00e0 24tr, t\u01b0\u01a1ng \u0111\u1ed1i cao v\u1edbi \u0111a s\u1ed1 kh\u00e1ch h\u00e0ng, n\u1ebfu c\u1ea7m m\u1ed9t tr\u1ea3i nghi\u1ec7m t\u01b0\u01a1ng t\u1ef1 m\u00e0 gi\u00e1 th\u1ea5p h\u01a1n th\u00ec iPhone \u0111\u1ed5i b\u1ea3o h\u00e0nh ho\u1eb7c 6S, 6S Plus c\u1ee7a H\u00e0n c\u0169ng h\u1ea5p d\u1eabn kh\u00f4ng k\u00e9m.<\/p>\n<p dir=\"ltr\">Thi\u1ebft k\u1ebf<\/p>\n<p dir=\"ltr\"><img src=\"https:\/\/cdn.didongthongminh.vn\/upload_images\/images\/IMG_3569.jpg\" alt=\"\" \/><\/p>\n<p dir=\"ltr\">iPhone 7 Plus m\u1edbi\u00a0c\u00f3 thi\u1ebft k\u1ebf kh\u00f4ng kh\u00e1c g\u00ec 6 ho\u1eb7c 6S Plus n\u1ebfu ch\u1ec9 nh\u00ecn v\u00e0o m\u1eb7t tr\u01b0\u1edbc. L\u1eadt l\u1ea1i ra m\u1eb7t sau th\u00ec c\u00f3 3 \u0111i\u1ec3m kh\u00e1c bi\u1ec7t l\u1edbn nh\u1ea5t l\u00e0 c\u1ee5m camera k\u00e9p, ki\u1ec3u d\u00e1ng m\u1edbi c\u1ee7a vi\u1ec1n \u0103ng ten v\u00e0 cu\u1ed1i c\u00f9ng l\u00e0 s\u1ef1 bi\u1ebfn m\u1ea5t ho\u00e0n to\u00e0n c\u1ee7a jack 3.5mm. Ngo\u00e0i nh\u1eefng \u0111i\u1ec1u \u0111\u00f3 th\u00ec v\u1ec1 c\u01a1 b\u1ea3n thi\u1ebft k\u1ebf c\u1ee7a 7 Plus y x\u00ec ng\u01b0\u1eddi anh em tr\u01b0\u1edbc \u0111\u1ea5y. Apple b\u1ecf c\u1ed5ng 3.5mm v\u00e0 thay b\u1eb1ng d\u1ea3i gi\u1ed1ng nh\u01b0 loa nh\u01b0ng th\u1ef1c ch\u1ea5t ch\u1ec9 c\u00f3 m\u1ed9t b\u00ean l\u00e0 loa, b\u00ean c\u00f2n l\u1ea1i ch\u1ee9a c\u1ea3m bi\u1ebfn kh\u00ed \u00e1p g\u00ec \u0111\u1ea5y.<\/p>\n<p dir=\"ltr\">Camera<\/p>\n<p dir=\"ltr\"><img src=\"https:\/\/cdn.didongthongminh.vn\/upload_images\/images\/IMG_3582.jpg\" alt=\"\" \/><\/p>\n<p dir=\"ltr\">N\u0103m nay camera l\u00e0 th\u1ee9 \u0111\u01b0\u1ee3c nhi\u1ec1u ng\u01b0\u1eddi quan t\u00e2m nh\u1ea5t v\u00ec so v\u1edbi c\u00e1c \u0111\u1eddi iPhone tr\u01b0\u1edbc th\u00ec n\u00f3 \u00a0r\u1ea5t d\u1ec5 nh\u1eadn ra. C\u1ee5m camera k\u00e9p tr\u00ean iPhone 7 Plus g\u1ed3m 1 \u1ed1ng k\u00ednh wide \u2013 g\u00f3c r\u1ed9ng v\u00e0 m\u1ed9t \u1ed1ng k\u00ednh tele ti\u00eau c\u1ef1 56mm, kh\u1ea9u \u0111\u1ed9 f 1.8, \u0111\u1ed9 ph\u00e2n gi\u1ea3i 12Mpx. M\u1ed9t s\u1ed1 c\u00f4ng ngh\u1ec7 \u0111\u00e1ng ch\u00fa \u00fd l\u00e0 ch\u1ed1ng rung quang h\u1ecdc OIS, zoom quang h\u1ecdc 2x, l\u1ea5y n\u00e9t theo pha,4 \u0111\u00e8n flash v\u00e0 quay film \u1edf \u0111\u1ed9 ph\u00e2n gi\u1ea3i 4K 30fps.<\/p>\n<p dir=\"ltr\">Th\u1eed nghi\u1ec7m nhanh c\u1ee7a m\u00ecnh, camera n\u00e0y cho ch\u1ea5t l\u01b0\u1ee3ng kh\u00e1 \u1ed5n, nh\u1ea5t l\u00e0 khi zoom ch\u1ea5t l\u01b0\u1ee3ng \u1ea3nh kh\u00f4ng b\u1ecb thay \u0111\u1ed5i v\u00e0 c\u00f3 hi\u1ec7u \u1ee9ng x\u00f3a ph\u00f4ng r\u00f5 r\u1ec7t. M\u00ecnh c\u00f3 ch\u1ee5p th\u1eed m\u1ea5y t\u1ea5m \u1ea3nh cho c\u00e1c b\u1ea1n xem \u0111\u00e2y. Camera tr\u01b0\u1edbc l\u00e0 7Mpx nh\u01b0ng th\u1eadt s\u1ef1 m\u00ecnh ch\u01b0a th\u1ea5y \u0111\u01b0\u1ee3c s\u1ef1 kh\u00e1c bi\u1ec7t n\u00e0o.<\/p>\n<p dir=\"ltr\">C\u1ea5u h\u00ecnh<\/p>\n<p dir=\"ltr\"><img src=\"https:\/\/cdn.didongthongminh.vn\/upload_images\/images\/IMG_3583.jpg\" alt=\"\" \/><\/p>\n<p dir=\"ltr\">iPhone 7 Plus\u00a0c\u00f3 m\u1ed9t c\u1ea5u h\u00ecnh r\u1ea5t r\u1ea5t m\u1ea1nh, n\u00f3 d\u00f9ng chip A10 Fusion l\u00f5i t\u1ee9 2.23Ghz, RAM 3GB, c\u00f2n GPU th\u00ec ch\u01b0a x\u00e1c \u0111\u1ecbnh nh\u01b0ng kh\u1ea3 n\u0103ng cao l\u00e0 d\u00f9ng PowerVR. Ph\u1ea3i nh\u1ea5n m\u1ea1nh l\u1ea7n n\u1eefa l\u00e0 c\u1ea5u h\u00ecnh c\u1ee7a n\u00f3 m\u1ea1nh nh\u1ea5t trong s\u1ed1 t\u1ea5t c\u1ea3 c\u00e1c \u0111i\u1ec7n tho\u1ea1i hi\u1ec7n nay, One Plus 3, S7 Edge, G5 \u0111\u1ec1u b\u1ecb cho h\u00edt kh\u00f3i. Con chip A10 m\u1ea1nh \u0111\u1ebfn m\u1ee9c hi\u1ec7u n\u0103ng \u0111\u01a1n nh\u00e2n ngang ng\u1eeda v\u1edbi Xeon E5 d\u00f9ng tr\u00ean Mac Pro. C\u00e1c \u1ee9ng d\u1ee5ng, t\u00e1c v\u1ee5 load nhanh nh\u01b0 m\u1ed9t c\u01a1n gi\u00f3. Trong c\u00e1c video t\u1edbi th\u00ec m\u00ecnh s\u1ebd so s\u00e1nh hi\u1ec7u n\u0103ng th\u1ef1c t\u1ebf v\u1edbi Note 7 xem th\u1ebf n\u00e0o.<\/p>\n<p dir=\"ltr\">M\u00e0n h\u00ecnh<\/p>\n<p dir=\"ltr\"><img src=\"https:\/\/cdn.didongthongminh.vn\/upload_images\/images\/IMG_3596.jpg\" alt=\"\" \/><\/p>\n<p dir=\"ltr\">Apple\u00a0l\u1ea1i ti\u1ebfp t\u1ee5c kh\u1eb3ng \u0111\u1ecbnh t\u1ed1t g\u1ed7 h\u01a1n t\u1ed1t n\u01b0\u1edbc s\u01a1n. M\u00e0n h\u00ecnh c\u1ee7a\u00a0iPhone 7 Plus\u00a0v\u1eabn d\u1eadm ch\u00e2n \u1edf m\u1ee9c Full HD nh\u01b0ng ch\u1ea5t l\u01b0\u1ee3ng th\u00ec tuy\u1ec7t v\u1eddi. \u0110\u1ed9 s\u00e1ng cao, d\u1ea3i m\u00e0u r\u1ed9ng, t\u1ed1c \u0111\u1ed9 ph\u1ea3n \u1ee9ng nhanh l\u00e0 nh\u1eefng g\u00ec m\u00ecnh th\u1ea5y \u0111\u1ea7u ti\u00ean. Nh\u01b0ng \u0111\u1ea5y l\u00e0 khi so s\u00e1nh v\u1edbi c\u00e1c m\u00e1y Android, c\u00f2n \u0111\u1ed1i v\u1edbi th\u1ebf h\u1ec7 tr\u01b0\u1edbc l\u1ea1i kh\u00f4ng c\u00f3 kh\u00e1c bi\u1ec7t nhi\u1ec1u. Ch\u00fang ta v\u1eabn c\u00f3 3D Touch tr\u00ean m\u00e0n h\u00ecnh, \u00e1p d\u1ee5ng lu\u00f4n v\u1edbi c\u1ea3 n\u00fat Home, s\u1ebd c\u00f3 nh\u1eefng t\u00f9y ch\u1ecdn v\u1ec1 l\u1ef1c ph\u1ea3n h\u1ed3i m\u1ea1nh hay nh\u1eb9 n\u1eb1m trong c\u00e0i \u0111\u1eb7t.<\/p>\n<p dir=\"ltr\">\u00a0M\u1ed9t s\u1ed1 \u0111i\u1ec3m n\u1ed5i b\u1eadt kh\u00e1c<\/p>\n<p dir=\"ltr\"><img src=\"https:\/\/cdn.didongthongminh.vn\/upload_images\/images\/IMG_3580.jpg\" alt=\"\" \/>\u200b<\/p>\n<p dir=\"ltr\">M\u1ed9t s\u1ed1 t\u00ednh n\u0103ng kh\u00e1c tr\u00ean\u00a0iPhone 7 Plus ch\u01b0a active\u00a0c\u1ea7n nh\u1eafc t\u1edbi l\u00e0 kh\u1ea3 n\u0103ng ch\u1ed1ng n\u01b0\u1edbc theo chu\u1ea9n IP67, m\u1ed9t t\u00ednh n\u0103ng ch\u1ec9 sau Androi c\u00f3 4 n\u0103m. M\u00e1y c\u00f3 loa ngo\u00e0i k\u00e9p \u0111\u1ec3 tr\u1ea3i nghi\u1ec7m t\u1ed1t h\u01a1n, c\u1ea3m gi\u00e1c \u00e2m thanh t\u1eeb m\u00e1y \u1ea5m \u00e1p h\u01a1n h\u1eb3n. B\u1ed9 nh\u1edb nh\u1ecf nh\u1ea5t c\u1ee7a iPhone c\u0169ng t\u0103ng l\u00ean th\u00e0nh 32GB. Dung l\u01b0\u1ee3ng pin cao h\u01a1n m\u1ed9t t\u00ed l\u00e0 2900 mAh.<\/p>\n<p>\u0110\u1ea5y l\u00e0 t\u1ea5t c\u1ea3 nh\u1eefng nh\u1eadn x\u00e9t nhanh c\u1ee7a m\u00ecnh v\u1ec1\u00a0iPhone 7 Plus ch\u01b0a k\u00edch ho\u1ea1t, m\u00e1y c\u00f3 nh\u1eefng n\u00e2ng c\u1ea5p r\u00f5 r\u00e0ng so v\u1edbi th\u1ebf h\u1ec7 6S, c\u1ea5u h\u00ecnh m\u1ea1nh ngang \u0111\u1eb3ng c\u1ea5p desktop nh\u01b0ng \u0111i\u1ec3m quan tr\u1ecdng nh\u1ea5t \u0111\u1ed1i v\u1edbi iFan l\u00e0 ngo\u1ea1i h\u00ecnh th\u00ec l\u1ea1i kh\u00e1 gi\u1ed1ng, c\u00f3 l\u1ebd m\u00e0u \u0111en Jet Black m\u1edbi l\u00e0 phi\u00ean b\u1ea3n kh\u00e1c bi\u1ec7t nh\u1ea5t.<\/p>\n<\/article>\n","protected":false},"excerpt":{"rendered":"<p>\u270cB\u1ea3o h\u00e0nh 12 th\u00e1ng, 30 ng\u00e0y \u0111\u1ed5i tr\u1ea3<\/p>\n<p>\u270cT\u1eb7ng S\u1ea1c, cable Apple ch\u00ednh h\u00e3ng Titan tr\u1ecb gi\u00e1 300K<\/p>\n<p>\u270cT\u1eb7ng DMH UltraShield tr\u1ecb gi\u00e1 100K, ch\u1ecdc sim tr\u1ecb gi\u00e1 50K<\/p>\n<p>\u270cN\u00e2ng c\u1ea5p dCare+, dCareS &#8211; h\u01b0\u1edfng b\u1ea3o h\u00e0nh 12 th\u00e1ng c\u1ea3 r\u01a1i m\u00f3p (i)<\/p>\n<p>\u2665\u00a0Tr\u1ee3 gi\u00e1 tai nghe Apple Earpod ch\u00ednh h\u00e3ng gi\u00e1 199K, tai nghe 5S Cao C\u1ea5p 150K<\/p>\n<p>\u2665\u00a0N\u00e2ng c\u1ea5p s\u1ea1c, cable ch\u00ednh h\u00e3ng Apple ph\u1ee5 250.000vn\u0111<\/p>\n<p>\u2665\u00a0Mi\u1ec5n ph\u00ed t\u1ea1o t\u00e0i kho\u1ea3n Apple ID, c\u00e0i game\/ app b\u1ea3n quy\u1ec1n<\/p>\n<p>\u2741Tr\u1ee3 gi\u00e1 PDP Xiaomi 16.0000mah ch\u1ec9 600K<\/p>\n","protected":false},"featured_media":136,"comment_status":"open","ping_status":"closed","template":"","meta":[],"_links":{"self":[{"href":"https:\/\/webmaibinh.com\/w\/dienthoai2011\/wp-json\/wp\/v2\/product\/130"}],"collection":[{"href":"https:\/\/webmaibinh.com\/w\/dienthoai2011\/wp-json\/wp\/v2\/product"}],"about":[{"href":"https:\/\/webmaibinh.com\/w\/dienthoai2011\/wp-json\/wp\/v2\/types\/product"}],"replies":[{"embeddable":true,"href":"https:\/\/webmaibinh.com\/w\/dienthoai2011\/wp-json\/wp\/v2\/comments?post=130"}],"wp:featuredmedia":[{"embeddable":true,"href":"https:\/\/webmaibinh.com\/w\/dienthoai2011\/wp-json\/wp\/v2\/media\/136"}],"wp:attachment":[{"href":"https:\/\/webmaibinh.com\/w\/dienthoai2011\/wp-json\/wp\/v2\/media?parent=130"}],"curies":[{"name":"wp","href":"https:\/\/api.w.org\/{rel}","templated":true}]}}