{"id":104,"date":"2018-09-09T05:21:40","date_gmt":"2018-09-09T05:21:40","guid":{"rendered":"http:\/\/didongthongminh.local\/?post_type=product&#038;p=104"},"modified":"2018-09-09T14:47:22","modified_gmt":"2018-09-09T14:47:22","slug":"xiaomi-mi-8-se-nhap-khau-64gb-ram-4gb","status":"publish","type":"product","link":"https:\/\/webmaibinh.com\/w\/dienthoai2011\/san-pham\/xiaomi-mi-8-se-nhap-khau-64gb-ram-4gb\/","title":{"rendered":"Xiaomi Mi 8 SE Nh\u1eadp kh\u1ea9u 64Gb Ram 4Gb"},"content":{"rendered":"<h2 class=\"dst-ctitle\">Th\u00f4ng s\u1ed1 k\u1ef9 thu\u1eadt<\/h2>\n<table class=\"shop_attributes\">\n<tbody>\n<tr>\n<th>B\u0103ng t\u1ea7n &#8211; Sim<\/th>\n<td>GSM \/ HSPA \/ LTE<\/td>\n<\/tr>\n<tr>\n<th>M\u00e0n h\u00ecnh<\/th>\n<td>5.88 inches, 87.6 cm2 (~81.3% screen-to-body ratio)<\/td>\n<\/tr>\n<tr>\n<th>Camera tr\u01b0\u1edbc<\/th>\n<td>20 MP (f\/2.0, 2.0\u00b5m), 1080p<\/td>\n<\/tr>\n<tr>\n<th>Camera sau<\/th>\n<td>Dual: 12 MP (f\/1.9, 1.4\u00b5m, dual-pixel PDAF, gyro-EIS) + 5 MP (f\/2.0, 1.12\u00b5m), dual pixel phase detection autofocus, LED flash<\/td>\n<\/tr>\n<tr>\n<th>B\u1ed9 nh\u1edb trong<\/th>\n<td>64 GB<\/td>\n<\/tr>\n<tr>\n<th>RAM<\/th>\n<td>4 GB<\/td>\n<\/tr>\n<tr>\n<th>CPU<\/th>\n<td>Qualcomm SDM710 Snapdragon 710<\/td>\n<\/tr>\n<tr>\n<th>Chip \u0111\u1ed3 h\u1ecda ( GPU )<\/th>\n<td>Adreno 616<\/td>\n<\/tr>\n<tr>\n<th>M\u00e0u s\u1eafc<\/th>\n<td>\u0110en,\u00a0\u0110\u1ecf,\u00a0V\u00e0ng,\u00a0Xanh D\u01b0\u01a1ng<\/td>\n<\/tr>\n<tr>\n<th>Pin<\/th>\n<td>Non-removable Li-Po 3120 mAh battery<\/td>\n<\/tr>\n<tr>\n<th>T\u00ecnh tr\u1ea1ng s\u1ea3n ph\u1ea9m<\/th>\n<td>M\u1edbi<\/td>\n<\/tr>\n<tr>\n<th>Sim<\/th>\n<td>2 Sim Nano<\/td>\n<\/tr>\n<\/tbody>\n<\/table>\n","protected":false},"excerpt":{"rendered":"<p>\u270c\u00a0T\u1eb7ng DCL cao c\u1ea5p khi mua b\u1ea3o h\u00e0nh 12 th\u00e1ng 1 \u0111\u1ed5i 1<br \/>\n\u2665\u00a0\u1ed0p l\u01b0ng Clearview ch\u1ec9 60K \/ \u1ed1p l\u01b0ng cao c\u1ea5p 99K<br \/>\n\u2665\u00a0K\u00ednh c\u01b0\u1eddng l\u1ef1c ch\u1ec9 60K \/ C\u01b0\u1eddng l\u1ef1c Full ch\u1ec9 99K<br \/>\n\u2665\u00a0Sim Viettel 60gb\/th\u00e1ng ch\u1ec9 199k<br \/>\n\u2665\u00a0PDP Xiaomi ch\u00ednh h\u00e3ng 10.000mAh Gen 2 ch\u1ec9 329K<\/p>\n","protected":false},"featured_media":113,"comment_status":"open","ping_status":"closed","template":"","meta":[],"_links":{"self":[{"href":"https:\/\/webmaibinh.com\/w\/dienthoai2011\/wp-json\/wp\/v2\/product\/104"}],"collection":[{"href":"https:\/\/webmaibinh.com\/w\/dienthoai2011\/wp-json\/wp\/v2\/product"}],"about":[{"href":"https:\/\/webmaibinh.com\/w\/dienthoai2011\/wp-json\/wp\/v2\/types\/product"}],"replies":[{"embeddable":true,"href":"https:\/\/webmaibinh.com\/w\/dienthoai2011\/wp-json\/wp\/v2\/comments?post=104"}],"wp:featuredmedia":[{"embeddable":true,"href":"https:\/\/webmaibinh.com\/w\/dienthoai2011\/wp-json\/wp\/v2\/media\/113"}],"wp:attachment":[{"href":"https:\/\/webmaibinh.com\/w\/dienthoai2011\/wp-json\/wp\/v2\/media?parent=104"}],"curies":[{"name":"wp","href":"https:\/\/api.w.org\/{rel}","templated":true}]}}