{"id":906,"date":"2018-09-17T06:29:40","date_gmt":"2018-09-17T06:29:40","guid":{"rendered":"http:\/\/didongthongminh.local\/?page_id=906"},"modified":"2018-09-17T06:50:30","modified_gmt":"2018-09-17T06:50:30","slug":"sua-chua","status":"publish","type":"page","link":"https:\/\/webmaibinh.com\/w\/dienthoai2011\/sua-chua\/","title":{"rendered":"S\u1eeda Ch\u1eefa"},"content":{"rendered":"\t<section class=\"section sua-chua\" id=\"section_2100278969\">\n\t\t<div class=\"bg section-bg fill bg-fill  bg-loaded\" >\n\n\t\t\t\n\t\t\t\n\t\t\t\n\n\t\t<\/div>\n\n\t\t<div class=\"section-content relative\">\n\t\t\t\n\t<div class=\"img has-hover x md-x lg-x y md-y lg-y\" id=\"image_1476191034\">\n\t\t\t\t\t\t\t\t<div class=\"img-inner dark\" >\n\t\t\t<img width=\"983\" height=\"375\" src=\"https:\/\/webmaibinh.com\/w\/dienthoai2011\/wp-content\/uploads\/2018\/09\/Carousel_Cellphone_Repair.jpg\" class=\"attachment-large size-large\" alt=\"\" loading=\"lazy\" srcset=\"https:\/\/webmaibinh.com\/w\/dienthoai2011\/wp-content\/uploads\/2018\/09\/Carousel_Cellphone_Repair.jpg 983w, https:\/\/webmaibinh.com\/w\/dienthoai2011\/wp-content\/uploads\/2018\/09\/Carousel_Cellphone_Repair-300x114.jpg 300w, https:\/\/webmaibinh.com\/w\/dienthoai2011\/wp-content\/uploads\/2018\/09\/Carousel_Cellphone_Repair-768x293.jpg 768w, https:\/\/webmaibinh.com\/w\/dienthoai2011\/wp-content\/uploads\/2018\/09\/Carousel_Cellphone_Repair-600x229.jpg 600w\" sizes=\"(max-width: 983px) 100vw, 983px\" \/>\t\t\t\t\t\t\n\t\t\t\t\t<\/div>\n\t\t\t\t\t\t\t\t\n<style>\n#image_1476191034 {\n  width: 100%;\n}\n<\/style>\n\t<\/div>\n\t\n\t<div id=\"gap-645818832\" class=\"gap-element clearfix\" style=\"display:block; height:auto;\">\n\t\t\n<style>\n#gap-645818832 {\n  padding-top: 20px;\n}\n<\/style>\n\t<\/div>\n\t\n<div class=\"container section-title-container\" ><h3 class=\"section-title section-title-center\"><b><\/b><span class=\"section-title-main\" >\u0110\u1eb7t l\u1ecbch h\u1eb9n s\u1eeda ch\u1eefa<\/span><b><\/b><\/h3><\/div>\n<div role=\"form\" class=\"wpcf7\" id=\"wpcf7-f6-o1\" lang=\"vi\" dir=\"ltr\">\n<div class=\"screen-reader-response\"><p role=\"status\" aria-live=\"polite\" aria-atomic=\"true\"><\/p> <ul><\/ul><\/div>\n<form action=\"\/w\/dienthoai2011\/wp-json\/wp\/v2\/pages\/906#wpcf7-f6-o1\" method=\"post\" class=\"wpcf7-form init\" novalidate=\"novalidate\" data-status=\"init\">\n<div style=\"display: none;\">\n<input type=\"hidden\" name=\"_wpcf7\" value=\"6\" \/>\n<input type=\"hidden\" name=\"_wpcf7_version\" value=\"5.3\" \/>\n<input type=\"hidden\" name=\"_wpcf7_locale\" value=\"vi\" \/>\n<input type=\"hidden\" name=\"_wpcf7_unit_tag\" value=\"wpcf7-f6-o1\" \/>\n<input type=\"hidden\" name=\"_wpcf7_container_post\" value=\"0\" \/>\n<input type=\"hidden\" name=\"_wpcf7_posted_data_hash\" value=\"\" \/>\n<\/div>\n<p><label> H\u1ecd t\u00ean (*)<br \/>\n    <span class=\"wpcf7-form-control-wrap your-name\"><input type=\"text\" name=\"your-name\" value=\"\" size=\"40\" class=\"wpcf7-form-control wpcf7-text wpcf7-validates-as-required\" aria-required=\"true\" aria-invalid=\"false\" \/><\/span> <\/label><\/p>\n<p><label> Email (*)<br \/>\n    <span class=\"wpcf7-form-control-wrap your-email\"><input type=\"email\" name=\"your-email\" value=\"\" size=\"40\" class=\"wpcf7-form-control wpcf7-text wpcf7-email wpcf7-validates-as-required wpcf7-validates-as-email\" aria-required=\"true\" aria-invalid=\"false\" \/><\/span> <\/label><br \/>\n<label> S\u1ed1 \u0111i\u1ec7n tho\u1ea1i (*)<br \/>\n    <span class=\"wpcf7-form-control-wrap tel-939\"><input type=\"tel\" name=\"tel-939\" value=\"\" size=\"40\" class=\"wpcf7-form-control wpcf7-text wpcf7-tel wpcf7-validates-as-required wpcf7-validates-as-tel\" aria-required=\"true\" aria-invalid=\"false\" \/><\/span><\/label><\/p>\n<p><label> T\u00ean m\u00e1y<br \/>\n    <span class=\"wpcf7-form-control-wrap your-subject\"><input type=\"text\" name=\"your-subject\" value=\"\" size=\"40\" class=\"wpcf7-form-control wpcf7-text\" aria-invalid=\"false\" \/><\/span> <\/label><\/p>\n<p><label> T\u00ecnh tr\u1ea1ng m\u00e1y<br \/>\n    <span class=\"wpcf7-form-control-wrap your-message\"><textarea name=\"your-message\" cols=\"40\" rows=\"10\" class=\"wpcf7-form-control wpcf7-textarea\" aria-invalid=\"false\"><\/textarea><\/span> <\/label><\/p>\n<p><input type=\"submit\" value=\"\u0110\u0103ng k\u00fd\" class=\"wpcf7-form-control wpcf7-submit\" \/><\/p>\n<div class=\"wpcf7-response-output\" aria-hidden=\"true\"><\/div><\/form><\/div>\n\t\t<\/div>\n\n\t\t\n<style>\n#section_2100278969 {\n  padding-top: 5px;\n  padding-bottom: 5px;\n}\n<\/style>\n\t<\/section>\n\t\n","protected":false},"excerpt":{"rendered":"","protected":false},"author":1,"featured_media":0,"parent":0,"menu_order":0,"comment_status":"closed","ping_status":"closed","template":"","meta":[],"_links":{"self":[{"href":"https:\/\/webmaibinh.com\/w\/dienthoai2011\/wp-json\/wp\/v2\/pages\/906"}],"collection":[{"href":"https:\/\/webmaibinh.com\/w\/dienthoai2011\/wp-json\/wp\/v2\/pages"}],"about":[{"href":"https:\/\/webmaibinh.com\/w\/dienthoai2011\/wp-json\/wp\/v2\/types\/page"}],"author":[{"embeddable":true,"href":"https:\/\/webmaibinh.com\/w\/dienthoai2011\/wp-json\/wp\/v2\/users\/1"}],"replies":[{"embeddable":true,"href":"https:\/\/webmaibinh.com\/w\/dienthoai2011\/wp-json\/wp\/v2\/comments?post=906"}],"version-history":[{"count":6,"href":"https:\/\/webmaibinh.com\/w\/dienthoai2011\/wp-json\/wp\/v2\/pages\/906\/revisions"}],"predecessor-version":[{"id":914,"href":"https:\/\/webmaibinh.com\/w\/dienthoai2011\/wp-json\/wp\/v2\/pages\/906\/revisions\/914"}],"wp:attachment":[{"href":"https:\/\/webmaibinh.com\/w\/dienthoai2011\/wp-json\/wp\/v2\/media?parent=906"}],"curies":[{"name":"wp","href":"https:\/\/api.w.org\/{rel}","templated":true}]}}