{"id":1011,"date":"2018-03-23T07:39:17","date_gmt":"2018-03-23T07:39:17","guid":{"rendered":"http:\/\/didong.khowebseotop.vn\/?page_id=1011"},"modified":"2018-03-23T07:39:17","modified_gmt":"2018-03-23T07:39:17","slug":"mua-hang-tu-xa","status":"publish","type":"page","link":"https:\/\/webmaibinh.com\/w\/dienthoai12011\/mua-hang-tu-xa\/","title":{"rendered":"Mua h\u00e0ng t\u1eeb xa"},"content":{"rendered":"<p>HungMobile \u0111\u01b0\u1ee3c bi\u1ebft t\u1edbi l\u00e0 m\u1ed9t \u0111\u01a1n v\u1ecb Uy T\u00edn h\u00e0ng \u0111\u1ea7u trong l\u0129nh v\u1ef1c b\u00e1n l\u1ebb c\u00e1c d\u00f2ng \u0111i\u1ec7n tho\u1ea1i x\u00e1ch tay v\u00e0 ch\u00ednh h\u00e3ng. Ngo\u00e0i nh\u1eefng kh\u00e1ch h\u00e0ng mua h\u00e0ng tr\u1ef1c ti\u1ebfp, th\u00ec kh\u00e1ch h\u00e0ng mua h\u00e0ng t\u1eeb xa c\u0169ng quan tr\u1ecdng kh\u00f4ng k\u00e9m v\u1edbi doanh s\u1ed1 chi\u1ebfm t\u1edbi 30% tr\u00ean t\u1ed5ng doanh s\u1ed1 c\u1ee7a HungMobile.<\/p>\n<p>V\u1edbi h\u01a1n 6 n\u0103m kinh doanh v\u00e0 g\u00e2y d\u1ef1ng, ch\u00fang t\u00f4i hi\u1ec3u r\u1ea5t r\u00f5 s\u1ef1 quan tr\u1ecdng Uy T\u00edn Th\u01b0\u01a1ng Hi\u1ec7u t\u1edbi ni\u1ec1m tin c\u1ee7a kh\u00e1ch h\u00e0ng, v\u00e0 c\u0169ng hi\u1ec3u r\u1ea5t r\u00f5 nh\u1eefng lo l\u1eafng m\u00e0 kh\u00e1ch h\u00e0ng g\u1eb7p ph\u1ea3i, \u0111\u1eb7c bi\u1ec7t l\u00e0 khi mua h\u00e0ng t\u1eeb xa. Sau \u0111\u00e2y l\u00e0 quy tr\u00ecnh mua h\u00e0ng t\u1eeb xa t\u1ea1i HungMobile:<\/p>\n<p><iframe src=\"https:\/\/www.youtube.com\/embed\/CfrxxINurcc\" width=\"500\" height=\"300\" frameborder=\"0\" allowfullscreen=\"allowfullscreen\" data-mce-fragment=\"1\"><\/iframe><\/p>\n<p>Quy tr\u00ecnh \u0111\u00f3ng g\u00f3i mua h\u00e0ng t\u1eeb xa t\u1ea1i HungMobile<\/p>\n<h2>\u01afU \u0110\u00c3I CHO KH\u00c1CH H\u00c0NG:<\/h2>\n<p>Kh\u00e1ch h\u00e0ng mua h\u00e0ng t\u1eeb xa t\u1ea1i HungMobile s\u1ebd \u0111\u01b0\u1ee3c h\u01b0\u1edfng nh\u1eefng \u01b0u \u0111\u00e3i sau:<\/p>\n<p>&#8211; T\u1eb7ng ngay g\u1eady ch\u1ee5p \u1ea3nh t\u1ef1 s\u01b0\u1edbng tr\u1ecb gi\u00e1 100.000\u0111.<\/p>\n<p>&#8211; T\u1eb7ng nhi\u1ec1u \u01afu \u0110\u00e3i khi mua l\u1ea7n hai (\u1ed1p l\u01b0ng, k\u00ednh c\u01b0\u1eddng l\u1ef1c, g\u1eady t\u1ef1 s\u01b0\u1edbng,&#8230;)<\/p>\n<p>&nbsp;<\/p>\n<h2>H\u01af\u1edaNG D\u1eaaN \u0110\u1eb6T H\u00c0NG V\u00c0 THANH TO\u00c1N.<\/h2>\n<p><strong>B\u01b0\u1edbc 1: \u0110\u1eb7t H\u00e0ng<\/strong><\/p>\n<p>\u0110\u1ec3 li\u00ean h\u1ec7 \u0111\u1eb7t h\u00e0ng t\u1ea1i HungMobile, kh\u00e1ch h\u00e0ng c\u00f3 th\u1ec3 \u0111\u1eb7t h\u00e0ng b\u1eb1ng c\u00e1c h\u00ecnh th\u1ee9c sau:<\/p>\n<p>&#8211; \u0110\u1eb7t h\u00e0ng tr\u00ean website: \u0110i\u1ec1n th\u00f4ng tin v\u00e0o n\u00fat \u0111\u1eb7t h\u00e0ng \u1edf trang s\u1ea3n ph\u1ea9m c\u1ea7n mua. HungMobile s\u1ebd ch\u1ee7 \u0111\u1ed9ng li\u00ean h\u1ec7 trong th\u1eddi gian s\u1edbm nh\u1ea5t.<\/p>\n<p>&#8211; \u0110\u1eb7t h\u00e0ng qua s\u1ed1 \u0111i\u1ec7n tho\u1ea1i HOTLINE:\u00a0090.154.8866\u00a0ho\u1eb7c\u00a00246.687.5678\u00a0ho\u1eb7c\u00a0098.717.3300<\/p>\n<p>&#8211; \u0110\u1eb7t h\u00e0ng b\u1eb1ng c\u00e1ch\u00a0g\u1eedi tin nh\u1eafn\u00a0\u0111\u1ebfn \u0111\u1ecba ch\u1ec9 fanpage c\u1ee7a HungMobile.<\/p>\n<p>&#8211; \u0110\u1eb7t h\u00e0ng qua h\u1ec7 th\u1ed1ng ch\u00e1t tr\u1ef1c tuy\u1ebfn tr\u00ean website c\u1ee7a HungMobile.<\/p>\n<p><strong>B\u01b0\u1edbc 2: Xem H\u00e0ng Online:<\/strong><\/p>\n<p>Sau khi kh\u00e1ch h\u00e0ng \u0111\u00e3 \u0111\u01b0\u1ee3c t\u01b0 v\u1ea5n chi ti\u1ebft v\u1ec1 gi\u00e1 v\u00e0 c\u00e1c ch\u00ednh s\u00e1ch k\u00e8m theo s\u1ea3n ph\u1ea9m. \u0110\u1ec3 kh\u00e1ch h\u00e0ng y\u00ean t\u00e2m nh\u1ea5t v\u1ec1 ch\u1ea5t l\u01b0\u1ee3ng s\u1ea3n ph\u1ea9m.\u00a0HungMobile s\u1ebd quay video v\u1ec1 s\u1ea3n ph\u1ea9m (h\u00ecnh th\u1ee9c, test c\u00e1c ch\u1ee9ng n\u0103ng c\u1ee7a s\u1ea3n ph\u1ea9m) g\u1eedi cho kh\u00e1ch h\u00e0ng xem tr\u01b0\u1edbc. N\u1ebfu kh\u00e1ch h\u00e0ng \u0111\u00f4ng \u00fd mua h\u00e0ng, HungMobile s\u1ebd g\u1eedi \u0111\u00fang s\u1ea3n ph\u1ea9m c\u00f3 IMEI trong video cho kh\u00e1ch h\u00e0ng.<\/p>\n<p><strong>B\u01b0\u1edbc 2:\u00a0Chuy\u1ec3n Kho\u1ea3n:<\/strong><\/p>\n<p><strong>Kh\u00e1ch h\u00e0ng n\u1ed9i th\u00e0nh:<\/strong>\u00a0Nh\u1eadn h\u00e0ng v\u00e0 thanh to\u00e1n t\u1ea1i nh\u00e0, mi\u1ec5n ph\u00ed ship trong b\u00e1n k\u00ednh d\u01b0\u1edbi 10km.<\/p>\n<p><strong>Kh\u00e1ch h\u00e0ng ngo\u1ea1i th\u00e0nh:<\/strong>\u00a0Kh\u00e1ch h\u00e0ng vui l\u00f2ng thanh to\u00e1n tr\u01b0\u1edbc ti\u1ec1n m\u00e1y v\u00e0<\/p>\n<p><img src=\"https:\/\/hungmobile.vn\/images\/tin-tuc\/tk-ngan-hang-hungmobile-v1.jpg\" alt=\"T\u00e0i kho\u1ea3n ng\u1ea7n h\u00e0ng HungMobile\" \/><\/p>\n<p><strong>&#8211;\u00a0B\u01b0\u1edbc 3:\u00a0X\u00e1ch nh\u1eadn \u0111\u01a1n h\u00e0ng v\u00e0 giao h\u00e0ng<\/strong><\/p>\n<p>Sau khi nh\u1eadn \u0111\u01b0\u1ee3c ti\u1ec1n, CSKH c\u1ee7a HungMobile s\u1ebd li\u00ean h\u1ec7 v\u1edbi b\u1ea1n \u0111\u1ec3 x\u00e1c nh\u1eadn s\u1ed1\u00a0ti\u1ec1n \u00a0\u0111\u00e3 chuy\u1ec3n kho\u1ea3n,\u00a0c\u0169ng nh\u01b0 l\u1ea5y th\u00f4ng tin (t\u00ean, \u0111\u1ecba ch\u1ec9, s\u1ed1 \u0111i\u1ec7n tho\u1ea1i) v\u00e0 g\u1eedi h\u00e0ng ngay l\u1eadp t\u1ee9c. Sau \u0111\u00f3, HungMobile s\u1ebd g\u1eedi cho b\u1ea1n\u00a0m\u00e3 v\u1eadn \u0111\u01a1n, t\u1eeb \u0111\u00f3 b\u1ea1n s\u1ebd c\u00f3 th\u1ec3 ki\u1ec3m tra tr\u1ef1c tuy\u1ebfn h\u00e0nh tr\u00ecnh \u0111\u01a1n h\u00e0ng c\u1ee7a m\u00ecnh tr\u00ean\u00a0trang ch\u1ee7 c\u1ee7a c\u00f4ng ty v\u1eadn chuy\u1ec3n<\/p>\n<h2>C\u00c1C C\u00c2U H\u1eceI TH\u01af\u1edcNG G\u1eb6P:<\/h2>\n<div>V\u1edbi h\u01a1n 6 n\u0103m kinh nghi\u1ec7m v\u00e0 \u0111\u00e3 ph\u1ee5c v\u1ee5 cho g\u1ea7n 20.000 kh\u00e1ch h\u00e0ng mua h\u00e0ng t\u1eeb xa. HungMobile hi\u1ec3u r\u1ea5t r\u00f5 nh\u1eefng lo l\u1eafng m\u00e0 b\u1ea1n g\u1eb7p ph\u1ea3i khi mua h\u00e0ng t\u1eeb xa. Sau \u0111\u00e2y l\u00e0 nh\u1eefng c\u00e2u h\u1ecfi th\u01b0\u1eddng g\u1eb7p c\u1ee7a kh\u00e1ch h\u00e0ng v\u00e0 nh\u1eefng Cam K\u1ebft c\u1ee7a HungMobile v\u1edbi b\u1ea1n khi mua h\u00e0ng t\u1eeb xa:<\/p>\n<p><strong>C\u00e2u 1: T\u00f4i s\u1ee3 HungMobile s\u1ebd g\u1eedi m\u00e1y c\u00f3 ch\u1ea5t l\u01b0\u1ee3ng kh\u00f4ng t\u1ed1t\u00a0?<\/strong><\/p>\n<p>V\u1edbi uy t\u00edn tr\u00ean 6 n\u0103m, HungMobile \u0111\u00e3 t\u1ea1o \u0111\u01b0\u1ee3c ni\u1ec1m tin \u0111\u1ed1i v\u1edbi r\u1ea5t nhi\u1ec1u kh\u00e1ch h\u00e0ng, k\u1ec3 c\u1ea3 \u0111\u1ed1i v\u1edbi nh\u1eefng kh\u00e1ch \u1edf xa. Ngo\u00e0i ra, HungMobile c\u00f2n c\u00f3 th\u00eam c\u00e1c ch\u00ednh s\u00e1ch sau \u0111\u1ec3 mang l\u1ea1i s\u1ef1 y\u00ean t\u00e2m tuy\u1ec7t \u0111\u1ed1i cho qu\u00fd kh\u00e1ch h\u00e0ng.<\/p><\/div>\n<p>&#8211; Kh\u00e1ch h\u00e0ng c\u00f3 quy\u1ec1n tr\u1ea3 l\u1ea1i s\u1ea3n ph\u1ea9m v\u00e0 \u0111\u1ed5i sang s\u1ea3n ph\u1ea9m kh\u00e1c, ho\u1eb7c nh\u1eadn l\u1ea1i to\u00e0n b\u1ed9 s\u1ed1 ti\u1ec1n n\u1ebfu s\u1ea3n ph\u1ea9m nh\u1eadn \u0111\u01b0\u1ee3c c\u00f3 IMEI kh\u00f4ng \u0111\u00fang nh\u01b0 trong video \u0111\u01b0\u1ee3c xem tr\u01b0\u1edbc \u0111\u00f3, ho\u1eb7c s\u1ea3n ph\u1ea9m c\u00f3 h\u00ecnh th\u1ee9c v\u00e0 ch\u1ea5t l\u01b0\u1ee3ng kh\u00f4ng \u0111\u00fang nh\u01b0 cam k\u1ebft.<\/p>\n<p>&#8211; S\u1ea3n ph\u1ea9m \u0111\u01b0\u1ee3c HungMobile ki\u1ec3m tra l\u1ea1i k\u0129 c\u00e0ng l\u1ea7n hai, tr\u01b0\u1edbc khi \u0111\u00f3ng g\u00f3i chuy\u1ec3n \u0111i cho kh\u00e1ch h\u00e0ng. Ch\u1ebf \u0111\u1ed9 b\u1ea3o h\u00e0nh cho kh\u00e1ch h\u00e0ng mua t\u1eeb xa v\u1eabn \u0111\u01b0\u1ee3c \u00e1p d\u1ee5ng nh\u01b0 kh\u00e1ch h\u00e0ng mua tr\u01b0\u1ee3c ti\u1ebfp (kh\u00f4ng t\u00ednh th\u1eddi gian v\u1eadn chuy\u1ec3n).<\/p>\n<p><strong>C\u00e2u 2: T\u00f4i s\u1ee3 HungMobile nh\u1eadn ti\u1ec1n r\u1ed3i m\u00e0 kh\u00f4ng g\u1eedi h\u00e0ng !\u00a0<\/strong><\/p>\n<p>\u0110\u00e2y l\u00e0 r\u1ee7i ro kh\u00f4ng th\u1ec3 x\u1ea3y ra v\u1edbi kh\u00e1ch h\u00e0ng khi mua h\u00e0ng t\u1ea1i HungMobile, b\u1edf nh\u1eefng l\u00fd do sau:<\/p>\n<p>&#8211; HungMobile l\u00e0 m\u1ed9t th\u01b0\u01a1ng hi\u1ec7u Uy T\u00edn trong h\u01a1n 6 n\u0103m v\u00e0 \u0111\u01b0\u1ee3c r\u1ea5t \u0111\u00f4ng kh\u00e1ch h\u00e0ng \u1ee7ng h\u1ed9 h\u00e0ng ng\u00e0y. V\u00ec v\u1eady, Ch\u00fang T\u00f4i lu\u00f4n c\u1ed1 g\u1eafng h\u1ebft s\u1ee9c \u0111\u1ec3 gi\u1eef v\u1eefng s\u1ef1 uy t\u00edn cho th\u01b0\u01a1ng hi\u1ec7u n\u00e0y. V\u00ec v\u1eady\u00a0 vi\u1ec7c &#8220;L\u1eeba \u0110\u1ea3o&#8221; kh\u00e1ch h\u00e0ng l\u00e0 \u0111i\u1ec1u kh\u00f4ng bao gi\u1edd c\u00f3 \u1edf HungMobile.<\/p>\n<p>&#8211; Kh\u00e1ch h\u00e0ng c\u00f3 \u0111\u1ea7y \u0111\u1ee7 c\u00e1c b\u1eb1ng ch\u1ee9ng (th\u00f4ng tin \u0111\u1eb7t h\u00e0ng, th\u00f4ng tin chuy\u1ec3n kho\u1ea3n) \u0111\u1ec3 nh\u1edd ph\u00e1p lu\u1eadt can thi\u1ec7p, n\u1ebfu HungMobile c\u00f3 h\u00e0nh vi L\u1eeba \u0110\u1ea3o, nh\u1ea7n ti\u1ec1n m\u00e0 kh\u00f4ng g\u1eedi h\u00e0ng cho kh\u00e1ch h\u00e0ng.<\/p>\n<p><strong>C\u00e2u 3: T\u00f4i s\u1ee3 h\u00e0ng b\u1ecb m\u1ea5t ho\u1eb7c h\u1ecfng h\u00f3c trong l\u00fac v\u1eadn chuy\u1ec3n:<\/strong><\/p>\n<p>HungMobile ch\u1ecbu ho\u00e0n to\u00e0n tr\u00e1ch nhi\u1ec7m \u0111\u1ed1i v\u1edbi b\u1ea5t k\u00ec r\u1ee7i ro n\u00e0o trong l\u00fac v\u1eadn chuy\u1ec3n. Trong tr\u01b0\u1eddng h\u1ee3p h\u00e0ng b\u1ecb th\u1ea5t l\u1ea1c, ho\u1eb7c b\u1ecb v\u1ee1 hay v\u00e0o n\u01b0\u1edbc. HungMobile s\u1ebd \u0111\u1ed5i ngay (mi\u1ec5n ph\u00ed) cho kh\u00e1ch h\u00e0ng m\u1ed9t s\u1ea3n ph\u1ea9m m\u1edbi t\u01b0\u01a1ng \u0111\u01b0\u01a1ng.<\/p>\n<p>L\u01b0u \u00fd: Kh\u00e1ch h\u00e0ng vui l\u00f2ng ki\u1ec3m tra g\u00f3i h\u00e0ng \u0111\u1ea3m b\u1ea3o: C\u00f2n ni\u00eam phong, kh\u00f4ng b\u1ecb ng\u1ea5m n\u01b0\u1edbc, kh\u00f4ng b\u1ecb m\u00f3p m\u00e9o. N\u1ebfu c\u00f3 b\u1ea5t k\u00ec d\u1ea5u hi\u1ec7u b\u1ea5t th\u01b0\u1eddng n\u00e0o, b\u1ea1n vui l\u00f2ng kh\u00f4ng nh\u1eadn h\u00e0ng v\u00e0 li\u00ean h\u1ec7 v\u1edbi HungMobile ngay \u0111\u1ec3 \u0111\u01b0\u1ee3c \u0111\u1ed5i m\u1edbi s\u1ea3n ph\u1ea9m kh\u00e1c.<\/p>\n","protected":false},"excerpt":{"rendered":"<p>HungMobile \u0111\u01b0\u1ee3c bi\u1ebft t\u1edbi l\u00e0 m\u1ed9t \u0111\u01a1n v\u1ecb Uy T\u00edn h\u00e0ng \u0111\u1ea7u trong l\u0129nh v\u1ef1c b\u00e1n l\u1ebb c\u00e1c d\u00f2ng \u0111i\u1ec7n tho\u1ea1i x\u00e1ch tay v\u00e0 ch\u00ednh h\u00e3ng. Ngo\u00e0i nh\u1eefng kh\u00e1ch h\u00e0ng mua h\u00e0ng tr\u1ef1c ti\u1ebfp, th\u00ec kh\u00e1ch h\u00e0ng mua h\u00e0ng t\u1eeb xa c\u0169ng quan tr\u1ecdng kh\u00f4ng k\u00e9m v\u1edbi doanh s\u1ed1 chi\u1ebfm t\u1edbi 30% tr\u00ean t\u1ed5ng doanh s\u1ed1 c\u1ee7a HungMobile. V\u1edbi h\u01a1n 6 n\u0103m kinh doanh v\u00e0 g\u00e2y d\u1ef1ng, ch\u00fang t\u00f4i hi\u1ec3u r\u1ea5t r\u00f5 s\u1ef1 quan tr\u1ecdng Uy T\u00edn Th\u01b0\u01a1ng Hi\u1ec7u t\u1edbi [&#8230;]\n","protected":false},"author":1,"featured_media":0,"parent":0,"menu_order":0,"comment_status":"closed","ping_status":"closed","template":"","meta":[],"_links":{"self":[{"href":"https:\/\/webmaibinh.com\/w\/dienthoai12011\/wp-json\/wp\/v2\/pages\/1011"}],"collection":[{"href":"https:\/\/webmaibinh.com\/w\/dienthoai12011\/wp-json\/wp\/v2\/pages"}],"about":[{"href":"https:\/\/webmaibinh.com\/w\/dienthoai12011\/wp-json\/wp\/v2\/types\/page"}],"author":[{"embeddable":true,"href":"https:\/\/webmaibinh.com\/w\/dienthoai12011\/wp-json\/wp\/v2\/users\/1"}],"replies":[{"embeddable":true,"href":"https:\/\/webmaibinh.com\/w\/dienthoai12011\/wp-json\/wp\/v2\/comments?post=1011"}],"version-history":[{"count":1,"href":"https:\/\/webmaibinh.com\/w\/dienthoai12011\/wp-json\/wp\/v2\/pages\/1011\/revisions"}],"predecessor-version":[{"id":1012,"href":"https:\/\/webmaibinh.com\/w\/dienthoai12011\/wp-json\/wp\/v2\/pages\/1011\/revisions\/1012"}],"wp:attachment":[{"href":"https:\/\/webmaibinh.com\/w\/dienthoai12011\/wp-json\/wp\/v2\/media?parent=1011"}],"curies":[{"name":"wp","href":"https:\/\/api.w.org\/{rel}","templated":true}]}}