{"id":966,"date":"2019-04-15T17:19:13","date_gmt":"2019-04-15T10:19:13","guid":{"rendered":"https:\/\/bizhostvn.com\/w\/dienmay3\/?post_type=product&#038;p=966"},"modified":"2019-04-15T17:24:58","modified_gmt":"2019-04-15T10:24:58","slug":"ghe-massage-okia-emonarch-lx","status":"publish","type":"product","link":"https:\/\/webmaibinh.com\/w\/dienmay3\/ghe-massage-okia-emonarch-lx\/","title":{"rendered":"Gh\u1ebf massage OKIA eMonarch LX Human Touch 4D"},"content":{"rendered":"<p><img loading=\"lazy\" class=\"size-large wp-image-967 aligncenter\" src=\"https:\/\/bizhostvn.com\/w\/dienmay3\/wp-content\/uploads\/2019\/04\/sp11-1024x772.jpg\" alt=\"\" width=\"1020\" height=\"769\" srcset=\"https:\/\/webmaibinh.com\/w\/dienmay3\/wp-content\/uploads\/2019\/04\/sp11-1024x772.jpg 1024w, https:\/\/webmaibinh.com\/w\/dienmay3\/wp-content\/uploads\/2019\/04\/sp11-300x226.jpg 300w, https:\/\/webmaibinh.com\/w\/dienmay3\/wp-content\/uploads\/2019\/04\/sp11-768x579.jpg 768w, https:\/\/webmaibinh.com\/w\/dienmay3\/wp-content\/uploads\/2019\/04\/sp11-510x385.jpg 510w, https:\/\/webmaibinh.com\/w\/dienmay3\/wp-content\/uploads\/2019\/04\/sp11.jpg 1200w\" sizes=\"(max-width: 1020px) 100vw, 1020px\" \/><\/p>\n<p><img loading=\"lazy\" class=\"size-large wp-image-972 aligncenter\" src=\"https:\/\/bizhostvn.com\/w\/dienmay3\/wp-content\/uploads\/2019\/04\/3-30-1024x558.jpg\" alt=\"\" width=\"1020\" height=\"556\" srcset=\"https:\/\/webmaibinh.com\/w\/dienmay3\/wp-content\/uploads\/2019\/04\/3-30-1024x558.jpg 1024w, https:\/\/webmaibinh.com\/w\/dienmay3\/wp-content\/uploads\/2019\/04\/3-30-300x164.jpg 300w, https:\/\/webmaibinh.com\/w\/dienmay3\/wp-content\/uploads\/2019\/04\/3-30-768x419.jpg 768w, https:\/\/webmaibinh.com\/w\/dienmay3\/wp-content\/uploads\/2019\/04\/3-30-510x278.jpg 510w, https:\/\/webmaibinh.com\/w\/dienmay3\/wp-content\/uploads\/2019\/04\/3-30.jpg 1200w\" sizes=\"(max-width: 1020px) 100vw, 1020px\" \/><\/p>\n<p><img loading=\"lazy\" class=\"size-large wp-image-973 aligncenter\" src=\"https:\/\/bizhostvn.com\/w\/dienmay3\/wp-content\/uploads\/2019\/04\/4-20-1024x558.jpg\" alt=\"\" width=\"1020\" height=\"556\" srcset=\"https:\/\/webmaibinh.com\/w\/dienmay3\/wp-content\/uploads\/2019\/04\/4-20-1024x558.jpg 1024w, https:\/\/webmaibinh.com\/w\/dienmay3\/wp-content\/uploads\/2019\/04\/4-20-300x164.jpg 300w, https:\/\/webmaibinh.com\/w\/dienmay3\/wp-content\/uploads\/2019\/04\/4-20-768x419.jpg 768w, https:\/\/webmaibinh.com\/w\/dienmay3\/wp-content\/uploads\/2019\/04\/4-20-510x278.jpg 510w, https:\/\/webmaibinh.com\/w\/dienmay3\/wp-content\/uploads\/2019\/04\/4-20.jpg 1200w\" sizes=\"(max-width: 1020px) 100vw, 1020px\" \/><\/p>\n<p><img loading=\"lazy\" class=\"size-full wp-image-975 aligncenter\" src=\"https:\/\/bizhostvn.com\/w\/dienmay3\/wp-content\/uploads\/2019\/04\/5-9.jpg\" alt=\"\" width=\"1000\" height=\"545\" srcset=\"https:\/\/webmaibinh.com\/w\/dienmay3\/wp-content\/uploads\/2019\/04\/5-9.jpg 1000w, https:\/\/webmaibinh.com\/w\/dienmay3\/wp-content\/uploads\/2019\/04\/5-9-300x164.jpg 300w, https:\/\/webmaibinh.com\/w\/dienmay3\/wp-content\/uploads\/2019\/04\/5-9-768x419.jpg 768w, https:\/\/webmaibinh.com\/w\/dienmay3\/wp-content\/uploads\/2019\/04\/5-9-510x278.jpg 510w\" sizes=\"(max-width: 1000px) 100vw, 1000px\" \/><\/p>\n<ul>\n<li>Gh\u1ebf massage OKIA eMonarch LX v\u1edbi thi\u1ebft k\u1ebf tinh t\u1ebf, sang tr\u1ecdng tr\u00ean t\u1eebng \u0111\u01b0\u1eddng n\u00e9t.<\/li>\n<li>To\u00e0n th\u00e2n gh\u1ebf m\u00e0u tr\u1eafng \u0111\u01b0\u1ee3c t\u1ea1o l\u00ean t\u1eeb ch\u1ea5t li\u1ec7u nh\u1ef1a cao c\u1ea5p d\u00f9ng trong ng\u00e0nh c\u00f4ng nghi\u1ec7p \u00f4 t\u00f4 t\u1ea1i Nh\u1eadt v\u00e0 c\u00e1c n\u01b0\u1edbc Ch\u00e2u \u00c2u\u00a0 c\u00f3 \u0111\u1ed9 b\u1ec1n cao, th\u00e2n thi\u1ec7n v\u1edbi con ng\u01b0\u1eddi.<\/li>\n<li>V\u1edbi thi\u1ebft k\u1ebf ti\u1ebft ki\u1ec7m kh\u00f4ng gian s\u1eed d\u1ee5ng \u2013 Zero wall. Gh\u1ebf massage eMonarch LX d\u1ec5 d\u00e0ng t\u1ecbnh ti\u1ebfn v\u00e0 thu l\u1ea1i khi kh\u00f4ng s\u1eed d\u1ee5ng trong kho\u1ea3ng c\u00e1ch 10cm so v\u1edbi b\u1ec1 m\u1eb7t t\u01b0\u1eddng ph\u00eda sau gh\u1ebf, l\u00e0 b\u01b0\u1edbc ph\u00e1t tri\u1ec3n d\u00e0i trong ng\u00e0nh c\u00f4ng nghi\u1ec7p gh\u1ebf massage.<\/li>\n<li>\u00c1p d\u1ee5ng c\u00f4ng ngh\u1ec7 hi\u1ec7n \u0111\u1ea1i, eMonarch LX l\u00e0 chi\u1ebfc gh\u1ebf \u0111\u1ea7u ti\u00ean tr\u00ean th\u1ecb tr\u01b0\u1eddng c\u00f3 th\u1ec3 \u0111i\u1ec1u khi\u1ec3n d\u1ec5 d\u00e0ng b\u1eb1ng smart phone ho\u1eb7c tablet th\u00f4ng qua ph\u1ea7n m\u1ec1m \u1ee9ng d\u1ee5ng c\u00f3 s\u1eb5n. Kh\u1edfi \u0111\u1ea7u c\u1ee7a c\u00f4ng ngh\u1ec7 tr\u00ed tu\u1ec7 nh\u00e2n t\u1ea1o.eMonarch LX \u0111\u01b0\u1ee3c v\u00ed nh\u01b0 vi\u00ean ng\u1ecdc tr\u1eafng trong th\u1ebf gi\u1edbi gh\u1ebf massage<\/li>\n<li>Kh\u00e1ch h\u00e0ng c\u00f3 th\u1ec3 d\u1ec5 d\u00e0ng \u0111\u1ebfn tr\u1ea3i nghi\u1ec7m, s\u1edf h\u1eefu gh\u1ebf massage OKIA eMonarch LX t\u1ea1i h\u1ec7 th\u1ed1ng showroom OKIA tr\u00ean c\u1ea3 n\u01b0\u1edbc, v\u1edbi h\u01a1n 30 showroom\u00a0 v\u00e0 20 \u0111i\u1ec3m gi\u1edbi thi\u1ec7u t\u1ea1i c\u00e1c showroom \u00f4 t\u00f4 tr\u1ea3i d\u00e0i t\u1eeb H\u00e0 N\u1ed9i \u0111\u1ebfn \u0110\u00e0 N\u1eb5ng v\u00e0 H\u1ed3 Ch\u00ednh Minh<\/li>\n<\/ul>\n<p><strong>Th\u00f4ng s\u1ed1 k\u1ef9 thu\u1eadt:<\/strong><\/p>\n<ul>\n<li>Model\u00a0 \u00a0 \u00a0 \u00a0 \u00a0 \u00a0 \u00a0 \u00a0 \u00a0 \u00a0 \u00a0 \u00a0 \u00a0 \u00a0 \u00a0 \u00a0 \u00a0 \u00a0 \u00a0 \u00a0:\u00a0 KWH950<\/li>\n<li>Ngu\u1ed3n g\u1ed1c\u00a0\u00a0 \u00a0 \u00a0 \u00a0 \u00a0 \u00a0 \u00a0 \u00a0 \u00a0 \u00a0 \u00a0 \u00a0 \u00a0 \u00a0 \u00a0 :\u00a0 S\u1ea3n ph\u1ea9m ch\u00ednh h\u00e3ng OKIA<\/li>\n<li>\u0110i\u1ec7n \u00e1p \u0111\u1ecbnh m\u1ee9c\u00a0\u00a0 \u00a0 \u00a0 \u00a0 \u00a0 \u00a0 \u00a0 \u00a0 \u00a0 \u00a0:\u00a0 \u00a0220 -240 V , 50\/60 Hz<\/li>\n<li>C\u00f4ng su\u1ea5t\u00a0 \u00a0 \u00a0 \u00a0 \u00a0 \u00a0 \u00a0 \u00a0 \u00a0 \u00a0 \u00a0 \u00a0 \u00a0 \u00a0 \u00a0 \u00a0 :\u00a0 260 W<\/li>\n<li>Th\u1eddi gian s\u1eed d\u1ee5ng \u0111\u1ecbnh m\u1ee9c\u00a0 \u00a0:\u00a0 20 ph\u00fat<\/li>\n<li>Tr\u1ecdng l\u01b0\u1ee3ng t\u1ecbnh\u00a0\u00a0 \u00a0 \u00a0 \u00a0 \u00a0 \u00a0 \u00a0 \u00a0 \u00a0 \u00a0 :\u00a0 152kg<\/li>\n<\/ul>\n","protected":false},"excerpt":{"rendered":"<ul>\n<li>Model\u00a0 \u00a0 \u00a0 \u00a0 \u00a0 \u00a0 \u00a0 \u00a0 \u00a0 \u00a0 \u00a0 \u00a0 \u00a0 \u00a0 \u00a0 \u00a0 \u00a0 \u00a0 \u00a0 \u00a0:\u00a0 KWH950<\/li>\n<li>Ngu\u1ed3n g\u1ed1c\u00a0\u00a0 \u00a0 \u00a0 \u00a0 \u00a0 \u00a0 \u00a0 \u00a0 \u00a0 \u00a0 \u00a0 \u00a0 \u00a0 \u00a0 \u00a0 :\u00a0 S\u1ea3n ph\u1ea9m ch\u00ednh h\u00e3ng OKIA<\/li>\n<li>\u0110i\u1ec7n \u00e1p \u0111\u1ecbnh m\u1ee9c\u00a0\u00a0 \u00a0 \u00a0 \u00a0 \u00a0 \u00a0 \u00a0 \u00a0 \u00a0 \u00a0:\u00a0 \u00a0220 -240 V , 50\/60 Hz<\/li>\n<li>C\u00f4ng su\u1ea5t\u00a0 \u00a0 \u00a0 \u00a0 \u00a0 \u00a0 \u00a0 \u00a0 \u00a0 \u00a0 \u00a0 \u00a0 \u00a0 \u00a0 \u00a0 \u00a0 :\u00a0 260 W<\/li>\n<li>Th\u1eddi gian s\u1eed d\u1ee5ng \u0111\u1ecbnh m\u1ee9c\u00a0 \u00a0:\u00a0 20 ph\u00fat<\/li>\n<li>Tr\u1ecdng l\u01b0\u1ee3ng t\u1ecbnh\u00a0\u00a0 \u00a0 \u00a0 \u00a0 \u00a0 \u00a0 \u00a0 \u00a0 \u00a0 \u00a0 :\u00a0 152kg<\/li>\n<\/ul>\n","protected":false},"featured_media":968,"comment_status":"open","ping_status":"closed","template":"","meta":[],"_links":{"self":[{"href":"https:\/\/webmaibinh.com\/w\/dienmay3\/wp-json\/wp\/v2\/product\/966"}],"collection":[{"href":"https:\/\/webmaibinh.com\/w\/dienmay3\/wp-json\/wp\/v2\/product"}],"about":[{"href":"https:\/\/webmaibinh.com\/w\/dienmay3\/wp-json\/wp\/v2\/types\/product"}],"replies":[{"embeddable":true,"href":"https:\/\/webmaibinh.com\/w\/dienmay3\/wp-json\/wp\/v2\/comments?post=966"}],"wp:featuredmedia":[{"embeddable":true,"href":"https:\/\/webmaibinh.com\/w\/dienmay3\/wp-json\/wp\/v2\/media\/968"}],"wp:attachment":[{"href":"https:\/\/webmaibinh.com\/w\/dienmay3\/wp-json\/wp\/v2\/media?parent=966"}],"curies":[{"name":"wp","href":"https:\/\/api.w.org\/{rel}","templated":true}]}}