{"id":948,"date":"2018-03-23T02:16:10","date_gmt":"2018-03-23T02:16:10","guid":{"rendered":"http:\/\/dienmay1.khowebseotop.vn\/?post_type=product&#038;p=948"},"modified":"2018-03-23T09:48:55","modified_gmt":"2018-03-23T09:48:55","slug":"sac-khong-day-samsung-chinh-hang","status":"publish","type":"product","link":"https:\/\/webmaibinh.com\/w\/dienmay2011\/san-pham\/sac-khong-day-samsung-chinh-hang\/","title":{"rendered":"S\u1ea1c kh\u00f4ng d\u00e2y Samsung ch\u00ednh h\u00e3ng"},"content":{"rendered":"<h2>S\u1ea1c\u00a0kh\u00f4ng d\u00e2y Samsung ch\u00ednh h\u00e3ng.<\/h2>\n<p>S\u1ea1c \u00a0kh\u00f4ng d\u00e2y Samsung c\u00f3 th\u1ec3 \u0111\u01b0\u1ee3c coi l\u00e0 m\u1ed9t m\u00f3n \u0111\u1ed3 ch\u01a1i cao c\u1ea5p v\u00e0 sang tr\u1ecdng d\u00e0nh cho c\u00e1c m\u1eabu m\u00e1y \u0111\u1ea7u b\u1ea3ng c\u1ee7a Samsung c\u0169ng nh\u01b0 c\u00e1c nh\u00e0 S\u1ea3n xu\u1ea5t kh\u00e1c c\u00f3 h\u1ed7 tr\u1ee3 c\u00f4ng ngh\u1ec7 n\u00e0y. S\u1ea3n ph\u1ea9m c\u00f3 thi\u1ebft k\u1ebf tinh t\u1ebf \u0111\u1eb9p v\u00e0 v\u00f4 c\u00f9ng sang trong th\u00edch h\u1ee3p v\u1edbi nh\u1eefng kh\u00f4ng gian hi\u1ec7n \u0111\u1ea1i tr\u1ebb trung.<\/p>\n<p>\u0110\u00e2y \u0111\u1ec1u l\u00e0 nh\u1eefng s\u1ea3n ph\u1ea9m m\u1edbi do ch\u00ednh h\u00e3ng Samsung s\u1ea3n xu\u1ea5t c\u00f3 \u0111\u1ea7y \u0111\u1ee7 h\u1ed9p in th\u00f4ng tin c\u0169ng nh\u01b0 m\u00e3 v\u1ea1ch c\u1ef1c k\u1ef3 \u0111\u1ea3m b\u1ea3o v\u1ec1 ch\u1ea5t l\u01b0\u1ee3ng kh\u00f4ng nh\u01b0 c\u00e1c lo\u1ea1i s\u1ea1c kh\u00e1c tr\u00f4i n\u1ed5i tr\u00ean th\u1ecb tr\u01b0\u1eddng.<\/p>\n<p><img src=\"http:\/\/dienmay1.khowebseotop.vn\/wp-content\/uploads\/2018\/03\/sac-khong-day-samsung-chinh-hang-948.jpg\" alt=\"s\u1ea1c kh\u00f4ng d\u00e2y Samsung\" \/><\/p>\n<p>C\u00f4ng ngh\u1ec7 s\u1ea1c n\u00e0y n\u00f3 mang l\u1ea1i s\u1ef1 ti\u1ec7n l\u1ee3i v\u00f4 c\u00f9ng \u0111\u1ebfn cho ng\u01b0\u1eddi s\u1eed d\u1ee5ng, c\u00e1c b\u1ea1n s\u1ebd kh\u00f4ng c\u1ea7n ph\u1ea3i \u0111i m\u00f2 m\u1eabm \u0111\u1ea7u s\u1ea1c \u0111\u1ec3 c\u1eafm v\u00e0o cho m\u00e1y, h\u1ea1n ch\u1ebf \u0111i t\u1ed1i \u0111a kh\u1ea3 n\u0103ng g\u1eaby ch\u00e2n s\u1ea1c \u0111\u00e1ng ti\u1ebfc x\u1ea3y ra, \u0111\u1ed3ng th\u1eddi \u0111\u00e2y l\u00e0 m\u1ed9t c\u00f4ng ngh\u1ec7 s\u1ea1c m\u1edbi v\u00f4 c\u00f9ng \u0111\u1ed9c \u0111\u00e1o, \u0111i\u1ec1u m\u00e0 c\u00e1c b\u1ea1n tr\u01b0\u1edbc \u0111\u00e2y c\u00e1c b\u1ea1n ch\u1ec9 c\u00f3 th\u1ec3 th\u1ea5y \u1edf trong c\u00e1c b\u1ed9 phim vi\u1ec5n t\u01b0\u1edfng.<\/p>\n<p><img src=\"http:\/\/dienmay1.khowebseotop.vn\/wp-content\/uploads\/2018\/03\/sac-khong-day-samsung-chinh-hang-948-1.jpg\" alt=\"s\u1ea1c kh\u00f4ng d\u00e2y Samsung\" \/><\/p>\n<p>Thi\u1ebft k\u1ebf v\u00f4 c\u00f9ng nh\u1ecf g\u1ecdn, tinh t\u1ebf v\u00e0 hi\u1ec7n \u0111\u1ea1i ph\u00f9 h\u1ee3p v\u1edbi m\u1ecdi kh\u00f4ng gian, v\u00e0 c\u00f2n c\u00f3 th\u1ec3 \u0111\u1ec3 l\u00e0m m\u1ed9t m\u00f3n \u0111\u1ed3 trang tr\u00ed c\u00f4ng ngh\u1ec7 v\u00f4 c\u00f9ng \u0111\u1eb9p m\u1eaft, b\u1ea1n c\u00f3 th\u1ec3 \u0111\u1ec3 tr\u00ean b\u00e0n l\u00e0m vi\u1ec7c, b\u1ea1n b\u00e8 \u0111\u1ed3ng nghi\u1ec7p c\u1ee7a b\u1ea1n s\u1ebd ph\u1ea3i\u00a0tr\u1ea7m tr\u1ed3 vi\u1ebft thi\u1ec7t b\u1ecb th\u00fa v\u1ecb n\u00e0y,<\/p>\n<p><img src=\"http:\/\/dienmay1.khowebseotop.vn\/wp-content\/uploads\/2018\/03\/sac-khong-day-samsung-chinh-hang-948-2.jpg\" alt=\"\u0111\u1ebf s\u1ea1c kh\u00f4ng d\u00e2y Samsung\" \/><\/p>\n","protected":false},"excerpt":{"rendered":"<p>&#8211; S\u1ea3n ph\u1ea9m do ch\u00ednh h\u00e3ng Samsung s\u1ea3n xu\u1ea5t.<\/p>\n<p>&#8211; S\u1ea3n ph\u1ea9m c\u00f3 thi\u1ebft k\u1ebf tinh t\u1ebf, \u0111\u1eb9p ph\u00f9 h\u1ee3p v\u1edbi nh\u1eefng kh\u00f4ng gian hi\u1ec7n \u0111\u1ea1i v\u00e0 sang tr\u1ecdng.<\/p>\n<p>&#8211; Nh\u1ecf g\u1ecdn, ti\u1ec7n l\u1ee3i gi\u00fap c\u00e1c b\u1ea1n tr\u00e1nh \u0111\u01b0\u1ee3c c\u00e1c nguy c\u01a1 b\u1ecb g\u1eaby ch\u00e2n s\u1ea1c \u0111\u00e1ng ti\u1ebfc hay x\u1ea3y ra.<\/p>\n<p>&#8211; T\u01b0\u01a1ng th\u00edch v\u1edbi h\u1ea7u h\u1ebft c\u00e1c smatphone c\u00f3 h\u1ed7 tr\u1ee3 s\u1ea1c kh\u00f4ng d\u00e2y tr\u00ean th\u1ecb tr\u01b0\u1eddng.<\/p>\n","protected":false},"featured_media":949,"comment_status":"open","ping_status":"closed","template":"","meta":[],"khoang_gia":[103],"_links":{"self":[{"href":"https:\/\/webmaibinh.com\/w\/dienmay2011\/wp-json\/wp\/v2\/product\/948"}],"collection":[{"href":"https:\/\/webmaibinh.com\/w\/dienmay2011\/wp-json\/wp\/v2\/product"}],"about":[{"href":"https:\/\/webmaibinh.com\/w\/dienmay2011\/wp-json\/wp\/v2\/types\/product"}],"replies":[{"embeddable":true,"href":"https:\/\/webmaibinh.com\/w\/dienmay2011\/wp-json\/wp\/v2\/comments?post=948"}],"wp:featuredmedia":[{"embeddable":true,"href":"https:\/\/webmaibinh.com\/w\/dienmay2011\/wp-json\/wp\/v2\/media\/949"}],"wp:attachment":[{"href":"https:\/\/webmaibinh.com\/w\/dienmay2011\/wp-json\/wp\/v2\/media?parent=948"}],"wp:term":[{"taxonomy":"khoang_gia","embeddable":true,"href":"https:\/\/webmaibinh.com\/w\/dienmay2011\/wp-json\/wp\/v2\/khoang_gia?post=948"}],"curies":[{"name":"wp","href":"https:\/\/api.w.org\/{rel}","templated":true}]}}