{"id":946,"date":"2018-03-23T02:14:47","date_gmt":"2018-03-23T02:14:47","guid":{"rendered":"http:\/\/dienmay1.khowebseotop.vn\/?post_type=product&#038;p=946"},"modified":"2018-03-23T09:51:31","modified_gmt":"2018-03-23T09:51:31","slug":"jack-chuyen-tai-nghe-iphone-7-titan","status":"publish","type":"product","link":"https:\/\/webmaibinh.com\/w\/dienmay2011\/san-pham\/jack-chuyen-tai-nghe-iphone-7-titan\/","title":{"rendered":"Jack chuy\u1ec3n tai nghe Iphone 7 TITAN"},"content":{"rendered":"<h2>jack chuy\u1ec3n tai nghe Iphone 7, \u00a07 plus TITAN<\/h2>\n<p>Jack chuy\u1ec3n \u0111\u1ed5i tai nghe t\u1eeb c\u1ed5ng lightning sang c\u1ed5ng 3,5 mm ch\u00ednh h\u00e3ng\u00a0TITAN , l\u00e0 m\u1ed9t s\u1ea3n ph\u1ea9m gi\u00fap b\u1ea1n v\u1eabn c\u00f3 th\u1ec3 th\u01b0\u1edfng th\u1ee9c nh\u1eefng b\u1ea3n nh\u1ea1c y\u00eau th\u00edch tr\u00ean chi\u1ebfc \u0111i\u1ec7n tho\u1ea1i Iphone 7 ho\u1eb7c 7 Plus khi m\u00e0 nh\u00e0 s\u1ea3n xu\u1ea5t \u0111\u00e3 b\u1ecf \u0111i jack c\u1eafm tai nghe 3,5 mm truy\u1ec1n th\u1ed1ng tr\u00ean c\u00e1c thi\u1ebft b\u1ecb n\u00e0y. V\u00ec h\u1ea7u h\u1ebft c\u00e1c lo\u1ea1i tai nghe ch\u1ea5t l\u01b0\u1ee3ng cao \u0111ang c\u00f3 m\u1eb7t tr\u00ean th\u1ecb tr\u01b0\u1eddng v\u1eabn \u0111ang s\u1eed d\u1ee5ng c\u1ed5ng k\u1ebft n\u1ed1i 3,5 mm truy\u1ec1n th\u1ed1ng.<\/p>\n<p>\u0110\u00e2y l\u00e0 s\u1ea3n ph\u1ea9m m\u1edbi 100% ch\u00ednh h\u00e3ng do TITAN s\u1ea3n xu\u1ea5t , c\u00f3 \u0111\u1ea7y\u00a0\u0111\u1ee7 h\u1ed9p in th\u00f4ng tin c\u0169ng nh\u01b0 m\u00e3 code v\u00e0 m\u00e3 v\u1ea1ch b\u1eb1ng ti\u1ebfng vi\u1ec7t do ch\u00ednh Vi\u1ec7t Nam m\u00ecnh s\u1ea3n xu\u1ea5t, kh\u00e1c h\u1eb3n v\u1edbi c\u00e1c lo\u1ea1i jack chuy\u1ec3n \u0111\u1ed5i tr\u00f4i n\u1ed5i tr\u00ean th\u1ecb tr\u01b0\u1eddng.<\/p>\n<p><img src=\"http:\/\/dienmay1.khowebseotop.vn\/wp-content\/uploads\/2018\/03\/jack-chuyen-tai-nghe-iphone-7-titan-946.jpg\" alt=\"jack chuy\u1ec3n \u0111\u1ed5i tai nghe Iphone 7 plus\" \/><\/p>\n<p>S\u1ea3n ph\u1ea9m \u0111\u01b0\u1ee3c thi\u1ebft k\u1ebf tinh t\u1ebf v\u1edbi \u0111\u1ed9 ho\u00e0n thi\u1ec7n c\u1ef1c t\u1ed1t, hai \u0111\u1ea7u \u0111\u01b0\u1ee3c b\u1ecdc kim lo\u1ea1i ch\u1eafc ch\u1eafn v\u1eeba mang l\u1ea1i s\u1ef1 sang tr\u1ecdng v\u1eeba \u0111\u1ea3m b\u1ea3o \u0111\u1ed9 b\u1ec1n cao cho thi\u1ebft b\u1ecb .<\/p>\n<p><img src=\"http:\/\/dienmay1.khowebseotop.vn\/wp-content\/uploads\/2018\/03\/jack-chuyen-tai-nghe-iphone-7-titan-946-1.jpg\" alt=\"jack chuy\u1ec3n \u0111\u1ed5i tai nghe Iphone 7\" \/><\/p>\n<p>C\u00f3 thi\u1ebft k\u1ebf \u0111\u1eb9p v\u00e0\u00a0c\u1ef1c k\u1ef3 sang tr\u1ecdng v\u1edbi ch\u1ea5t li\u1ec7u hai \u0111\u1ea7u jack\u00a0\u0111\u01b0\u1ee3c b\u1ecdc kim lo\u1ea1i mang l\u1ea1i \u0111\u1ed9 b\u1ec1n c\u1ef1c cao , s\u1ea3n ph\u1ea9m nh\u1ecf g\u1ecdn v\u00f4 c\u00f9ng ti\u1ec7n l\u1ee3i khi mang theo b\u00ean m\u00ecnh \u0111\u1ec3 b\u1ea1n lu\u00f4n c\u00f3 th\u1ec3 th\u01b0\u1edfng th\u1ee9c nh\u1eefng b\u00e0i nh\u1ea1c y\u00eau th\u00edch tr\u00ean chi\u1ebfc iphone 7 hay 7 plus s\u00e0nh \u0111i\u1ec7u.<\/p>\n<p><img src=\"http:\/\/dienmay1.khowebseotop.vn\/wp-content\/uploads\/2018\/03\/jack-chuyen-tai-nghe-iphone-7-titan-946-2.jpg\" alt=\"jack chuy\u1ec3n tai nghe Iphone 7\" \/><\/p>\n","protected":false},"excerpt":{"rendered":"<p>S\u1ea3n ph\u1ea9m do ch\u00ednh h\u00e3ng TITAN\u00a0s\u1ea3n xu\u1ea5t.<\/p>\n<p>&#8211; S\u1ea3n ph\u1ea9m c\u00f3 thi\u1ebft k\u1ebf tinh t\u1ebf, nh\u1ecf g\u1ecdn c\u1ef1c k\u1ef3 ti\u1ec7n d\u1ee5ng \u0111\u1ec3 mang theo b\u00ean m\u00ecnh<\/p>\n<p>&#8211; Hai \u0111\u1ea7u jack \u0111\u01b0\u1ee3c b\u1ecdc kim lo\u1ea1i, c\u1ef1c k\u1ef3 ch\u1eafc ch\u1eafn sang tr\u1ecdng v\u00e0 b\u1ec1n b\u1ec9 theo th\u1eddi gian<\/p>\n<p>&#8211; \u00a0T\u01b0\u01a1ng th\u00edch t\u1ed1t v\u1edbi t\u1ea5t c\u1ea3 c\u00e1c m\u1eabu \u0111i\u1ec7n tho\u1ea1i Iphone \u0111\u00e3 \u0111\u01b0\u1ee3c n\u00e2ng c\u1ea5p l\u00ean b\u1ea3n ios 10<\/p>\n","protected":false},"featured_media":947,"comment_status":"open","ping_status":"closed","template":"","meta":[],"khoang_gia":[103],"_links":{"self":[{"href":"https:\/\/webmaibinh.com\/w\/dienmay2011\/wp-json\/wp\/v2\/product\/946"}],"collection":[{"href":"https:\/\/webmaibinh.com\/w\/dienmay2011\/wp-json\/wp\/v2\/product"}],"about":[{"href":"https:\/\/webmaibinh.com\/w\/dienmay2011\/wp-json\/wp\/v2\/types\/product"}],"replies":[{"embeddable":true,"href":"https:\/\/webmaibinh.com\/w\/dienmay2011\/wp-json\/wp\/v2\/comments?post=946"}],"wp:featuredmedia":[{"embeddable":true,"href":"https:\/\/webmaibinh.com\/w\/dienmay2011\/wp-json\/wp\/v2\/media\/947"}],"wp:attachment":[{"href":"https:\/\/webmaibinh.com\/w\/dienmay2011\/wp-json\/wp\/v2\/media?parent=946"}],"wp:term":[{"taxonomy":"khoang_gia","embeddable":true,"href":"https:\/\/webmaibinh.com\/w\/dienmay2011\/wp-json\/wp\/v2\/khoang_gia?post=946"}],"curies":[{"name":"wp","href":"https:\/\/api.w.org\/{rel}","templated":true}]}}