{"id":944,"date":"2018-03-23T02:13:10","date_gmt":"2018-03-23T02:13:10","guid":{"rendered":"http:\/\/dienmay1.khowebseotop.vn\/?post_type=product&#038;p=944"},"modified":"2018-03-23T02:13:10","modified_gmt":"2018-03-23T02:13:10","slug":"tai-nghe-sony-extra-bass-mdr-xb450ap","status":"publish","type":"product","link":"https:\/\/webmaibinh.com\/w\/dienmay2011\/san-pham\/tai-nghe-sony-extra-bass-mdr-xb450ap\/","title":{"rendered":"Tai nghe sony extra bass mdr-xb450ap"},"content":{"rendered":"<h2>Tai nghe sony extra bass mdr-xb450ap<\/h2>\n<p>Tai nghe SONY extral bass mdr-xb 450ap d\u00f2ng tai nghe cao c\u1ea5p h\u01b0\u1edbng \u0111\u1ebfn c\u00e1c b\u1ea1n tr\u1ebb n\u0103ng \u0111\u1ed9ng v\u1edbi thi\u1ebft k\u1ebf th\u1eddi trang, m\u1ea7u s\u1eafc \u0111a d\u1ea1ng, \u0111\u1eb7c bi\u1ec7t s\u1ea3n ph\u1ea9m n\u00e0y cho ra ch\u1ea5t l\u01b0\u1ee3ng \u00e2m bass c\u1ef1c kh\u1ecfe v\u00e0 ch\u1eafc h\u01b0\u1edbng \u0111\u1ebfn c\u00e1c b\u00e0i nh\u1ea1c s\u00f4i \u0111\u1ed9ng m\u1ea1nh m\u1ebd, c\u00e1c b\u00e0i nh\u1ea1c remix b\u1ed1c l\u1eeda.<\/p>\n<p>\u0110\u00e2y \u0111\u1ec1u l\u00e0 nh\u1eefng s\u1ea3n ph\u1ea9m m\u1edbi 100% c\u00f3 \u0111\u1ea7y \u0111\u1ee7 h\u1ed9p in th\u00f4ng tin v\u00e0 m\u00e3 code t\u1eeb nh\u00e0 s\u1ea3n xu\u1ea5t cho ch\u1ea5t l\u01b0\u1ee3ng v\u00f4 c\u00f9ng t\u1ed1t, kh\u00f4ng gi\u1ed1ng nh\u01b0 c\u00e1c s\u1ea3n ph\u1ea9m tai nghe kh\u00e1c \u0111ang tr\u00f4i n\u1ed5i tr\u00ean th\u1ecb tr\u01b0\u1eddng hi\u1ec7n nay.<\/p>\n<p><img src=\"https:\/\/hungmobile.vn\/images\/phu-kien\/tai-nghe-sony-extra-bass-mdr-xb450ap(05).jpg\" alt=\"tai nghe sony extra bass mdr-xb450ap\" \/><\/p>\n<p>S\u1ea3n ph\u1ea9m c\u00f3 ch\u1ea5t l\u01b0\u1ee3ng ho\u00e0n thi\u1ec7n c\u1ef1c t\u1ed1t, ph\u1ea7n \u0111\u1ec7m m\u00fat v\u00f4 c\u00f9ng m\u1ec1m m\u1ea1i \u00f4m tai v\u1eeba c\u00e1ch \u00e2m t\u1ed1t l\u1ea1i kh\u00f4ng qu\u00e1 b\u00ed gi\u1ed1ng nh\u01b0 m\u1ed1t s\u1ed1 m\u1eabu tai nghe kh\u00e1c tr\u00ean th\u1ecb tr\u01b0\u1eddng.<\/p>\n<p><img src=\"https:\/\/hungmobile.vn\/images\/phu-kien\/tai-nghe-sony-extra-bass-mdr-xb450ap(02).jpg\" alt=\"tai nghe sony extra bass mdr-xb450ap\" \/><\/p>\n<p>Ch\u1ea5t l\u01b0\u1ee3ng \u00e2m thanh c\u1ee7a SONY th\u00ec kh\u1ecfi ph\u1ea3i b\u00e0n, \u00e2m thanh ra r\u1ea5t trong tr\u1ebbo \u0111\u1eb7c bi\u1ec7t \u1edf d\u00f2ng s\u1ea3n ph\u1ea9m n\u00e0y SONY tr\u00fa tr\u1ecdng v\u00e0o \u00e2m bass n\u00ean l\u01b0\u1ee3ng bass cho ra l\u00e0 c\u1ef1c l\u1edbn tuy nhi\u00ean v\u1eabn gi\u1eef \u0111\u01b0\u1ee3c ch\u1ea5t \u0111\u1ed9 n\u1ea3y v\u00e0 ch\u1eafc ch\u1ee9 kh\u00f4ng h\u1ec1 b\u1ecb \u0111\u1ea9y n\u00ean qu\u00e1 cao t\u1ea1o ra nh\u01b0ng \u00e2m b\u00f9ng b\u1ee5c nh\u01b0 nh\u0169ng d\u00f2ng tai nghe gi\u00e1 r\u1ebb kh\u00e1c.<\/p>\n<p><img src=\"https:\/\/hungmobile.vn\/images\/phu-kien\/tai-nghe-sony-extra-bass-mdr-xb450ap(03).jpg\" alt=\"tai nghe sony extra bass mdr-xb450ap\" \/><\/p>\n","protected":false},"excerpt":{"rendered":"<p>&#8211; Thi\u1ebft k\u1ebf \u0111\u1eb9p, \u0111a d\u1ea1ng m\u1ea7u s\u1eafc tr\u1ebb trung n\u0103ng \u0111\u1ed9ng.<\/p>\n<p>&#8211; \u00c2m thanh trong tr\u1ebbo, \u0111\u1eb7c bi\u1ec7t \u00e2m bass nhi\u1ec1u l\u01b0\u1ee3ng c\u1ef1c ch\u1eafc v\u00e0 kh\u1ecfe.<\/p>\n<p>&#8211; t\u01b0\u01a1ng th\u00edch t\u1ed1t v\u1edbi t\u1ea5t c\u1ea3 c\u00e1c m\u1eabu smatphone \u0111ang c\u00f3 m\u1eb7t tr\u00ean th\u1ecb tr\u01b0\u1eddng hi\u1ec7n nay.<\/p>\n","protected":false},"featured_media":945,"comment_status":"open","ping_status":"closed","template":"","meta":[],"khoang_gia":[],"_links":{"self":[{"href":"https:\/\/webmaibinh.com\/w\/dienmay2011\/wp-json\/wp\/v2\/product\/944"}],"collection":[{"href":"https:\/\/webmaibinh.com\/w\/dienmay2011\/wp-json\/wp\/v2\/product"}],"about":[{"href":"https:\/\/webmaibinh.com\/w\/dienmay2011\/wp-json\/wp\/v2\/types\/product"}],"replies":[{"embeddable":true,"href":"https:\/\/webmaibinh.com\/w\/dienmay2011\/wp-json\/wp\/v2\/comments?post=944"}],"wp:featuredmedia":[{"embeddable":true,"href":"https:\/\/webmaibinh.com\/w\/dienmay2011\/wp-json\/wp\/v2\/media\/945"}],"wp:attachment":[{"href":"https:\/\/webmaibinh.com\/w\/dienmay2011\/wp-json\/wp\/v2\/media?parent=944"}],"wp:term":[{"taxonomy":"khoang_gia","embeddable":true,"href":"https:\/\/webmaibinh.com\/w\/dienmay2011\/wp-json\/wp\/v2\/khoang_gia?post=944"}],"curies":[{"name":"wp","href":"https:\/\/api.w.org\/{rel}","templated":true}]}}