{"id":942,"date":"2018-03-23T02:11:39","date_gmt":"2018-03-23T02:11:39","guid":{"rendered":"http:\/\/dienmay1.khowebseotop.vn\/?post_type=product&#038;p=942"},"modified":"2018-03-23T02:11:39","modified_gmt":"2018-03-23T02:11:39","slug":"cap-usb-jellico-chinh-hang","status":"publish","type":"product","link":"https:\/\/webmaibinh.com\/w\/dienmay2011\/san-pham\/cap-usb-jellico-chinh-hang\/","title":{"rendered":"C\u00e1p usb jellico ch\u00ednh h\u00e3ng"},"content":{"rendered":"<h2>C\u00e1p usb jellico ch\u00ednh h\u00e3ng<\/h2>\n<p>C\u00e1p usb jellico l\u00e0 c\u00e1p usb cao c\u1ea5p c\u1ee7a ch\u00ednh h\u00e3ng JELLICO s\u1ea3n xu\u1ea5t, c\u00e1p \u0111\u01b0\u1ee3c l\u00e0m l\u00f5i \u0111\u1ed3ng ch\u1ea5t l\u01b0\u1ee3ng cao cho \u0111\u1ed9 d\u1eabn \u0111i\u1ec7n t\u1ed1t, \u0111\u1ed9 b\u1ec1n cao t\u01b0\u01a1ng th\u00edch t\u1ed1t v\u1edbi h\u1ea7u h\u1ebft t\u1ea5t c\u1ea3 c\u00e1c m\u00e1y \u0111i\u1ec7n tho\u1ea1i c\u00f3 trang b\u1ecb c\u1ed5ng k\u1ebft n\u1ed1i micro usb , h\u1ed7 tr\u1ee3 c\u1ea3 d\u00f2ng s\u1ea1c nhanh Quick charge 2.0 v\u00e0 3.0.<\/p>\n<p>\u0110\u00e2y l\u00e0 s\u1ea3n ph\u1ea9m m\u1edbi 100% nguy\u00ean h\u1ed9p c\u00f3 in \u0111\u1ea7y \u0111\u1ee7 th\u00f4ng tin v\u00e0 m\u00e3 code c\u1ee7a nh\u00e0 s\u1ea3n xu\u1ea5t n\u00ean ho\u00e0n to\u00e0n y\u00ean t\u00e2m v\u1ec1 ch\u1ea5t l\u01b0\u1ee3ng s\u1ea3n ph\u1ea9m, kh\u00f4ng gi\u1ed1ng c\u00e1c lo\u1ea1i s\u1ea1c c\u00e1p tr\u00f4i n\u1ed5i tr\u00ean th\u1ecb tr\u01b0\u1eddng.<\/p>\n<p><img src=\"https:\/\/hungmobile.vn\/images\/phu-kien\/cap-usb-jellico(05).jpg\" alt=\"C\u00e1p s\u1ea1c JELLICO ch\u00ednh h\u00e3ng\" \/><\/p>\n<p>S\u1ea3n ph\u1ea9m \u0111\u01b0\u1ee3c thi\u1ebft k\u1ebf ch\u1eafc ch\u1eafn c\u00f3 \u0111\u1ed9 b\u1ec1n cao, hai \u0111\u1ea7u \u0111\u01b0\u1ee3c b\u1ecdc kim lo\u1ea1i ch\u1eafc ch\u1eafc sang tr\u1ecdng to\u00e0n th\u00e2n \u0111\u01b0\u1ee3c b\u1ecdc s\u1edfi v\u1ea3i ch\u1ea5t l\u01b0\u1ee3ng cao mang l\u1ea1i kh\u1ea3 n\u0103ng ch\u1ed1ng r\u1ed1i d\u00e2y c\u1ef1c t\u1ed1t<\/p>\n<p><img src=\"https:\/\/hungmobile.vn\/images\/phu-kien\/cap-usb-jellico(03).jpg\" alt=\"C\u00e1p s\u1ea1c JELLICO ch\u00ednh h\u00e3ng\" \/><\/p>\n<p>\u0110\u1ed9 d\u00e0i c\u00e1p l\u00ean t\u1edbi 1 m v\u00e0 t\u01b0\u01a1ng th\u00edch t\u1ed1t h\u1ea7u h\u1ebft c\u00e1c m\u1eabu \u0111i\u1ec7n tho\u1ea1i Androi \u0111\u01b0\u1ee3c trang b\u1ecb c\u1ed5ng micro usb \u0111ang c\u00f3 m\u1eb7t tr\u00ean th\u1ecb tr\u01b0\u1eddng hi\u1ec7n nay.<\/p>\n<p><img src=\"https:\/\/hungmobile.vn\/images\/phu-kien\/cap-usb-jellico(01).jpg\" alt=\"C\u00e1p usb JELLICO ch\u00ednh h\u00e3ng\" \/><\/p>\n","protected":false},"excerpt":{"rendered":"<p>&#8211; S\u1ea3n ph\u1ea9m do ch\u00ednh h\u00e3ng JELLICO s\u1ea3n xu\u1ea5t.<\/p>\n<p>&#8211; Thi\u1ebft k\u1ebf sang tr\u1ecdng c\u1ee9ng c\u00e1p.<\/p>\n<p>&#8211; \u0110\u01b0\u1ee3c b\u1ecdc s\u1ee3i v\u1ea3i to\u00e0n th\u00e2n v\u00e0 kim lo\u1ea1i hai \u0111\u1ea7u c\u00e1p mang l\u1ea1i \u0111\u1ed9 b\u1ec1n cao trong qu\u00e1 tr\u00ecnh s\u1eed d\u1ee5ng.<\/p>\n<p>&#8211; Kh\u1ea3 n\u0103ng ch\u1ed1ng r\u1ed1i t\u1ed1t.<\/p>\n","protected":false},"featured_media":943,"comment_status":"open","ping_status":"closed","template":"","meta":[],"khoang_gia":[],"_links":{"self":[{"href":"https:\/\/webmaibinh.com\/w\/dienmay2011\/wp-json\/wp\/v2\/product\/942"}],"collection":[{"href":"https:\/\/webmaibinh.com\/w\/dienmay2011\/wp-json\/wp\/v2\/product"}],"about":[{"href":"https:\/\/webmaibinh.com\/w\/dienmay2011\/wp-json\/wp\/v2\/types\/product"}],"replies":[{"embeddable":true,"href":"https:\/\/webmaibinh.com\/w\/dienmay2011\/wp-json\/wp\/v2\/comments?post=942"}],"wp:featuredmedia":[{"embeddable":true,"href":"https:\/\/webmaibinh.com\/w\/dienmay2011\/wp-json\/wp\/v2\/media\/943"}],"wp:attachment":[{"href":"https:\/\/webmaibinh.com\/w\/dienmay2011\/wp-json\/wp\/v2\/media?parent=942"}],"wp:term":[{"taxonomy":"khoang_gia","embeddable":true,"href":"https:\/\/webmaibinh.com\/w\/dienmay2011\/wp-json\/wp\/v2\/khoang_gia?post=942"}],"curies":[{"name":"wp","href":"https:\/\/api.w.org\/{rel}","templated":true}]}}