{"id":938,"date":"2018-03-23T02:08:46","date_gmt":"2018-03-23T02:08:46","guid":{"rendered":"http:\/\/dienmay1.khowebseotop.vn\/?post_type=product&#038;p=938"},"modified":"2018-03-23T02:08:46","modified_gmt":"2018-03-23T02:08:46","slug":"tai-nghe-iphone-6s-chinh-hang-apple","status":"publish","type":"product","link":"https:\/\/webmaibinh.com\/w\/dienmay2011\/san-pham\/tai-nghe-iphone-6s-chinh-hang-apple\/","title":{"rendered":"Tai nghe iPhone 6s Ch\u00ednh H\u00e3ng Apple"},"content":{"rendered":"<h2>Tai nghe iPhone 6s Ch\u00ednh H\u00e3ng Apple.<\/h2>\n<p>Tai nghe Iphone 6s ch\u00ednh h\u00e3ng Apple l\u00e0 chi\u1ebfc tai nghe \u0111\u01b0\u1ee3c t\u1eb7ng k\u00e8m theo trong h\u1ed9p c\u1ee7a nh\u1eefng s\u1ea3n ph\u1ea9m Iphone 6s ch\u00ednh h\u00e3ng. c\u00f3 t\u00ean g\u1ecdi l\u00e0 tai nghe\u00a0earpod. S\u1ea3n ph\u1ea9m c\u00f3 thi\u1ebft k\u1ebf m\u1ea7u tr\u1eafng r\u1ea5t trang nh\u00e3 \u0111\u1eb9p v\u00e0 hi\u1ec7n \u0111\u1ea1i. Tai nghe n\u00e0y cho ra m\u1ed9t ch\u1ea5t l\u01b0\u1ee3ng \u00e2m thanh c\u1ef1c k\u1ef3 t\u1ed1t \u00e2m l\u01b0\u1ee3ng r\u1ea5t l\u1edbn m\u00e0 kh\u00f4ng b\u1ecb qu\u00e1 tr\u00f3i tai, r\u1ea5t ph\u00f9 h\u1ee3p \u0111\u1ec3 c\u00e1c b\u1ea1n c\u00f3 th\u1ec3 nghe &#8220;t\u1ea1p&#8221;.<\/p>\n<p>\u0110\u00e2y l\u00e0 nh\u1eefng s\u1ea3n ph\u1ea9m m\u1edbi 100% c\u00f3 \u0111\u1ea7y \u0111\u1ee7 h\u1ed9p \u0111\u1ea3m b\u1ea3o ch\u1ea5t l\u01b0\u1ee3ng v\u00e0 cam k\u1ebft l\u00e0 tai nghe ch\u00ednh h\u00e3ng b\u00f3c m\u00e1y. kh\u00f4ng gi\u1ed1ng nh\u01b0 c\u00e1c lo\u1ea1i tai nghe fake kh\u00e1c tr\u00ean th\u1ecb tr\u01b0\u1eddng.<\/p>\n<p><img src=\"https:\/\/hungmobile.vn\/images\/phu-kien\/tai-nghe-iphone-jin(01).jpg\" alt=\"T\u1ea1i nghe iphone 6s ch\u00ednh h\u00e3ng zin b\u00f3c m\u00e1y\" \/><\/p>\n<p>Tai nghe Iphone 6s ch\u00ednh h\u00e3ng zin b\u00f3c m\u00e1y.<\/p>\n<p>\u0110\u1ed1i v\u1edbi c\u00e1c ph\u1ee5 ki\u00ean c\u1ee7a Apple th\u00ec h\u00e3ng kh\u00f4ng s\u1ea3n xu\u1ea5t \u0111\u1ec3 b\u00e1n ngo\u00e0i n\u00ean g\u1ea7n nh\u01b0 khi mua m\u00e1y qua x\u1eed d\u1ee5ng c\u00e1c b\u1ea1n s\u1ebd ch\u1ec9 c\u00f3 c\u00e1c l\u1ef1a ch\u1ecdn vs cac lo\u1ea1i h\u00e0ng fake v\u1edbi ch\u1ea5t l\u01b0\u1ee3ng \u00e2m thanh k\u00e9m, n\u00ean c\u00e1c b\u1ea1n c\u0169ng ph\u1ea3i ki\u1ec3m tra k\u1ef9 c\u0169ng nh\u01b0 ch\u1ecdn nh\u1eefng c\u1eeda h\u00e0ng uy t\u00edn \u0111\u1ec3 c\u00f3 \u0111\u01b0\u1ee3c tai nghe zin b\u00f3c m\u00e1y.<\/p>\n<p><img src=\"https:\/\/hungmobile.vn\/images\/phu-kien\/tai-nghe-iphone-jin(05).jpg\" alt=\"Tai nghe iphone 6s ch\u00ednh h\u00e3ng zin b\u00f3c m\u00e1y\" \/><\/p>\n<p>Ch\u1ea5t l\u01b0\u01a1ng gia c\u00f4ng r\u00e2t t\u1ed1t.<\/p>\n<p>C\u0169ng gi\u1ed1ng nh\u01b0 nh\u1eefng chi\u1ebfc iphone th\u00ec ph\u1ee5 ki\u1ec7n theo m\u00e1y c\u0169ng \u0111\u01b0\u1ee3c ra c\u00f4ng r\u1ea5t t\u1ed1t, g\u1ea7n nh\u01b0 s\u1ebd kh\u00f4ng c\u00f3 barie \u1edf c\u00e1c ph\u1ea7n kh\u1edbp n\u1ed1i v\u00e0 gi\u1eafc c\u1eafm. c\u0169ng nh\u01b0 ch\u1ea5t l\u01b0\u1ee3ng l\u00f5i \u0111\u1ed3ng r\u1ea5t t\u1ed1t, c\u00e1c b\u1ea1n c\u00f3 th\u1ec3 y\u00ean t\u00e2m s\u1eed d\u1ee5ng m\u00e0 kh\u00f4ng s\u1ee3 b\u1ecb \u0111\u1ee9t ng\u1ea7m nh\u01b0 c\u00e1c loai tai nghe fake.<\/p>\n<p><img src=\"https:\/\/hungmobile.vn\/images\/phu-kien\/tai-nghe-iphone-jin(02).jpg\" alt=\"Tai nghe iphone 6s ch\u00ednh h\u00e3ng zin b\u00f3c m\u00e1y\" \/><\/p>\n","protected":false},"excerpt":{"rendered":"<p>&#8211; L\u00e0 s\u1ea3n ph\u1ea9n Zin\u00a0theo m\u00e1y ch\u00ednh h\u00e3ng apple.<\/p>\n<p>&#8211; M\u1edbi 100% nguy\u00ean h\u1ed9p v\u00e0 \u0111\u01b0\u1ee3c b\u1ea3o h\u00e0nh 3 th\u00e1ng.<\/p>\n<p>&#8211; Ch\u1ea5t l\u01b0\u1ee3ng ho\u00e0n thi\u1ec7n c\u1ef1c t\u1ed1t, \u0111\u1ed9 b\u1ec1n cao.<\/p>\n<p>&#8211; Ch\u1ea5t \u00e2m trong tr\u1ebbo, \u00e2m l\u01b0\u1ee3ng \u0111\u1ee7 l\u1edbn m\u00e0 kh\u00f4ng h\u1ec1 b\u1ecb tr\u00f3i tai, t\u01b0\u01a1ng th\u00edch t\u1ed1t v\u1edbi t\u1ea5t c\u1ea3 c\u00e1c m\u1eabu m\u00e1y iphone.<\/p>\n","protected":false},"featured_media":939,"comment_status":"open","ping_status":"closed","template":"","meta":[],"khoang_gia":[],"_links":{"self":[{"href":"https:\/\/webmaibinh.com\/w\/dienmay2011\/wp-json\/wp\/v2\/product\/938"}],"collection":[{"href":"https:\/\/webmaibinh.com\/w\/dienmay2011\/wp-json\/wp\/v2\/product"}],"about":[{"href":"https:\/\/webmaibinh.com\/w\/dienmay2011\/wp-json\/wp\/v2\/types\/product"}],"replies":[{"embeddable":true,"href":"https:\/\/webmaibinh.com\/w\/dienmay2011\/wp-json\/wp\/v2\/comments?post=938"}],"wp:featuredmedia":[{"embeddable":true,"href":"https:\/\/webmaibinh.com\/w\/dienmay2011\/wp-json\/wp\/v2\/media\/939"}],"wp:attachment":[{"href":"https:\/\/webmaibinh.com\/w\/dienmay2011\/wp-json\/wp\/v2\/media?parent=938"}],"wp:term":[{"taxonomy":"khoang_gia","embeddable":true,"href":"https:\/\/webmaibinh.com\/w\/dienmay2011\/wp-json\/wp\/v2\/khoang_gia?post=938"}],"curies":[{"name":"wp","href":"https:\/\/api.w.org\/{rel}","templated":true}]}}