{"id":934,"date":"2018-03-23T02:04:42","date_gmt":"2018-03-23T02:04:42","guid":{"rendered":"http:\/\/dienmay1.khowebseotop.vn\/?post_type=product&#038;p=934"},"modified":"2018-03-23T15:16:33","modified_gmt":"2018-03-23T15:16:33","slug":"xiaomi-redmi-note-5-pro-ram-6gb-moi-nguyen-seal","status":"publish","type":"product","link":"https:\/\/webmaibinh.com\/w\/dienmay2011\/san-pham\/xiaomi-redmi-note-5-pro-ram-6gb-moi-nguyen-seal\/","title":{"rendered":"Xiaomi Redmi Note 5 Pro (Ram 6GB) M\u1edbi Nguy\u00ean Seal"},"content":{"rendered":"<h2>Xiaomi Redmi Note 5 Pro,\u00a0Ram 6GB\u00a0m\u1edbi nguy\u00ean Seal Gi\u00e1 r\u1ebb nh\u1ea5t\u00a0| HungMobile<\/h2>\n<p>L\u00e0 m\u1ed9t trong nh\u1eefng \u0111\u01a1n v\u1ecb ph\u00e2n ph\u1ed1i \u0111i\u1ec7n tho\u1ea1i Xiaomi gi\u00e1 r\u1ebb h\u00e0ng \u0111\u1ea7u tr\u00ean th\u1ecb tr\u01b0\u1eddng. V\u1edbi r\u1ea5t nhi\u1ec1u c\u00e1c s\u1ea3n ph\u1ea9m \u0111ang b\u00e1n ch\u1ea1y nh\u01b0 Redmi 5A ch\u00ednh h\u00e3ng, Redmi 5 Plus, Mi Max 2 hay Mi 5x, Note 4X,&#8230;.Ngay sau khi Redmi Note 5 Pro ra m\u1eaft m\u1ed9t th\u1eddi gian ng\u1eafn th\u00ec nh\u1eefng chi\u1ebfc flagship t\u1ea7m trung n\u00e0y \u0111\u00e3 c\u1eadp b\u1ebfn t\u1ea1i HungMobile. T\u1ea5t c\u1ea3 Redmi Note 5 Pro b\u1ea3n 6GB hay 6GB \u0111\u1ec1u l\u00e0 m\u00e1y m\u1edbi 100% nguy\u00ean Seal, \u0111\u01b0\u1ee3c b\u1ea3o h\u00e0nh 12 th\u00e1ng t\u1ea1i Xiaomi China c\u1ef1c k\u00ec y\u00ean t\u00e2m.<\/p>\n<h2>Ngo\u1ea1i h\u00ecnh thi\u1ebft k\u1ebf quen thu\u1ed9c<\/h2>\n<p>Xiaomi Redmi Note 5 Pro v\u1eabn gi\u1eef nguy\u00ean thi\u1ebft k\u1ebf t\u01b0\u01a1ng t\u1ef1 nh\u01b0 Redmi 5, 5 Plus v\u1edbi t\u1ec9 l\u1ec7 18:9. To\u00e0n b\u1ed9 ph\u1ea7n vi\u1ec1n v\u00e0 m\u1eb7t sau c\u1ee7a m\u00e1y l\u00e0 khung kim lo\u1ea1i \u0111\u01b0\u1ee3c l\u00e0m bo nh\u1eb9 khi\u1ebfn c\u1ea3m gi\u00e1c c\u1ea7m \u0111\u1ea7m tay h\u01a1n. C\u00e1c \u0111\u01b0\u1eddng c\u1eaft kim c\u01b0\u01a1ng v\u00e0 d\u1ea3i thu ph\u00e1t s\u00f3ng \u0111\u01b0\u1ee3c l\u00e0m b\u00f3ng l\u00ean gi\u00fap m\u00e1y c\u00f3 \u0111i\u1ec3m nh\u1ea5n v\u00e0 sang tr\u1ecdng h\u01a1n nhi\u1ec1u so v\u1edbi c\u00e1c \u0111i\u1ec7n tho\u1ea1i c\u00f9ng ph\u00e2n kh\u00fac.<\/p>\n<p><iframe src=\"https:\/\/www.youtube.com\/embed\/wO8R93e6TM4?start=5\" width=\"640\" height=\"360\" frameborder=\"0\" allowfullscreen=\"allowfullscreen\" data-mce-fragment=\"1\"><\/iframe><\/p>\n<h2>M\u00e0n h\u00ecnh c\u1ee7a Redmi Note 5 Pro<\/h2>\n<p>M\u00e1y \u0111\u01b0\u1ee3c trang b\u1ecb m\u00e0n h\u00ech 5.99&#8243;inch, \u0111\u1ed9 ph\u00e2n gi\u1ea3i FullHD+ s\u1eafc n\u00e9t,\u00a0t\u00e2\u0301m n\u00ea\u0300n IPS cho kha\u0309 n\u0103ng hi\u00ea\u0309n thi\u0323 trung th\u01b0\u0323c s\u1eafc n\u00e9t, chi\u0301nh xa\u0301c ma\u0300 kh\u00f4ng bi\u0323 hi\u00ea\u0323n t\u01b0\u01a1\u0323ng \u0111\u00f4\u0309i ma\u0300u khi \u0111\u00f4\u0309i go\u0301c nhi\u0300n va\u0300o ma\u0300n hi\u0300nh. \u1ede trong t\u1ea7m gi\u00e1 n\u00e0y, s\u1eed d\u1ee5ng m\u00e0n h\u00ecnh FullHD+ v\u00e0 t\u1ec9 l\u1ec7 18:9 l\u00e0 m\u1ed9t l\u1ee3i th\u1ebf b\u1edfi v\u1eabn c\u00f3 r\u1ea5t nhi\u1ec1u s\u1ea3n ph\u1ea9m kh\u00e1c ch\u1ec9 trang\u00a0m\u00e0n h\u00ecnh HD.<\/p>\n<p><img src=\"http:\/\/dienmay1.khowebseotop.vn\/wp-content\/uploads\/2018\/03\/xiaomi-redmi-note-5-pro-ram-6gb-moi-nguyen-seal-934.jpg\" alt=\"M\u00e0n h\u00ecnh c\u1ee7a Redmi note 5 pro\" \/><\/p>\n<h2>Hi\u1ec7u n\u0103ng n\u00e2ng c\u1ea5p m\u1ea1nh m\u1ebd<\/h2>\n<p>V\u1ec1 c\u1ea5u h\u00ecnh, Redmi Note 5 Pro \u0111\u01b0\u1ee3c trang b\u1ecb con chip t\u1ea7m trung SnapDragon 636, ram 6GB, \u0111\u00e2y \u0111\u01b0\u1ee3c \u0111\u00e1nh gi\u00e1 l\u00e0 con chip t\u1ea7m trung m\u1ea1nh nh\u1ea5t hi\u1ec7n nay.<\/p>\n<p>Khi s\u1eed d\u1ee5ng c\u00e1c ph\u1ea7n m\u1ec1m \u0111o hi\u1ec7u n\u0103ng th\u00ec Redmi Note 5 Pro cho k\u1ebft qu\u1ea3 kh\u00e1 t\u1ed1t v\u1edbi Antutu \u0111\u01b0\u1ee3c kho\u1ea3ng 110 ngh\u00ecn \u0111i\u1ec3m, \u0111i\u1ec3m 3D \u0111\u01b0\u1ee3c 21 ngh\u00ecn \u0111i\u1ec3m. H\u01a1n n\u1eefa khi s\u1eed d\u1ee5ng l\u00e2u th\u00ec m\u00e1y kh\u00f4ng b\u1ecb n\u00f3ng v\u00e0 ch\u01a1i t\u1ed1t c\u00e1c game hi\u1ec7n nay nh\u01b0 Alphalt 8 \u1edf m\u1ee9c \u0111\u1ed3 h\u1ecda cao nh\u1ea5t.<\/p>\n<p><img src=\"http:\/\/dienmay1.khowebseotop.vn\/wp-content\/uploads\/2018\/03\/xiaomi-redmi-note-5-pro-ram-6gb-moi-nguyen-seal-934-1.jpg\" alt=\"Hi\u1ec7u n\u0103ng c\u1ee7a xiaomi redmi note 5 pro\" \/><\/p>\n<p>Note 5 Pro \u0111\u01b0\u1ee3c trang b\u1ecb s\u1eb5n h\u1ec7 \u0111i\u1ec1u h\u00e0nh Android 7.1 Nougat v\u00e0 MIUI V9 \u0111em l\u1ea1i hi\u1ec7u n\u0103ng, c\u0169ng nh\u01b0 ti\u1ebft ki\u1ec7m pin t\u1ed1t nh\u1ea5t.<\/p>\n<h2>Camera gi\u1ed1ng iPhone X<\/h2>\n<p>Xiaomi Redmi Note 5 Pro \u0111\u01b0\u1ee3c trang b\u1ecb camera k\u00e9p v\u1edbi \u0111\u1ed9 ph\u00e2n gi\u1ea3i l\u1ea7n l\u01b0\u1ee3t l\u00e0 12.MP(f.2.2)\u00a0v\u00e0 5.MP(f\/2.0) \u0111i k\u00e8m v\u1edbi \u0111\u00e8n flash 4 tone m\u00e0u gi\u00fap b\u1eaft \u0111\u01b0\u1ee3c nh\u1eefng b\u1ee9c h\u00ecnh trong \u0111i\u1ec1u ki\u1ec7n thi\u1ebfu s\u00e1ng t\u1ed1t h\u01a1n. Trong \u0111i\u1ec1u ki\u1ec7n \u0111\u1ee7 s\u00e1ng, c\u00e1c b\u1ee9c \u1ea3nh c\u1ee7a Redmi Note 5 Pro \u0111\u01b0\u1ee3c th\u1ec3 hi\u1ec7n r\u1ea5t t\u1ed1t, h\u00ecnh \u1ea3nh ch\u00e2n th\u1eadt, n\u1ecbnh m\u1eaft nh\u01b0ng kh\u00f4ng qu\u00e1 r\u1ef1c r\u1ee1.<\/p>\n<p><img src=\"http:\/\/dienmay1.khowebseotop.vn\/wp-content\/uploads\/2018\/03\/xiaomi-redmi-note-5-pro-ram-6gb-moi-nguyen-seal-934-2.jpg\" alt=\"Camera Sefile\" \/><\/p>\n<p>Camera Sefile c\u1ee7a m\u00e1y c\u00f3 \u0111\u1ed9 ph\u00e2n gi\u1ea3i kh\u1ee7ng l\u00ean \u0111\u1ebfn 20.MP s\u1eed d\u1ee5ng c\u1ea3m bi\u1ebfn Sony IMX376, c\u00f9ng v\u1edbi \u0111\u00e8n flash tr\u1ee3 s\u00e1ng. Ch\u1ea5t l\u01b0\u1ee3ng \u1ea3nh c\u0169ng kh\u00e1 t\u1ed1t, tuy nhi\u00ean m\u00e0u da ng\u01b0\u1eddi \u0111\u01b0\u1ee3c t\u00e1i t\u1ea1o ch\u01b0a th\u1ef1c s\u1ef1 t\u1ef1 nhi\u00ean.<\/p>\n<p><img src=\"http:\/\/dienmay1.khowebseotop.vn\/wp-content\/uploads\/2018\/03\/xiaomi-redmi-note-5-pro-ram-6gb-moi-nguyen-seal-934-3.jpg\" alt=\"Camera sefile c\u1ee7a redmi note 5 pro\" \/><\/p>\n<h2>Dung l\u01b0\u1ee3ng pin 4000mAh<\/h2>\n<p>C\u00e1c d\u00f2ng Redmi lu\u00f4n \u0111\u01b0\u1ee3c Xiaomi ch\u00fa tr\u1ecdng v\u1ec1 pin, v\u00e0 Note 5 Pro \u0111\u01b0\u1ee3c trang b\u1ecb vi\u00ean pin c\u00f3 dung l\u01b0\u1ee3ng 4000mAh cho th\u1eddi l\u01b0\u1ee3ng s\u1eed d\u1ee5ng tho\u1ea3i m\u00e1i m\u1ed9t ng\u00e0y. Th\u1eddi gian s\u1ea1c \u0111\u1ea7y cho chi\u1ebfc Note 5 Pro r\u01a1i v\u00e0o kho\u1ea3ng 2,5 gi\u1edd.<\/p>\n","protected":false},"excerpt":{"rendered":"<p>Xiaomi Redmi Note 5 Pro,\u00a0Ram 6GB\u00a0m\u1edbi nguy\u00ean Seal Gi\u00e1 r\u1ebb nh\u1ea5t\u00a0| HungMobile L\u00e0 m\u1ed9t trong nh\u1eefng \u0111\u01a1n v\u1ecb ph\u00e2n ph\u1ed1i \u0111i\u1ec7n tho\u1ea1i Xiaomi gi\u00e1 r\u1ebb h\u00e0ng \u0111\u1ea7u tr\u00ean th\u1ecb tr\u01b0\u1eddng. V\u1edbi r\u1ea5t nhi\u1ec1u c\u00e1c s\u1ea3n ph\u1ea9m \u0111ang b\u00e1n ch\u1ea1y nh\u01b0 Redmi 5A ch\u00ednh h\u00e3ng, Redmi 5 Plus, Mi Max 2 hay Mi 5x, Note 4X,&#8230;.Ngay sau khi Redmi Note 5 Pro ra m\u1eaft m\u1ed9t th\u1eddi gian ng\u1eafn th\u00ec nh\u1eefng chi\u1ebfc flagship t\u1ea7m trung n\u00e0y \u0111\u00e3 c\u1eadp b\u1ebfn t\u1ea1i HungMobile. T\u1ea5t [&#8230;]\n","protected":false},"featured_media":935,"comment_status":"open","ping_status":"closed","template":"","meta":[],"khoang_gia":[105],"_links":{"self":[{"href":"https:\/\/webmaibinh.com\/w\/dienmay2011\/wp-json\/wp\/v2\/product\/934"}],"collection":[{"href":"https:\/\/webmaibinh.com\/w\/dienmay2011\/wp-json\/wp\/v2\/product"}],"about":[{"href":"https:\/\/webmaibinh.com\/w\/dienmay2011\/wp-json\/wp\/v2\/types\/product"}],"replies":[{"embeddable":true,"href":"https:\/\/webmaibinh.com\/w\/dienmay2011\/wp-json\/wp\/v2\/comments?post=934"}],"wp:featuredmedia":[{"embeddable":true,"href":"https:\/\/webmaibinh.com\/w\/dienmay2011\/wp-json\/wp\/v2\/media\/935"}],"wp:attachment":[{"href":"https:\/\/webmaibinh.com\/w\/dienmay2011\/wp-json\/wp\/v2\/media?parent=934"}],"wp:term":[{"taxonomy":"khoang_gia","embeddable":true,"href":"https:\/\/webmaibinh.com\/w\/dienmay2011\/wp-json\/wp\/v2\/khoang_gia?post=934"}],"curies":[{"name":"wp","href":"https:\/\/api.w.org\/{rel}","templated":true}]}}